{"id":18864,"date":"2021-11-28T16:33:28","date_gmt":"2021-11-28T14:33:28","guid":{"rendered":"https:\/\/www.modapelle.gr\/product\/giubbotto-di-pelle-race-nero\/"},"modified":"2023-05-25T09:01:19","modified_gmt":"2023-05-25T06:01:19","slug":"giubbotto-di-pelle-race-nero","status":"publish","type":"product","link":"https:\/\/www.modapelle.gr\/it\/prodotto\/giubbotto-di-pelle-race-nero\/","title":{"rendered":"Giubbotto di pelle Race nero"},"content":{"rendered":"<h2>Giubbotto di pelle<\/h2>\n<ul>\n<li>Giubbotto di pelle realizzato al 100% in morbida pelle nappa.<\/li>\n<li>Due tasche interne.<\/li>\n<li>Due tasche esterne (con cerniera).<\/li>\n<li>Cerniera alla fine delle maniche per una migliore vestibilit\u00e0.<\/li>\n<li>Il colletto si chiude con bottoni a pressione.<\/li>\n<li>Fodera trapuntata in tessuto (colore nero).<\/li>\n<\/ul>\n","protected":false},"excerpt":{"rendered":"<h3>giubbotto di pelle &#8211; stile motociclista<\/h3>\n<p>Giubbotto di pelle maschile in morbida pelle nappa di ottima qualit\u00e0, di colore nero, stile motociclista e con una vestibilit\u00e0 molto buona! Dispone di due tasche esterne con chiusura a zip. Sulla parte inferiore delle maniche c&#8217;\u00e8 una cerniera per maggiore comfort e la vita pu\u00f2 essere regolata per una vestibilit\u00e0 pi\u00f9 personalizzata. All&#8217;interno ci sono due tasche e una fodera trapuntata di colore nero. Infine, la zip centrale si trova leggermente spostata dal centro poich\u00e9 ha una pelle dalla parte interna per una maggiore protezione dal freddo (vedi foto correlata).<\/p>\n","protected":false},"featured_media":13106,"template":"","meta":{"_acf_changed":false},"product_brand":[],"product_cat":[510],"product_tag":[501,570,588,566],"class_list":{"0":"post-18864","1":"product","2":"type-product","3":"status-publish","4":"has-post-thumbnail","6":"product_cat-giubbotti-di-pelle-per-uomo","7":"product_tag-colore-nero","8":"product_tag-giacca-di-pelle-da-uomo","9":"product_tag-pelle-nappa","10":"product_tag-uomo","12":"first","13":"instock","14":"sale","15":"shipping-taxable","16":"purchasable","17":"product-type-variable"},"acf":[],"yoast_head":"<!-- This site is optimized with the Yoast SEO plugin v27.4 - https:\/\/yoast.com\/product\/yoast-seo-wordpress\/ -->\n<title>Giubbotto di pelle Race nero - MODAPELLE<\/title>\n<meta name=\"description\" content=\"Giubbotto di pelle maschile in morbida pelle nappa di ottima qualit\u00e0, di colore nero, stile motociclista e con una vestibilit\u00e0 molto buona!\" \/>\n<meta name=\"robots\" content=\"index, follow, max-snippet:-1, max-image-preview:large, max-video-preview:-1\" \/>\n<link rel=\"canonical\" href=\"https:\/\/www.modapelle.gr\/it\/prodotto\/giubbotto-di-pelle-race-nero\/\" \/>\n<meta property=\"og:locale\" content=\"it_IT\" \/>\n<meta property=\"og:type\" content=\"article\" \/>\n<meta property=\"og:title\" content=\"Giubbotto di pelle Race nero - MODAPELLE\" \/>\n<meta property=\"og:description\" content=\"Giubbotto di pelle maschile in morbida pelle nappa di ottima qualit\u00e0, di colore nero, stile motociclista e con una vestibilit\u00e0 molto buona!\" \/>\n<meta property=\"og:url\" content=\"https:\/\/www.modapelle.gr\/it\/prodotto\/giubbotto-di-pelle-race-nero\/\" \/>\n<meta property=\"og:site_name\" content=\"MODAPELLE\" \/>\n<meta property=\"article:modified_time\" content=\"2023-05-25T06:01:19+00:00\" \/>\n<meta property=\"og:image\" content=\"https:\/\/www.modapelle.gr\/wp-content\/uploads\/2021\/11\/race-black-A-LOGO-1.jpg\" \/>\n\t<meta property=\"og:image:width\" content=\"1080\" \/>\n\t<meta property=\"og:image:height\" content=\"1080\" \/>\n\t<meta property=\"og:image:type\" content=\"image\/jpeg\" \/>\n<meta name=\"twitter:card\" content=\"summary_large_image\" \/>\n<meta name=\"twitter:label1\" content=\"Tempo di lettura stimato\" \/>\n\t<meta name=\"twitter:data1\" content=\"1 minuto\" \/>\n<script type=\"application\/ld+json\" class=\"yoast-schema-graph\">{\"@context\":\"https:\\\/\\\/schema.org\",\"@graph\":[{\"@type\":\"WebPage\",\"@id\":\"https:\\\/\\\/www.modapelle.gr\\\/it\\\/prodotto\\\/giubbotto-di-pelle-race-nero\\\/\",\"url\":\"https:\\\/\\\/www.modapelle.gr\\\/it\\\/prodotto\\\/giubbotto-di-pelle-race-nero\\\/\",\"name\":\"Giubbotto di pelle Race nero - MODAPELLE\",\"isPartOf\":{\"@id\":\"https:\\\/\\\/www.modapelle.gr\\\/it\\\/#website\"},\"primaryImageOfPage\":{\"@id\":\"https:\\\/\\\/www.modapelle.gr\\\/it\\\/prodotto\\\/giubbotto-di-pelle-race-nero\\\/#primaryimage\"},\"image\":{\"@id\":\"https:\\\/\\\/www.modapelle.gr\\\/it\\\/prodotto\\\/giubbotto-di-pelle-race-nero\\\/#primaryimage\"},\"thumbnailUrl\":\"https:\\\/\\\/www.modapelle.gr\\\/wp-content\\\/uploads\\\/2021\\\/11\\\/race-black-A-LOGO-1.jpg\",\"datePublished\":\"2021-11-28T14:33:28+00:00\",\"dateModified\":\"2023-05-25T06:01:19+00:00\",\"description\":\"Giubbotto di pelle maschile in morbida pelle nappa di ottima qualit\u00e0, di colore nero, stile motociclista e con una vestibilit\u00e0 molto buona!\",\"breadcrumb\":{\"@id\":\"https:\\\/\\\/www.modapelle.gr\\\/it\\\/prodotto\\\/giubbotto-di-pelle-race-nero\\\/#breadcrumb\"},\"inLanguage\":\"it-IT\",\"potentialAction\":[{\"@type\":\"ReadAction\",\"target\":[\"https:\\\/\\\/www.modapelle.gr\\\/it\\\/prodotto\\\/giubbotto-di-pelle-race-nero\\\/\"]}]},{\"@type\":\"ImageObject\",\"inLanguage\":\"it-IT\",\"@id\":\"https:\\\/\\\/www.modapelle.gr\\\/it\\\/prodotto\\\/giubbotto-di-pelle-race-nero\\\/#primaryimage\",\"url\":\"https:\\\/\\\/www.modapelle.gr\\\/wp-content\\\/uploads\\\/2021\\\/11\\\/race-black-A-LOGO-1.jpg\",\"contentUrl\":\"https:\\\/\\\/www.modapelle.gr\\\/wp-content\\\/uploads\\\/2021\\\/11\\\/race-black-A-LOGO-1.jpg\",\"width\":1080,\"height\":1080,\"caption\":\"Giubbotto di pelle Race nero\"},{\"@type\":\"BreadcrumbList\",\"@id\":\"https:\\\/\\\/www.modapelle.gr\\\/it\\\/prodotto\\\/giubbotto-di-pelle-race-nero\\\/#breadcrumb\",\"itemListElement\":[{\"@type\":\"ListItem\",\"position\":1,\"name\":\"Modapelle\",\"item\":\"https:\\\/\\\/www.modapelle.gr\\\/it\\\/\"},{\"@type\":\"ListItem\",\"position\":2,\"name\":\"Shop\",\"item\":\"https:\\\/\\\/www.modapelle.gr\\\/it\\\/shop\\\/\"},{\"@type\":\"ListItem\",\"position\":3,\"name\":\"Uomo\",\"item\":\"https:\\\/\\\/www.modapelle.gr\\\/it\\\/categoria-prodotto\\\/uomo\\\/\"},{\"@type\":\"ListItem\",\"position\":4,\"name\":\"Giubbotti di pelle per uomo\",\"item\":\"https:\\\/\\\/www.modapelle.gr\\\/it\\\/categoria-prodotto\\\/uomo\\\/giubbotti-di-pelle-per-uomo\\\/\"},{\"@type\":\"ListItem\",\"position\":5,\"name\":\"Giubbotto di pelle Race nero\"}]},{\"@type\":\"WebSite\",\"@id\":\"https:\\\/\\\/www.modapelle.gr\\\/it\\\/#website\",\"url\":\"https:\\\/\\\/www.modapelle.gr\\\/it\\\/\",\"name\":\"MODAPELLE\",\"description\":\"Abbigliamento in pelle, borse e accessori\",\"publisher\":{\"@id\":\"https:\\\/\\\/www.modapelle.gr\\\/it\\\/#organization\"},\"potentialAction\":[{\"@type\":\"SearchAction\",\"target\":{\"@type\":\"EntryPoint\",\"urlTemplate\":\"https:\\\/\\\/www.modapelle.gr\\\/it\\\/?s={search_term_string}\"},\"query-input\":{\"@type\":\"PropertyValueSpecification\",\"valueRequired\":true,\"valueName\":\"search_term_string\"}}],\"inLanguage\":\"it-IT\"},{\"@type\":\"Organization\",\"@id\":\"https:\\\/\\\/www.modapelle.gr\\\/it\\\/#organization\",\"name\":\"MODAPELLE\",\"url\":\"https:\\\/\\\/www.modapelle.gr\\\/it\\\/\",\"logo\":{\"@type\":\"ImageObject\",\"inLanguage\":\"it-IT\",\"@id\":\"https:\\\/\\\/www.modapelle.gr\\\/it\\\/#\\\/schema\\\/logo\\\/image\\\/\",\"url\":\"https:\\\/\\\/www.modapelle.gr\\\/wp-content\\\/uploads\\\/2021\\\/07\\\/modapelle-logo.png\",\"contentUrl\":\"https:\\\/\\\/www.modapelle.gr\\\/wp-content\\\/uploads\\\/2021\\\/07\\\/modapelle-logo.png\",\"width\":388,\"height\":120,\"caption\":\"MODAPELLE\"},\"image\":{\"@id\":\"https:\\\/\\\/www.modapelle.gr\\\/it\\\/#\\\/schema\\\/logo\\\/image\\\/\"}}]}<\/script>\n<!-- \/ Yoast SEO plugin. -->","yoast_head_json":{"title":"Giubbotto di pelle Race nero - MODAPELLE","description":"Giubbotto di pelle maschile in morbida pelle nappa di ottima qualit\u00e0, di colore nero, stile motociclista e con una vestibilit\u00e0 molto buona!","robots":{"index":"index","follow":"follow","max-snippet":"max-snippet:-1","max-image-preview":"max-image-preview:large","max-video-preview":"max-video-preview:-1"},"canonical":"https:\/\/www.modapelle.gr\/it\/prodotto\/giubbotto-di-pelle-race-nero\/","og_locale":"it_IT","og_type":"article","og_title":"Giubbotto di pelle Race nero - MODAPELLE","og_description":"Giubbotto di pelle maschile in morbida pelle nappa di ottima qualit\u00e0, di colore nero, stile motociclista e con una vestibilit\u00e0 molto buona!","og_url":"https:\/\/www.modapelle.gr\/it\/prodotto\/giubbotto-di-pelle-race-nero\/","og_site_name":"MODAPELLE","article_modified_time":"2023-05-25T06:01:19+00:00","og_image":[{"width":1080,"height":1080,"url":"https:\/\/www.modapelle.gr\/wp-content\/uploads\/2021\/11\/race-black-A-LOGO-1.jpg","type":"image\/jpeg"}],"twitter_card":"summary_large_image","twitter_misc":{"Tempo di lettura stimato":"1 minuto"},"schema":{"@context":"https:\/\/schema.org","@graph":[{"@type":"WebPage","@id":"https:\/\/www.modapelle.gr\/it\/prodotto\/giubbotto-di-pelle-race-nero\/","url":"https:\/\/www.modapelle.gr\/it\/prodotto\/giubbotto-di-pelle-race-nero\/","name":"Giubbotto di pelle Race nero - MODAPELLE","isPartOf":{"@id":"https:\/\/www.modapelle.gr\/it\/#website"},"primaryImageOfPage":{"@id":"https:\/\/www.modapelle.gr\/it\/prodotto\/giubbotto-di-pelle-race-nero\/#primaryimage"},"image":{"@id":"https:\/\/www.modapelle.gr\/it\/prodotto\/giubbotto-di-pelle-race-nero\/#primaryimage"},"thumbnailUrl":"https:\/\/www.modapelle.gr\/wp-content\/uploads\/2021\/11\/race-black-A-LOGO-1.jpg","datePublished":"2021-11-28T14:33:28+00:00","dateModified":"2023-05-25T06:01:19+00:00","description":"Giubbotto di pelle maschile in morbida pelle nappa di ottima qualit\u00e0, di colore nero, stile motociclista e con una vestibilit\u00e0 molto buona!","breadcrumb":{"@id":"https:\/\/www.modapelle.gr\/it\/prodotto\/giubbotto-di-pelle-race-nero\/#breadcrumb"},"inLanguage":"it-IT","potentialAction":[{"@type":"ReadAction","target":["https:\/\/www.modapelle.gr\/it\/prodotto\/giubbotto-di-pelle-race-nero\/"]}]},{"@type":"ImageObject","inLanguage":"it-IT","@id":"https:\/\/www.modapelle.gr\/it\/prodotto\/giubbotto-di-pelle-race-nero\/#primaryimage","url":"https:\/\/www.modapelle.gr\/wp-content\/uploads\/2021\/11\/race-black-A-LOGO-1.jpg","contentUrl":"https:\/\/www.modapelle.gr\/wp-content\/uploads\/2021\/11\/race-black-A-LOGO-1.jpg","width":1080,"height":1080,"caption":"Giubbotto di pelle Race nero"},{"@type":"BreadcrumbList","@id":"https:\/\/www.modapelle.gr\/it\/prodotto\/giubbotto-di-pelle-race-nero\/#breadcrumb","itemListElement":[{"@type":"ListItem","position":1,"name":"Modapelle","item":"https:\/\/www.modapelle.gr\/it\/"},{"@type":"ListItem","position":2,"name":"Shop","item":"https:\/\/www.modapelle.gr\/it\/shop\/"},{"@type":"ListItem","position":3,"name":"Uomo","item":"https:\/\/www.modapelle.gr\/it\/categoria-prodotto\/uomo\/"},{"@type":"ListItem","position":4,"name":"Giubbotti di pelle per uomo","item":"https:\/\/www.modapelle.gr\/it\/categoria-prodotto\/uomo\/giubbotti-di-pelle-per-uomo\/"},{"@type":"ListItem","position":5,"name":"Giubbotto di pelle Race nero"}]},{"@type":"WebSite","@id":"https:\/\/www.modapelle.gr\/it\/#website","url":"https:\/\/www.modapelle.gr\/it\/","name":"MODAPELLE","description":"Abbigliamento in pelle, borse e accessori","publisher":{"@id":"https:\/\/www.modapelle.gr\/it\/#organization"},"potentialAction":[{"@type":"SearchAction","target":{"@type":"EntryPoint","urlTemplate":"https:\/\/www.modapelle.gr\/it\/?s={search_term_string}"},"query-input":{"@type":"PropertyValueSpecification","valueRequired":true,"valueName":"search_term_string"}}],"inLanguage":"it-IT"},{"@type":"Organization","@id":"https:\/\/www.modapelle.gr\/it\/#organization","name":"MODAPELLE","url":"https:\/\/www.modapelle.gr\/it\/","logo":{"@type":"ImageObject","inLanguage":"it-IT","@id":"https:\/\/www.modapelle.gr\/it\/#\/schema\/logo\/image\/","url":"https:\/\/www.modapelle.gr\/wp-content\/uploads\/2021\/07\/modapelle-logo.png","contentUrl":"https:\/\/www.modapelle.gr\/wp-content\/uploads\/2021\/07\/modapelle-logo.png","width":388,"height":120,"caption":"MODAPELLE"},"image":{"@id":"https:\/\/www.modapelle.gr\/it\/#\/schema\/logo\/image\/"}}]}},"_links":{"self":[{"href":"https:\/\/www.modapelle.gr\/it\/wp-json\/wp\/v2\/product\/18864","targetHints":{"allow":["GET"]}}],"collection":[{"href":"https:\/\/www.modapelle.gr\/it\/wp-json\/wp\/v2\/product"}],"about":[{"href":"https:\/\/www.modapelle.gr\/it\/wp-json\/wp\/v2\/types\/product"}],"wp:featuredmedia":[{"embeddable":true,"href":"https:\/\/www.modapelle.gr\/it\/wp-json\/wp\/v2\/media\/13106"}],"wp:attachment":[{"href":"https:\/\/www.modapelle.gr\/it\/wp-json\/wp\/v2\/media?parent=18864"}],"wp:term":[{"taxonomy":"product_brand","embeddable":true,"href":"https:\/\/www.modapelle.gr\/it\/wp-json\/wp\/v2\/product_brand?post=18864"},{"taxonomy":"product_cat","embeddable":true,"href":"https:\/\/www.modapelle.gr\/it\/wp-json\/wp\/v2\/product_cat?post=18864"},{"taxonomy":"product_tag","embeddable":true,"href":"https:\/\/www.modapelle.gr\/it\/wp-json\/wp\/v2\/product_tag?post=18864"}],"curies":[{"name":"wp","href":"https:\/\/api.w.org\/{rel}","templated":true}]}}