{"id":18854,"date":"2021-12-10T17:33:38","date_gmt":"2021-12-10T15:33:38","guid":{"rendered":"https:\/\/www.modapelle.gr\/product\/giubbotto-di-pelle-giorgio\/"},"modified":"2023-05-25T08:56:47","modified_gmt":"2023-05-25T05:56:47","slug":"giubbotto-di-pelle-giorgio","status":"publish","type":"product","link":"https:\/\/www.modapelle.gr\/it\/prodotto\/giubbotto-di-pelle-giorgio\/","title":{"rendered":"Giubbotto di pelle Giorgio grigio"},"content":{"rendered":"<h2>Giubbotto in pelle da uomo<\/h2>\n<ul>\n<li>Giubbotto in pelle da uomo in morbida pelle nappa al 100%.<\/li>\n<li>Due tasche interne.<\/li>\n<li>Quattro tasche esterne &#8211; due con cerniera.<\/li>\n<li>Cerniera alla fine della manica per una migliore vestibilit\u00e0.<\/li>\n<li>Il colletto si chiude con due bottoni a pressione.<\/li>\n<li>Fodera in tessuto in una tonalit\u00e0 neutra.<\/li>\n<li>Cappuccio in tessuto staccabile.<\/li>\n<\/ul>\n","protected":false},"excerpt":{"rendered":"<h3>Giubbotto di pelle &#8211; stile biker<\/h3>\n<p>Giubbotto di pelle da uomo in nappa di alta qualit\u00e0 di colore grigio, morbido al tatto, con stile biker e vestibilit\u00e0 aderente. Dispone di quattro tasche esterne, di cui due chiuse con zip. In fondo alle maniche \u00e8 presente una zip per maggior comfort e la vita \u00e8 regolabile per offrire una vestibilit\u00e0 pi\u00f9 personalizzata. Infine, ha un cappuccio in tessuto removibile tramite zip.<\/p>\n<p><strong>Il modello indossa la taglia 2XL (altezza 183 cm &#8211; petto 102 cm &#8211; vita 100 cm).<\/strong><\/p>\n","protected":false},"featured_media":13068,"template":"","meta":{"_acf_changed":false},"product_brand":[],"product_cat":[510],"product_tag":[570,578,588,566],"class_list":{"0":"post-18854","1":"product","2":"type-product","3":"status-publish","4":"has-post-thumbnail","6":"product_cat-giubbotti-di-pelle-per-uomo","7":"product_tag-giacca-di-pelle-da-uomo","8":"product_tag-grigio","9":"product_tag-pelle-nappa","10":"product_tag-uomo","12":"first","13":"instock","14":"sale","15":"shipping-taxable","16":"purchasable","17":"product-type-variable"},"acf":[],"yoast_head":"<!-- This site is optimized with the Yoast SEO plugin v27.4 - https:\/\/yoast.com\/product\/yoast-seo-wordpress\/ -->\n<title>Giubbotto di pelle Giorgio grigio - MODAPELLE<\/title>\n<meta name=\"description\" content=\"Giubbotto di pelle da uomo in nappa di alta qualit\u00e0 di colore grigio, morbido al tatto, con stile biker e vestibilit\u00e0 aderente.\" \/>\n<meta name=\"robots\" content=\"index, follow, max-snippet:-1, max-image-preview:large, max-video-preview:-1\" \/>\n<link rel=\"canonical\" href=\"https:\/\/www.modapelle.gr\/it\/prodotto\/giubbotto-di-pelle-giorgio\/\" \/>\n<meta property=\"og:locale\" content=\"it_IT\" \/>\n<meta property=\"og:type\" content=\"article\" \/>\n<meta property=\"og:title\" content=\"Giubbotto di pelle Giorgio grigio - MODAPELLE\" \/>\n<meta property=\"og:description\" content=\"Giubbotto di pelle da uomo in nappa di alta qualit\u00e0 di colore grigio, morbido al tatto, con stile biker e vestibilit\u00e0 aderente.\" \/>\n<meta property=\"og:url\" content=\"https:\/\/www.modapelle.gr\/it\/prodotto\/giubbotto-di-pelle-giorgio\/\" \/>\n<meta property=\"og:site_name\" content=\"MODAPELLE\" \/>\n<meta property=\"article:modified_time\" content=\"2023-05-25T05:56:47+00:00\" \/>\n<meta property=\"og:image\" content=\"https:\/\/www.modapelle.gr\/wp-content\/uploads\/2021\/12\/\u03b4\u03b5\u03c1\u03bc\u03ac\u03c4\u03b9\u03bd\u03bf-\u03b1\u03bd\u03b4\u03c1\u03b9\u03ba\u03cc-\u03bc\u03c0\u03bf\u03c5\u03c6\u03ac\u03bd-Giorgio-grey-1-L.jpg\" \/>\n\t<meta property=\"og:image:width\" content=\"1080\" \/>\n\t<meta property=\"og:image:height\" content=\"1080\" \/>\n\t<meta property=\"og:image:type\" content=\"image\/jpeg\" \/>\n<meta name=\"twitter:card\" content=\"summary_large_image\" \/>\n<meta name=\"twitter:label1\" content=\"Tempo di lettura stimato\" \/>\n\t<meta name=\"twitter:data1\" content=\"1 minuto\" \/>\n<script type=\"application\/ld+json\" class=\"yoast-schema-graph\">{\"@context\":\"https:\\\/\\\/schema.org\",\"@graph\":[{\"@type\":\"WebPage\",\"@id\":\"https:\\\/\\\/www.modapelle.gr\\\/it\\\/prodotto\\\/giubbotto-di-pelle-giorgio\\\/\",\"url\":\"https:\\\/\\\/www.modapelle.gr\\\/it\\\/prodotto\\\/giubbotto-di-pelle-giorgio\\\/\",\"name\":\"Giubbotto di pelle Giorgio grigio - MODAPELLE\",\"isPartOf\":{\"@id\":\"https:\\\/\\\/www.modapelle.gr\\\/it\\\/#website\"},\"primaryImageOfPage\":{\"@id\":\"https:\\\/\\\/www.modapelle.gr\\\/it\\\/prodotto\\\/giubbotto-di-pelle-giorgio\\\/#primaryimage\"},\"image\":{\"@id\":\"https:\\\/\\\/www.modapelle.gr\\\/it\\\/prodotto\\\/giubbotto-di-pelle-giorgio\\\/#primaryimage\"},\"thumbnailUrl\":\"https:\\\/\\\/www.modapelle.gr\\\/wp-content\\\/uploads\\\/2021\\\/12\\\/\u03b4\u03b5\u03c1\u03bc\u03ac\u03c4\u03b9\u03bd\u03bf-\u03b1\u03bd\u03b4\u03c1\u03b9\u03ba\u03cc-\u03bc\u03c0\u03bf\u03c5\u03c6\u03ac\u03bd-Giorgio-grey-1-L.jpg\",\"datePublished\":\"2021-12-10T15:33:38+00:00\",\"dateModified\":\"2023-05-25T05:56:47+00:00\",\"description\":\"Giubbotto di pelle da uomo in nappa di alta qualit\u00e0 di colore grigio, morbido al tatto, con stile biker e vestibilit\u00e0 aderente.\",\"breadcrumb\":{\"@id\":\"https:\\\/\\\/www.modapelle.gr\\\/it\\\/prodotto\\\/giubbotto-di-pelle-giorgio\\\/#breadcrumb\"},\"inLanguage\":\"it-IT\",\"potentialAction\":[{\"@type\":\"ReadAction\",\"target\":[\"https:\\\/\\\/www.modapelle.gr\\\/it\\\/prodotto\\\/giubbotto-di-pelle-giorgio\\\/\"]}]},{\"@type\":\"ImageObject\",\"inLanguage\":\"it-IT\",\"@id\":\"https:\\\/\\\/www.modapelle.gr\\\/it\\\/prodotto\\\/giubbotto-di-pelle-giorgio\\\/#primaryimage\",\"url\":\"https:\\\/\\\/www.modapelle.gr\\\/wp-content\\\/uploads\\\/2021\\\/12\\\/\u03b4\u03b5\u03c1\u03bc\u03ac\u03c4\u03b9\u03bd\u03bf-\u03b1\u03bd\u03b4\u03c1\u03b9\u03ba\u03cc-\u03bc\u03c0\u03bf\u03c5\u03c6\u03ac\u03bd-Giorgio-grey-1-L.jpg\",\"contentUrl\":\"https:\\\/\\\/www.modapelle.gr\\\/wp-content\\\/uploads\\\/2021\\\/12\\\/\u03b4\u03b5\u03c1\u03bc\u03ac\u03c4\u03b9\u03bd\u03bf-\u03b1\u03bd\u03b4\u03c1\u03b9\u03ba\u03cc-\u03bc\u03c0\u03bf\u03c5\u03c6\u03ac\u03bd-Giorgio-grey-1-L.jpg\",\"width\":1080,\"height\":1080,\"caption\":\"Giubbotto di pelle Giorgio grigio\"},{\"@type\":\"BreadcrumbList\",\"@id\":\"https:\\\/\\\/www.modapelle.gr\\\/it\\\/prodotto\\\/giubbotto-di-pelle-giorgio\\\/#breadcrumb\",\"itemListElement\":[{\"@type\":\"ListItem\",\"position\":1,\"name\":\"Modapelle\",\"item\":\"https:\\\/\\\/www.modapelle.gr\\\/it\\\/\"},{\"@type\":\"ListItem\",\"position\":2,\"name\":\"Shop\",\"item\":\"https:\\\/\\\/www.modapelle.gr\\\/it\\\/shop\\\/\"},{\"@type\":\"ListItem\",\"position\":3,\"name\":\"Uomo\",\"item\":\"https:\\\/\\\/www.modapelle.gr\\\/it\\\/categoria-prodotto\\\/uomo\\\/\"},{\"@type\":\"ListItem\",\"position\":4,\"name\":\"Giubbotti di pelle per uomo\",\"item\":\"https:\\\/\\\/www.modapelle.gr\\\/it\\\/categoria-prodotto\\\/uomo\\\/giubbotti-di-pelle-per-uomo\\\/\"},{\"@type\":\"ListItem\",\"position\":5,\"name\":\"Giubbotto di pelle Giorgio grigio\"}]},{\"@type\":\"WebSite\",\"@id\":\"https:\\\/\\\/www.modapelle.gr\\\/it\\\/#website\",\"url\":\"https:\\\/\\\/www.modapelle.gr\\\/it\\\/\",\"name\":\"MODAPELLE\",\"description\":\"Abbigliamento in pelle, borse e accessori\",\"publisher\":{\"@id\":\"https:\\\/\\\/www.modapelle.gr\\\/it\\\/#organization\"},\"potentialAction\":[{\"@type\":\"SearchAction\",\"target\":{\"@type\":\"EntryPoint\",\"urlTemplate\":\"https:\\\/\\\/www.modapelle.gr\\\/it\\\/?s={search_term_string}\"},\"query-input\":{\"@type\":\"PropertyValueSpecification\",\"valueRequired\":true,\"valueName\":\"search_term_string\"}}],\"inLanguage\":\"it-IT\"},{\"@type\":\"Organization\",\"@id\":\"https:\\\/\\\/www.modapelle.gr\\\/it\\\/#organization\",\"name\":\"MODAPELLE\",\"url\":\"https:\\\/\\\/www.modapelle.gr\\\/it\\\/\",\"logo\":{\"@type\":\"ImageObject\",\"inLanguage\":\"it-IT\",\"@id\":\"https:\\\/\\\/www.modapelle.gr\\\/it\\\/#\\\/schema\\\/logo\\\/image\\\/\",\"url\":\"https:\\\/\\\/www.modapelle.gr\\\/wp-content\\\/uploads\\\/2021\\\/07\\\/modapelle-logo.png\",\"contentUrl\":\"https:\\\/\\\/www.modapelle.gr\\\/wp-content\\\/uploads\\\/2021\\\/07\\\/modapelle-logo.png\",\"width\":388,\"height\":120,\"caption\":\"MODAPELLE\"},\"image\":{\"@id\":\"https:\\\/\\\/www.modapelle.gr\\\/it\\\/#\\\/schema\\\/logo\\\/image\\\/\"}}]}<\/script>\n<!-- \/ Yoast SEO plugin. -->","yoast_head_json":{"title":"Giubbotto di pelle Giorgio grigio - MODAPELLE","description":"Giubbotto di pelle da uomo in nappa di alta qualit\u00e0 di colore grigio, morbido al tatto, con stile biker e vestibilit\u00e0 aderente.","robots":{"index":"index","follow":"follow","max-snippet":"max-snippet:-1","max-image-preview":"max-image-preview:large","max-video-preview":"max-video-preview:-1"},"canonical":"https:\/\/www.modapelle.gr\/it\/prodotto\/giubbotto-di-pelle-giorgio\/","og_locale":"it_IT","og_type":"article","og_title":"Giubbotto di pelle Giorgio grigio - MODAPELLE","og_description":"Giubbotto di pelle da uomo in nappa di alta qualit\u00e0 di colore grigio, morbido al tatto, con stile biker e vestibilit\u00e0 aderente.","og_url":"https:\/\/www.modapelle.gr\/it\/prodotto\/giubbotto-di-pelle-giorgio\/","og_site_name":"MODAPELLE","article_modified_time":"2023-05-25T05:56:47+00:00","og_image":[{"width":1080,"height":1080,"url":"https:\/\/www.modapelle.gr\/wp-content\/uploads\/2021\/12\/\u03b4\u03b5\u03c1\u03bc\u03ac\u03c4\u03b9\u03bd\u03bf-\u03b1\u03bd\u03b4\u03c1\u03b9\u03ba\u03cc-\u03bc\u03c0\u03bf\u03c5\u03c6\u03ac\u03bd-Giorgio-grey-1-L.jpg","type":"image\/jpeg"}],"twitter_card":"summary_large_image","twitter_misc":{"Tempo di lettura stimato":"1 minuto"},"schema":{"@context":"https:\/\/schema.org","@graph":[{"@type":"WebPage","@id":"https:\/\/www.modapelle.gr\/it\/prodotto\/giubbotto-di-pelle-giorgio\/","url":"https:\/\/www.modapelle.gr\/it\/prodotto\/giubbotto-di-pelle-giorgio\/","name":"Giubbotto di pelle Giorgio grigio - MODAPELLE","isPartOf":{"@id":"https:\/\/www.modapelle.gr\/it\/#website"},"primaryImageOfPage":{"@id":"https:\/\/www.modapelle.gr\/it\/prodotto\/giubbotto-di-pelle-giorgio\/#primaryimage"},"image":{"@id":"https:\/\/www.modapelle.gr\/it\/prodotto\/giubbotto-di-pelle-giorgio\/#primaryimage"},"thumbnailUrl":"https:\/\/www.modapelle.gr\/wp-content\/uploads\/2021\/12\/\u03b4\u03b5\u03c1\u03bc\u03ac\u03c4\u03b9\u03bd\u03bf-\u03b1\u03bd\u03b4\u03c1\u03b9\u03ba\u03cc-\u03bc\u03c0\u03bf\u03c5\u03c6\u03ac\u03bd-Giorgio-grey-1-L.jpg","datePublished":"2021-12-10T15:33:38+00:00","dateModified":"2023-05-25T05:56:47+00:00","description":"Giubbotto di pelle da uomo in nappa di alta qualit\u00e0 di colore grigio, morbido al tatto, con stile biker e vestibilit\u00e0 aderente.","breadcrumb":{"@id":"https:\/\/www.modapelle.gr\/it\/prodotto\/giubbotto-di-pelle-giorgio\/#breadcrumb"},"inLanguage":"it-IT","potentialAction":[{"@type":"ReadAction","target":["https:\/\/www.modapelle.gr\/it\/prodotto\/giubbotto-di-pelle-giorgio\/"]}]},{"@type":"ImageObject","inLanguage":"it-IT","@id":"https:\/\/www.modapelle.gr\/it\/prodotto\/giubbotto-di-pelle-giorgio\/#primaryimage","url":"https:\/\/www.modapelle.gr\/wp-content\/uploads\/2021\/12\/\u03b4\u03b5\u03c1\u03bc\u03ac\u03c4\u03b9\u03bd\u03bf-\u03b1\u03bd\u03b4\u03c1\u03b9\u03ba\u03cc-\u03bc\u03c0\u03bf\u03c5\u03c6\u03ac\u03bd-Giorgio-grey-1-L.jpg","contentUrl":"https:\/\/www.modapelle.gr\/wp-content\/uploads\/2021\/12\/\u03b4\u03b5\u03c1\u03bc\u03ac\u03c4\u03b9\u03bd\u03bf-\u03b1\u03bd\u03b4\u03c1\u03b9\u03ba\u03cc-\u03bc\u03c0\u03bf\u03c5\u03c6\u03ac\u03bd-Giorgio-grey-1-L.jpg","width":1080,"height":1080,"caption":"Giubbotto di pelle Giorgio grigio"},{"@type":"BreadcrumbList","@id":"https:\/\/www.modapelle.gr\/it\/prodotto\/giubbotto-di-pelle-giorgio\/#breadcrumb","itemListElement":[{"@type":"ListItem","position":1,"name":"Modapelle","item":"https:\/\/www.modapelle.gr\/it\/"},{"@type":"ListItem","position":2,"name":"Shop","item":"https:\/\/www.modapelle.gr\/it\/shop\/"},{"@type":"ListItem","position":3,"name":"Uomo","item":"https:\/\/www.modapelle.gr\/it\/categoria-prodotto\/uomo\/"},{"@type":"ListItem","position":4,"name":"Giubbotti di pelle per uomo","item":"https:\/\/www.modapelle.gr\/it\/categoria-prodotto\/uomo\/giubbotti-di-pelle-per-uomo\/"},{"@type":"ListItem","position":5,"name":"Giubbotto di pelle Giorgio grigio"}]},{"@type":"WebSite","@id":"https:\/\/www.modapelle.gr\/it\/#website","url":"https:\/\/www.modapelle.gr\/it\/","name":"MODAPELLE","description":"Abbigliamento in pelle, borse e accessori","publisher":{"@id":"https:\/\/www.modapelle.gr\/it\/#organization"},"potentialAction":[{"@type":"SearchAction","target":{"@type":"EntryPoint","urlTemplate":"https:\/\/www.modapelle.gr\/it\/?s={search_term_string}"},"query-input":{"@type":"PropertyValueSpecification","valueRequired":true,"valueName":"search_term_string"}}],"inLanguage":"it-IT"},{"@type":"Organization","@id":"https:\/\/www.modapelle.gr\/it\/#organization","name":"MODAPELLE","url":"https:\/\/www.modapelle.gr\/it\/","logo":{"@type":"ImageObject","inLanguage":"it-IT","@id":"https:\/\/www.modapelle.gr\/it\/#\/schema\/logo\/image\/","url":"https:\/\/www.modapelle.gr\/wp-content\/uploads\/2021\/07\/modapelle-logo.png","contentUrl":"https:\/\/www.modapelle.gr\/wp-content\/uploads\/2021\/07\/modapelle-logo.png","width":388,"height":120,"caption":"MODAPELLE"},"image":{"@id":"https:\/\/www.modapelle.gr\/it\/#\/schema\/logo\/image\/"}}]}},"_links":{"self":[{"href":"https:\/\/www.modapelle.gr\/it\/wp-json\/wp\/v2\/product\/18854","targetHints":{"allow":["GET"]}}],"collection":[{"href":"https:\/\/www.modapelle.gr\/it\/wp-json\/wp\/v2\/product"}],"about":[{"href":"https:\/\/www.modapelle.gr\/it\/wp-json\/wp\/v2\/types\/product"}],"wp:featuredmedia":[{"embeddable":true,"href":"https:\/\/www.modapelle.gr\/it\/wp-json\/wp\/v2\/media\/13068"}],"wp:attachment":[{"href":"https:\/\/www.modapelle.gr\/it\/wp-json\/wp\/v2\/media?parent=18854"}],"wp:term":[{"taxonomy":"product_brand","embeddable":true,"href":"https:\/\/www.modapelle.gr\/it\/wp-json\/wp\/v2\/product_brand?post=18854"},{"taxonomy":"product_cat","embeddable":true,"href":"https:\/\/www.modapelle.gr\/it\/wp-json\/wp\/v2\/product_cat?post=18854"},{"taxonomy":"product_tag","embeddable":true,"href":"https:\/\/www.modapelle.gr\/it\/wp-json\/wp\/v2\/product_tag?post=18854"}],"curies":[{"name":"wp","href":"https:\/\/api.w.org\/{rel}","templated":true}]}}