{"id":18672,"date":"2022-12-16T12:12:12","date_gmt":"2022-12-16T10:12:12","guid":{"rendered":"https:\/\/www.modapelle.gr\/product\/giubbotto-di-pelle-robin-marrone\/"},"modified":"2023-05-25T09:03:50","modified_gmt":"2023-05-25T06:03:50","slug":"giubbotto-di-pelle-robin-marrone","status":"publish","type":"product","link":"https:\/\/www.modapelle.gr\/it\/prodotto\/giubbotto-di-pelle-robin-marrone\/","title":{"rendered":"Giubbotto di pelle Robin marrone"},"content":{"rendered":"<h2>Giubbotto in pelle da uomo<\/h2>\n<ul>\n<li>Giubbotto in pelle da uomo in morbida pelle nappa al 100%.<\/li>\n<li>Due tasche interne (una con cerniera).<\/li>\n<li>Quattro tasche esterne con cerniera.<\/li>\n<li>Cerniera alla fine delle maniche per una migliore vestibilit\u00e0 (con pelle all&#8217;interno).<\/li>\n<li>Il colletto si chiude con bottoni a pressione.<\/li>\n<li>Fodera in tessuto in una tonalit\u00e0 neutra (colore beige).<\/li>\n<li>Cappuccio in tessuto staccabile in colore nero.<\/li>\n<\/ul>\n","protected":false},"excerpt":{"rendered":"<h2>Giubbotto in pelle dalla vestibilit\u00e0 comoda<\/h2>\n<p>Giubbotto in pelle da uomo di ottima qualit\u00e0 in nappa marrone &#8211; morbida al tatto &#8211; e vestibilit\u00e0 comoda (ideale per taglie grandi)! Dispone di quattro tasche esterne con chiusura a zip. Sulla parte inferiore della manica \u00e8 presente una zip per una maggiore comodit\u00e0 (con interno in pelle). Infine, \u00e8 dotata di cappuccio in tessuto rimovibile con zip.<\/p>\n<p>Il modello indossa la taglia M (altezza 183 cm &#8211; petto 102 cm &#8211; vita 100 cm)<\/p>\n","protected":false},"featured_media":14324,"template":"","meta":{"_acf_changed":false},"product_brand":[],"product_cat":[510],"product_tag":[618,570,588,566],"class_list":{"0":"post-18672","1":"product","2":"type-product","3":"status-publish","4":"has-post-thumbnail","6":"product_cat-giubbotti-di-pelle-per-uomo","7":"product_tag-colore-marrone","8":"product_tag-giacca-di-pelle-da-uomo","9":"product_tag-pelle-nappa","10":"product_tag-uomo","12":"first","13":"instock","14":"sale","15":"shipping-taxable","16":"purchasable","17":"product-type-variable"},"acf":[],"yoast_head":"<!-- This site is optimized with the Yoast SEO plugin v27.2 - https:\/\/yoast.com\/product\/yoast-seo-wordpress\/ -->\n<title>Giubbotto di pelle Robin marrone - MODAPELLE<\/title>\n<meta name=\"description\" content=\"Giubbotto in pelle da uomo di ottima qualit\u00e0 in nappa marrone - morbida al tatto - e vestibilit\u00e0 comoda (ideale per taglie grandi)!\" \/>\n<meta name=\"robots\" content=\"index, follow, max-snippet:-1, max-image-preview:large, max-video-preview:-1\" \/>\n<link rel=\"canonical\" href=\"https:\/\/www.modapelle.gr\/it\/prodotto\/giubbotto-di-pelle-robin-marrone\/\" \/>\n<meta property=\"og:locale\" content=\"it_IT\" \/>\n<meta property=\"og:type\" content=\"article\" \/>\n<meta property=\"og:title\" content=\"Giubbotto di pelle Robin marrone - MODAPELLE\" \/>\n<meta property=\"og:description\" content=\"Giubbotto in pelle da uomo di ottima qualit\u00e0 in nappa marrone - morbida al tatto - e vestibilit\u00e0 comoda (ideale per taglie grandi)!\" \/>\n<meta property=\"og:url\" content=\"https:\/\/www.modapelle.gr\/it\/prodotto\/giubbotto-di-pelle-robin-marrone\/\" \/>\n<meta property=\"og:site_name\" content=\"MODAPELLE\" \/>\n<meta property=\"article:modified_time\" content=\"2023-05-25T06:03:50+00:00\" \/>\n<meta property=\"og:image\" content=\"https:\/\/www.modapelle.gr\/wp-content\/uploads\/2022\/12\/\u03b4\u03b5\u03c1\u03bc\u03ac\u03c4\u03b9\u03bd\u03bf-\u03b1\u03bd\u03b4\u03c1\u03b9\u03ba\u03cc-\u03bc\u03c0\u03bf\u03c5\u03c6\u03ac\u03bd-Robin-brown-5L.jpg\" \/>\n\t<meta property=\"og:image:width\" content=\"1200\" \/>\n\t<meta property=\"og:image:height\" content=\"1200\" \/>\n\t<meta property=\"og:image:type\" content=\"image\/jpeg\" \/>\n<meta name=\"twitter:card\" content=\"summary_large_image\" \/>\n<meta name=\"twitter:label1\" content=\"Tempo di lettura stimato\" \/>\n\t<meta name=\"twitter:data1\" content=\"1 minuto\" \/>\n<script type=\"application\/ld+json\" class=\"yoast-schema-graph\">{\"@context\":\"https:\/\/schema.org\",\"@graph\":[{\"@type\":\"WebPage\",\"@id\":\"https:\/\/www.modapelle.gr\/it\/prodotto\/giubbotto-di-pelle-robin-marrone\/\",\"url\":\"https:\/\/www.modapelle.gr\/it\/prodotto\/giubbotto-di-pelle-robin-marrone\/\",\"name\":\"Giubbotto di pelle Robin marrone - MODAPELLE\",\"isPartOf\":{\"@id\":\"https:\/\/www.modapelle.gr\/it\/#website\"},\"primaryImageOfPage\":{\"@id\":\"https:\/\/www.modapelle.gr\/it\/prodotto\/giubbotto-di-pelle-robin-marrone\/#primaryimage\"},\"image\":{\"@id\":\"https:\/\/www.modapelle.gr\/it\/prodotto\/giubbotto-di-pelle-robin-marrone\/#primaryimage\"},\"thumbnailUrl\":\"https:\/\/www.modapelle.gr\/wp-content\/uploads\/2022\/12\/\u03b4\u03b5\u03c1\u03bc\u03ac\u03c4\u03b9\u03bd\u03bf-\u03b1\u03bd\u03b4\u03c1\u03b9\u03ba\u03cc-\u03bc\u03c0\u03bf\u03c5\u03c6\u03ac\u03bd-Robin-brown-5L.jpg\",\"datePublished\":\"2022-12-16T10:12:12+00:00\",\"dateModified\":\"2023-05-25T06:03:50+00:00\",\"description\":\"Giubbotto in pelle da uomo di ottima qualit\u00e0 in nappa marrone - morbida al tatto - e vestibilit\u00e0 comoda (ideale per taglie grandi)!\",\"breadcrumb\":{\"@id\":\"https:\/\/www.modapelle.gr\/it\/prodotto\/giubbotto-di-pelle-robin-marrone\/#breadcrumb\"},\"inLanguage\":\"it-IT\",\"potentialAction\":[{\"@type\":\"ReadAction\",\"target\":[\"https:\/\/www.modapelle.gr\/it\/prodotto\/giubbotto-di-pelle-robin-marrone\/\"]}]},{\"@type\":\"ImageObject\",\"inLanguage\":\"it-IT\",\"@id\":\"https:\/\/www.modapelle.gr\/it\/prodotto\/giubbotto-di-pelle-robin-marrone\/#primaryimage\",\"url\":\"https:\/\/www.modapelle.gr\/wp-content\/uploads\/2022\/12\/\u03b4\u03b5\u03c1\u03bc\u03ac\u03c4\u03b9\u03bd\u03bf-\u03b1\u03bd\u03b4\u03c1\u03b9\u03ba\u03cc-\u03bc\u03c0\u03bf\u03c5\u03c6\u03ac\u03bd-Robin-brown-5L.jpg\",\"contentUrl\":\"https:\/\/www.modapelle.gr\/wp-content\/uploads\/2022\/12\/\u03b4\u03b5\u03c1\u03bc\u03ac\u03c4\u03b9\u03bd\u03bf-\u03b1\u03bd\u03b4\u03c1\u03b9\u03ba\u03cc-\u03bc\u03c0\u03bf\u03c5\u03c6\u03ac\u03bd-Robin-brown-5L.jpg\",\"width\":1200,\"height\":1200,\"caption\":\"Giubbotto di pelle Robin marrone\"},{\"@type\":\"BreadcrumbList\",\"@id\":\"https:\/\/www.modapelle.gr\/it\/prodotto\/giubbotto-di-pelle-robin-marrone\/#breadcrumb\",\"itemListElement\":[{\"@type\":\"ListItem\",\"position\":1,\"name\":\"Modapelle\",\"item\":\"https:\/\/www.modapelle.gr\/it\/\"},{\"@type\":\"ListItem\",\"position\":2,\"name\":\"Shop\",\"item\":\"https:\/\/www.modapelle.gr\/it\/shop\/\"},{\"@type\":\"ListItem\",\"position\":3,\"name\":\"Uomo\",\"item\":\"https:\/\/www.modapelle.gr\/it\/categoria-prodotto\/uomo\/\"},{\"@type\":\"ListItem\",\"position\":4,\"name\":\"Giubbotti di pelle per uomo\",\"item\":\"https:\/\/www.modapelle.gr\/it\/categoria-prodotto\/uomo\/giubbotti-di-pelle-per-uomo\/\"},{\"@type\":\"ListItem\",\"position\":5,\"name\":\"Giubbotto di pelle Robin marrone\"}]},{\"@type\":\"WebSite\",\"@id\":\"https:\/\/www.modapelle.gr\/it\/#website\",\"url\":\"https:\/\/www.modapelle.gr\/it\/\",\"name\":\"MODAPELLE\",\"description\":\"Abbigliamento in pelle, borse e accessori\",\"publisher\":{\"@id\":\"https:\/\/www.modapelle.gr\/it\/#organization\"},\"potentialAction\":[{\"@type\":\"SearchAction\",\"target\":{\"@type\":\"EntryPoint\",\"urlTemplate\":\"https:\/\/www.modapelle.gr\/it\/?s={search_term_string}\"},\"query-input\":{\"@type\":\"PropertyValueSpecification\",\"valueRequired\":true,\"valueName\":\"search_term_string\"}}],\"inLanguage\":\"it-IT\"},{\"@type\":\"Organization\",\"@id\":\"https:\/\/www.modapelle.gr\/it\/#organization\",\"name\":\"MODAPELLE\",\"url\":\"https:\/\/www.modapelle.gr\/it\/\",\"logo\":{\"@type\":\"ImageObject\",\"inLanguage\":\"it-IT\",\"@id\":\"https:\/\/www.modapelle.gr\/it\/#\/schema\/logo\/image\/\",\"url\":\"https:\/\/www.modapelle.gr\/wp-content\/uploads\/2021\/07\/modapelle-logo.png\",\"contentUrl\":\"https:\/\/www.modapelle.gr\/wp-content\/uploads\/2021\/07\/modapelle-logo.png\",\"width\":388,\"height\":120,\"caption\":\"MODAPELLE\"},\"image\":{\"@id\":\"https:\/\/www.modapelle.gr\/it\/#\/schema\/logo\/image\/\"}}]}<\/script>\n<!-- \/ Yoast SEO plugin. -->","yoast_head_json":{"title":"Giubbotto di pelle Robin marrone - MODAPELLE","description":"Giubbotto in pelle da uomo di ottima qualit\u00e0 in nappa marrone - morbida al tatto - e vestibilit\u00e0 comoda (ideale per taglie grandi)!","robots":{"index":"index","follow":"follow","max-snippet":"max-snippet:-1","max-image-preview":"max-image-preview:large","max-video-preview":"max-video-preview:-1"},"canonical":"https:\/\/www.modapelle.gr\/it\/prodotto\/giubbotto-di-pelle-robin-marrone\/","og_locale":"it_IT","og_type":"article","og_title":"Giubbotto di pelle Robin marrone - MODAPELLE","og_description":"Giubbotto in pelle da uomo di ottima qualit\u00e0 in nappa marrone - morbida al tatto - e vestibilit\u00e0 comoda (ideale per taglie grandi)!","og_url":"https:\/\/www.modapelle.gr\/it\/prodotto\/giubbotto-di-pelle-robin-marrone\/","og_site_name":"MODAPELLE","article_modified_time":"2023-05-25T06:03:50+00:00","og_image":[{"width":1200,"height":1200,"url":"https:\/\/www.modapelle.gr\/wp-content\/uploads\/2022\/12\/\u03b4\u03b5\u03c1\u03bc\u03ac\u03c4\u03b9\u03bd\u03bf-\u03b1\u03bd\u03b4\u03c1\u03b9\u03ba\u03cc-\u03bc\u03c0\u03bf\u03c5\u03c6\u03ac\u03bd-Robin-brown-5L.jpg","type":"image\/jpeg"}],"twitter_card":"summary_large_image","twitter_misc":{"Tempo di lettura stimato":"1 minuto"},"schema":{"@context":"https:\/\/schema.org","@graph":[{"@type":"WebPage","@id":"https:\/\/www.modapelle.gr\/it\/prodotto\/giubbotto-di-pelle-robin-marrone\/","url":"https:\/\/www.modapelle.gr\/it\/prodotto\/giubbotto-di-pelle-robin-marrone\/","name":"Giubbotto di pelle Robin marrone - MODAPELLE","isPartOf":{"@id":"https:\/\/www.modapelle.gr\/it\/#website"},"primaryImageOfPage":{"@id":"https:\/\/www.modapelle.gr\/it\/prodotto\/giubbotto-di-pelle-robin-marrone\/#primaryimage"},"image":{"@id":"https:\/\/www.modapelle.gr\/it\/prodotto\/giubbotto-di-pelle-robin-marrone\/#primaryimage"},"thumbnailUrl":"https:\/\/www.modapelle.gr\/wp-content\/uploads\/2022\/12\/\u03b4\u03b5\u03c1\u03bc\u03ac\u03c4\u03b9\u03bd\u03bf-\u03b1\u03bd\u03b4\u03c1\u03b9\u03ba\u03cc-\u03bc\u03c0\u03bf\u03c5\u03c6\u03ac\u03bd-Robin-brown-5L.jpg","datePublished":"2022-12-16T10:12:12+00:00","dateModified":"2023-05-25T06:03:50+00:00","description":"Giubbotto in pelle da uomo di ottima qualit\u00e0 in nappa marrone - morbida al tatto - e vestibilit\u00e0 comoda (ideale per taglie grandi)!","breadcrumb":{"@id":"https:\/\/www.modapelle.gr\/it\/prodotto\/giubbotto-di-pelle-robin-marrone\/#breadcrumb"},"inLanguage":"it-IT","potentialAction":[{"@type":"ReadAction","target":["https:\/\/www.modapelle.gr\/it\/prodotto\/giubbotto-di-pelle-robin-marrone\/"]}]},{"@type":"ImageObject","inLanguage":"it-IT","@id":"https:\/\/www.modapelle.gr\/it\/prodotto\/giubbotto-di-pelle-robin-marrone\/#primaryimage","url":"https:\/\/www.modapelle.gr\/wp-content\/uploads\/2022\/12\/\u03b4\u03b5\u03c1\u03bc\u03ac\u03c4\u03b9\u03bd\u03bf-\u03b1\u03bd\u03b4\u03c1\u03b9\u03ba\u03cc-\u03bc\u03c0\u03bf\u03c5\u03c6\u03ac\u03bd-Robin-brown-5L.jpg","contentUrl":"https:\/\/www.modapelle.gr\/wp-content\/uploads\/2022\/12\/\u03b4\u03b5\u03c1\u03bc\u03ac\u03c4\u03b9\u03bd\u03bf-\u03b1\u03bd\u03b4\u03c1\u03b9\u03ba\u03cc-\u03bc\u03c0\u03bf\u03c5\u03c6\u03ac\u03bd-Robin-brown-5L.jpg","width":1200,"height":1200,"caption":"Giubbotto di pelle Robin marrone"},{"@type":"BreadcrumbList","@id":"https:\/\/www.modapelle.gr\/it\/prodotto\/giubbotto-di-pelle-robin-marrone\/#breadcrumb","itemListElement":[{"@type":"ListItem","position":1,"name":"Modapelle","item":"https:\/\/www.modapelle.gr\/it\/"},{"@type":"ListItem","position":2,"name":"Shop","item":"https:\/\/www.modapelle.gr\/it\/shop\/"},{"@type":"ListItem","position":3,"name":"Uomo","item":"https:\/\/www.modapelle.gr\/it\/categoria-prodotto\/uomo\/"},{"@type":"ListItem","position":4,"name":"Giubbotti di pelle per uomo","item":"https:\/\/www.modapelle.gr\/it\/categoria-prodotto\/uomo\/giubbotti-di-pelle-per-uomo\/"},{"@type":"ListItem","position":5,"name":"Giubbotto di pelle Robin marrone"}]},{"@type":"WebSite","@id":"https:\/\/www.modapelle.gr\/it\/#website","url":"https:\/\/www.modapelle.gr\/it\/","name":"MODAPELLE","description":"Abbigliamento in pelle, borse e accessori","publisher":{"@id":"https:\/\/www.modapelle.gr\/it\/#organization"},"potentialAction":[{"@type":"SearchAction","target":{"@type":"EntryPoint","urlTemplate":"https:\/\/www.modapelle.gr\/it\/?s={search_term_string}"},"query-input":{"@type":"PropertyValueSpecification","valueRequired":true,"valueName":"search_term_string"}}],"inLanguage":"it-IT"},{"@type":"Organization","@id":"https:\/\/www.modapelle.gr\/it\/#organization","name":"MODAPELLE","url":"https:\/\/www.modapelle.gr\/it\/","logo":{"@type":"ImageObject","inLanguage":"it-IT","@id":"https:\/\/www.modapelle.gr\/it\/#\/schema\/logo\/image\/","url":"https:\/\/www.modapelle.gr\/wp-content\/uploads\/2021\/07\/modapelle-logo.png","contentUrl":"https:\/\/www.modapelle.gr\/wp-content\/uploads\/2021\/07\/modapelle-logo.png","width":388,"height":120,"caption":"MODAPELLE"},"image":{"@id":"https:\/\/www.modapelle.gr\/it\/#\/schema\/logo\/image\/"}}]}},"_links":{"self":[{"href":"https:\/\/www.modapelle.gr\/it\/wp-json\/wp\/v2\/product\/18672","targetHints":{"allow":["GET"]}}],"collection":[{"href":"https:\/\/www.modapelle.gr\/it\/wp-json\/wp\/v2\/product"}],"about":[{"href":"https:\/\/www.modapelle.gr\/it\/wp-json\/wp\/v2\/types\/product"}],"wp:featuredmedia":[{"embeddable":true,"href":"https:\/\/www.modapelle.gr\/it\/wp-json\/wp\/v2\/media\/14324"}],"wp:attachment":[{"href":"https:\/\/www.modapelle.gr\/it\/wp-json\/wp\/v2\/media?parent=18672"}],"wp:term":[{"taxonomy":"product_brand","embeddable":true,"href":"https:\/\/www.modapelle.gr\/it\/wp-json\/wp\/v2\/product_brand?post=18672"},{"taxonomy":"product_cat","embeddable":true,"href":"https:\/\/www.modapelle.gr\/it\/wp-json\/wp\/v2\/product_cat?post=18672"},{"taxonomy":"product_tag","embeddable":true,"href":"https:\/\/www.modapelle.gr\/it\/wp-json\/wp\/v2\/product_tag?post=18672"}],"curies":[{"name":"wp","href":"https:\/\/api.w.org\/{rel}","templated":true}]}}