{"id":18652,"date":"2023-02-24T14:25:33","date_gmt":"2023-02-24T12:25:33","guid":{"rendered":"https:\/\/www.modapelle.gr\/product\/giubbotto-di-pelle-carlo\/"},"modified":"2023-05-25T08:49:42","modified_gmt":"2023-05-25T05:49:42","slug":"giubbotto-di-pelle-carlo","status":"publish","type":"product","link":"https:\/\/www.modapelle.gr\/it\/prodotto\/giubbotto-di-pelle-carlo\/","title":{"rendered":"Giubbotto di pelle Carlo"},"content":{"rendered":"<h2>Giubbotto in pelle da uomo<\/h2>\n<ul>\n<li>Giubbotto in pelle da uomo al 100% in morbida pelle nappa.<\/li>\n<li>Due tasche interne (una con cerniera)<\/li>\n<li>Quattro tasche esterne con cerniera.<\/li>\n<li>Cerniera alla fine del manicotto per una migliore vestibilit\u00e0 (con pelle all&#8217;interno)<\/li>\n<li>Il colletto si chiude con bottoni a pressione.<\/li>\n<li>Fodera in tessuto in una tonalit\u00e0 neutra (colore nero).<\/li>\n<li>Cappuccio in tessuto rimovibile.<\/li>\n<\/ul>\n","protected":false},"excerpt":{"rendered":"<h2>Giubbotto in pelle dal taglio comodo<\/h2>\n<p>Giubbotto in pelle da uomo, realizzato in pregiata pelle nappa di colore nero &#8211; morbido al tatto &#8211; e dal taglio comodo (ideale per taglie grandi)! Dispone di quattro tasche esterne, che si chiudono con cerniera. Sulla parte inferiore della manica c&#8217;\u00e8 una cerniera per una maggiore comodit\u00e0 (con pelle interna). Infine, \u00e8 dotato di cappuccio in tessuto rimovibile con cerniera.<\/p>\n","protected":false},"featured_media":14486,"template":"","meta":{"_acf_changed":false},"product_brand":[],"product_cat":[510],"product_tag":[501,570,588,566],"class_list":{"0":"post-18652","1":"product","2":"type-product","3":"status-publish","4":"has-post-thumbnail","6":"product_cat-giubbotti-di-pelle-per-uomo","7":"product_tag-colore-nero","8":"product_tag-giacca-di-pelle-da-uomo","9":"product_tag-pelle-nappa","10":"product_tag-uomo","12":"first","13":"instock","14":"sale","15":"shipping-taxable","16":"purchasable","17":"product-type-variable"},"acf":[],"yoast_head":"<!-- This site is optimized with the Yoast SEO plugin v27.4 - https:\/\/yoast.com\/product\/yoast-seo-wordpress\/ -->\n<title>Giubbotto di pelle Carlo - MODAPELLE<\/title>\n<meta name=\"description\" content=\"Giubbotto in pelle da uomo, realizzato in pregiata pelle nappa di colore nero - morbido al tatto - e dal taglio comodo (ideale per taglie grandi)!\" \/>\n<meta name=\"robots\" content=\"index, follow, max-snippet:-1, max-image-preview:large, max-video-preview:-1\" \/>\n<link rel=\"canonical\" href=\"https:\/\/www.modapelle.gr\/it\/prodotto\/giubbotto-di-pelle-carlo\/\" \/>\n<meta property=\"og:locale\" content=\"it_IT\" \/>\n<meta property=\"og:type\" content=\"article\" \/>\n<meta property=\"og:title\" content=\"Giubbotto di pelle Carlo - MODAPELLE\" \/>\n<meta property=\"og:description\" content=\"Giubbotto in pelle da uomo, realizzato in pregiata pelle nappa di colore nero - morbido al tatto - e dal taglio comodo (ideale per taglie grandi)!\" \/>\n<meta property=\"og:url\" content=\"https:\/\/www.modapelle.gr\/it\/prodotto\/giubbotto-di-pelle-carlo\/\" \/>\n<meta property=\"og:site_name\" content=\"MODAPELLE\" \/>\n<meta property=\"article:modified_time\" content=\"2023-05-25T05:49:42+00:00\" \/>\n<meta property=\"og:image\" content=\"https:\/\/www.modapelle.gr\/wp-content\/uploads\/2023\/02\/\u03b1\u03bd\u03b4\u03c1\u03b9\u03ba\u03cc-\u03b4\u03b5\u03c1\u03bc\u03ac\u03c4\u03b9\u03bd\u03bf-\u03bc\u03c0\u03bf\u03c5\u03c6\u03ac\u03bd-CARLO-1L.jpg\" \/>\n\t<meta property=\"og:image:width\" content=\"1200\" \/>\n\t<meta property=\"og:image:height\" content=\"1200\" \/>\n\t<meta property=\"og:image:type\" content=\"image\/jpeg\" \/>\n<meta name=\"twitter:card\" content=\"summary_large_image\" \/>\n<meta name=\"twitter:label1\" content=\"Tempo di lettura stimato\" \/>\n\t<meta name=\"twitter:data1\" content=\"1 minuto\" \/>\n<script type=\"application\/ld+json\" class=\"yoast-schema-graph\">{\"@context\":\"https:\\\/\\\/schema.org\",\"@graph\":[{\"@type\":\"WebPage\",\"@id\":\"https:\\\/\\\/www.modapelle.gr\\\/it\\\/prodotto\\\/giubbotto-di-pelle-carlo\\\/\",\"url\":\"https:\\\/\\\/www.modapelle.gr\\\/it\\\/prodotto\\\/giubbotto-di-pelle-carlo\\\/\",\"name\":\"Giubbotto di pelle Carlo - MODAPELLE\",\"isPartOf\":{\"@id\":\"https:\\\/\\\/www.modapelle.gr\\\/it\\\/#website\"},\"primaryImageOfPage\":{\"@id\":\"https:\\\/\\\/www.modapelle.gr\\\/it\\\/prodotto\\\/giubbotto-di-pelle-carlo\\\/#primaryimage\"},\"image\":{\"@id\":\"https:\\\/\\\/www.modapelle.gr\\\/it\\\/prodotto\\\/giubbotto-di-pelle-carlo\\\/#primaryimage\"},\"thumbnailUrl\":\"https:\\\/\\\/www.modapelle.gr\\\/wp-content\\\/uploads\\\/2023\\\/02\\\/\u03b1\u03bd\u03b4\u03c1\u03b9\u03ba\u03cc-\u03b4\u03b5\u03c1\u03bc\u03ac\u03c4\u03b9\u03bd\u03bf-\u03bc\u03c0\u03bf\u03c5\u03c6\u03ac\u03bd-CARLO-1L.jpg\",\"datePublished\":\"2023-02-24T12:25:33+00:00\",\"dateModified\":\"2023-05-25T05:49:42+00:00\",\"description\":\"Giubbotto in pelle da uomo, realizzato in pregiata pelle nappa di colore nero - morbido al tatto - e dal taglio comodo (ideale per taglie grandi)!\",\"breadcrumb\":{\"@id\":\"https:\\\/\\\/www.modapelle.gr\\\/it\\\/prodotto\\\/giubbotto-di-pelle-carlo\\\/#breadcrumb\"},\"inLanguage\":\"it-IT\",\"potentialAction\":[{\"@type\":\"ReadAction\",\"target\":[\"https:\\\/\\\/www.modapelle.gr\\\/it\\\/prodotto\\\/giubbotto-di-pelle-carlo\\\/\"]}]},{\"@type\":\"ImageObject\",\"inLanguage\":\"it-IT\",\"@id\":\"https:\\\/\\\/www.modapelle.gr\\\/it\\\/prodotto\\\/giubbotto-di-pelle-carlo\\\/#primaryimage\",\"url\":\"https:\\\/\\\/www.modapelle.gr\\\/wp-content\\\/uploads\\\/2023\\\/02\\\/\u03b1\u03bd\u03b4\u03c1\u03b9\u03ba\u03cc-\u03b4\u03b5\u03c1\u03bc\u03ac\u03c4\u03b9\u03bd\u03bf-\u03bc\u03c0\u03bf\u03c5\u03c6\u03ac\u03bd-CARLO-1L.jpg\",\"contentUrl\":\"https:\\\/\\\/www.modapelle.gr\\\/wp-content\\\/uploads\\\/2023\\\/02\\\/\u03b1\u03bd\u03b4\u03c1\u03b9\u03ba\u03cc-\u03b4\u03b5\u03c1\u03bc\u03ac\u03c4\u03b9\u03bd\u03bf-\u03bc\u03c0\u03bf\u03c5\u03c6\u03ac\u03bd-CARLO-1L.jpg\",\"width\":1200,\"height\":1200,\"caption\":\"Giubbotto di pelle Carlo\"},{\"@type\":\"BreadcrumbList\",\"@id\":\"https:\\\/\\\/www.modapelle.gr\\\/it\\\/prodotto\\\/giubbotto-di-pelle-carlo\\\/#breadcrumb\",\"itemListElement\":[{\"@type\":\"ListItem\",\"position\":1,\"name\":\"Modapelle\",\"item\":\"https:\\\/\\\/www.modapelle.gr\\\/it\\\/\"},{\"@type\":\"ListItem\",\"position\":2,\"name\":\"Shop\",\"item\":\"https:\\\/\\\/www.modapelle.gr\\\/it\\\/shop\\\/\"},{\"@type\":\"ListItem\",\"position\":3,\"name\":\"Uomo\",\"item\":\"https:\\\/\\\/www.modapelle.gr\\\/it\\\/categoria-prodotto\\\/uomo\\\/\"},{\"@type\":\"ListItem\",\"position\":4,\"name\":\"Giubbotti di pelle per uomo\",\"item\":\"https:\\\/\\\/www.modapelle.gr\\\/it\\\/categoria-prodotto\\\/uomo\\\/giubbotti-di-pelle-per-uomo\\\/\"},{\"@type\":\"ListItem\",\"position\":5,\"name\":\"Giubbotto di pelle Carlo\"}]},{\"@type\":\"WebSite\",\"@id\":\"https:\\\/\\\/www.modapelle.gr\\\/it\\\/#website\",\"url\":\"https:\\\/\\\/www.modapelle.gr\\\/it\\\/\",\"name\":\"MODAPELLE\",\"description\":\"Abbigliamento in pelle, borse e accessori\",\"publisher\":{\"@id\":\"https:\\\/\\\/www.modapelle.gr\\\/it\\\/#organization\"},\"potentialAction\":[{\"@type\":\"SearchAction\",\"target\":{\"@type\":\"EntryPoint\",\"urlTemplate\":\"https:\\\/\\\/www.modapelle.gr\\\/it\\\/?s={search_term_string}\"},\"query-input\":{\"@type\":\"PropertyValueSpecification\",\"valueRequired\":true,\"valueName\":\"search_term_string\"}}],\"inLanguage\":\"it-IT\"},{\"@type\":\"Organization\",\"@id\":\"https:\\\/\\\/www.modapelle.gr\\\/it\\\/#organization\",\"name\":\"MODAPELLE\",\"url\":\"https:\\\/\\\/www.modapelle.gr\\\/it\\\/\",\"logo\":{\"@type\":\"ImageObject\",\"inLanguage\":\"it-IT\",\"@id\":\"https:\\\/\\\/www.modapelle.gr\\\/it\\\/#\\\/schema\\\/logo\\\/image\\\/\",\"url\":\"https:\\\/\\\/www.modapelle.gr\\\/wp-content\\\/uploads\\\/2021\\\/07\\\/modapelle-logo.png\",\"contentUrl\":\"https:\\\/\\\/www.modapelle.gr\\\/wp-content\\\/uploads\\\/2021\\\/07\\\/modapelle-logo.png\",\"width\":388,\"height\":120,\"caption\":\"MODAPELLE\"},\"image\":{\"@id\":\"https:\\\/\\\/www.modapelle.gr\\\/it\\\/#\\\/schema\\\/logo\\\/image\\\/\"}}]}<\/script>\n<!-- \/ Yoast SEO plugin. -->","yoast_head_json":{"title":"Giubbotto di pelle Carlo - MODAPELLE","description":"Giubbotto in pelle da uomo, realizzato in pregiata pelle nappa di colore nero - morbido al tatto - e dal taglio comodo (ideale per taglie grandi)!","robots":{"index":"index","follow":"follow","max-snippet":"max-snippet:-1","max-image-preview":"max-image-preview:large","max-video-preview":"max-video-preview:-1"},"canonical":"https:\/\/www.modapelle.gr\/it\/prodotto\/giubbotto-di-pelle-carlo\/","og_locale":"it_IT","og_type":"article","og_title":"Giubbotto di pelle Carlo - MODAPELLE","og_description":"Giubbotto in pelle da uomo, realizzato in pregiata pelle nappa di colore nero - morbido al tatto - e dal taglio comodo (ideale per taglie grandi)!","og_url":"https:\/\/www.modapelle.gr\/it\/prodotto\/giubbotto-di-pelle-carlo\/","og_site_name":"MODAPELLE","article_modified_time":"2023-05-25T05:49:42+00:00","og_image":[{"width":1200,"height":1200,"url":"https:\/\/www.modapelle.gr\/wp-content\/uploads\/2023\/02\/\u03b1\u03bd\u03b4\u03c1\u03b9\u03ba\u03cc-\u03b4\u03b5\u03c1\u03bc\u03ac\u03c4\u03b9\u03bd\u03bf-\u03bc\u03c0\u03bf\u03c5\u03c6\u03ac\u03bd-CARLO-1L.jpg","type":"image\/jpeg"}],"twitter_card":"summary_large_image","twitter_misc":{"Tempo di lettura stimato":"1 minuto"},"schema":{"@context":"https:\/\/schema.org","@graph":[{"@type":"WebPage","@id":"https:\/\/www.modapelle.gr\/it\/prodotto\/giubbotto-di-pelle-carlo\/","url":"https:\/\/www.modapelle.gr\/it\/prodotto\/giubbotto-di-pelle-carlo\/","name":"Giubbotto di pelle Carlo - MODAPELLE","isPartOf":{"@id":"https:\/\/www.modapelle.gr\/it\/#website"},"primaryImageOfPage":{"@id":"https:\/\/www.modapelle.gr\/it\/prodotto\/giubbotto-di-pelle-carlo\/#primaryimage"},"image":{"@id":"https:\/\/www.modapelle.gr\/it\/prodotto\/giubbotto-di-pelle-carlo\/#primaryimage"},"thumbnailUrl":"https:\/\/www.modapelle.gr\/wp-content\/uploads\/2023\/02\/\u03b1\u03bd\u03b4\u03c1\u03b9\u03ba\u03cc-\u03b4\u03b5\u03c1\u03bc\u03ac\u03c4\u03b9\u03bd\u03bf-\u03bc\u03c0\u03bf\u03c5\u03c6\u03ac\u03bd-CARLO-1L.jpg","datePublished":"2023-02-24T12:25:33+00:00","dateModified":"2023-05-25T05:49:42+00:00","description":"Giubbotto in pelle da uomo, realizzato in pregiata pelle nappa di colore nero - morbido al tatto - e dal taglio comodo (ideale per taglie grandi)!","breadcrumb":{"@id":"https:\/\/www.modapelle.gr\/it\/prodotto\/giubbotto-di-pelle-carlo\/#breadcrumb"},"inLanguage":"it-IT","potentialAction":[{"@type":"ReadAction","target":["https:\/\/www.modapelle.gr\/it\/prodotto\/giubbotto-di-pelle-carlo\/"]}]},{"@type":"ImageObject","inLanguage":"it-IT","@id":"https:\/\/www.modapelle.gr\/it\/prodotto\/giubbotto-di-pelle-carlo\/#primaryimage","url":"https:\/\/www.modapelle.gr\/wp-content\/uploads\/2023\/02\/\u03b1\u03bd\u03b4\u03c1\u03b9\u03ba\u03cc-\u03b4\u03b5\u03c1\u03bc\u03ac\u03c4\u03b9\u03bd\u03bf-\u03bc\u03c0\u03bf\u03c5\u03c6\u03ac\u03bd-CARLO-1L.jpg","contentUrl":"https:\/\/www.modapelle.gr\/wp-content\/uploads\/2023\/02\/\u03b1\u03bd\u03b4\u03c1\u03b9\u03ba\u03cc-\u03b4\u03b5\u03c1\u03bc\u03ac\u03c4\u03b9\u03bd\u03bf-\u03bc\u03c0\u03bf\u03c5\u03c6\u03ac\u03bd-CARLO-1L.jpg","width":1200,"height":1200,"caption":"Giubbotto di pelle Carlo"},{"@type":"BreadcrumbList","@id":"https:\/\/www.modapelle.gr\/it\/prodotto\/giubbotto-di-pelle-carlo\/#breadcrumb","itemListElement":[{"@type":"ListItem","position":1,"name":"Modapelle","item":"https:\/\/www.modapelle.gr\/it\/"},{"@type":"ListItem","position":2,"name":"Shop","item":"https:\/\/www.modapelle.gr\/it\/shop\/"},{"@type":"ListItem","position":3,"name":"Uomo","item":"https:\/\/www.modapelle.gr\/it\/categoria-prodotto\/uomo\/"},{"@type":"ListItem","position":4,"name":"Giubbotti di pelle per uomo","item":"https:\/\/www.modapelle.gr\/it\/categoria-prodotto\/uomo\/giubbotti-di-pelle-per-uomo\/"},{"@type":"ListItem","position":5,"name":"Giubbotto di pelle Carlo"}]},{"@type":"WebSite","@id":"https:\/\/www.modapelle.gr\/it\/#website","url":"https:\/\/www.modapelle.gr\/it\/","name":"MODAPELLE","description":"Abbigliamento in pelle, borse e accessori","publisher":{"@id":"https:\/\/www.modapelle.gr\/it\/#organization"},"potentialAction":[{"@type":"SearchAction","target":{"@type":"EntryPoint","urlTemplate":"https:\/\/www.modapelle.gr\/it\/?s={search_term_string}"},"query-input":{"@type":"PropertyValueSpecification","valueRequired":true,"valueName":"search_term_string"}}],"inLanguage":"it-IT"},{"@type":"Organization","@id":"https:\/\/www.modapelle.gr\/it\/#organization","name":"MODAPELLE","url":"https:\/\/www.modapelle.gr\/it\/","logo":{"@type":"ImageObject","inLanguage":"it-IT","@id":"https:\/\/www.modapelle.gr\/it\/#\/schema\/logo\/image\/","url":"https:\/\/www.modapelle.gr\/wp-content\/uploads\/2021\/07\/modapelle-logo.png","contentUrl":"https:\/\/www.modapelle.gr\/wp-content\/uploads\/2021\/07\/modapelle-logo.png","width":388,"height":120,"caption":"MODAPELLE"},"image":{"@id":"https:\/\/www.modapelle.gr\/it\/#\/schema\/logo\/image\/"}}]}},"_links":{"self":[{"href":"https:\/\/www.modapelle.gr\/it\/wp-json\/wp\/v2\/product\/18652","targetHints":{"allow":["GET"]}}],"collection":[{"href":"https:\/\/www.modapelle.gr\/it\/wp-json\/wp\/v2\/product"}],"about":[{"href":"https:\/\/www.modapelle.gr\/it\/wp-json\/wp\/v2\/types\/product"}],"wp:featuredmedia":[{"embeddable":true,"href":"https:\/\/www.modapelle.gr\/it\/wp-json\/wp\/v2\/media\/14486"}],"wp:attachment":[{"href":"https:\/\/www.modapelle.gr\/it\/wp-json\/wp\/v2\/media?parent=18652"}],"wp:term":[{"taxonomy":"product_brand","embeddable":true,"href":"https:\/\/www.modapelle.gr\/it\/wp-json\/wp\/v2\/product_brand?post=18652"},{"taxonomy":"product_cat","embeddable":true,"href":"https:\/\/www.modapelle.gr\/it\/wp-json\/wp\/v2\/product_cat?post=18652"},{"taxonomy":"product_tag","embeddable":true,"href":"https:\/\/www.modapelle.gr\/it\/wp-json\/wp\/v2\/product_tag?post=18652"}],"curies":[{"name":"wp","href":"https:\/\/api.w.org\/{rel}","templated":true}]}}