{"id":18496,"date":"2021-07-21T20:11:28","date_gmt":"2021-07-21T17:11:28","guid":{"rendered":"https:\/\/www.modapelle.gr\/product\/giubbotto-di-pelle-antique-nero\/"},"modified":"2023-05-25T08:45:06","modified_gmt":"2023-05-25T05:45:06","slug":"giubbotto-di-pelle-antique-nero","status":"publish","type":"product","link":"https:\/\/www.modapelle.gr\/it\/prodotto\/giubbotto-di-pelle-antique-nero\/","title":{"rendered":"Giubbotto di pelle Antique nero"},"content":{"rendered":"<h2>Giacca di pelle da uomo<\/h2>\n<ul>\n<li>Giacca di pelle da uomo al 100% in morbida pelle nappa.<\/li>\n<li>Due tasche interne, di cui una con zip.<\/li>\n<li>Quattro tasche esterne con zip.<\/li>\n<li>Bottoni automatici sul fondo delle maniche per una migliore vestibilit\u00e0.<\/li>\n<li>Il collo si chiude con due bottoni automatici.<\/li>\n<li>Fodera in tessuto in una tonalit\u00e0 neutra.<\/li>\n<\/ul>\n","protected":false},"excerpt":{"rendered":"<h3>giacca di pelle &#8211; stile biker<\/h3>\n<p>Giacca di pelle nera da uomo, in pelle nappa di ottima qualit\u00e0 &#8211; morbida al tatto &#8211; stile biker &#8211; con una vestibilit\u00e0 molto comoda! Dotata di quattro tasche esterne per una maggiore praticit\u00e0, si chiude con cerniera YKK. I polsini possono essere anche allacciati e infine, la vita pu\u00f2 essere regolata per offrire una vestibilit\u00e0 pi\u00f9 personalizzata.<\/p>\n","protected":false},"featured_media":10883,"template":"","meta":{"_acf_changed":false},"product_brand":[],"product_cat":[510],"product_tag":[570,566],"class_list":{"0":"post-18496","1":"product","2":"type-product","3":"status-publish","4":"has-post-thumbnail","6":"product_cat-giubbotti-di-pelle-per-uomo","7":"product_tag-giacca-di-pelle-da-uomo","8":"product_tag-uomo","10":"first","11":"outofstock","12":"shipping-taxable","13":"product-type-variable"},"acf":[],"yoast_head":"<!-- This site is optimized with the Yoast SEO plugin v27.4 - https:\/\/yoast.com\/product\/yoast-seo-wordpress\/ -->\n<title>Giubbotto di pelle Antique nero - MODAPELLE<\/title>\n<meta name=\"description\" content=\"Giubbotto di pelle da uomo, in nappa di alta qualit\u00e0, di colore nero e con un&#039;ottima vestibilit\u00e0. Prodotto nel Regno Unito, semplicemente... lo amerai.\" \/>\n<meta name=\"robots\" content=\"index, follow, max-snippet:-1, max-image-preview:large, max-video-preview:-1\" \/>\n<link rel=\"canonical\" href=\"https:\/\/www.modapelle.gr\/it\/prodotto\/giubbotto-di-pelle-antique-nero\/\" \/>\n<meta property=\"og:locale\" content=\"it_IT\" \/>\n<meta property=\"og:type\" content=\"article\" \/>\n<meta property=\"og:title\" content=\"Giubbotto di pelle Antique nero - MODAPELLE\" \/>\n<meta property=\"og:description\" content=\"Giubbotto di pelle da uomo, in nappa di alta qualit\u00e0, di colore nero e con un&#039;ottima vestibilit\u00e0. Prodotto nel Regno Unito, semplicemente... lo amerai.\" \/>\n<meta property=\"og:url\" content=\"https:\/\/www.modapelle.gr\/it\/prodotto\/giubbotto-di-pelle-antique-nero\/\" \/>\n<meta property=\"og:site_name\" content=\"MODAPELLE\" \/>\n<meta property=\"article:modified_time\" content=\"2023-05-25T05:45:06+00:00\" \/>\n<meta property=\"og:image\" content=\"https:\/\/www.modapelle.gr\/wp-content\/uploads\/2021\/07\/antique-black-03.jpg\" \/>\n\t<meta property=\"og:image:width\" content=\"800\" \/>\n\t<meta property=\"og:image:height\" content=\"800\" \/>\n\t<meta property=\"og:image:type\" content=\"image\/jpeg\" \/>\n<meta name=\"twitter:card\" content=\"summary_large_image\" \/>\n<meta name=\"twitter:label1\" content=\"Tempo di lettura stimato\" \/>\n\t<meta name=\"twitter:data1\" content=\"1 minuto\" \/>\n<script type=\"application\/ld+json\" class=\"yoast-schema-graph\">{\"@context\":\"https:\\\/\\\/schema.org\",\"@graph\":[{\"@type\":\"WebPage\",\"@id\":\"https:\\\/\\\/www.modapelle.gr\\\/it\\\/prodotto\\\/giubbotto-di-pelle-antique-nero\\\/\",\"url\":\"https:\\\/\\\/www.modapelle.gr\\\/it\\\/prodotto\\\/giubbotto-di-pelle-antique-nero\\\/\",\"name\":\"Giubbotto di pelle Antique nero - MODAPELLE\",\"isPartOf\":{\"@id\":\"https:\\\/\\\/www.modapelle.gr\\\/it\\\/#website\"},\"primaryImageOfPage\":{\"@id\":\"https:\\\/\\\/www.modapelle.gr\\\/it\\\/prodotto\\\/giubbotto-di-pelle-antique-nero\\\/#primaryimage\"},\"image\":{\"@id\":\"https:\\\/\\\/www.modapelle.gr\\\/it\\\/prodotto\\\/giubbotto-di-pelle-antique-nero\\\/#primaryimage\"},\"thumbnailUrl\":\"https:\\\/\\\/www.modapelle.gr\\\/wp-content\\\/uploads\\\/2021\\\/07\\\/antique-black-03.jpg\",\"datePublished\":\"2021-07-21T17:11:28+00:00\",\"dateModified\":\"2023-05-25T05:45:06+00:00\",\"description\":\"Giubbotto di pelle da uomo, in nappa di alta qualit\u00e0, di colore nero e con un'ottima vestibilit\u00e0. Prodotto nel Regno Unito, semplicemente... lo amerai.\",\"breadcrumb\":{\"@id\":\"https:\\\/\\\/www.modapelle.gr\\\/it\\\/prodotto\\\/giubbotto-di-pelle-antique-nero\\\/#breadcrumb\"},\"inLanguage\":\"it-IT\",\"potentialAction\":[{\"@type\":\"ReadAction\",\"target\":[\"https:\\\/\\\/www.modapelle.gr\\\/it\\\/prodotto\\\/giubbotto-di-pelle-antique-nero\\\/\"]}]},{\"@type\":\"ImageObject\",\"inLanguage\":\"it-IT\",\"@id\":\"https:\\\/\\\/www.modapelle.gr\\\/it\\\/prodotto\\\/giubbotto-di-pelle-antique-nero\\\/#primaryimage\",\"url\":\"https:\\\/\\\/www.modapelle.gr\\\/wp-content\\\/uploads\\\/2021\\\/07\\\/antique-black-03.jpg\",\"contentUrl\":\"https:\\\/\\\/www.modapelle.gr\\\/wp-content\\\/uploads\\\/2021\\\/07\\\/antique-black-03.jpg\",\"width\":800,\"height\":800,\"caption\":\"Giubbotto di pelle Antique nero\"},{\"@type\":\"BreadcrumbList\",\"@id\":\"https:\\\/\\\/www.modapelle.gr\\\/it\\\/prodotto\\\/giubbotto-di-pelle-antique-nero\\\/#breadcrumb\",\"itemListElement\":[{\"@type\":\"ListItem\",\"position\":1,\"name\":\"Modapelle\",\"item\":\"https:\\\/\\\/www.modapelle.gr\\\/it\\\/\"},{\"@type\":\"ListItem\",\"position\":2,\"name\":\"Shop\",\"item\":\"https:\\\/\\\/www.modapelle.gr\\\/it\\\/shop\\\/\"},{\"@type\":\"ListItem\",\"position\":3,\"name\":\"Uomo\",\"item\":\"https:\\\/\\\/www.modapelle.gr\\\/it\\\/categoria-prodotto\\\/uomo\\\/\"},{\"@type\":\"ListItem\",\"position\":4,\"name\":\"Giubbotti di pelle per uomo\",\"item\":\"https:\\\/\\\/www.modapelle.gr\\\/it\\\/categoria-prodotto\\\/uomo\\\/giubbotti-di-pelle-per-uomo\\\/\"},{\"@type\":\"ListItem\",\"position\":5,\"name\":\"Giubbotto di pelle Antique nero\"}]},{\"@type\":\"WebSite\",\"@id\":\"https:\\\/\\\/www.modapelle.gr\\\/it\\\/#website\",\"url\":\"https:\\\/\\\/www.modapelle.gr\\\/it\\\/\",\"name\":\"MODAPELLE\",\"description\":\"Abbigliamento in pelle, borse e accessori\",\"publisher\":{\"@id\":\"https:\\\/\\\/www.modapelle.gr\\\/it\\\/#organization\"},\"potentialAction\":[{\"@type\":\"SearchAction\",\"target\":{\"@type\":\"EntryPoint\",\"urlTemplate\":\"https:\\\/\\\/www.modapelle.gr\\\/it\\\/?s={search_term_string}\"},\"query-input\":{\"@type\":\"PropertyValueSpecification\",\"valueRequired\":true,\"valueName\":\"search_term_string\"}}],\"inLanguage\":\"it-IT\"},{\"@type\":\"Organization\",\"@id\":\"https:\\\/\\\/www.modapelle.gr\\\/it\\\/#organization\",\"name\":\"MODAPELLE\",\"url\":\"https:\\\/\\\/www.modapelle.gr\\\/it\\\/\",\"logo\":{\"@type\":\"ImageObject\",\"inLanguage\":\"it-IT\",\"@id\":\"https:\\\/\\\/www.modapelle.gr\\\/it\\\/#\\\/schema\\\/logo\\\/image\\\/\",\"url\":\"https:\\\/\\\/www.modapelle.gr\\\/wp-content\\\/uploads\\\/2021\\\/07\\\/modapelle-logo.png\",\"contentUrl\":\"https:\\\/\\\/www.modapelle.gr\\\/wp-content\\\/uploads\\\/2021\\\/07\\\/modapelle-logo.png\",\"width\":388,\"height\":120,\"caption\":\"MODAPELLE\"},\"image\":{\"@id\":\"https:\\\/\\\/www.modapelle.gr\\\/it\\\/#\\\/schema\\\/logo\\\/image\\\/\"}}]}<\/script>\n<!-- \/ Yoast SEO plugin. -->","yoast_head_json":{"title":"Giubbotto di pelle Antique nero - MODAPELLE","description":"Giubbotto di pelle da uomo, in nappa di alta qualit\u00e0, di colore nero e con un'ottima vestibilit\u00e0. Prodotto nel Regno Unito, semplicemente... lo amerai.","robots":{"index":"index","follow":"follow","max-snippet":"max-snippet:-1","max-image-preview":"max-image-preview:large","max-video-preview":"max-video-preview:-1"},"canonical":"https:\/\/www.modapelle.gr\/it\/prodotto\/giubbotto-di-pelle-antique-nero\/","og_locale":"it_IT","og_type":"article","og_title":"Giubbotto di pelle Antique nero - MODAPELLE","og_description":"Giubbotto di pelle da uomo, in nappa di alta qualit\u00e0, di colore nero e con un'ottima vestibilit\u00e0. Prodotto nel Regno Unito, semplicemente... lo amerai.","og_url":"https:\/\/www.modapelle.gr\/it\/prodotto\/giubbotto-di-pelle-antique-nero\/","og_site_name":"MODAPELLE","article_modified_time":"2023-05-25T05:45:06+00:00","og_image":[{"width":800,"height":800,"url":"https:\/\/www.modapelle.gr\/wp-content\/uploads\/2021\/07\/antique-black-03.jpg","type":"image\/jpeg"}],"twitter_card":"summary_large_image","twitter_misc":{"Tempo di lettura stimato":"1 minuto"},"schema":{"@context":"https:\/\/schema.org","@graph":[{"@type":"WebPage","@id":"https:\/\/www.modapelle.gr\/it\/prodotto\/giubbotto-di-pelle-antique-nero\/","url":"https:\/\/www.modapelle.gr\/it\/prodotto\/giubbotto-di-pelle-antique-nero\/","name":"Giubbotto di pelle Antique nero - MODAPELLE","isPartOf":{"@id":"https:\/\/www.modapelle.gr\/it\/#website"},"primaryImageOfPage":{"@id":"https:\/\/www.modapelle.gr\/it\/prodotto\/giubbotto-di-pelle-antique-nero\/#primaryimage"},"image":{"@id":"https:\/\/www.modapelle.gr\/it\/prodotto\/giubbotto-di-pelle-antique-nero\/#primaryimage"},"thumbnailUrl":"https:\/\/www.modapelle.gr\/wp-content\/uploads\/2021\/07\/antique-black-03.jpg","datePublished":"2021-07-21T17:11:28+00:00","dateModified":"2023-05-25T05:45:06+00:00","description":"Giubbotto di pelle da uomo, in nappa di alta qualit\u00e0, di colore nero e con un'ottima vestibilit\u00e0. Prodotto nel Regno Unito, semplicemente... lo amerai.","breadcrumb":{"@id":"https:\/\/www.modapelle.gr\/it\/prodotto\/giubbotto-di-pelle-antique-nero\/#breadcrumb"},"inLanguage":"it-IT","potentialAction":[{"@type":"ReadAction","target":["https:\/\/www.modapelle.gr\/it\/prodotto\/giubbotto-di-pelle-antique-nero\/"]}]},{"@type":"ImageObject","inLanguage":"it-IT","@id":"https:\/\/www.modapelle.gr\/it\/prodotto\/giubbotto-di-pelle-antique-nero\/#primaryimage","url":"https:\/\/www.modapelle.gr\/wp-content\/uploads\/2021\/07\/antique-black-03.jpg","contentUrl":"https:\/\/www.modapelle.gr\/wp-content\/uploads\/2021\/07\/antique-black-03.jpg","width":800,"height":800,"caption":"Giubbotto di pelle Antique nero"},{"@type":"BreadcrumbList","@id":"https:\/\/www.modapelle.gr\/it\/prodotto\/giubbotto-di-pelle-antique-nero\/#breadcrumb","itemListElement":[{"@type":"ListItem","position":1,"name":"Modapelle","item":"https:\/\/www.modapelle.gr\/it\/"},{"@type":"ListItem","position":2,"name":"Shop","item":"https:\/\/www.modapelle.gr\/it\/shop\/"},{"@type":"ListItem","position":3,"name":"Uomo","item":"https:\/\/www.modapelle.gr\/it\/categoria-prodotto\/uomo\/"},{"@type":"ListItem","position":4,"name":"Giubbotti di pelle per uomo","item":"https:\/\/www.modapelle.gr\/it\/categoria-prodotto\/uomo\/giubbotti-di-pelle-per-uomo\/"},{"@type":"ListItem","position":5,"name":"Giubbotto di pelle Antique nero"}]},{"@type":"WebSite","@id":"https:\/\/www.modapelle.gr\/it\/#website","url":"https:\/\/www.modapelle.gr\/it\/","name":"MODAPELLE","description":"Abbigliamento in pelle, borse e accessori","publisher":{"@id":"https:\/\/www.modapelle.gr\/it\/#organization"},"potentialAction":[{"@type":"SearchAction","target":{"@type":"EntryPoint","urlTemplate":"https:\/\/www.modapelle.gr\/it\/?s={search_term_string}"},"query-input":{"@type":"PropertyValueSpecification","valueRequired":true,"valueName":"search_term_string"}}],"inLanguage":"it-IT"},{"@type":"Organization","@id":"https:\/\/www.modapelle.gr\/it\/#organization","name":"MODAPELLE","url":"https:\/\/www.modapelle.gr\/it\/","logo":{"@type":"ImageObject","inLanguage":"it-IT","@id":"https:\/\/www.modapelle.gr\/it\/#\/schema\/logo\/image\/","url":"https:\/\/www.modapelle.gr\/wp-content\/uploads\/2021\/07\/modapelle-logo.png","contentUrl":"https:\/\/www.modapelle.gr\/wp-content\/uploads\/2021\/07\/modapelle-logo.png","width":388,"height":120,"caption":"MODAPELLE"},"image":{"@id":"https:\/\/www.modapelle.gr\/it\/#\/schema\/logo\/image\/"}}]}},"_links":{"self":[{"href":"https:\/\/www.modapelle.gr\/it\/wp-json\/wp\/v2\/product\/18496","targetHints":{"allow":["GET"]}}],"collection":[{"href":"https:\/\/www.modapelle.gr\/it\/wp-json\/wp\/v2\/product"}],"about":[{"href":"https:\/\/www.modapelle.gr\/it\/wp-json\/wp\/v2\/types\/product"}],"wp:featuredmedia":[{"embeddable":true,"href":"https:\/\/www.modapelle.gr\/it\/wp-json\/wp\/v2\/media\/10883"}],"wp:attachment":[{"href":"https:\/\/www.modapelle.gr\/it\/wp-json\/wp\/v2\/media?parent=18496"}],"wp:term":[{"taxonomy":"product_brand","embeddable":true,"href":"https:\/\/www.modapelle.gr\/it\/wp-json\/wp\/v2\/product_brand?post=18496"},{"taxonomy":"product_cat","embeddable":true,"href":"https:\/\/www.modapelle.gr\/it\/wp-json\/wp\/v2\/product_cat?post=18496"},{"taxonomy":"product_tag","embeddable":true,"href":"https:\/\/www.modapelle.gr\/it\/wp-json\/wp\/v2\/product_tag?post=18496"}],"curies":[{"name":"wp","href":"https:\/\/api.w.org\/{rel}","templated":true}]}}