{"id":21487,"date":"2021-07-24T09:02:13","date_gmt":"2021-07-24T06:02:13","guid":{"rendered":"https:\/\/www.modapelle.gr\/product\/lederbrieftasche-mpw-1004-hellbraun\/"},"modified":"2021-07-24T09:02:13","modified_gmt":"2021-07-24T06:02:13","slug":"lederbrieftasche-mpw-1004-hellbraun","status":"publish","type":"product","link":"https:\/\/www.modapelle.gr\/de\/produkt\/lederbrieftasche-mpw-1004-hellbraun\/","title":{"rendered":"Lederbrieftasche mpw 1004 Hellbraun"},"content":{"rendered":"<h2>Damen Brieftasche aus echtem Leder<\/h2>\n<ul>\n<li>4 horizontale F\u00e4cher f\u00fcr Banknoten aller Gr\u00f6\u00dfen<\/li>\n<li>1 verstecktes horizontales Fach<\/li>\n<li>1 geschlossenes Innenfach mit horizontalem Rei\u00dfverschluss auf der R\u00fcckseite der Geldb\u00f6rse<\/li>\n<li>2 transparente F\u00e4cher mit Platz f\u00fcr Kreditkarten, F\u00fchrerschein oder andere Dokumente<\/li>\n<li>4 F\u00e4cher f\u00fcr Kreditkarten oder andere Karten<\/li>\n<li>1 verstecktes Fach unter den Kreditkartenf\u00e4chern<\/li>\n<li>1 gro\u00dfe M\u00fcnztasche mit Klappe auf der Vorderseite der Geldb\u00f6rse<\/li>\n<li>1 zus\u00e4tzliches Au\u00dfenfach auf der R\u00fcckseite der Brieftasche<\/li>\n<\/ul>\n","protected":false},"excerpt":{"rendered":"<ul>\n<li>Damen Lederbrieftasche mit den Abmessungen L 16,5 x H 10 cm.<\/li>\n<li>Echtes Leder von au\u00dfergew\u00f6hnlicher Qualit\u00e4t<\/li>\n<\/ul>\n","protected":false},"featured_media":17743,"template":"","meta":{"_acf_changed":false},"product_brand":[],"product_cat":[528],"product_tag":[494,647,601],"class_list":{"0":"post-21487","1":"product","2":"type-product","3":"status-publish","4":"has-post-thumbnail","6":"product_cat-leder-geldborsen-fur-frauen","7":"product_tag-frau","8":"product_tag-hellbraun","9":"product_tag-lederbrieftasche","11":"first","12":"instock","13":"shipping-taxable","14":"purchasable","15":"product-type-simple"},"acf":[],"yoast_head":"<!-- This site is optimized with the Yoast SEO plugin v27.4 - https:\/\/yoast.com\/product\/yoast-seo-wordpress\/ -->\n<title>Lederbrieftasche mpw 1004 Hellbraun - Modapelle<\/title>\n<meta name=\"description\" content=\"Damen Lederbrieftasche mit den Abmessungen L 16,5 x H 10 cm. Echtes Leder von au\u00dfergew\u00f6hnlicher Qualit\u00e4t\" \/>\n<meta name=\"robots\" content=\"index, follow, max-snippet:-1, max-image-preview:large, max-video-preview:-1\" \/>\n<link rel=\"canonical\" href=\"https:\/\/www.modapelle.gr\/de\/produkt\/lederbrieftasche-mpw-1004-hellbraun\/\" \/>\n<meta property=\"og:locale\" content=\"de_DE\" \/>\n<meta property=\"og:type\" content=\"article\" \/>\n<meta property=\"og:title\" content=\"Lederbrieftasche mpw 1004 Hellbraun - Modapelle\" \/>\n<meta property=\"og:description\" content=\"Damen Lederbrieftasche mit den Abmessungen L 16,5 x H 10 cm. Echtes Leder von au\u00dfergew\u00f6hnlicher Qualit\u00e4t\" \/>\n<meta property=\"og:url\" content=\"https:\/\/www.modapelle.gr\/de\/produkt\/lederbrieftasche-mpw-1004-hellbraun\/\" \/>\n<meta property=\"og:site_name\" content=\"MODAPELLE\" \/>\n<meta property=\"og:image\" content=\"https:\/\/www.modapelle.gr\/wp-content\/uploads\/2023\/05\/1004-TAN-1L.jpg\" \/>\n\t<meta property=\"og:image:width\" content=\"1200\" \/>\n\t<meta property=\"og:image:height\" content=\"1200\" \/>\n\t<meta property=\"og:image:type\" content=\"image\/jpeg\" \/>\n<meta name=\"twitter:card\" content=\"summary_large_image\" \/>\n<script type=\"application\/ld+json\" class=\"yoast-schema-graph\">{\"@context\":\"https:\\\/\\\/schema.org\",\"@graph\":[{\"@type\":\"WebPage\",\"@id\":\"https:\\\/\\\/www.modapelle.gr\\\/de\\\/produkt\\\/lederbrieftasche-mpw-1004-hellbraun\\\/\",\"url\":\"https:\\\/\\\/www.modapelle.gr\\\/de\\\/produkt\\\/lederbrieftasche-mpw-1004-hellbraun\\\/\",\"name\":\"Lederbrieftasche mpw 1004 Hellbraun - Modapelle\",\"isPartOf\":{\"@id\":\"https:\\\/\\\/www.modapelle.gr\\\/de\\\/#website\"},\"primaryImageOfPage\":{\"@id\":\"https:\\\/\\\/www.modapelle.gr\\\/de\\\/produkt\\\/lederbrieftasche-mpw-1004-hellbraun\\\/#primaryimage\"},\"image\":{\"@id\":\"https:\\\/\\\/www.modapelle.gr\\\/de\\\/produkt\\\/lederbrieftasche-mpw-1004-hellbraun\\\/#primaryimage\"},\"thumbnailUrl\":\"https:\\\/\\\/www.modapelle.gr\\\/wp-content\\\/uploads\\\/2023\\\/05\\\/1004-TAN-1L.jpg\",\"datePublished\":\"2021-07-24T06:02:13+00:00\",\"description\":\"Damen Lederbrieftasche mit den Abmessungen L 16,5 x H 10 cm. Echtes Leder von au\u00dfergew\u00f6hnlicher Qualit\u00e4t\",\"breadcrumb\":{\"@id\":\"https:\\\/\\\/www.modapelle.gr\\\/de\\\/produkt\\\/lederbrieftasche-mpw-1004-hellbraun\\\/#breadcrumb\"},\"inLanguage\":\"de\",\"potentialAction\":[{\"@type\":\"ReadAction\",\"target\":[\"https:\\\/\\\/www.modapelle.gr\\\/de\\\/produkt\\\/lederbrieftasche-mpw-1004-hellbraun\\\/\"]}]},{\"@type\":\"ImageObject\",\"inLanguage\":\"de\",\"@id\":\"https:\\\/\\\/www.modapelle.gr\\\/de\\\/produkt\\\/lederbrieftasche-mpw-1004-hellbraun\\\/#primaryimage\",\"url\":\"https:\\\/\\\/www.modapelle.gr\\\/wp-content\\\/uploads\\\/2023\\\/05\\\/1004-TAN-1L.jpg\",\"contentUrl\":\"https:\\\/\\\/www.modapelle.gr\\\/wp-content\\\/uploads\\\/2023\\\/05\\\/1004-TAN-1L.jpg\",\"width\":1200,\"height\":1200,\"caption\":\"Lederbrieftasche mpw 1004 Hellbraun\"},{\"@type\":\"BreadcrumbList\",\"@id\":\"https:\\\/\\\/www.modapelle.gr\\\/de\\\/produkt\\\/lederbrieftasche-mpw-1004-hellbraun\\\/#breadcrumb\",\"itemListElement\":[{\"@type\":\"ListItem\",\"position\":1,\"name\":\"Modapelle\",\"item\":\"https:\\\/\\\/www.modapelle.gr\\\/de\\\/\"},{\"@type\":\"ListItem\",\"position\":2,\"name\":\"Shop\",\"item\":\"https:\\\/\\\/www.modapelle.gr\\\/de\\\/shop\\\/\"},{\"@type\":\"ListItem\",\"position\":3,\"name\":\"Frau\",\"item\":\"https:\\\/\\\/www.modapelle.gr\\\/de\\\/produkt-kategorie\\\/frau\\\/\"},{\"@type\":\"ListItem\",\"position\":4,\"name\":\"Lederbrieftasche f\u00fcr Frauen\",\"item\":\"https:\\\/\\\/www.modapelle.gr\\\/de\\\/produkt-kategorie\\\/frau\\\/leder-geldborsen-fur-frauen\\\/\"},{\"@type\":\"ListItem\",\"position\":5,\"name\":\"Lederbrieftasche mpw 1004 Hellbraun\"}]},{\"@type\":\"WebSite\",\"@id\":\"https:\\\/\\\/www.modapelle.gr\\\/de\\\/#website\",\"url\":\"https:\\\/\\\/www.modapelle.gr\\\/de\\\/\",\"name\":\"MODAPELLE\",\"description\":\"Lederbekleidung, Taschen & Accessoires\",\"publisher\":{\"@id\":\"https:\\\/\\\/www.modapelle.gr\\\/de\\\/#organization\"},\"potentialAction\":[{\"@type\":\"SearchAction\",\"target\":{\"@type\":\"EntryPoint\",\"urlTemplate\":\"https:\\\/\\\/www.modapelle.gr\\\/de\\\/?s={search_term_string}\"},\"query-input\":{\"@type\":\"PropertyValueSpecification\",\"valueRequired\":true,\"valueName\":\"search_term_string\"}}],\"inLanguage\":\"de\"},{\"@type\":\"Organization\",\"@id\":\"https:\\\/\\\/www.modapelle.gr\\\/de\\\/#organization\",\"name\":\"MODAPELLE\",\"url\":\"https:\\\/\\\/www.modapelle.gr\\\/de\\\/\",\"logo\":{\"@type\":\"ImageObject\",\"inLanguage\":\"de\",\"@id\":\"https:\\\/\\\/www.modapelle.gr\\\/de\\\/#\\\/schema\\\/logo\\\/image\\\/\",\"url\":\"https:\\\/\\\/www.modapelle.gr\\\/wp-content\\\/uploads\\\/2021\\\/07\\\/modapelle-logo.png\",\"contentUrl\":\"https:\\\/\\\/www.modapelle.gr\\\/wp-content\\\/uploads\\\/2021\\\/07\\\/modapelle-logo.png\",\"width\":388,\"height\":120,\"caption\":\"MODAPELLE\"},\"image\":{\"@id\":\"https:\\\/\\\/www.modapelle.gr\\\/de\\\/#\\\/schema\\\/logo\\\/image\\\/\"}}]}<\/script>\n<!-- \/ Yoast SEO plugin. -->","yoast_head_json":{"title":"Lederbrieftasche mpw 1004 Hellbraun - Modapelle","description":"Damen Lederbrieftasche mit den Abmessungen L 16,5 x H 10 cm. Echtes Leder von au\u00dfergew\u00f6hnlicher Qualit\u00e4t","robots":{"index":"index","follow":"follow","max-snippet":"max-snippet:-1","max-image-preview":"max-image-preview:large","max-video-preview":"max-video-preview:-1"},"canonical":"https:\/\/www.modapelle.gr\/de\/produkt\/lederbrieftasche-mpw-1004-hellbraun\/","og_locale":"de_DE","og_type":"article","og_title":"Lederbrieftasche mpw 1004 Hellbraun - Modapelle","og_description":"Damen Lederbrieftasche mit den Abmessungen L 16,5 x H 10 cm. Echtes Leder von au\u00dfergew\u00f6hnlicher Qualit\u00e4t","og_url":"https:\/\/www.modapelle.gr\/de\/produkt\/lederbrieftasche-mpw-1004-hellbraun\/","og_site_name":"MODAPELLE","og_image":[{"width":1200,"height":1200,"url":"https:\/\/www.modapelle.gr\/wp-content\/uploads\/2023\/05\/1004-TAN-1L.jpg","type":"image\/jpeg"}],"twitter_card":"summary_large_image","schema":{"@context":"https:\/\/schema.org","@graph":[{"@type":"WebPage","@id":"https:\/\/www.modapelle.gr\/de\/produkt\/lederbrieftasche-mpw-1004-hellbraun\/","url":"https:\/\/www.modapelle.gr\/de\/produkt\/lederbrieftasche-mpw-1004-hellbraun\/","name":"Lederbrieftasche mpw 1004 Hellbraun - Modapelle","isPartOf":{"@id":"https:\/\/www.modapelle.gr\/de\/#website"},"primaryImageOfPage":{"@id":"https:\/\/www.modapelle.gr\/de\/produkt\/lederbrieftasche-mpw-1004-hellbraun\/#primaryimage"},"image":{"@id":"https:\/\/www.modapelle.gr\/de\/produkt\/lederbrieftasche-mpw-1004-hellbraun\/#primaryimage"},"thumbnailUrl":"https:\/\/www.modapelle.gr\/wp-content\/uploads\/2023\/05\/1004-TAN-1L.jpg","datePublished":"2021-07-24T06:02:13+00:00","description":"Damen Lederbrieftasche mit den Abmessungen L 16,5 x H 10 cm. Echtes Leder von au\u00dfergew\u00f6hnlicher Qualit\u00e4t","breadcrumb":{"@id":"https:\/\/www.modapelle.gr\/de\/produkt\/lederbrieftasche-mpw-1004-hellbraun\/#breadcrumb"},"inLanguage":"de","potentialAction":[{"@type":"ReadAction","target":["https:\/\/www.modapelle.gr\/de\/produkt\/lederbrieftasche-mpw-1004-hellbraun\/"]}]},{"@type":"ImageObject","inLanguage":"de","@id":"https:\/\/www.modapelle.gr\/de\/produkt\/lederbrieftasche-mpw-1004-hellbraun\/#primaryimage","url":"https:\/\/www.modapelle.gr\/wp-content\/uploads\/2023\/05\/1004-TAN-1L.jpg","contentUrl":"https:\/\/www.modapelle.gr\/wp-content\/uploads\/2023\/05\/1004-TAN-1L.jpg","width":1200,"height":1200,"caption":"Lederbrieftasche mpw 1004 Hellbraun"},{"@type":"BreadcrumbList","@id":"https:\/\/www.modapelle.gr\/de\/produkt\/lederbrieftasche-mpw-1004-hellbraun\/#breadcrumb","itemListElement":[{"@type":"ListItem","position":1,"name":"Modapelle","item":"https:\/\/www.modapelle.gr\/de\/"},{"@type":"ListItem","position":2,"name":"Shop","item":"https:\/\/www.modapelle.gr\/de\/shop\/"},{"@type":"ListItem","position":3,"name":"Frau","item":"https:\/\/www.modapelle.gr\/de\/produkt-kategorie\/frau\/"},{"@type":"ListItem","position":4,"name":"Lederbrieftasche f\u00fcr Frauen","item":"https:\/\/www.modapelle.gr\/de\/produkt-kategorie\/frau\/leder-geldborsen-fur-frauen\/"},{"@type":"ListItem","position":5,"name":"Lederbrieftasche mpw 1004 Hellbraun"}]},{"@type":"WebSite","@id":"https:\/\/www.modapelle.gr\/de\/#website","url":"https:\/\/www.modapelle.gr\/de\/","name":"MODAPELLE","description":"Lederbekleidung, Taschen & Accessoires","publisher":{"@id":"https:\/\/www.modapelle.gr\/de\/#organization"},"potentialAction":[{"@type":"SearchAction","target":{"@type":"EntryPoint","urlTemplate":"https:\/\/www.modapelle.gr\/de\/?s={search_term_string}"},"query-input":{"@type":"PropertyValueSpecification","valueRequired":true,"valueName":"search_term_string"}}],"inLanguage":"de"},{"@type":"Organization","@id":"https:\/\/www.modapelle.gr\/de\/#organization","name":"MODAPELLE","url":"https:\/\/www.modapelle.gr\/de\/","logo":{"@type":"ImageObject","inLanguage":"de","@id":"https:\/\/www.modapelle.gr\/de\/#\/schema\/logo\/image\/","url":"https:\/\/www.modapelle.gr\/wp-content\/uploads\/2021\/07\/modapelle-logo.png","contentUrl":"https:\/\/www.modapelle.gr\/wp-content\/uploads\/2021\/07\/modapelle-logo.png","width":388,"height":120,"caption":"MODAPELLE"},"image":{"@id":"https:\/\/www.modapelle.gr\/de\/#\/schema\/logo\/image\/"}}]}},"_links":{"self":[{"href":"https:\/\/www.modapelle.gr\/de\/wp-json\/wp\/v2\/product\/21487","targetHints":{"allow":["GET"]}}],"collection":[{"href":"https:\/\/www.modapelle.gr\/de\/wp-json\/wp\/v2\/product"}],"about":[{"href":"https:\/\/www.modapelle.gr\/de\/wp-json\/wp\/v2\/types\/product"}],"wp:featuredmedia":[{"embeddable":true,"href":"https:\/\/www.modapelle.gr\/de\/wp-json\/wp\/v2\/media\/17743"}],"wp:attachment":[{"href":"https:\/\/www.modapelle.gr\/de\/wp-json\/wp\/v2\/media?parent=21487"}],"wp:term":[{"taxonomy":"product_brand","embeddable":true,"href":"https:\/\/www.modapelle.gr\/de\/wp-json\/wp\/v2\/product_brand?post=21487"},{"taxonomy":"product_cat","embeddable":true,"href":"https:\/\/www.modapelle.gr\/de\/wp-json\/wp\/v2\/product_cat?post=21487"},{"taxonomy":"product_tag","embeddable":true,"href":"https:\/\/www.modapelle.gr\/de\/wp-json\/wp\/v2\/product_tag?post=21487"}],"curies":[{"name":"wp","href":"https:\/\/api.w.org\/{rel}","templated":true}]}}