{"id":21469,"date":"2022-09-09T13:17:22","date_gmt":"2022-09-09T10:17:22","guid":{"rendered":"https:\/\/www.modapelle.gr\/product\/lederbrieftasche-mpw-1009-rot\/"},"modified":"2022-09-09T13:17:22","modified_gmt":"2022-09-09T10:17:22","slug":"lederbrieftasche-mpw-1009-rot","status":"publish","type":"product","link":"https:\/\/www.modapelle.gr\/de\/produkt\/lederbrieftasche-mpw-1009-rot\/","title":{"rendered":"Lederbrieftasche mpw 1009 Rot"},"content":{"rendered":"<h2>Damen-Lederbrieftasche<\/h2>\n<ul>\n<li>Die Geldb\u00f6rse ist in 2 Teile unterteilt<\/li>\n<li>1 Fach f\u00fcr Banknoten aller Gr\u00f6\u00dfen<\/li>\n<li>8 Kartenf\u00e4cher f\u00fcr Kreditkarten<\/li>\n<li>4 zus\u00e4tzliche F\u00e4cher unter den Kartenf\u00e4chern<\/li>\n<li>Doppeltes gro\u00dfes M\u00fcnzfach und 1 Fach mit Rei\u00dfverschluss. Es wird mit einem \u00e4u\u00dferen Rei\u00dfverschluss f\u00fcr zus\u00e4tzliche Sicherheit geschlossen.<\/li>\n<\/ul>\n","protected":false},"excerpt":{"rendered":"<ul>\n<li>Damen-Lederbrieftasche<\/li>\n<li>Abmessungen: L 15 x H 9,5 cm<\/li>\n<li>Hochwertiges echtes Anilinleder<\/li>\n<li>RFID-SCHUTZ &#8211; verhindert das Scannen Ihrer Daten durch Dritte!<\/li>\n<\/ul>\n","protected":false},"featured_media":13889,"template":"","meta":{"_acf_changed":false},"product_brand":[],"product_cat":[528],"product_tag":[494,601,621],"class_list":{"0":"post-21469","1":"product","2":"type-product","3":"status-publish","4":"has-post-thumbnail","6":"product_cat-leder-geldborsen-fur-frauen","7":"product_tag-frau","8":"product_tag-lederbrieftasche","9":"product_tag-rote-farbe","11":"first","12":"outofstock","13":"shipping-taxable","14":"purchasable","15":"product-type-simple"},"acf":[],"yoast_head":"<!-- This site is optimized with the Yoast SEO plugin v27.2 - https:\/\/yoast.com\/product\/yoast-seo-wordpress\/ -->\n<title>Lederbrieftasche mpw 1009 Rot - Modapelle<\/title>\n<meta name=\"description\" content=\"Damen-Geldb\u00f6rse. Abmessungen: L 15 x H 9,5 cm. Hochwertiges echtes Anilinleder. RFID-SCHUTZ - verhindert das Scannen Ihrer Daten durch Dritte!\" \/>\n<meta name=\"robots\" content=\"index, follow, max-snippet:-1, max-image-preview:large, max-video-preview:-1\" \/>\n<link rel=\"canonical\" href=\"https:\/\/www.modapelle.gr\/de\/produkt\/lederbrieftasche-mpw-1009-rot\/\" \/>\n<meta property=\"og:locale\" content=\"de_DE\" \/>\n<meta property=\"og:type\" content=\"article\" \/>\n<meta property=\"og:title\" content=\"Lederbrieftasche mpw 1009 Rot - Modapelle\" \/>\n<meta property=\"og:description\" content=\"Damen-Geldb\u00f6rse. Abmessungen: L 15 x H 9,5 cm. Hochwertiges echtes Anilinleder. RFID-SCHUTZ - verhindert das Scannen Ihrer Daten durch Dritte!\" \/>\n<meta property=\"og:url\" content=\"https:\/\/www.modapelle.gr\/de\/produkt\/lederbrieftasche-mpw-1009-rot\/\" \/>\n<meta property=\"og:site_name\" content=\"MODAPELLE\" \/>\n<meta property=\"og:image\" content=\"https:\/\/www.modapelle.gr\/wp-content\/uploads\/2022\/10\/\u0394\u03b5\u03c1\u03bc\u03ac\u03c4\u03b9\u03bd\u03bf-\u03c0\u03bf\u03c1\u03c4\u03bf\u03c6\u03cc\u03bb\u03b9-\u03b3\u03c5\u03bd\u03b1\u03b9\u03ba\u03b5\u03af\u03bf-mpw-1009-red-1-L-RFID.jpg\" \/>\n\t<meta property=\"og:image:width\" content=\"1200\" \/>\n\t<meta property=\"og:image:height\" content=\"1200\" \/>\n\t<meta property=\"og:image:type\" content=\"image\/jpeg\" \/>\n<meta name=\"twitter:card\" content=\"summary_large_image\" \/>\n<script type=\"application\/ld+json\" class=\"yoast-schema-graph\">{\"@context\":\"https:\/\/schema.org\",\"@graph\":[{\"@type\":\"WebPage\",\"@id\":\"https:\/\/www.modapelle.gr\/de\/produkt\/lederbrieftasche-mpw-1009-rot\/\",\"url\":\"https:\/\/www.modapelle.gr\/de\/produkt\/lederbrieftasche-mpw-1009-rot\/\",\"name\":\"Lederbrieftasche mpw 1009 Rot - Modapelle\",\"isPartOf\":{\"@id\":\"https:\/\/www.modapelle.gr\/de\/#website\"},\"primaryImageOfPage\":{\"@id\":\"https:\/\/www.modapelle.gr\/de\/produkt\/lederbrieftasche-mpw-1009-rot\/#primaryimage\"},\"image\":{\"@id\":\"https:\/\/www.modapelle.gr\/de\/produkt\/lederbrieftasche-mpw-1009-rot\/#primaryimage\"},\"thumbnailUrl\":\"https:\/\/www.modapelle.gr\/wp-content\/uploads\/2022\/10\/\u0394\u03b5\u03c1\u03bc\u03ac\u03c4\u03b9\u03bd\u03bf-\u03c0\u03bf\u03c1\u03c4\u03bf\u03c6\u03cc\u03bb\u03b9-\u03b3\u03c5\u03bd\u03b1\u03b9\u03ba\u03b5\u03af\u03bf-mpw-1009-red-1-L-RFID.jpg\",\"datePublished\":\"2022-09-09T10:17:22+00:00\",\"description\":\"Damen-Geldb\u00f6rse. Abmessungen: L 15 x H 9,5 cm. Hochwertiges echtes Anilinleder. RFID-SCHUTZ - verhindert das Scannen Ihrer Daten durch Dritte!\",\"breadcrumb\":{\"@id\":\"https:\/\/www.modapelle.gr\/de\/produkt\/lederbrieftasche-mpw-1009-rot\/#breadcrumb\"},\"inLanguage\":\"de\",\"potentialAction\":[{\"@type\":\"ReadAction\",\"target\":[\"https:\/\/www.modapelle.gr\/de\/produkt\/lederbrieftasche-mpw-1009-rot\/\"]}]},{\"@type\":\"ImageObject\",\"inLanguage\":\"de\",\"@id\":\"https:\/\/www.modapelle.gr\/de\/produkt\/lederbrieftasche-mpw-1009-rot\/#primaryimage\",\"url\":\"https:\/\/www.modapelle.gr\/wp-content\/uploads\/2022\/10\/\u0394\u03b5\u03c1\u03bc\u03ac\u03c4\u03b9\u03bd\u03bf-\u03c0\u03bf\u03c1\u03c4\u03bf\u03c6\u03cc\u03bb\u03b9-\u03b3\u03c5\u03bd\u03b1\u03b9\u03ba\u03b5\u03af\u03bf-mpw-1009-red-1-L-RFID.jpg\",\"contentUrl\":\"https:\/\/www.modapelle.gr\/wp-content\/uploads\/2022\/10\/\u0394\u03b5\u03c1\u03bc\u03ac\u03c4\u03b9\u03bd\u03bf-\u03c0\u03bf\u03c1\u03c4\u03bf\u03c6\u03cc\u03bb\u03b9-\u03b3\u03c5\u03bd\u03b1\u03b9\u03ba\u03b5\u03af\u03bf-mpw-1009-red-1-L-RFID.jpg\",\"width\":1200,\"height\":1200,\"caption\":\"Lederbrieftasche mpw 1009 Rot\"},{\"@type\":\"BreadcrumbList\",\"@id\":\"https:\/\/www.modapelle.gr\/de\/produkt\/lederbrieftasche-mpw-1009-rot\/#breadcrumb\",\"itemListElement\":[{\"@type\":\"ListItem\",\"position\":1,\"name\":\"Modapelle\",\"item\":\"https:\/\/www.modapelle.gr\/de\/\"},{\"@type\":\"ListItem\",\"position\":2,\"name\":\"Shop\",\"item\":\"https:\/\/www.modapelle.gr\/de\/shop\/\"},{\"@type\":\"ListItem\",\"position\":3,\"name\":\"Frau\",\"item\":\"https:\/\/www.modapelle.gr\/de\/produkt-kategorie\/frau\/\"},{\"@type\":\"ListItem\",\"position\":4,\"name\":\"Lederbrieftasche f\u00fcr Frauen\",\"item\":\"https:\/\/www.modapelle.gr\/de\/produkt-kategorie\/frau\/leder-geldborsen-fur-frauen\/\"},{\"@type\":\"ListItem\",\"position\":5,\"name\":\"Lederbrieftasche mpw 1009 Rot\"}]},{\"@type\":\"WebSite\",\"@id\":\"https:\/\/www.modapelle.gr\/de\/#website\",\"url\":\"https:\/\/www.modapelle.gr\/de\/\",\"name\":\"MODAPELLE\",\"description\":\"Lederbekleidung, Taschen & Accessoires\",\"publisher\":{\"@id\":\"https:\/\/www.modapelle.gr\/de\/#organization\"},\"potentialAction\":[{\"@type\":\"SearchAction\",\"target\":{\"@type\":\"EntryPoint\",\"urlTemplate\":\"https:\/\/www.modapelle.gr\/de\/?s={search_term_string}\"},\"query-input\":{\"@type\":\"PropertyValueSpecification\",\"valueRequired\":true,\"valueName\":\"search_term_string\"}}],\"inLanguage\":\"de\"},{\"@type\":\"Organization\",\"@id\":\"https:\/\/www.modapelle.gr\/de\/#organization\",\"name\":\"MODAPELLE\",\"url\":\"https:\/\/www.modapelle.gr\/de\/\",\"logo\":{\"@type\":\"ImageObject\",\"inLanguage\":\"de\",\"@id\":\"https:\/\/www.modapelle.gr\/de\/#\/schema\/logo\/image\/\",\"url\":\"https:\/\/www.modapelle.gr\/wp-content\/uploads\/2021\/07\/modapelle-logo.png\",\"contentUrl\":\"https:\/\/www.modapelle.gr\/wp-content\/uploads\/2021\/07\/modapelle-logo.png\",\"width\":388,\"height\":120,\"caption\":\"MODAPELLE\"},\"image\":{\"@id\":\"https:\/\/www.modapelle.gr\/de\/#\/schema\/logo\/image\/\"}}]}<\/script>\n<!-- \/ Yoast SEO plugin. -->","yoast_head_json":{"title":"Lederbrieftasche mpw 1009 Rot - Modapelle","description":"Damen-Geldb\u00f6rse. Abmessungen: L 15 x H 9,5 cm. Hochwertiges echtes Anilinleder. RFID-SCHUTZ - verhindert das Scannen Ihrer Daten durch Dritte!","robots":{"index":"index","follow":"follow","max-snippet":"max-snippet:-1","max-image-preview":"max-image-preview:large","max-video-preview":"max-video-preview:-1"},"canonical":"https:\/\/www.modapelle.gr\/de\/produkt\/lederbrieftasche-mpw-1009-rot\/","og_locale":"de_DE","og_type":"article","og_title":"Lederbrieftasche mpw 1009 Rot - Modapelle","og_description":"Damen-Geldb\u00f6rse. Abmessungen: L 15 x H 9,5 cm. Hochwertiges echtes Anilinleder. RFID-SCHUTZ - verhindert das Scannen Ihrer Daten durch Dritte!","og_url":"https:\/\/www.modapelle.gr\/de\/produkt\/lederbrieftasche-mpw-1009-rot\/","og_site_name":"MODAPELLE","og_image":[{"width":1200,"height":1200,"url":"https:\/\/www.modapelle.gr\/wp-content\/uploads\/2022\/10\/\u0394\u03b5\u03c1\u03bc\u03ac\u03c4\u03b9\u03bd\u03bf-\u03c0\u03bf\u03c1\u03c4\u03bf\u03c6\u03cc\u03bb\u03b9-\u03b3\u03c5\u03bd\u03b1\u03b9\u03ba\u03b5\u03af\u03bf-mpw-1009-red-1-L-RFID.jpg","type":"image\/jpeg"}],"twitter_card":"summary_large_image","schema":{"@context":"https:\/\/schema.org","@graph":[{"@type":"WebPage","@id":"https:\/\/www.modapelle.gr\/de\/produkt\/lederbrieftasche-mpw-1009-rot\/","url":"https:\/\/www.modapelle.gr\/de\/produkt\/lederbrieftasche-mpw-1009-rot\/","name":"Lederbrieftasche mpw 1009 Rot - Modapelle","isPartOf":{"@id":"https:\/\/www.modapelle.gr\/de\/#website"},"primaryImageOfPage":{"@id":"https:\/\/www.modapelle.gr\/de\/produkt\/lederbrieftasche-mpw-1009-rot\/#primaryimage"},"image":{"@id":"https:\/\/www.modapelle.gr\/de\/produkt\/lederbrieftasche-mpw-1009-rot\/#primaryimage"},"thumbnailUrl":"https:\/\/www.modapelle.gr\/wp-content\/uploads\/2022\/10\/\u0394\u03b5\u03c1\u03bc\u03ac\u03c4\u03b9\u03bd\u03bf-\u03c0\u03bf\u03c1\u03c4\u03bf\u03c6\u03cc\u03bb\u03b9-\u03b3\u03c5\u03bd\u03b1\u03b9\u03ba\u03b5\u03af\u03bf-mpw-1009-red-1-L-RFID.jpg","datePublished":"2022-09-09T10:17:22+00:00","description":"Damen-Geldb\u00f6rse. Abmessungen: L 15 x H 9,5 cm. Hochwertiges echtes Anilinleder. RFID-SCHUTZ - verhindert das Scannen Ihrer Daten durch Dritte!","breadcrumb":{"@id":"https:\/\/www.modapelle.gr\/de\/produkt\/lederbrieftasche-mpw-1009-rot\/#breadcrumb"},"inLanguage":"de","potentialAction":[{"@type":"ReadAction","target":["https:\/\/www.modapelle.gr\/de\/produkt\/lederbrieftasche-mpw-1009-rot\/"]}]},{"@type":"ImageObject","inLanguage":"de","@id":"https:\/\/www.modapelle.gr\/de\/produkt\/lederbrieftasche-mpw-1009-rot\/#primaryimage","url":"https:\/\/www.modapelle.gr\/wp-content\/uploads\/2022\/10\/\u0394\u03b5\u03c1\u03bc\u03ac\u03c4\u03b9\u03bd\u03bf-\u03c0\u03bf\u03c1\u03c4\u03bf\u03c6\u03cc\u03bb\u03b9-\u03b3\u03c5\u03bd\u03b1\u03b9\u03ba\u03b5\u03af\u03bf-mpw-1009-red-1-L-RFID.jpg","contentUrl":"https:\/\/www.modapelle.gr\/wp-content\/uploads\/2022\/10\/\u0394\u03b5\u03c1\u03bc\u03ac\u03c4\u03b9\u03bd\u03bf-\u03c0\u03bf\u03c1\u03c4\u03bf\u03c6\u03cc\u03bb\u03b9-\u03b3\u03c5\u03bd\u03b1\u03b9\u03ba\u03b5\u03af\u03bf-mpw-1009-red-1-L-RFID.jpg","width":1200,"height":1200,"caption":"Lederbrieftasche mpw 1009 Rot"},{"@type":"BreadcrumbList","@id":"https:\/\/www.modapelle.gr\/de\/produkt\/lederbrieftasche-mpw-1009-rot\/#breadcrumb","itemListElement":[{"@type":"ListItem","position":1,"name":"Modapelle","item":"https:\/\/www.modapelle.gr\/de\/"},{"@type":"ListItem","position":2,"name":"Shop","item":"https:\/\/www.modapelle.gr\/de\/shop\/"},{"@type":"ListItem","position":3,"name":"Frau","item":"https:\/\/www.modapelle.gr\/de\/produkt-kategorie\/frau\/"},{"@type":"ListItem","position":4,"name":"Lederbrieftasche f\u00fcr Frauen","item":"https:\/\/www.modapelle.gr\/de\/produkt-kategorie\/frau\/leder-geldborsen-fur-frauen\/"},{"@type":"ListItem","position":5,"name":"Lederbrieftasche mpw 1009 Rot"}]},{"@type":"WebSite","@id":"https:\/\/www.modapelle.gr\/de\/#website","url":"https:\/\/www.modapelle.gr\/de\/","name":"MODAPELLE","description":"Lederbekleidung, Taschen & Accessoires","publisher":{"@id":"https:\/\/www.modapelle.gr\/de\/#organization"},"potentialAction":[{"@type":"SearchAction","target":{"@type":"EntryPoint","urlTemplate":"https:\/\/www.modapelle.gr\/de\/?s={search_term_string}"},"query-input":{"@type":"PropertyValueSpecification","valueRequired":true,"valueName":"search_term_string"}}],"inLanguage":"de"},{"@type":"Organization","@id":"https:\/\/www.modapelle.gr\/de\/#organization","name":"MODAPELLE","url":"https:\/\/www.modapelle.gr\/de\/","logo":{"@type":"ImageObject","inLanguage":"de","@id":"https:\/\/www.modapelle.gr\/de\/#\/schema\/logo\/image\/","url":"https:\/\/www.modapelle.gr\/wp-content\/uploads\/2021\/07\/modapelle-logo.png","contentUrl":"https:\/\/www.modapelle.gr\/wp-content\/uploads\/2021\/07\/modapelle-logo.png","width":388,"height":120,"caption":"MODAPELLE"},"image":{"@id":"https:\/\/www.modapelle.gr\/de\/#\/schema\/logo\/image\/"}}]}},"_links":{"self":[{"href":"https:\/\/www.modapelle.gr\/de\/wp-json\/wp\/v2\/product\/21469","targetHints":{"allow":["GET"]}}],"collection":[{"href":"https:\/\/www.modapelle.gr\/de\/wp-json\/wp\/v2\/product"}],"about":[{"href":"https:\/\/www.modapelle.gr\/de\/wp-json\/wp\/v2\/types\/product"}],"wp:featuredmedia":[{"embeddable":true,"href":"https:\/\/www.modapelle.gr\/de\/wp-json\/wp\/v2\/media\/13889"}],"wp:attachment":[{"href":"https:\/\/www.modapelle.gr\/de\/wp-json\/wp\/v2\/media?parent=21469"}],"wp:term":[{"taxonomy":"product_brand","embeddable":true,"href":"https:\/\/www.modapelle.gr\/de\/wp-json\/wp\/v2\/product_brand?post=21469"},{"taxonomy":"product_cat","embeddable":true,"href":"https:\/\/www.modapelle.gr\/de\/wp-json\/wp\/v2\/product_cat?post=21469"},{"taxonomy":"product_tag","embeddable":true,"href":"https:\/\/www.modapelle.gr\/de\/wp-json\/wp\/v2\/product_tag?post=21469"}],"curies":[{"name":"wp","href":"https:\/\/api.w.org\/{rel}","templated":true}]}}