{"id":21455,"date":"2023-05-05T13:24:55","date_gmt":"2023-05-05T10:24:55","guid":{"rendered":"https:\/\/www.modapelle.gr\/product\/lederbrieftasche-mpw-1026-schwarz\/"},"modified":"2026-04-16T09:57:51","modified_gmt":"2026-04-16T06:57:51","slug":"lederbrieftasche-mpw-1026-schwarz","status":"publish","type":"product","link":"https:\/\/www.modapelle.gr\/de\/produkt\/lederbrieftasche-mpw-1026-schwarz\/","title":{"rendered":"Lederbrieftasche mpw 1026 Schwarz"},"content":{"rendered":"<h2>Lederbrieftasche f\u00fcr Damen<\/h2>\n<p>Das Portemonnaie ist in zwei Teile unterteilt.<\/p>\n<p>Im vorderen Teil:<\/p>\n<ul>\n<li>2 horizontale F\u00e4cher f\u00fcr Geldscheine<\/li>\n<li>2 geschlossene horizontale F\u00e4cher mit Rei\u00dfverschluss f\u00fcr Geldscheine<\/li>\n<li>1 Netzfach f\u00fcr Kreditkarten, F\u00fchrerschein usw.<\/li>\n<li>4 F\u00e4cher f\u00fcr Kreditkarten, F\u00fchrerschein usw.<\/li>\n<li>1 verstecktes Fach hinter den Kreditkartenf\u00e4chern<\/li>\n<\/ul>\n<p>Im zweiten Teil:<\/p>\n<ul>\n<li>10 F\u00e4cher f\u00fcr Kreditkarten, F\u00fchrerschein usw.<\/li>\n<li>2 versteckte F\u00e4cher hinter den Kreditkartenf\u00e4chern<\/li>\n<li>1 Netzfach f\u00fcr Kreditkarten, F\u00fchrerschein usw.<\/li>\n<\/ul>\n","protected":false},"excerpt":{"rendered":"<ul>\n<li>Gro\u00dfes, hochwertiges Damenlederportemonnaie<\/li>\n<li>Aus echtem Leder in der Farbe Schwarz<\/li>\n<li>Abmessungen: L 18 x H 10,5 cm<\/li>\n<\/ul>\n","protected":false},"featured_media":17567,"template":"","meta":{"_acf_changed":false},"product_brand":[],"product_cat":[528],"product_tag":[494,601,496],"class_list":{"0":"post-21455","1":"product","2":"type-product","3":"status-publish","4":"has-post-thumbnail","6":"product_cat-leder-geldborsen-fur-frauen","7":"product_tag-frau","8":"product_tag-lederbrieftasche","9":"product_tag-schwarze-farbe","11":"first","12":"instock","13":"shipping-taxable","14":"purchasable","15":"product-type-simple"},"acf":[],"yoast_head":"<!-- This site is optimized with the Yoast SEO plugin v27.2 - https:\/\/yoast.com\/product\/yoast-seo-wordpress\/ -->\n<title>Lederbrieftasche mpw 1026 Schwarz - Modapelle<\/title>\n<meta name=\"description\" content=\"Gro\u00dfes, hochwertiges Damenlederportemonnaie. Aus echtem Leder in der Farbe Schwarz. Abmessungen: L 18 x H 10,5 cm\" \/>\n<meta name=\"robots\" content=\"index, follow, max-snippet:-1, max-image-preview:large, max-video-preview:-1\" \/>\n<link rel=\"canonical\" href=\"https:\/\/www.modapelle.gr\/de\/produkt\/lederbrieftasche-mpw-1026-schwarz\/\" \/>\n<meta property=\"og:locale\" content=\"de_DE\" \/>\n<meta property=\"og:type\" content=\"article\" \/>\n<meta property=\"og:title\" content=\"Lederbrieftasche mpw 1026 Schwarz - Modapelle\" \/>\n<meta property=\"og:description\" content=\"Gro\u00dfes, hochwertiges Damenlederportemonnaie. Aus echtem Leder in der Farbe Schwarz. Abmessungen: L 18 x H 10,5 cm\" \/>\n<meta property=\"og:url\" content=\"https:\/\/www.modapelle.gr\/de\/produkt\/lederbrieftasche-mpw-1026-schwarz\/\" \/>\n<meta property=\"og:site_name\" content=\"MODAPELLE\" \/>\n<meta property=\"article:modified_time\" content=\"2026-04-16T06:57:51+00:00\" \/>\n<meta property=\"og:image\" content=\"https:\/\/www.modapelle.gr\/wp-content\/uploads\/2023\/05\/GO565-BLACK-8L.jpg\" \/>\n\t<meta property=\"og:image:width\" content=\"1200\" \/>\n\t<meta property=\"og:image:height\" content=\"1200\" \/>\n\t<meta property=\"og:image:type\" content=\"image\/jpeg\" \/>\n<meta name=\"twitter:card\" content=\"summary_large_image\" \/>\n<script type=\"application\/ld+json\" class=\"yoast-schema-graph\">{\"@context\":\"https:\/\/schema.org\",\"@graph\":[{\"@type\":\"WebPage\",\"@id\":\"https:\/\/www.modapelle.gr\/de\/produkt\/lederbrieftasche-mpw-1026-schwarz\/\",\"url\":\"https:\/\/www.modapelle.gr\/de\/produkt\/lederbrieftasche-mpw-1026-schwarz\/\",\"name\":\"Lederbrieftasche mpw 1026 Schwarz - Modapelle\",\"isPartOf\":{\"@id\":\"https:\/\/www.modapelle.gr\/de\/#website\"},\"primaryImageOfPage\":{\"@id\":\"https:\/\/www.modapelle.gr\/de\/produkt\/lederbrieftasche-mpw-1026-schwarz\/#primaryimage\"},\"image\":{\"@id\":\"https:\/\/www.modapelle.gr\/de\/produkt\/lederbrieftasche-mpw-1026-schwarz\/#primaryimage\"},\"thumbnailUrl\":\"https:\/\/www.modapelle.gr\/wp-content\/uploads\/2023\/05\/GO565-BLACK-8L.jpg\",\"datePublished\":\"2023-05-05T10:24:55+00:00\",\"dateModified\":\"2026-04-16T06:57:51+00:00\",\"description\":\"Gro\u00dfes, hochwertiges Damenlederportemonnaie. Aus echtem Leder in der Farbe Schwarz. Abmessungen: L 18 x H 10,5 cm\",\"breadcrumb\":{\"@id\":\"https:\/\/www.modapelle.gr\/de\/produkt\/lederbrieftasche-mpw-1026-schwarz\/#breadcrumb\"},\"inLanguage\":\"de\",\"potentialAction\":[{\"@type\":\"ReadAction\",\"target\":[\"https:\/\/www.modapelle.gr\/de\/produkt\/lederbrieftasche-mpw-1026-schwarz\/\"]}]},{\"@type\":\"ImageObject\",\"inLanguage\":\"de\",\"@id\":\"https:\/\/www.modapelle.gr\/de\/produkt\/lederbrieftasche-mpw-1026-schwarz\/#primaryimage\",\"url\":\"https:\/\/www.modapelle.gr\/wp-content\/uploads\/2023\/05\/GO565-BLACK-8L.jpg\",\"contentUrl\":\"https:\/\/www.modapelle.gr\/wp-content\/uploads\/2023\/05\/GO565-BLACK-8L.jpg\",\"width\":1200,\"height\":1200,\"caption\":\"Lederbrieftasche mpw 1026 Schwarz\"},{\"@type\":\"BreadcrumbList\",\"@id\":\"https:\/\/www.modapelle.gr\/de\/produkt\/lederbrieftasche-mpw-1026-schwarz\/#breadcrumb\",\"itemListElement\":[{\"@type\":\"ListItem\",\"position\":1,\"name\":\"Modapelle\",\"item\":\"https:\/\/www.modapelle.gr\/de\/\"},{\"@type\":\"ListItem\",\"position\":2,\"name\":\"Shop\",\"item\":\"https:\/\/www.modapelle.gr\/de\/shop\/\"},{\"@type\":\"ListItem\",\"position\":3,\"name\":\"Frau\",\"item\":\"https:\/\/www.modapelle.gr\/de\/produkt-kategorie\/frau\/\"},{\"@type\":\"ListItem\",\"position\":4,\"name\":\"Lederbrieftasche f\u00fcr Frauen\",\"item\":\"https:\/\/www.modapelle.gr\/de\/produkt-kategorie\/frau\/leder-geldborsen-fur-frauen\/\"},{\"@type\":\"ListItem\",\"position\":5,\"name\":\"Lederbrieftasche mpw 1026 Schwarz\"}]},{\"@type\":\"WebSite\",\"@id\":\"https:\/\/www.modapelle.gr\/de\/#website\",\"url\":\"https:\/\/www.modapelle.gr\/de\/\",\"name\":\"MODAPELLE\",\"description\":\"Lederbekleidung, Taschen & Accessoires\",\"publisher\":{\"@id\":\"https:\/\/www.modapelle.gr\/de\/#organization\"},\"potentialAction\":[{\"@type\":\"SearchAction\",\"target\":{\"@type\":\"EntryPoint\",\"urlTemplate\":\"https:\/\/www.modapelle.gr\/de\/?s={search_term_string}\"},\"query-input\":{\"@type\":\"PropertyValueSpecification\",\"valueRequired\":true,\"valueName\":\"search_term_string\"}}],\"inLanguage\":\"de\"},{\"@type\":\"Organization\",\"@id\":\"https:\/\/www.modapelle.gr\/de\/#organization\",\"name\":\"MODAPELLE\",\"url\":\"https:\/\/www.modapelle.gr\/de\/\",\"logo\":{\"@type\":\"ImageObject\",\"inLanguage\":\"de\",\"@id\":\"https:\/\/www.modapelle.gr\/de\/#\/schema\/logo\/image\/\",\"url\":\"https:\/\/www.modapelle.gr\/wp-content\/uploads\/2021\/07\/modapelle-logo.png\",\"contentUrl\":\"https:\/\/www.modapelle.gr\/wp-content\/uploads\/2021\/07\/modapelle-logo.png\",\"width\":388,\"height\":120,\"caption\":\"MODAPELLE\"},\"image\":{\"@id\":\"https:\/\/www.modapelle.gr\/de\/#\/schema\/logo\/image\/\"}}]}<\/script>\n<!-- \/ Yoast SEO plugin. -->","yoast_head_json":{"title":"Lederbrieftasche mpw 1026 Schwarz - Modapelle","description":"Gro\u00dfes, hochwertiges Damenlederportemonnaie. Aus echtem Leder in der Farbe Schwarz. Abmessungen: L 18 x H 10,5 cm","robots":{"index":"index","follow":"follow","max-snippet":"max-snippet:-1","max-image-preview":"max-image-preview:large","max-video-preview":"max-video-preview:-1"},"canonical":"https:\/\/www.modapelle.gr\/de\/produkt\/lederbrieftasche-mpw-1026-schwarz\/","og_locale":"de_DE","og_type":"article","og_title":"Lederbrieftasche mpw 1026 Schwarz - Modapelle","og_description":"Gro\u00dfes, hochwertiges Damenlederportemonnaie. Aus echtem Leder in der Farbe Schwarz. Abmessungen: L 18 x H 10,5 cm","og_url":"https:\/\/www.modapelle.gr\/de\/produkt\/lederbrieftasche-mpw-1026-schwarz\/","og_site_name":"MODAPELLE","article_modified_time":"2026-04-16T06:57:51+00:00","og_image":[{"width":1200,"height":1200,"url":"https:\/\/www.modapelle.gr\/wp-content\/uploads\/2023\/05\/GO565-BLACK-8L.jpg","type":"image\/jpeg"}],"twitter_card":"summary_large_image","schema":{"@context":"https:\/\/schema.org","@graph":[{"@type":"WebPage","@id":"https:\/\/www.modapelle.gr\/de\/produkt\/lederbrieftasche-mpw-1026-schwarz\/","url":"https:\/\/www.modapelle.gr\/de\/produkt\/lederbrieftasche-mpw-1026-schwarz\/","name":"Lederbrieftasche mpw 1026 Schwarz - Modapelle","isPartOf":{"@id":"https:\/\/www.modapelle.gr\/de\/#website"},"primaryImageOfPage":{"@id":"https:\/\/www.modapelle.gr\/de\/produkt\/lederbrieftasche-mpw-1026-schwarz\/#primaryimage"},"image":{"@id":"https:\/\/www.modapelle.gr\/de\/produkt\/lederbrieftasche-mpw-1026-schwarz\/#primaryimage"},"thumbnailUrl":"https:\/\/www.modapelle.gr\/wp-content\/uploads\/2023\/05\/GO565-BLACK-8L.jpg","datePublished":"2023-05-05T10:24:55+00:00","dateModified":"2026-04-16T06:57:51+00:00","description":"Gro\u00dfes, hochwertiges Damenlederportemonnaie. Aus echtem Leder in der Farbe Schwarz. Abmessungen: L 18 x H 10,5 cm","breadcrumb":{"@id":"https:\/\/www.modapelle.gr\/de\/produkt\/lederbrieftasche-mpw-1026-schwarz\/#breadcrumb"},"inLanguage":"de","potentialAction":[{"@type":"ReadAction","target":["https:\/\/www.modapelle.gr\/de\/produkt\/lederbrieftasche-mpw-1026-schwarz\/"]}]},{"@type":"ImageObject","inLanguage":"de","@id":"https:\/\/www.modapelle.gr\/de\/produkt\/lederbrieftasche-mpw-1026-schwarz\/#primaryimage","url":"https:\/\/www.modapelle.gr\/wp-content\/uploads\/2023\/05\/GO565-BLACK-8L.jpg","contentUrl":"https:\/\/www.modapelle.gr\/wp-content\/uploads\/2023\/05\/GO565-BLACK-8L.jpg","width":1200,"height":1200,"caption":"Lederbrieftasche mpw 1026 Schwarz"},{"@type":"BreadcrumbList","@id":"https:\/\/www.modapelle.gr\/de\/produkt\/lederbrieftasche-mpw-1026-schwarz\/#breadcrumb","itemListElement":[{"@type":"ListItem","position":1,"name":"Modapelle","item":"https:\/\/www.modapelle.gr\/de\/"},{"@type":"ListItem","position":2,"name":"Shop","item":"https:\/\/www.modapelle.gr\/de\/shop\/"},{"@type":"ListItem","position":3,"name":"Frau","item":"https:\/\/www.modapelle.gr\/de\/produkt-kategorie\/frau\/"},{"@type":"ListItem","position":4,"name":"Lederbrieftasche f\u00fcr Frauen","item":"https:\/\/www.modapelle.gr\/de\/produkt-kategorie\/frau\/leder-geldborsen-fur-frauen\/"},{"@type":"ListItem","position":5,"name":"Lederbrieftasche mpw 1026 Schwarz"}]},{"@type":"WebSite","@id":"https:\/\/www.modapelle.gr\/de\/#website","url":"https:\/\/www.modapelle.gr\/de\/","name":"MODAPELLE","description":"Lederbekleidung, Taschen & Accessoires","publisher":{"@id":"https:\/\/www.modapelle.gr\/de\/#organization"},"potentialAction":[{"@type":"SearchAction","target":{"@type":"EntryPoint","urlTemplate":"https:\/\/www.modapelle.gr\/de\/?s={search_term_string}"},"query-input":{"@type":"PropertyValueSpecification","valueRequired":true,"valueName":"search_term_string"}}],"inLanguage":"de"},{"@type":"Organization","@id":"https:\/\/www.modapelle.gr\/de\/#organization","name":"MODAPELLE","url":"https:\/\/www.modapelle.gr\/de\/","logo":{"@type":"ImageObject","inLanguage":"de","@id":"https:\/\/www.modapelle.gr\/de\/#\/schema\/logo\/image\/","url":"https:\/\/www.modapelle.gr\/wp-content\/uploads\/2021\/07\/modapelle-logo.png","contentUrl":"https:\/\/www.modapelle.gr\/wp-content\/uploads\/2021\/07\/modapelle-logo.png","width":388,"height":120,"caption":"MODAPELLE"},"image":{"@id":"https:\/\/www.modapelle.gr\/de\/#\/schema\/logo\/image\/"}}]}},"_links":{"self":[{"href":"https:\/\/www.modapelle.gr\/de\/wp-json\/wp\/v2\/product\/21455","targetHints":{"allow":["GET"]}}],"collection":[{"href":"https:\/\/www.modapelle.gr\/de\/wp-json\/wp\/v2\/product"}],"about":[{"href":"https:\/\/www.modapelle.gr\/de\/wp-json\/wp\/v2\/types\/product"}],"wp:featuredmedia":[{"embeddable":true,"href":"https:\/\/www.modapelle.gr\/de\/wp-json\/wp\/v2\/media\/17567"}],"wp:attachment":[{"href":"https:\/\/www.modapelle.gr\/de\/wp-json\/wp\/v2\/media?parent=21455"}],"wp:term":[{"taxonomy":"product_brand","embeddable":true,"href":"https:\/\/www.modapelle.gr\/de\/wp-json\/wp\/v2\/product_brand?post=21455"},{"taxonomy":"product_cat","embeddable":true,"href":"https:\/\/www.modapelle.gr\/de\/wp-json\/wp\/v2\/product_cat?post=21455"},{"taxonomy":"product_tag","embeddable":true,"href":"https:\/\/www.modapelle.gr\/de\/wp-json\/wp\/v2\/product_tag?post=21455"}],"curies":[{"name":"wp","href":"https:\/\/api.w.org\/{rel}","templated":true}]}}