{"id":21444,"date":"2021-12-02T17:14:03","date_gmt":"2021-12-02T15:14:03","guid":{"rendered":"https:\/\/www.modapelle.gr\/product\/lederbrieftasche-mpw-3010-braun\/"},"modified":"2021-12-02T17:14:03","modified_gmt":"2021-12-02T15:14:03","slug":"lederbrieftasche-mpw-3010-braun","status":"publish","type":"product","link":"https:\/\/www.modapelle.gr\/de\/produkt\/lederbrieftasche-mpw-3010-braun\/","title":{"rendered":"Lederbrieftasche mpw 3010 Braun"},"content":{"rendered":"<h2>Lederbrieftasche<\/h2>\n<ul>\n<li>2 F\u00e4cher f\u00fcr Geldscheine in allen Gr\u00f6\u00dfen<\/li>\n<li>M\u00fcnzfach mit Deckel<\/li>\n<li>1 transparentes Fach f\u00fcr Kreditkarten, F\u00fchrerschein oder andere Karten<\/li>\n<li>8 F\u00e4cher f\u00fcr Kreditkarten oder andere Karten<\/li>\n<li>3 versteckte F\u00e4cher unter den Kreditkartenf\u00e4chern<\/li>\n<li>1 verstecktes Fach unter dem M\u00fcnzfach.<\/li>\n<\/ul>\n","protected":false},"excerpt":{"rendered":"<ul>\n<li>Lederbrieftasche mit den Abmessungen L 12,5 x H 9,5 cm<\/li>\n<li>Hochwertiges echtes Leder<\/li>\n<li>Erh\u00e4ltlich in brauner Farbe<\/li>\n<li>RFID-SICHER &#8211; Verhindert das Scannen Ihrer Daten durch Dritte!<\/li>\n<\/ul>\n","protected":false},"featured_media":13031,"template":"","meta":{"_acf_changed":false},"product_brand":[],"product_cat":[513],"product_tag":[617,601,567,543],"class_list":{"0":"post-21444","1":"product","2":"type-product","3":"status-publish","4":"has-post-thumbnail","6":"product_cat-herren-leder-portemonnaies","7":"product_tag-braune-farbe","8":"product_tag-lederbrieftasche","9":"product_tag-mann-de","10":"product_tag-rfid-safe-de","12":"first","13":"outofstock","14":"shipping-taxable","15":"purchasable","16":"product-type-simple"},"acf":[],"yoast_head":"<!-- This site is optimized with the Yoast SEO plugin v27.2 - https:\/\/yoast.com\/product\/yoast-seo-wordpress\/ -->\n<title>Lederbrieftasche mpw 3010 Braun - Modapelle<\/title>\n<meta name=\"description\" content=\"Hochwertiges echtes Leder Erh\u00e4ltlich in brauner Farbe RFID-SICHER - Verhindert das Scannen Ihrer Daten durch Dritte!\" \/>\n<meta name=\"robots\" content=\"index, follow, max-snippet:-1, max-image-preview:large, max-video-preview:-1\" \/>\n<link rel=\"canonical\" href=\"https:\/\/www.modapelle.gr\/de\/produkt\/lederbrieftasche-mpw-3010-braun\/\" \/>\n<meta property=\"og:locale\" content=\"de_DE\" \/>\n<meta property=\"og:type\" content=\"article\" \/>\n<meta property=\"og:title\" content=\"Lederbrieftasche mpw 3010 Braun - Modapelle\" \/>\n<meta property=\"og:description\" content=\"Hochwertiges echtes Leder Erh\u00e4ltlich in brauner Farbe RFID-SICHER - Verhindert das Scannen Ihrer Daten durch Dritte!\" \/>\n<meta property=\"og:url\" content=\"https:\/\/www.modapelle.gr\/de\/produkt\/lederbrieftasche-mpw-3010-braun\/\" \/>\n<meta property=\"og:site_name\" content=\"MODAPELLE\" \/>\n<meta property=\"og:image\" content=\"https:\/\/www.modapelle.gr\/wp-content\/uploads\/2021\/12\/mpw-3010-brown-1-logo.jpg\" \/>\n\t<meta property=\"og:image:width\" content=\"1080\" \/>\n\t<meta property=\"og:image:height\" content=\"1080\" \/>\n\t<meta property=\"og:image:type\" content=\"image\/jpeg\" \/>\n<meta name=\"twitter:card\" content=\"summary_large_image\" \/>\n<script type=\"application\/ld+json\" class=\"yoast-schema-graph\">{\"@context\":\"https:\/\/schema.org\",\"@graph\":[{\"@type\":\"WebPage\",\"@id\":\"https:\/\/www.modapelle.gr\/de\/produkt\/lederbrieftasche-mpw-3010-braun\/\",\"url\":\"https:\/\/www.modapelle.gr\/de\/produkt\/lederbrieftasche-mpw-3010-braun\/\",\"name\":\"Lederbrieftasche mpw 3010 Braun - Modapelle\",\"isPartOf\":{\"@id\":\"https:\/\/www.modapelle.gr\/de\/#website\"},\"primaryImageOfPage\":{\"@id\":\"https:\/\/www.modapelle.gr\/de\/produkt\/lederbrieftasche-mpw-3010-braun\/#primaryimage\"},\"image\":{\"@id\":\"https:\/\/www.modapelle.gr\/de\/produkt\/lederbrieftasche-mpw-3010-braun\/#primaryimage\"},\"thumbnailUrl\":\"https:\/\/www.modapelle.gr\/wp-content\/uploads\/2021\/12\/mpw-3010-brown-1-logo.jpg\",\"datePublished\":\"2021-12-02T15:14:03+00:00\",\"description\":\"Hochwertiges echtes Leder Erh\u00e4ltlich in brauner Farbe RFID-SICHER - Verhindert das Scannen Ihrer Daten durch Dritte!\",\"breadcrumb\":{\"@id\":\"https:\/\/www.modapelle.gr\/de\/produkt\/lederbrieftasche-mpw-3010-braun\/#breadcrumb\"},\"inLanguage\":\"de\",\"potentialAction\":[{\"@type\":\"ReadAction\",\"target\":[\"https:\/\/www.modapelle.gr\/de\/produkt\/lederbrieftasche-mpw-3010-braun\/\"]}]},{\"@type\":\"ImageObject\",\"inLanguage\":\"de\",\"@id\":\"https:\/\/www.modapelle.gr\/de\/produkt\/lederbrieftasche-mpw-3010-braun\/#primaryimage\",\"url\":\"https:\/\/www.modapelle.gr\/wp-content\/uploads\/2021\/12\/mpw-3010-brown-1-logo.jpg\",\"contentUrl\":\"https:\/\/www.modapelle.gr\/wp-content\/uploads\/2021\/12\/mpw-3010-brown-1-logo.jpg\",\"width\":1080,\"height\":1080,\"caption\":\"Lederbrieftasche mpw 3010 Braun\"},{\"@type\":\"BreadcrumbList\",\"@id\":\"https:\/\/www.modapelle.gr\/de\/produkt\/lederbrieftasche-mpw-3010-braun\/#breadcrumb\",\"itemListElement\":[{\"@type\":\"ListItem\",\"position\":1,\"name\":\"Modapelle\",\"item\":\"https:\/\/www.modapelle.gr\/de\/\"},{\"@type\":\"ListItem\",\"position\":2,\"name\":\"Shop\",\"item\":\"https:\/\/www.modapelle.gr\/de\/shop\/\"},{\"@type\":\"ListItem\",\"position\":3,\"name\":\"Mann\",\"item\":\"https:\/\/www.modapelle.gr\/de\/produkt-kategorie\/mann\/\"},{\"@type\":\"ListItem\",\"position\":4,\"name\":\"Herren Lederbrieftasche\",\"item\":\"https:\/\/www.modapelle.gr\/de\/produkt-kategorie\/mann\/herren-leder-portemonnaies\/\"},{\"@type\":\"ListItem\",\"position\":5,\"name\":\"Lederbrieftasche mpw 3010 Braun\"}]},{\"@type\":\"WebSite\",\"@id\":\"https:\/\/www.modapelle.gr\/de\/#website\",\"url\":\"https:\/\/www.modapelle.gr\/de\/\",\"name\":\"MODAPELLE\",\"description\":\"Lederbekleidung, Taschen & Accessoires\",\"publisher\":{\"@id\":\"https:\/\/www.modapelle.gr\/de\/#organization\"},\"potentialAction\":[{\"@type\":\"SearchAction\",\"target\":{\"@type\":\"EntryPoint\",\"urlTemplate\":\"https:\/\/www.modapelle.gr\/de\/?s={search_term_string}\"},\"query-input\":{\"@type\":\"PropertyValueSpecification\",\"valueRequired\":true,\"valueName\":\"search_term_string\"}}],\"inLanguage\":\"de\"},{\"@type\":\"Organization\",\"@id\":\"https:\/\/www.modapelle.gr\/de\/#organization\",\"name\":\"MODAPELLE\",\"url\":\"https:\/\/www.modapelle.gr\/de\/\",\"logo\":{\"@type\":\"ImageObject\",\"inLanguage\":\"de\",\"@id\":\"https:\/\/www.modapelle.gr\/de\/#\/schema\/logo\/image\/\",\"url\":\"https:\/\/www.modapelle.gr\/wp-content\/uploads\/2021\/07\/modapelle-logo.png\",\"contentUrl\":\"https:\/\/www.modapelle.gr\/wp-content\/uploads\/2021\/07\/modapelle-logo.png\",\"width\":388,\"height\":120,\"caption\":\"MODAPELLE\"},\"image\":{\"@id\":\"https:\/\/www.modapelle.gr\/de\/#\/schema\/logo\/image\/\"}}]}<\/script>\n<!-- \/ Yoast SEO plugin. -->","yoast_head_json":{"title":"Lederbrieftasche mpw 3010 Braun - Modapelle","description":"Hochwertiges echtes Leder Erh\u00e4ltlich in brauner Farbe RFID-SICHER - Verhindert das Scannen Ihrer Daten durch Dritte!","robots":{"index":"index","follow":"follow","max-snippet":"max-snippet:-1","max-image-preview":"max-image-preview:large","max-video-preview":"max-video-preview:-1"},"canonical":"https:\/\/www.modapelle.gr\/de\/produkt\/lederbrieftasche-mpw-3010-braun\/","og_locale":"de_DE","og_type":"article","og_title":"Lederbrieftasche mpw 3010 Braun - Modapelle","og_description":"Hochwertiges echtes Leder Erh\u00e4ltlich in brauner Farbe RFID-SICHER - Verhindert das Scannen Ihrer Daten durch Dritte!","og_url":"https:\/\/www.modapelle.gr\/de\/produkt\/lederbrieftasche-mpw-3010-braun\/","og_site_name":"MODAPELLE","og_image":[{"width":1080,"height":1080,"url":"https:\/\/www.modapelle.gr\/wp-content\/uploads\/2021\/12\/mpw-3010-brown-1-logo.jpg","type":"image\/jpeg"}],"twitter_card":"summary_large_image","schema":{"@context":"https:\/\/schema.org","@graph":[{"@type":"WebPage","@id":"https:\/\/www.modapelle.gr\/de\/produkt\/lederbrieftasche-mpw-3010-braun\/","url":"https:\/\/www.modapelle.gr\/de\/produkt\/lederbrieftasche-mpw-3010-braun\/","name":"Lederbrieftasche mpw 3010 Braun - Modapelle","isPartOf":{"@id":"https:\/\/www.modapelle.gr\/de\/#website"},"primaryImageOfPage":{"@id":"https:\/\/www.modapelle.gr\/de\/produkt\/lederbrieftasche-mpw-3010-braun\/#primaryimage"},"image":{"@id":"https:\/\/www.modapelle.gr\/de\/produkt\/lederbrieftasche-mpw-3010-braun\/#primaryimage"},"thumbnailUrl":"https:\/\/www.modapelle.gr\/wp-content\/uploads\/2021\/12\/mpw-3010-brown-1-logo.jpg","datePublished":"2021-12-02T15:14:03+00:00","description":"Hochwertiges echtes Leder Erh\u00e4ltlich in brauner Farbe RFID-SICHER - Verhindert das Scannen Ihrer Daten durch Dritte!","breadcrumb":{"@id":"https:\/\/www.modapelle.gr\/de\/produkt\/lederbrieftasche-mpw-3010-braun\/#breadcrumb"},"inLanguage":"de","potentialAction":[{"@type":"ReadAction","target":["https:\/\/www.modapelle.gr\/de\/produkt\/lederbrieftasche-mpw-3010-braun\/"]}]},{"@type":"ImageObject","inLanguage":"de","@id":"https:\/\/www.modapelle.gr\/de\/produkt\/lederbrieftasche-mpw-3010-braun\/#primaryimage","url":"https:\/\/www.modapelle.gr\/wp-content\/uploads\/2021\/12\/mpw-3010-brown-1-logo.jpg","contentUrl":"https:\/\/www.modapelle.gr\/wp-content\/uploads\/2021\/12\/mpw-3010-brown-1-logo.jpg","width":1080,"height":1080,"caption":"Lederbrieftasche mpw 3010 Braun"},{"@type":"BreadcrumbList","@id":"https:\/\/www.modapelle.gr\/de\/produkt\/lederbrieftasche-mpw-3010-braun\/#breadcrumb","itemListElement":[{"@type":"ListItem","position":1,"name":"Modapelle","item":"https:\/\/www.modapelle.gr\/de\/"},{"@type":"ListItem","position":2,"name":"Shop","item":"https:\/\/www.modapelle.gr\/de\/shop\/"},{"@type":"ListItem","position":3,"name":"Mann","item":"https:\/\/www.modapelle.gr\/de\/produkt-kategorie\/mann\/"},{"@type":"ListItem","position":4,"name":"Herren Lederbrieftasche","item":"https:\/\/www.modapelle.gr\/de\/produkt-kategorie\/mann\/herren-leder-portemonnaies\/"},{"@type":"ListItem","position":5,"name":"Lederbrieftasche mpw 3010 Braun"}]},{"@type":"WebSite","@id":"https:\/\/www.modapelle.gr\/de\/#website","url":"https:\/\/www.modapelle.gr\/de\/","name":"MODAPELLE","description":"Lederbekleidung, Taschen & Accessoires","publisher":{"@id":"https:\/\/www.modapelle.gr\/de\/#organization"},"potentialAction":[{"@type":"SearchAction","target":{"@type":"EntryPoint","urlTemplate":"https:\/\/www.modapelle.gr\/de\/?s={search_term_string}"},"query-input":{"@type":"PropertyValueSpecification","valueRequired":true,"valueName":"search_term_string"}}],"inLanguage":"de"},{"@type":"Organization","@id":"https:\/\/www.modapelle.gr\/de\/#organization","name":"MODAPELLE","url":"https:\/\/www.modapelle.gr\/de\/","logo":{"@type":"ImageObject","inLanguage":"de","@id":"https:\/\/www.modapelle.gr\/de\/#\/schema\/logo\/image\/","url":"https:\/\/www.modapelle.gr\/wp-content\/uploads\/2021\/07\/modapelle-logo.png","contentUrl":"https:\/\/www.modapelle.gr\/wp-content\/uploads\/2021\/07\/modapelle-logo.png","width":388,"height":120,"caption":"MODAPELLE"},"image":{"@id":"https:\/\/www.modapelle.gr\/de\/#\/schema\/logo\/image\/"}}]}},"_links":{"self":[{"href":"https:\/\/www.modapelle.gr\/de\/wp-json\/wp\/v2\/product\/21444","targetHints":{"allow":["GET"]}}],"collection":[{"href":"https:\/\/www.modapelle.gr\/de\/wp-json\/wp\/v2\/product"}],"about":[{"href":"https:\/\/www.modapelle.gr\/de\/wp-json\/wp\/v2\/types\/product"}],"wp:featuredmedia":[{"embeddable":true,"href":"https:\/\/www.modapelle.gr\/de\/wp-json\/wp\/v2\/media\/13031"}],"wp:attachment":[{"href":"https:\/\/www.modapelle.gr\/de\/wp-json\/wp\/v2\/media?parent=21444"}],"wp:term":[{"taxonomy":"product_brand","embeddable":true,"href":"https:\/\/www.modapelle.gr\/de\/wp-json\/wp\/v2\/product_brand?post=21444"},{"taxonomy":"product_cat","embeddable":true,"href":"https:\/\/www.modapelle.gr\/de\/wp-json\/wp\/v2\/product_cat?post=21444"},{"taxonomy":"product_tag","embeddable":true,"href":"https:\/\/www.modapelle.gr\/de\/wp-json\/wp\/v2\/product_tag?post=21444"}],"curies":[{"name":"wp","href":"https:\/\/api.w.org\/{rel}","templated":true}]}}