{"id":21432,"date":"2022-09-09T12:47:20","date_gmt":"2022-09-09T09:47:20","guid":{"rendered":"https:\/\/www.modapelle.gr\/product\/lederbrieftasche-mpw-3021-schwarz\/"},"modified":"2022-09-09T12:47:20","modified_gmt":"2022-09-09T09:47:20","slug":"lederbrieftasche-mpw-3021-schwarz","status":"publish","type":"product","link":"https:\/\/www.modapelle.gr\/de\/produkt\/lederbrieftasche-mpw-3021-schwarz\/","title":{"rendered":"Lederbrieftasche mpw 3021 Schwarz"},"content":{"rendered":"<h2>Lederbrieftasche aus echtem Leder<\/h2>\n<ul>\n<li>2 Geldscheinf\u00e4cher f\u00fcr Banknoten in allen Gr\u00f6\u00dfen.<\/li>\n<li>1 M\u00fcnzfach mit Deckel.<\/li>\n<li>1 verstecktes Fach unter dem M\u00fcnzfach.<\/li>\n<li>1 Netz-Fach.<\/li>\n<li>1 Netz-Fach f\u00fcr Kreditkarten, F\u00fchrerschein usw.<\/li>\n<li>6 Kartenf\u00e4cher f\u00fcr Kreditkarten.<\/li>\n<li>5 zus\u00e4tzliche interne F\u00e4cher.<\/li>\n<li>1 verstecktes Fach unter den Kartenf\u00e4chern.<\/li>\n<\/ul>\n","protected":false},"excerpt":{"rendered":"<ul>\n<li>Herren Lederbrieftasche<\/li>\n<li>Abmessungen: L 13 x H 9,5 cm.<\/li>\n<li>Echtes hochwertiges Naturleder.<\/li>\n<li>RFID-Schutz \u2013 verhindert das Auslesen Ihrer Daten durch Dritte!<\/li>\n<\/ul>\n","protected":false},"featured_media":13853,"template":"","meta":{"_acf_changed":false},"product_brand":[],"product_cat":[513],"product_tag":[601,567,496],"class_list":{"0":"post-21432","1":"product","2":"type-product","3":"status-publish","4":"has-post-thumbnail","6":"product_cat-herren-leder-portemonnaies","7":"product_tag-lederbrieftasche","8":"product_tag-mann-de","9":"product_tag-schwarze-farbe","11":"first","12":"outofstock","13":"shipping-taxable","14":"purchasable","15":"product-type-simple"},"acf":[],"yoast_head":"<!-- This site is optimized with the Yoast SEO plugin v27.4 - https:\/\/yoast.com\/product\/yoast-seo-wordpress\/ -->\n<title>Lederbrieftasche mpw 3021 Schwarz - Modapelle<\/title>\n<meta name=\"description\" content=\"Echtes hochwertiges Naturleder. RFID-Schutz \u2013 verhindert das Auslesen Ihrer Daten durch Dritte!\" \/>\n<meta name=\"robots\" content=\"index, follow, max-snippet:-1, max-image-preview:large, max-video-preview:-1\" \/>\n<link rel=\"canonical\" href=\"https:\/\/www.modapelle.gr\/de\/produkt\/lederbrieftasche-mpw-3021-schwarz\/\" \/>\n<meta property=\"og:locale\" content=\"de_DE\" \/>\n<meta property=\"og:type\" content=\"article\" \/>\n<meta property=\"og:title\" content=\"Lederbrieftasche mpw 3021 Schwarz - Modapelle\" \/>\n<meta property=\"og:description\" content=\"Echtes hochwertiges Naturleder. RFID-Schutz \u2013 verhindert das Auslesen Ihrer Daten durch Dritte!\" \/>\n<meta property=\"og:url\" content=\"https:\/\/www.modapelle.gr\/de\/produkt\/lederbrieftasche-mpw-3021-schwarz\/\" \/>\n<meta property=\"og:site_name\" content=\"MODAPELLE\" \/>\n<meta property=\"og:image\" content=\"https:\/\/www.modapelle.gr\/wp-content\/uploads\/2022\/10\/\u0394\u03b5\u03c1\u03bc\u03ac\u03c4\u03b9\u03bd\u03bf-\u03c0\u03bf\u03c1\u03c4\u03bf\u03c6\u03cc\u03bb\u03b9-\u03b1\u03bd\u03b4\u03c1\u03b9\u03ba\u03cc-mpw-3021-black-1-L-RFID.jpg\" \/>\n\t<meta property=\"og:image:width\" content=\"1200\" \/>\n\t<meta property=\"og:image:height\" content=\"1200\" \/>\n\t<meta property=\"og:image:type\" content=\"image\/jpeg\" \/>\n<meta name=\"twitter:card\" content=\"summary_large_image\" \/>\n<script type=\"application\/ld+json\" class=\"yoast-schema-graph\">{\"@context\":\"https:\\\/\\\/schema.org\",\"@graph\":[{\"@type\":\"WebPage\",\"@id\":\"https:\\\/\\\/www.modapelle.gr\\\/de\\\/produkt\\\/lederbrieftasche-mpw-3021-schwarz\\\/\",\"url\":\"https:\\\/\\\/www.modapelle.gr\\\/de\\\/produkt\\\/lederbrieftasche-mpw-3021-schwarz\\\/\",\"name\":\"Lederbrieftasche mpw 3021 Schwarz - Modapelle\",\"isPartOf\":{\"@id\":\"https:\\\/\\\/www.modapelle.gr\\\/de\\\/#website\"},\"primaryImageOfPage\":{\"@id\":\"https:\\\/\\\/www.modapelle.gr\\\/de\\\/produkt\\\/lederbrieftasche-mpw-3021-schwarz\\\/#primaryimage\"},\"image\":{\"@id\":\"https:\\\/\\\/www.modapelle.gr\\\/de\\\/produkt\\\/lederbrieftasche-mpw-3021-schwarz\\\/#primaryimage\"},\"thumbnailUrl\":\"https:\\\/\\\/www.modapelle.gr\\\/wp-content\\\/uploads\\\/2022\\\/10\\\/\u0394\u03b5\u03c1\u03bc\u03ac\u03c4\u03b9\u03bd\u03bf-\u03c0\u03bf\u03c1\u03c4\u03bf\u03c6\u03cc\u03bb\u03b9-\u03b1\u03bd\u03b4\u03c1\u03b9\u03ba\u03cc-mpw-3021-black-1-L-RFID.jpg\",\"datePublished\":\"2022-09-09T09:47:20+00:00\",\"description\":\"Echtes hochwertiges Naturleder. RFID-Schutz \u2013 verhindert das Auslesen Ihrer Daten durch Dritte!\",\"breadcrumb\":{\"@id\":\"https:\\\/\\\/www.modapelle.gr\\\/de\\\/produkt\\\/lederbrieftasche-mpw-3021-schwarz\\\/#breadcrumb\"},\"inLanguage\":\"de\",\"potentialAction\":[{\"@type\":\"ReadAction\",\"target\":[\"https:\\\/\\\/www.modapelle.gr\\\/de\\\/produkt\\\/lederbrieftasche-mpw-3021-schwarz\\\/\"]}]},{\"@type\":\"ImageObject\",\"inLanguage\":\"de\",\"@id\":\"https:\\\/\\\/www.modapelle.gr\\\/de\\\/produkt\\\/lederbrieftasche-mpw-3021-schwarz\\\/#primaryimage\",\"url\":\"https:\\\/\\\/www.modapelle.gr\\\/wp-content\\\/uploads\\\/2022\\\/10\\\/\u0394\u03b5\u03c1\u03bc\u03ac\u03c4\u03b9\u03bd\u03bf-\u03c0\u03bf\u03c1\u03c4\u03bf\u03c6\u03cc\u03bb\u03b9-\u03b1\u03bd\u03b4\u03c1\u03b9\u03ba\u03cc-mpw-3021-black-1-L-RFID.jpg\",\"contentUrl\":\"https:\\\/\\\/www.modapelle.gr\\\/wp-content\\\/uploads\\\/2022\\\/10\\\/\u0394\u03b5\u03c1\u03bc\u03ac\u03c4\u03b9\u03bd\u03bf-\u03c0\u03bf\u03c1\u03c4\u03bf\u03c6\u03cc\u03bb\u03b9-\u03b1\u03bd\u03b4\u03c1\u03b9\u03ba\u03cc-mpw-3021-black-1-L-RFID.jpg\",\"width\":1200,\"height\":1200,\"caption\":\"Lederbrieftasche mpw 3021 Schwarz\"},{\"@type\":\"BreadcrumbList\",\"@id\":\"https:\\\/\\\/www.modapelle.gr\\\/de\\\/produkt\\\/lederbrieftasche-mpw-3021-schwarz\\\/#breadcrumb\",\"itemListElement\":[{\"@type\":\"ListItem\",\"position\":1,\"name\":\"Modapelle\",\"item\":\"https:\\\/\\\/www.modapelle.gr\\\/de\\\/\"},{\"@type\":\"ListItem\",\"position\":2,\"name\":\"Shop\",\"item\":\"https:\\\/\\\/www.modapelle.gr\\\/de\\\/shop\\\/\"},{\"@type\":\"ListItem\",\"position\":3,\"name\":\"Mann\",\"item\":\"https:\\\/\\\/www.modapelle.gr\\\/de\\\/produkt-kategorie\\\/mann\\\/\"},{\"@type\":\"ListItem\",\"position\":4,\"name\":\"Herren Lederbrieftasche\",\"item\":\"https:\\\/\\\/www.modapelle.gr\\\/de\\\/produkt-kategorie\\\/mann\\\/herren-leder-portemonnaies\\\/\"},{\"@type\":\"ListItem\",\"position\":5,\"name\":\"Lederbrieftasche mpw 3021 Schwarz\"}]},{\"@type\":\"WebSite\",\"@id\":\"https:\\\/\\\/www.modapelle.gr\\\/de\\\/#website\",\"url\":\"https:\\\/\\\/www.modapelle.gr\\\/de\\\/\",\"name\":\"MODAPELLE\",\"description\":\"Lederbekleidung, Taschen & Accessoires\",\"publisher\":{\"@id\":\"https:\\\/\\\/www.modapelle.gr\\\/de\\\/#organization\"},\"potentialAction\":[{\"@type\":\"SearchAction\",\"target\":{\"@type\":\"EntryPoint\",\"urlTemplate\":\"https:\\\/\\\/www.modapelle.gr\\\/de\\\/?s={search_term_string}\"},\"query-input\":{\"@type\":\"PropertyValueSpecification\",\"valueRequired\":true,\"valueName\":\"search_term_string\"}}],\"inLanguage\":\"de\"},{\"@type\":\"Organization\",\"@id\":\"https:\\\/\\\/www.modapelle.gr\\\/de\\\/#organization\",\"name\":\"MODAPELLE\",\"url\":\"https:\\\/\\\/www.modapelle.gr\\\/de\\\/\",\"logo\":{\"@type\":\"ImageObject\",\"inLanguage\":\"de\",\"@id\":\"https:\\\/\\\/www.modapelle.gr\\\/de\\\/#\\\/schema\\\/logo\\\/image\\\/\",\"url\":\"https:\\\/\\\/www.modapelle.gr\\\/wp-content\\\/uploads\\\/2021\\\/07\\\/modapelle-logo.png\",\"contentUrl\":\"https:\\\/\\\/www.modapelle.gr\\\/wp-content\\\/uploads\\\/2021\\\/07\\\/modapelle-logo.png\",\"width\":388,\"height\":120,\"caption\":\"MODAPELLE\"},\"image\":{\"@id\":\"https:\\\/\\\/www.modapelle.gr\\\/de\\\/#\\\/schema\\\/logo\\\/image\\\/\"}}]}<\/script>\n<!-- \/ Yoast SEO plugin. -->","yoast_head_json":{"title":"Lederbrieftasche mpw 3021 Schwarz - Modapelle","description":"Echtes hochwertiges Naturleder. RFID-Schutz \u2013 verhindert das Auslesen Ihrer Daten durch Dritte!","robots":{"index":"index","follow":"follow","max-snippet":"max-snippet:-1","max-image-preview":"max-image-preview:large","max-video-preview":"max-video-preview:-1"},"canonical":"https:\/\/www.modapelle.gr\/de\/produkt\/lederbrieftasche-mpw-3021-schwarz\/","og_locale":"de_DE","og_type":"article","og_title":"Lederbrieftasche mpw 3021 Schwarz - Modapelle","og_description":"Echtes hochwertiges Naturleder. RFID-Schutz \u2013 verhindert das Auslesen Ihrer Daten durch Dritte!","og_url":"https:\/\/www.modapelle.gr\/de\/produkt\/lederbrieftasche-mpw-3021-schwarz\/","og_site_name":"MODAPELLE","og_image":[{"width":1200,"height":1200,"url":"https:\/\/www.modapelle.gr\/wp-content\/uploads\/2022\/10\/\u0394\u03b5\u03c1\u03bc\u03ac\u03c4\u03b9\u03bd\u03bf-\u03c0\u03bf\u03c1\u03c4\u03bf\u03c6\u03cc\u03bb\u03b9-\u03b1\u03bd\u03b4\u03c1\u03b9\u03ba\u03cc-mpw-3021-black-1-L-RFID.jpg","type":"image\/jpeg"}],"twitter_card":"summary_large_image","schema":{"@context":"https:\/\/schema.org","@graph":[{"@type":"WebPage","@id":"https:\/\/www.modapelle.gr\/de\/produkt\/lederbrieftasche-mpw-3021-schwarz\/","url":"https:\/\/www.modapelle.gr\/de\/produkt\/lederbrieftasche-mpw-3021-schwarz\/","name":"Lederbrieftasche mpw 3021 Schwarz - Modapelle","isPartOf":{"@id":"https:\/\/www.modapelle.gr\/de\/#website"},"primaryImageOfPage":{"@id":"https:\/\/www.modapelle.gr\/de\/produkt\/lederbrieftasche-mpw-3021-schwarz\/#primaryimage"},"image":{"@id":"https:\/\/www.modapelle.gr\/de\/produkt\/lederbrieftasche-mpw-3021-schwarz\/#primaryimage"},"thumbnailUrl":"https:\/\/www.modapelle.gr\/wp-content\/uploads\/2022\/10\/\u0394\u03b5\u03c1\u03bc\u03ac\u03c4\u03b9\u03bd\u03bf-\u03c0\u03bf\u03c1\u03c4\u03bf\u03c6\u03cc\u03bb\u03b9-\u03b1\u03bd\u03b4\u03c1\u03b9\u03ba\u03cc-mpw-3021-black-1-L-RFID.jpg","datePublished":"2022-09-09T09:47:20+00:00","description":"Echtes hochwertiges Naturleder. RFID-Schutz \u2013 verhindert das Auslesen Ihrer Daten durch Dritte!","breadcrumb":{"@id":"https:\/\/www.modapelle.gr\/de\/produkt\/lederbrieftasche-mpw-3021-schwarz\/#breadcrumb"},"inLanguage":"de","potentialAction":[{"@type":"ReadAction","target":["https:\/\/www.modapelle.gr\/de\/produkt\/lederbrieftasche-mpw-3021-schwarz\/"]}]},{"@type":"ImageObject","inLanguage":"de","@id":"https:\/\/www.modapelle.gr\/de\/produkt\/lederbrieftasche-mpw-3021-schwarz\/#primaryimage","url":"https:\/\/www.modapelle.gr\/wp-content\/uploads\/2022\/10\/\u0394\u03b5\u03c1\u03bc\u03ac\u03c4\u03b9\u03bd\u03bf-\u03c0\u03bf\u03c1\u03c4\u03bf\u03c6\u03cc\u03bb\u03b9-\u03b1\u03bd\u03b4\u03c1\u03b9\u03ba\u03cc-mpw-3021-black-1-L-RFID.jpg","contentUrl":"https:\/\/www.modapelle.gr\/wp-content\/uploads\/2022\/10\/\u0394\u03b5\u03c1\u03bc\u03ac\u03c4\u03b9\u03bd\u03bf-\u03c0\u03bf\u03c1\u03c4\u03bf\u03c6\u03cc\u03bb\u03b9-\u03b1\u03bd\u03b4\u03c1\u03b9\u03ba\u03cc-mpw-3021-black-1-L-RFID.jpg","width":1200,"height":1200,"caption":"Lederbrieftasche mpw 3021 Schwarz"},{"@type":"BreadcrumbList","@id":"https:\/\/www.modapelle.gr\/de\/produkt\/lederbrieftasche-mpw-3021-schwarz\/#breadcrumb","itemListElement":[{"@type":"ListItem","position":1,"name":"Modapelle","item":"https:\/\/www.modapelle.gr\/de\/"},{"@type":"ListItem","position":2,"name":"Shop","item":"https:\/\/www.modapelle.gr\/de\/shop\/"},{"@type":"ListItem","position":3,"name":"Mann","item":"https:\/\/www.modapelle.gr\/de\/produkt-kategorie\/mann\/"},{"@type":"ListItem","position":4,"name":"Herren Lederbrieftasche","item":"https:\/\/www.modapelle.gr\/de\/produkt-kategorie\/mann\/herren-leder-portemonnaies\/"},{"@type":"ListItem","position":5,"name":"Lederbrieftasche mpw 3021 Schwarz"}]},{"@type":"WebSite","@id":"https:\/\/www.modapelle.gr\/de\/#website","url":"https:\/\/www.modapelle.gr\/de\/","name":"MODAPELLE","description":"Lederbekleidung, Taschen & Accessoires","publisher":{"@id":"https:\/\/www.modapelle.gr\/de\/#organization"},"potentialAction":[{"@type":"SearchAction","target":{"@type":"EntryPoint","urlTemplate":"https:\/\/www.modapelle.gr\/de\/?s={search_term_string}"},"query-input":{"@type":"PropertyValueSpecification","valueRequired":true,"valueName":"search_term_string"}}],"inLanguage":"de"},{"@type":"Organization","@id":"https:\/\/www.modapelle.gr\/de\/#organization","name":"MODAPELLE","url":"https:\/\/www.modapelle.gr\/de\/","logo":{"@type":"ImageObject","inLanguage":"de","@id":"https:\/\/www.modapelle.gr\/de\/#\/schema\/logo\/image\/","url":"https:\/\/www.modapelle.gr\/wp-content\/uploads\/2021\/07\/modapelle-logo.png","contentUrl":"https:\/\/www.modapelle.gr\/wp-content\/uploads\/2021\/07\/modapelle-logo.png","width":388,"height":120,"caption":"MODAPELLE"},"image":{"@id":"https:\/\/www.modapelle.gr\/de\/#\/schema\/logo\/image\/"}}]}},"_links":{"self":[{"href":"https:\/\/www.modapelle.gr\/de\/wp-json\/wp\/v2\/product\/21432","targetHints":{"allow":["GET"]}}],"collection":[{"href":"https:\/\/www.modapelle.gr\/de\/wp-json\/wp\/v2\/product"}],"about":[{"href":"https:\/\/www.modapelle.gr\/de\/wp-json\/wp\/v2\/types\/product"}],"wp:featuredmedia":[{"embeddable":true,"href":"https:\/\/www.modapelle.gr\/de\/wp-json\/wp\/v2\/media\/13853"}],"wp:attachment":[{"href":"https:\/\/www.modapelle.gr\/de\/wp-json\/wp\/v2\/media?parent=21432"}],"wp:term":[{"taxonomy":"product_brand","embeddable":true,"href":"https:\/\/www.modapelle.gr\/de\/wp-json\/wp\/v2\/product_brand?post=21432"},{"taxonomy":"product_cat","embeddable":true,"href":"https:\/\/www.modapelle.gr\/de\/wp-json\/wp\/v2\/product_cat?post=21432"},{"taxonomy":"product_tag","embeddable":true,"href":"https:\/\/www.modapelle.gr\/de\/wp-json\/wp\/v2\/product_tag?post=21432"}],"curies":[{"name":"wp","href":"https:\/\/api.w.org\/{rel}","templated":true}]}}