{"id":21414,"date":"2021-07-23T11:55:27","date_gmt":"2021-07-23T08:55:27","guid":{"rendered":"https:\/\/www.modapelle.gr\/product\/leder-umhangetasche-mp-1951-hellbraun\/"},"modified":"2021-07-23T11:55:27","modified_gmt":"2021-07-23T08:55:27","slug":"leder-umhangetasche-mp-1951-hellbraun","status":"publish","type":"product","link":"https:\/\/www.modapelle.gr\/de\/produkt\/leder-umhangetasche-mp-1951-hellbraun\/","title":{"rendered":"Leder Umh\u00e4ngetasche mp 1951 Hellbraun"},"content":{"rendered":"<h2>Lederumh\u00e4ngetasche &#8211; Crossbody<\/h2>\n<ul>\n<li>Lederriemen an den Seiten, verstellbar mit einer Breite von 2,5 cm<\/li>\n<li>Ledergriff<\/li>\n<li>Ein Hauptfach mit Rei\u00dfverschluss<\/li>\n<li>Innentasche hinten mit Rei\u00dfverschluss<\/li>\n<li>2 Innentaschen vorne (f\u00fcr Handy, Zigaretten, etc. &amp; Platz f\u00fcr Stifte)<\/li>\n<li>Au\u00dfentasche hinten mit Rei\u00dfverschluss<\/li>\n<li>Gro\u00dfe Au\u00dfentasche vorne mit Rei\u00dfverschluss<\/li>\n<li>Au\u00dfentasche vorne mit Rei\u00dfverschluss<\/li>\n<li>Robuste Rei\u00dfverschl\u00fcsse<\/li>\n<li>Konstruiert f\u00fcr schweres Gewicht.<\/li>\n<\/ul>\n","protected":false},"excerpt":{"rendered":"<p>Lederumh\u00e4ngetasche &#8211; Crossbody &#8211; f\u00fcr Herren, in der Farbe Hellbraun. Es hat 4 Au\u00dfentaschen (eine Haupttasche, 2 vordere Taschen und eine Tasche auf der R\u00fcckseite), die mit Rei\u00dfverschluss gesichert werden, sowie einen Lederriemen.<\/p>\n<p>Abmessungen: 20,5 x 25 x 7 cm<\/p>\n","protected":false},"featured_media":11179,"template":"","meta":{"_acf_changed":false},"product_brand":[],"product_cat":[506],"product_tag":[647,609,495,661],"class_list":{"0":"post-21414","1":"product","2":"type-product","3":"status-publish","4":"has-post-thumbnail","6":"product_cat-ledertaschen-fuer-maenner","7":"product_tag-hellbraun","8":"product_tag-leder-schultertasche","9":"product_tag-lederhandtasche","10":"product_tag-quer","12":"first","13":"outofstock","14":"sale","15":"shipping-taxable","16":"purchasable","17":"product-type-simple"},"acf":[],"yoast_head":"<!-- This site is optimized with the Yoast SEO plugin v27.4 - https:\/\/yoast.com\/product\/yoast-seo-wordpress\/ -->\n<title>Leder Umh\u00e4ngetasche mp 1951 Hellbraun - Modapelle<\/title>\n<meta name=\"description\" content=\"Lederumh\u00e4ngetasche - Crossbody - f\u00fcr Herren, in der Farbe Hellbraun.\" \/>\n<meta name=\"robots\" content=\"index, follow, max-snippet:-1, max-image-preview:large, max-video-preview:-1\" \/>\n<link rel=\"canonical\" href=\"https:\/\/www.modapelle.gr\/de\/produkt\/leder-umhangetasche-mp-1951-hellbraun\/\" \/>\n<meta property=\"og:locale\" content=\"de_DE\" \/>\n<meta property=\"og:type\" content=\"article\" \/>\n<meta property=\"og:title\" content=\"Leder Umh\u00e4ngetasche mp 1951 Hellbraun - Modapelle\" \/>\n<meta property=\"og:description\" content=\"Lederumh\u00e4ngetasche - Crossbody - f\u00fcr Herren, in der Farbe Hellbraun.\" \/>\n<meta property=\"og:url\" content=\"https:\/\/www.modapelle.gr\/de\/produkt\/leder-umhangetasche-mp-1951-hellbraun\/\" \/>\n<meta property=\"og:site_name\" content=\"MODAPELLE\" \/>\n<meta property=\"og:image\" content=\"https:\/\/www.modapelle.gr\/wp-content\/uploads\/2021\/07\/mp-1951-tan-1-L.jpg\" \/>\n\t<meta property=\"og:image:width\" content=\"1080\" \/>\n\t<meta property=\"og:image:height\" content=\"1080\" \/>\n\t<meta property=\"og:image:type\" content=\"image\/jpeg\" \/>\n<meta name=\"twitter:card\" content=\"summary_large_image\" \/>\n<script type=\"application\/ld+json\" class=\"yoast-schema-graph\">{\"@context\":\"https:\\\/\\\/schema.org\",\"@graph\":[{\"@type\":\"WebPage\",\"@id\":\"https:\\\/\\\/www.modapelle.gr\\\/de\\\/produkt\\\/leder-umhangetasche-mp-1951-hellbraun\\\/\",\"url\":\"https:\\\/\\\/www.modapelle.gr\\\/de\\\/produkt\\\/leder-umhangetasche-mp-1951-hellbraun\\\/\",\"name\":\"Leder Umh\u00e4ngetasche mp 1951 Hellbraun - Modapelle\",\"isPartOf\":{\"@id\":\"https:\\\/\\\/www.modapelle.gr\\\/de\\\/#website\"},\"primaryImageOfPage\":{\"@id\":\"https:\\\/\\\/www.modapelle.gr\\\/de\\\/produkt\\\/leder-umhangetasche-mp-1951-hellbraun\\\/#primaryimage\"},\"image\":{\"@id\":\"https:\\\/\\\/www.modapelle.gr\\\/de\\\/produkt\\\/leder-umhangetasche-mp-1951-hellbraun\\\/#primaryimage\"},\"thumbnailUrl\":\"https:\\\/\\\/www.modapelle.gr\\\/wp-content\\\/uploads\\\/2021\\\/07\\\/mp-1951-tan-1-L.jpg\",\"datePublished\":\"2021-07-23T08:55:27+00:00\",\"description\":\"Lederumh\u00e4ngetasche - Crossbody - f\u00fcr Herren, in der Farbe Hellbraun.\",\"breadcrumb\":{\"@id\":\"https:\\\/\\\/www.modapelle.gr\\\/de\\\/produkt\\\/leder-umhangetasche-mp-1951-hellbraun\\\/#breadcrumb\"},\"inLanguage\":\"de\",\"potentialAction\":[{\"@type\":\"ReadAction\",\"target\":[\"https:\\\/\\\/www.modapelle.gr\\\/de\\\/produkt\\\/leder-umhangetasche-mp-1951-hellbraun\\\/\"]}]},{\"@type\":\"ImageObject\",\"inLanguage\":\"de\",\"@id\":\"https:\\\/\\\/www.modapelle.gr\\\/de\\\/produkt\\\/leder-umhangetasche-mp-1951-hellbraun\\\/#primaryimage\",\"url\":\"https:\\\/\\\/www.modapelle.gr\\\/wp-content\\\/uploads\\\/2021\\\/07\\\/mp-1951-tan-1-L.jpg\",\"contentUrl\":\"https:\\\/\\\/www.modapelle.gr\\\/wp-content\\\/uploads\\\/2021\\\/07\\\/mp-1951-tan-1-L.jpg\",\"width\":1080,\"height\":1080,\"caption\":\"Leder Umh\u00e4ngetasche mp 1951 Hellbraun\"},{\"@type\":\"BreadcrumbList\",\"@id\":\"https:\\\/\\\/www.modapelle.gr\\\/de\\\/produkt\\\/leder-umhangetasche-mp-1951-hellbraun\\\/#breadcrumb\",\"itemListElement\":[{\"@type\":\"ListItem\",\"position\":1,\"name\":\"Modapelle\",\"item\":\"https:\\\/\\\/www.modapelle.gr\\\/de\\\/\"},{\"@type\":\"ListItem\",\"position\":2,\"name\":\"Shop\",\"item\":\"https:\\\/\\\/www.modapelle.gr\\\/de\\\/shop\\\/\"},{\"@type\":\"ListItem\",\"position\":3,\"name\":\"Mann\",\"item\":\"https:\\\/\\\/www.modapelle.gr\\\/de\\\/produkt-kategorie\\\/mann\\\/\"},{\"@type\":\"ListItem\",\"position\":4,\"name\":\"Ledertaschen f\u00fcr M\u00e4nner\",\"item\":\"https:\\\/\\\/www.modapelle.gr\\\/de\\\/produkt-kategorie\\\/mann\\\/ledertaschen-fuer-maenner\\\/\"},{\"@type\":\"ListItem\",\"position\":5,\"name\":\"Leder Umh\u00e4ngetasche mp 1951 Hellbraun\"}]},{\"@type\":\"WebSite\",\"@id\":\"https:\\\/\\\/www.modapelle.gr\\\/de\\\/#website\",\"url\":\"https:\\\/\\\/www.modapelle.gr\\\/de\\\/\",\"name\":\"MODAPELLE\",\"description\":\"Lederbekleidung, Taschen & Accessoires\",\"publisher\":{\"@id\":\"https:\\\/\\\/www.modapelle.gr\\\/de\\\/#organization\"},\"potentialAction\":[{\"@type\":\"SearchAction\",\"target\":{\"@type\":\"EntryPoint\",\"urlTemplate\":\"https:\\\/\\\/www.modapelle.gr\\\/de\\\/?s={search_term_string}\"},\"query-input\":{\"@type\":\"PropertyValueSpecification\",\"valueRequired\":true,\"valueName\":\"search_term_string\"}}],\"inLanguage\":\"de\"},{\"@type\":\"Organization\",\"@id\":\"https:\\\/\\\/www.modapelle.gr\\\/de\\\/#organization\",\"name\":\"MODAPELLE\",\"url\":\"https:\\\/\\\/www.modapelle.gr\\\/de\\\/\",\"logo\":{\"@type\":\"ImageObject\",\"inLanguage\":\"de\",\"@id\":\"https:\\\/\\\/www.modapelle.gr\\\/de\\\/#\\\/schema\\\/logo\\\/image\\\/\",\"url\":\"https:\\\/\\\/www.modapelle.gr\\\/wp-content\\\/uploads\\\/2021\\\/07\\\/modapelle-logo.png\",\"contentUrl\":\"https:\\\/\\\/www.modapelle.gr\\\/wp-content\\\/uploads\\\/2021\\\/07\\\/modapelle-logo.png\",\"width\":388,\"height\":120,\"caption\":\"MODAPELLE\"},\"image\":{\"@id\":\"https:\\\/\\\/www.modapelle.gr\\\/de\\\/#\\\/schema\\\/logo\\\/image\\\/\"}}]}<\/script>\n<!-- \/ Yoast SEO plugin. -->","yoast_head_json":{"title":"Leder Umh\u00e4ngetasche mp 1951 Hellbraun - Modapelle","description":"Lederumh\u00e4ngetasche - Crossbody - f\u00fcr Herren, in der Farbe Hellbraun.","robots":{"index":"index","follow":"follow","max-snippet":"max-snippet:-1","max-image-preview":"max-image-preview:large","max-video-preview":"max-video-preview:-1"},"canonical":"https:\/\/www.modapelle.gr\/de\/produkt\/leder-umhangetasche-mp-1951-hellbraun\/","og_locale":"de_DE","og_type":"article","og_title":"Leder Umh\u00e4ngetasche mp 1951 Hellbraun - Modapelle","og_description":"Lederumh\u00e4ngetasche - Crossbody - f\u00fcr Herren, in der Farbe Hellbraun.","og_url":"https:\/\/www.modapelle.gr\/de\/produkt\/leder-umhangetasche-mp-1951-hellbraun\/","og_site_name":"MODAPELLE","og_image":[{"width":1080,"height":1080,"url":"https:\/\/www.modapelle.gr\/wp-content\/uploads\/2021\/07\/mp-1951-tan-1-L.jpg","type":"image\/jpeg"}],"twitter_card":"summary_large_image","schema":{"@context":"https:\/\/schema.org","@graph":[{"@type":"WebPage","@id":"https:\/\/www.modapelle.gr\/de\/produkt\/leder-umhangetasche-mp-1951-hellbraun\/","url":"https:\/\/www.modapelle.gr\/de\/produkt\/leder-umhangetasche-mp-1951-hellbraun\/","name":"Leder Umh\u00e4ngetasche mp 1951 Hellbraun - Modapelle","isPartOf":{"@id":"https:\/\/www.modapelle.gr\/de\/#website"},"primaryImageOfPage":{"@id":"https:\/\/www.modapelle.gr\/de\/produkt\/leder-umhangetasche-mp-1951-hellbraun\/#primaryimage"},"image":{"@id":"https:\/\/www.modapelle.gr\/de\/produkt\/leder-umhangetasche-mp-1951-hellbraun\/#primaryimage"},"thumbnailUrl":"https:\/\/www.modapelle.gr\/wp-content\/uploads\/2021\/07\/mp-1951-tan-1-L.jpg","datePublished":"2021-07-23T08:55:27+00:00","description":"Lederumh\u00e4ngetasche - Crossbody - f\u00fcr Herren, in der Farbe Hellbraun.","breadcrumb":{"@id":"https:\/\/www.modapelle.gr\/de\/produkt\/leder-umhangetasche-mp-1951-hellbraun\/#breadcrumb"},"inLanguage":"de","potentialAction":[{"@type":"ReadAction","target":["https:\/\/www.modapelle.gr\/de\/produkt\/leder-umhangetasche-mp-1951-hellbraun\/"]}]},{"@type":"ImageObject","inLanguage":"de","@id":"https:\/\/www.modapelle.gr\/de\/produkt\/leder-umhangetasche-mp-1951-hellbraun\/#primaryimage","url":"https:\/\/www.modapelle.gr\/wp-content\/uploads\/2021\/07\/mp-1951-tan-1-L.jpg","contentUrl":"https:\/\/www.modapelle.gr\/wp-content\/uploads\/2021\/07\/mp-1951-tan-1-L.jpg","width":1080,"height":1080,"caption":"Leder Umh\u00e4ngetasche mp 1951 Hellbraun"},{"@type":"BreadcrumbList","@id":"https:\/\/www.modapelle.gr\/de\/produkt\/leder-umhangetasche-mp-1951-hellbraun\/#breadcrumb","itemListElement":[{"@type":"ListItem","position":1,"name":"Modapelle","item":"https:\/\/www.modapelle.gr\/de\/"},{"@type":"ListItem","position":2,"name":"Shop","item":"https:\/\/www.modapelle.gr\/de\/shop\/"},{"@type":"ListItem","position":3,"name":"Mann","item":"https:\/\/www.modapelle.gr\/de\/produkt-kategorie\/mann\/"},{"@type":"ListItem","position":4,"name":"Ledertaschen f\u00fcr M\u00e4nner","item":"https:\/\/www.modapelle.gr\/de\/produkt-kategorie\/mann\/ledertaschen-fuer-maenner\/"},{"@type":"ListItem","position":5,"name":"Leder Umh\u00e4ngetasche mp 1951 Hellbraun"}]},{"@type":"WebSite","@id":"https:\/\/www.modapelle.gr\/de\/#website","url":"https:\/\/www.modapelle.gr\/de\/","name":"MODAPELLE","description":"Lederbekleidung, Taschen & Accessoires","publisher":{"@id":"https:\/\/www.modapelle.gr\/de\/#organization"},"potentialAction":[{"@type":"SearchAction","target":{"@type":"EntryPoint","urlTemplate":"https:\/\/www.modapelle.gr\/de\/?s={search_term_string}"},"query-input":{"@type":"PropertyValueSpecification","valueRequired":true,"valueName":"search_term_string"}}],"inLanguage":"de"},{"@type":"Organization","@id":"https:\/\/www.modapelle.gr\/de\/#organization","name":"MODAPELLE","url":"https:\/\/www.modapelle.gr\/de\/","logo":{"@type":"ImageObject","inLanguage":"de","@id":"https:\/\/www.modapelle.gr\/de\/#\/schema\/logo\/image\/","url":"https:\/\/www.modapelle.gr\/wp-content\/uploads\/2021\/07\/modapelle-logo.png","contentUrl":"https:\/\/www.modapelle.gr\/wp-content\/uploads\/2021\/07\/modapelle-logo.png","width":388,"height":120,"caption":"MODAPELLE"},"image":{"@id":"https:\/\/www.modapelle.gr\/de\/#\/schema\/logo\/image\/"}}]}},"_links":{"self":[{"href":"https:\/\/www.modapelle.gr\/de\/wp-json\/wp\/v2\/product\/21414","targetHints":{"allow":["GET"]}}],"collection":[{"href":"https:\/\/www.modapelle.gr\/de\/wp-json\/wp\/v2\/product"}],"about":[{"href":"https:\/\/www.modapelle.gr\/de\/wp-json\/wp\/v2\/types\/product"}],"wp:featuredmedia":[{"embeddable":true,"href":"https:\/\/www.modapelle.gr\/de\/wp-json\/wp\/v2\/media\/11179"}],"wp:attachment":[{"href":"https:\/\/www.modapelle.gr\/de\/wp-json\/wp\/v2\/media?parent=21414"}],"wp:term":[{"taxonomy":"product_brand","embeddable":true,"href":"https:\/\/www.modapelle.gr\/de\/wp-json\/wp\/v2\/product_brand?post=21414"},{"taxonomy":"product_cat","embeddable":true,"href":"https:\/\/www.modapelle.gr\/de\/wp-json\/wp\/v2\/product_cat?post=21414"},{"taxonomy":"product_tag","embeddable":true,"href":"https:\/\/www.modapelle.gr\/de\/wp-json\/wp\/v2\/product_tag?post=21414"}],"curies":[{"name":"wp","href":"https:\/\/api.w.org\/{rel}","templated":true}]}}