{"id":21407,"date":"2022-09-08T10:34:30","date_gmt":"2022-09-08T07:34:30","guid":{"rendered":"https:\/\/www.modapelle.gr\/product\/ledertasche-fur-karten-mp-3013-hellbraun\/"},"modified":"2022-09-08T10:34:30","modified_gmt":"2022-09-08T07:34:30","slug":"ledertasche-fur-karten-mp-3013-hellbraun","status":"publish","type":"product","link":"https:\/\/www.modapelle.gr\/de\/produkt\/ledertasche-fur-karten-mp-3013-hellbraun\/","title":{"rendered":"Ledertasche f\u00fcr karten mp 3013 Hellbraun"},"content":{"rendered":"<h2>Ledertasche f\u00fcr karten<\/h2>\n<p>Es verf\u00fcgt \u00fcber 7 Pl\u00e4tze f\u00fcr Kreditkarten. Mit einer RFID-Schutzfolie, die das Scannen Ihrer Daten durch Dritte verhindert<\/p>\n","protected":false},"excerpt":{"rendered":"<ul>\n<li>Lederne Kartenetui mit den Abmessungen L 10 x H 7 cm.<\/li>\n<li>Hergestellt aus hochwertigem echtem Leder.<\/li>\n<li>RFID-SAFE \u2013 verhindert das Scannen Ihrer Daten durch Dritte!<\/li>\n<\/ul>\n","protected":false},"featured_media":13749,"template":"","meta":{"_acf_changed":false},"product_brand":[],"product_cat":[794],"product_tag":[494,649,601,567],"class_list":{"0":"post-21407","1":"product","2":"type-product","3":"status-publish","4":"has-post-thumbnail","6":"product_cat-schlusseltaschen-kartenhalter","7":"product_tag-frau","8":"product_tag-hellbraun-de","9":"product_tag-lederbrieftasche","10":"product_tag-mann-de","12":"first","13":"outofstock","14":"shipping-taxable","15":"purchasable","16":"product-type-simple"},"acf":[],"yoast_head":"<!-- This site is optimized with the Yoast SEO plugin v27.4 - https:\/\/yoast.com\/product\/yoast-seo-wordpress\/ -->\n<title>Ledertasche f\u00fcr karten mp 3013 Hellbraun - Modapelle<\/title>\n<meta name=\"description\" content=\"Es verf\u00fcgt \u00fcber 7 Pl\u00e4tze f\u00fcr Kreditkarten. Mit einer RFID-Schutzfolie, die das Scannen Ihrer Daten durch Dritte verhindert\" \/>\n<meta name=\"robots\" content=\"index, follow, max-snippet:-1, max-image-preview:large, max-video-preview:-1\" \/>\n<link rel=\"canonical\" href=\"https:\/\/www.modapelle.gr\/de\/produkt\/ledertasche-fur-karten-mp-3013-hellbraun\/\" \/>\n<meta property=\"og:locale\" content=\"de_DE\" \/>\n<meta property=\"og:type\" content=\"article\" \/>\n<meta property=\"og:title\" content=\"Ledertasche f\u00fcr karten mp 3013 Hellbraun - Modapelle\" \/>\n<meta property=\"og:description\" content=\"Es verf\u00fcgt \u00fcber 7 Pl\u00e4tze f\u00fcr Kreditkarten. Mit einer RFID-Schutzfolie, die das Scannen Ihrer Daten durch Dritte verhindert\" \/>\n<meta property=\"og:url\" content=\"https:\/\/www.modapelle.gr\/de\/produkt\/ledertasche-fur-karten-mp-3013-hellbraun\/\" \/>\n<meta property=\"og:site_name\" content=\"MODAPELLE\" \/>\n<meta property=\"og:image\" content=\"https:\/\/www.modapelle.gr\/wp-content\/uploads\/2022\/09\/\u03b4\u03b5\u03c1\u03bc\u03ac\u03c4\u03b9\u03bd\u03b7-\u03ba\u03b1\u03c1\u03c4\u03bf\u03b8\u03ae\u03ba\u03b7-\u03c4\u03b1\u03bc\u03c0\u03ac-1L-RFID.jpg\" \/>\n\t<meta property=\"og:image:width\" content=\"1080\" \/>\n\t<meta property=\"og:image:height\" content=\"1080\" \/>\n\t<meta property=\"og:image:type\" content=\"image\/jpeg\" \/>\n<meta name=\"twitter:card\" content=\"summary_large_image\" \/>\n<script type=\"application\/ld+json\" class=\"yoast-schema-graph\">{\"@context\":\"https:\\\/\\\/schema.org\",\"@graph\":[{\"@type\":\"WebPage\",\"@id\":\"https:\\\/\\\/www.modapelle.gr\\\/de\\\/produkt\\\/ledertasche-fur-karten-mp-3013-hellbraun\\\/\",\"url\":\"https:\\\/\\\/www.modapelle.gr\\\/de\\\/produkt\\\/ledertasche-fur-karten-mp-3013-hellbraun\\\/\",\"name\":\"Ledertasche f\u00fcr karten mp 3013 Hellbraun - Modapelle\",\"isPartOf\":{\"@id\":\"https:\\\/\\\/www.modapelle.gr\\\/de\\\/#website\"},\"primaryImageOfPage\":{\"@id\":\"https:\\\/\\\/www.modapelle.gr\\\/de\\\/produkt\\\/ledertasche-fur-karten-mp-3013-hellbraun\\\/#primaryimage\"},\"image\":{\"@id\":\"https:\\\/\\\/www.modapelle.gr\\\/de\\\/produkt\\\/ledertasche-fur-karten-mp-3013-hellbraun\\\/#primaryimage\"},\"thumbnailUrl\":\"https:\\\/\\\/www.modapelle.gr\\\/wp-content\\\/uploads\\\/2022\\\/09\\\/\u03b4\u03b5\u03c1\u03bc\u03ac\u03c4\u03b9\u03bd\u03b7-\u03ba\u03b1\u03c1\u03c4\u03bf\u03b8\u03ae\u03ba\u03b7-\u03c4\u03b1\u03bc\u03c0\u03ac-1L-RFID.jpg\",\"datePublished\":\"2022-09-08T07:34:30+00:00\",\"description\":\"Es verf\u00fcgt \u00fcber 7 Pl\u00e4tze f\u00fcr Kreditkarten. Mit einer RFID-Schutzfolie, die das Scannen Ihrer Daten durch Dritte verhindert\",\"breadcrumb\":{\"@id\":\"https:\\\/\\\/www.modapelle.gr\\\/de\\\/produkt\\\/ledertasche-fur-karten-mp-3013-hellbraun\\\/#breadcrumb\"},\"inLanguage\":\"de\",\"potentialAction\":[{\"@type\":\"ReadAction\",\"target\":[\"https:\\\/\\\/www.modapelle.gr\\\/de\\\/produkt\\\/ledertasche-fur-karten-mp-3013-hellbraun\\\/\"]}]},{\"@type\":\"ImageObject\",\"inLanguage\":\"de\",\"@id\":\"https:\\\/\\\/www.modapelle.gr\\\/de\\\/produkt\\\/ledertasche-fur-karten-mp-3013-hellbraun\\\/#primaryimage\",\"url\":\"https:\\\/\\\/www.modapelle.gr\\\/wp-content\\\/uploads\\\/2022\\\/09\\\/\u03b4\u03b5\u03c1\u03bc\u03ac\u03c4\u03b9\u03bd\u03b7-\u03ba\u03b1\u03c1\u03c4\u03bf\u03b8\u03ae\u03ba\u03b7-\u03c4\u03b1\u03bc\u03c0\u03ac-1L-RFID.jpg\",\"contentUrl\":\"https:\\\/\\\/www.modapelle.gr\\\/wp-content\\\/uploads\\\/2022\\\/09\\\/\u03b4\u03b5\u03c1\u03bc\u03ac\u03c4\u03b9\u03bd\u03b7-\u03ba\u03b1\u03c1\u03c4\u03bf\u03b8\u03ae\u03ba\u03b7-\u03c4\u03b1\u03bc\u03c0\u03ac-1L-RFID.jpg\",\"width\":1080,\"height\":1080,\"caption\":\"Ledertasche f\u00fcr karten mp 3013 Hellbraun\"},{\"@type\":\"BreadcrumbList\",\"@id\":\"https:\\\/\\\/www.modapelle.gr\\\/de\\\/produkt\\\/ledertasche-fur-karten-mp-3013-hellbraun\\\/#breadcrumb\",\"itemListElement\":[{\"@type\":\"ListItem\",\"position\":1,\"name\":\"Modapelle\",\"item\":\"https:\\\/\\\/www.modapelle.gr\\\/de\\\/\"},{\"@type\":\"ListItem\",\"position\":2,\"name\":\"Shop\",\"item\":\"https:\\\/\\\/www.modapelle.gr\\\/de\\\/shop\\\/\"},{\"@type\":\"ListItem\",\"position\":3,\"name\":\"Ledertasche f\u00fcr karten mp 3013 Hellbraun\"}]},{\"@type\":\"WebSite\",\"@id\":\"https:\\\/\\\/www.modapelle.gr\\\/de\\\/#website\",\"url\":\"https:\\\/\\\/www.modapelle.gr\\\/de\\\/\",\"name\":\"MODAPELLE\",\"description\":\"Lederbekleidung, Taschen & Accessoires\",\"publisher\":{\"@id\":\"https:\\\/\\\/www.modapelle.gr\\\/de\\\/#organization\"},\"potentialAction\":[{\"@type\":\"SearchAction\",\"target\":{\"@type\":\"EntryPoint\",\"urlTemplate\":\"https:\\\/\\\/www.modapelle.gr\\\/de\\\/?s={search_term_string}\"},\"query-input\":{\"@type\":\"PropertyValueSpecification\",\"valueRequired\":true,\"valueName\":\"search_term_string\"}}],\"inLanguage\":\"de\"},{\"@type\":\"Organization\",\"@id\":\"https:\\\/\\\/www.modapelle.gr\\\/de\\\/#organization\",\"name\":\"MODAPELLE\",\"url\":\"https:\\\/\\\/www.modapelle.gr\\\/de\\\/\",\"logo\":{\"@type\":\"ImageObject\",\"inLanguage\":\"de\",\"@id\":\"https:\\\/\\\/www.modapelle.gr\\\/de\\\/#\\\/schema\\\/logo\\\/image\\\/\",\"url\":\"https:\\\/\\\/www.modapelle.gr\\\/wp-content\\\/uploads\\\/2021\\\/07\\\/modapelle-logo.png\",\"contentUrl\":\"https:\\\/\\\/www.modapelle.gr\\\/wp-content\\\/uploads\\\/2021\\\/07\\\/modapelle-logo.png\",\"width\":388,\"height\":120,\"caption\":\"MODAPELLE\"},\"image\":{\"@id\":\"https:\\\/\\\/www.modapelle.gr\\\/de\\\/#\\\/schema\\\/logo\\\/image\\\/\"}}]}<\/script>\n<!-- \/ Yoast SEO plugin. -->","yoast_head_json":{"title":"Ledertasche f\u00fcr karten mp 3013 Hellbraun - Modapelle","description":"Es verf\u00fcgt \u00fcber 7 Pl\u00e4tze f\u00fcr Kreditkarten. Mit einer RFID-Schutzfolie, die das Scannen Ihrer Daten durch Dritte verhindert","robots":{"index":"index","follow":"follow","max-snippet":"max-snippet:-1","max-image-preview":"max-image-preview:large","max-video-preview":"max-video-preview:-1"},"canonical":"https:\/\/www.modapelle.gr\/de\/produkt\/ledertasche-fur-karten-mp-3013-hellbraun\/","og_locale":"de_DE","og_type":"article","og_title":"Ledertasche f\u00fcr karten mp 3013 Hellbraun - Modapelle","og_description":"Es verf\u00fcgt \u00fcber 7 Pl\u00e4tze f\u00fcr Kreditkarten. Mit einer RFID-Schutzfolie, die das Scannen Ihrer Daten durch Dritte verhindert","og_url":"https:\/\/www.modapelle.gr\/de\/produkt\/ledertasche-fur-karten-mp-3013-hellbraun\/","og_site_name":"MODAPELLE","og_image":[{"width":1080,"height":1080,"url":"https:\/\/www.modapelle.gr\/wp-content\/uploads\/2022\/09\/\u03b4\u03b5\u03c1\u03bc\u03ac\u03c4\u03b9\u03bd\u03b7-\u03ba\u03b1\u03c1\u03c4\u03bf\u03b8\u03ae\u03ba\u03b7-\u03c4\u03b1\u03bc\u03c0\u03ac-1L-RFID.jpg","type":"image\/jpeg"}],"twitter_card":"summary_large_image","schema":{"@context":"https:\/\/schema.org","@graph":[{"@type":"WebPage","@id":"https:\/\/www.modapelle.gr\/de\/produkt\/ledertasche-fur-karten-mp-3013-hellbraun\/","url":"https:\/\/www.modapelle.gr\/de\/produkt\/ledertasche-fur-karten-mp-3013-hellbraun\/","name":"Ledertasche f\u00fcr karten mp 3013 Hellbraun - Modapelle","isPartOf":{"@id":"https:\/\/www.modapelle.gr\/de\/#website"},"primaryImageOfPage":{"@id":"https:\/\/www.modapelle.gr\/de\/produkt\/ledertasche-fur-karten-mp-3013-hellbraun\/#primaryimage"},"image":{"@id":"https:\/\/www.modapelle.gr\/de\/produkt\/ledertasche-fur-karten-mp-3013-hellbraun\/#primaryimage"},"thumbnailUrl":"https:\/\/www.modapelle.gr\/wp-content\/uploads\/2022\/09\/\u03b4\u03b5\u03c1\u03bc\u03ac\u03c4\u03b9\u03bd\u03b7-\u03ba\u03b1\u03c1\u03c4\u03bf\u03b8\u03ae\u03ba\u03b7-\u03c4\u03b1\u03bc\u03c0\u03ac-1L-RFID.jpg","datePublished":"2022-09-08T07:34:30+00:00","description":"Es verf\u00fcgt \u00fcber 7 Pl\u00e4tze f\u00fcr Kreditkarten. Mit einer RFID-Schutzfolie, die das Scannen Ihrer Daten durch Dritte verhindert","breadcrumb":{"@id":"https:\/\/www.modapelle.gr\/de\/produkt\/ledertasche-fur-karten-mp-3013-hellbraun\/#breadcrumb"},"inLanguage":"de","potentialAction":[{"@type":"ReadAction","target":["https:\/\/www.modapelle.gr\/de\/produkt\/ledertasche-fur-karten-mp-3013-hellbraun\/"]}]},{"@type":"ImageObject","inLanguage":"de","@id":"https:\/\/www.modapelle.gr\/de\/produkt\/ledertasche-fur-karten-mp-3013-hellbraun\/#primaryimage","url":"https:\/\/www.modapelle.gr\/wp-content\/uploads\/2022\/09\/\u03b4\u03b5\u03c1\u03bc\u03ac\u03c4\u03b9\u03bd\u03b7-\u03ba\u03b1\u03c1\u03c4\u03bf\u03b8\u03ae\u03ba\u03b7-\u03c4\u03b1\u03bc\u03c0\u03ac-1L-RFID.jpg","contentUrl":"https:\/\/www.modapelle.gr\/wp-content\/uploads\/2022\/09\/\u03b4\u03b5\u03c1\u03bc\u03ac\u03c4\u03b9\u03bd\u03b7-\u03ba\u03b1\u03c1\u03c4\u03bf\u03b8\u03ae\u03ba\u03b7-\u03c4\u03b1\u03bc\u03c0\u03ac-1L-RFID.jpg","width":1080,"height":1080,"caption":"Ledertasche f\u00fcr karten mp 3013 Hellbraun"},{"@type":"BreadcrumbList","@id":"https:\/\/www.modapelle.gr\/de\/produkt\/ledertasche-fur-karten-mp-3013-hellbraun\/#breadcrumb","itemListElement":[{"@type":"ListItem","position":1,"name":"Modapelle","item":"https:\/\/www.modapelle.gr\/de\/"},{"@type":"ListItem","position":2,"name":"Shop","item":"https:\/\/www.modapelle.gr\/de\/shop\/"},{"@type":"ListItem","position":3,"name":"Ledertasche f\u00fcr karten mp 3013 Hellbraun"}]},{"@type":"WebSite","@id":"https:\/\/www.modapelle.gr\/de\/#website","url":"https:\/\/www.modapelle.gr\/de\/","name":"MODAPELLE","description":"Lederbekleidung, Taschen & Accessoires","publisher":{"@id":"https:\/\/www.modapelle.gr\/de\/#organization"},"potentialAction":[{"@type":"SearchAction","target":{"@type":"EntryPoint","urlTemplate":"https:\/\/www.modapelle.gr\/de\/?s={search_term_string}"},"query-input":{"@type":"PropertyValueSpecification","valueRequired":true,"valueName":"search_term_string"}}],"inLanguage":"de"},{"@type":"Organization","@id":"https:\/\/www.modapelle.gr\/de\/#organization","name":"MODAPELLE","url":"https:\/\/www.modapelle.gr\/de\/","logo":{"@type":"ImageObject","inLanguage":"de","@id":"https:\/\/www.modapelle.gr\/de\/#\/schema\/logo\/image\/","url":"https:\/\/www.modapelle.gr\/wp-content\/uploads\/2021\/07\/modapelle-logo.png","contentUrl":"https:\/\/www.modapelle.gr\/wp-content\/uploads\/2021\/07\/modapelle-logo.png","width":388,"height":120,"caption":"MODAPELLE"},"image":{"@id":"https:\/\/www.modapelle.gr\/de\/#\/schema\/logo\/image\/"}}]}},"_links":{"self":[{"href":"https:\/\/www.modapelle.gr\/de\/wp-json\/wp\/v2\/product\/21407","targetHints":{"allow":["GET"]}}],"collection":[{"href":"https:\/\/www.modapelle.gr\/de\/wp-json\/wp\/v2\/product"}],"about":[{"href":"https:\/\/www.modapelle.gr\/de\/wp-json\/wp\/v2\/types\/product"}],"wp:featuredmedia":[{"embeddable":true,"href":"https:\/\/www.modapelle.gr\/de\/wp-json\/wp\/v2\/media\/13749"}],"wp:attachment":[{"href":"https:\/\/www.modapelle.gr\/de\/wp-json\/wp\/v2\/media?parent=21407"}],"wp:term":[{"taxonomy":"product_brand","embeddable":true,"href":"https:\/\/www.modapelle.gr\/de\/wp-json\/wp\/v2\/product_brand?post=21407"},{"taxonomy":"product_cat","embeddable":true,"href":"https:\/\/www.modapelle.gr\/de\/wp-json\/wp\/v2\/product_cat?post=21407"},{"taxonomy":"product_tag","embeddable":true,"href":"https:\/\/www.modapelle.gr\/de\/wp-json\/wp\/v2\/product_tag?post=21407"}],"curies":[{"name":"wp","href":"https:\/\/api.w.org\/{rel}","templated":true}]}}