{"id":21405,"date":"2023-05-04T12:11:45","date_gmt":"2023-05-04T09:11:45","guid":{"rendered":"https:\/\/www.modapelle.gr\/product\/ledertasche-fur-schlussel-mp-4001-schwarz\/"},"modified":"2023-05-04T12:11:45","modified_gmt":"2023-05-04T09:11:45","slug":"ledertasche-fur-schlussel-mp-4001-schwarz","status":"publish","type":"product","link":"https:\/\/www.modapelle.gr\/de\/produkt\/ledertasche-fur-schlussel-mp-4001-schwarz\/","title":{"rendered":"Ledertasche f\u00fcr Schl\u00fcssel mp 4001 Schwarz"},"content":{"rendered":"<h2>Lederne Schl\u00fcssel- und M\u00fcnztasche<\/h2>\n<p>Die lederne Schl\u00fcssel- und M\u00fcnztasche verf\u00fcgt \u00fcber 2 Schl\u00fcsselringe in der Haupttasche f\u00fcr Ihre Schl\u00fcssel. Auf der R\u00fcckseite befindet sich eine weitere kleinere Tasche f\u00fcr M\u00fcnzen, die mit einem Rei\u00dfverschluss gesichert ist.<\/p>\n","protected":false},"excerpt":{"rendered":"<ul>\n<li>Lederne Schl\u00fcssel- und M\u00fcnztasche mit Abmessungen von L 12,5 x H 7,5 cm.<\/li>\n<li>Hergestellt aus hochwertigem echtem Leder.<\/li>\n<\/ul>\n","protected":false},"featured_media":16869,"template":"","meta":{"_acf_changed":false},"product_brand":[],"product_cat":[794],"product_tag":[494,601,567,788,496],"class_list":{"0":"post-21405","1":"product","2":"type-product","3":"status-publish","4":"has-post-thumbnail","6":"product_cat-schlusseltaschen-kartenhalter","7":"product_tag-frau","8":"product_tag-lederbrieftasche","9":"product_tag-mann-de","10":"product_tag-schluesseltasche","11":"product_tag-schwarze-farbe","13":"first","14":"outofstock","15":"shipping-taxable","16":"purchasable","17":"product-type-simple"},"acf":[],"yoast_head":"<!-- This site is optimized with the Yoast SEO plugin v27.4 - https:\/\/yoast.com\/product\/yoast-seo-wordpress\/ -->\n<title>Ledertasche f\u00fcr Schl\u00fcssel mp 4001 Schwarz - Modapelle<\/title>\n<meta name=\"description\" content=\"Lederne Schl\u00fcssel- und M\u00fcnztasche mit Abmessungen von L 12,5 x H 7,5 cm. Hergestellt aus hochwertigem echtem Leder.\" \/>\n<meta name=\"robots\" content=\"index, follow, max-snippet:-1, max-image-preview:large, max-video-preview:-1\" \/>\n<link rel=\"canonical\" href=\"https:\/\/www.modapelle.gr\/de\/produkt\/ledertasche-fur-schlussel-mp-4001-schwarz\/\" \/>\n<meta property=\"og:locale\" content=\"de_DE\" \/>\n<meta property=\"og:type\" content=\"article\" \/>\n<meta property=\"og:title\" content=\"Ledertasche f\u00fcr Schl\u00fcssel mp 4001 Schwarz - Modapelle\" \/>\n<meta property=\"og:description\" content=\"Lederne Schl\u00fcssel- und M\u00fcnztasche mit Abmessungen von L 12,5 x H 7,5 cm. Hergestellt aus hochwertigem echtem Leder.\" \/>\n<meta property=\"og:url\" content=\"https:\/\/www.modapelle.gr\/de\/produkt\/ledertasche-fur-schlussel-mp-4001-schwarz\/\" \/>\n<meta property=\"og:site_name\" content=\"MODAPELLE\" \/>\n<meta property=\"og:image\" content=\"https:\/\/www.modapelle.gr\/wp-content\/uploads\/2023\/05\/R241-18-BLACK-5L.jpg\" \/>\n\t<meta property=\"og:image:width\" content=\"1200\" \/>\n\t<meta property=\"og:image:height\" content=\"1200\" \/>\n\t<meta property=\"og:image:type\" content=\"image\/jpeg\" \/>\n<meta name=\"twitter:card\" content=\"summary_large_image\" \/>\n<script type=\"application\/ld+json\" class=\"yoast-schema-graph\">{\"@context\":\"https:\\\/\\\/schema.org\",\"@graph\":[{\"@type\":\"WebPage\",\"@id\":\"https:\\\/\\\/www.modapelle.gr\\\/de\\\/produkt\\\/ledertasche-fur-schlussel-mp-4001-schwarz\\\/\",\"url\":\"https:\\\/\\\/www.modapelle.gr\\\/de\\\/produkt\\\/ledertasche-fur-schlussel-mp-4001-schwarz\\\/\",\"name\":\"Ledertasche f\u00fcr Schl\u00fcssel mp 4001 Schwarz - Modapelle\",\"isPartOf\":{\"@id\":\"https:\\\/\\\/www.modapelle.gr\\\/de\\\/#website\"},\"primaryImageOfPage\":{\"@id\":\"https:\\\/\\\/www.modapelle.gr\\\/de\\\/produkt\\\/ledertasche-fur-schlussel-mp-4001-schwarz\\\/#primaryimage\"},\"image\":{\"@id\":\"https:\\\/\\\/www.modapelle.gr\\\/de\\\/produkt\\\/ledertasche-fur-schlussel-mp-4001-schwarz\\\/#primaryimage\"},\"thumbnailUrl\":\"https:\\\/\\\/www.modapelle.gr\\\/wp-content\\\/uploads\\\/2023\\\/05\\\/R241-18-BLACK-5L.jpg\",\"datePublished\":\"2023-05-04T09:11:45+00:00\",\"description\":\"Lederne Schl\u00fcssel- und M\u00fcnztasche mit Abmessungen von L 12,5 x H 7,5 cm. Hergestellt aus hochwertigem echtem Leder.\",\"breadcrumb\":{\"@id\":\"https:\\\/\\\/www.modapelle.gr\\\/de\\\/produkt\\\/ledertasche-fur-schlussel-mp-4001-schwarz\\\/#breadcrumb\"},\"inLanguage\":\"de\",\"potentialAction\":[{\"@type\":\"ReadAction\",\"target\":[\"https:\\\/\\\/www.modapelle.gr\\\/de\\\/produkt\\\/ledertasche-fur-schlussel-mp-4001-schwarz\\\/\"]}]},{\"@type\":\"ImageObject\",\"inLanguage\":\"de\",\"@id\":\"https:\\\/\\\/www.modapelle.gr\\\/de\\\/produkt\\\/ledertasche-fur-schlussel-mp-4001-schwarz\\\/#primaryimage\",\"url\":\"https:\\\/\\\/www.modapelle.gr\\\/wp-content\\\/uploads\\\/2023\\\/05\\\/R241-18-BLACK-5L.jpg\",\"contentUrl\":\"https:\\\/\\\/www.modapelle.gr\\\/wp-content\\\/uploads\\\/2023\\\/05\\\/R241-18-BLACK-5L.jpg\",\"width\":1200,\"height\":1200,\"caption\":\"Ledertasche f\u00fcr Schl\u00fcssel mp 4001 Schwarz\"},{\"@type\":\"BreadcrumbList\",\"@id\":\"https:\\\/\\\/www.modapelle.gr\\\/de\\\/produkt\\\/ledertasche-fur-schlussel-mp-4001-schwarz\\\/#breadcrumb\",\"itemListElement\":[{\"@type\":\"ListItem\",\"position\":1,\"name\":\"Modapelle\",\"item\":\"https:\\\/\\\/www.modapelle.gr\\\/de\\\/\"},{\"@type\":\"ListItem\",\"position\":2,\"name\":\"Shop\",\"item\":\"https:\\\/\\\/www.modapelle.gr\\\/de\\\/shop\\\/\"},{\"@type\":\"ListItem\",\"position\":3,\"name\":\"Ledertasche f\u00fcr Schl\u00fcssel mp 4001 Schwarz\"}]},{\"@type\":\"WebSite\",\"@id\":\"https:\\\/\\\/www.modapelle.gr\\\/de\\\/#website\",\"url\":\"https:\\\/\\\/www.modapelle.gr\\\/de\\\/\",\"name\":\"MODAPELLE\",\"description\":\"Lederbekleidung, Taschen & Accessoires\",\"publisher\":{\"@id\":\"https:\\\/\\\/www.modapelle.gr\\\/de\\\/#organization\"},\"potentialAction\":[{\"@type\":\"SearchAction\",\"target\":{\"@type\":\"EntryPoint\",\"urlTemplate\":\"https:\\\/\\\/www.modapelle.gr\\\/de\\\/?s={search_term_string}\"},\"query-input\":{\"@type\":\"PropertyValueSpecification\",\"valueRequired\":true,\"valueName\":\"search_term_string\"}}],\"inLanguage\":\"de\"},{\"@type\":\"Organization\",\"@id\":\"https:\\\/\\\/www.modapelle.gr\\\/de\\\/#organization\",\"name\":\"MODAPELLE\",\"url\":\"https:\\\/\\\/www.modapelle.gr\\\/de\\\/\",\"logo\":{\"@type\":\"ImageObject\",\"inLanguage\":\"de\",\"@id\":\"https:\\\/\\\/www.modapelle.gr\\\/de\\\/#\\\/schema\\\/logo\\\/image\\\/\",\"url\":\"https:\\\/\\\/www.modapelle.gr\\\/wp-content\\\/uploads\\\/2021\\\/07\\\/modapelle-logo.png\",\"contentUrl\":\"https:\\\/\\\/www.modapelle.gr\\\/wp-content\\\/uploads\\\/2021\\\/07\\\/modapelle-logo.png\",\"width\":388,\"height\":120,\"caption\":\"MODAPELLE\"},\"image\":{\"@id\":\"https:\\\/\\\/www.modapelle.gr\\\/de\\\/#\\\/schema\\\/logo\\\/image\\\/\"}}]}<\/script>\n<!-- \/ Yoast SEO plugin. -->","yoast_head_json":{"title":"Ledertasche f\u00fcr Schl\u00fcssel mp 4001 Schwarz - Modapelle","description":"Lederne Schl\u00fcssel- und M\u00fcnztasche mit Abmessungen von L 12,5 x H 7,5 cm. Hergestellt aus hochwertigem echtem Leder.","robots":{"index":"index","follow":"follow","max-snippet":"max-snippet:-1","max-image-preview":"max-image-preview:large","max-video-preview":"max-video-preview:-1"},"canonical":"https:\/\/www.modapelle.gr\/de\/produkt\/ledertasche-fur-schlussel-mp-4001-schwarz\/","og_locale":"de_DE","og_type":"article","og_title":"Ledertasche f\u00fcr Schl\u00fcssel mp 4001 Schwarz - Modapelle","og_description":"Lederne Schl\u00fcssel- und M\u00fcnztasche mit Abmessungen von L 12,5 x H 7,5 cm. Hergestellt aus hochwertigem echtem Leder.","og_url":"https:\/\/www.modapelle.gr\/de\/produkt\/ledertasche-fur-schlussel-mp-4001-schwarz\/","og_site_name":"MODAPELLE","og_image":[{"width":1200,"height":1200,"url":"https:\/\/www.modapelle.gr\/wp-content\/uploads\/2023\/05\/R241-18-BLACK-5L.jpg","type":"image\/jpeg"}],"twitter_card":"summary_large_image","schema":{"@context":"https:\/\/schema.org","@graph":[{"@type":"WebPage","@id":"https:\/\/www.modapelle.gr\/de\/produkt\/ledertasche-fur-schlussel-mp-4001-schwarz\/","url":"https:\/\/www.modapelle.gr\/de\/produkt\/ledertasche-fur-schlussel-mp-4001-schwarz\/","name":"Ledertasche f\u00fcr Schl\u00fcssel mp 4001 Schwarz - Modapelle","isPartOf":{"@id":"https:\/\/www.modapelle.gr\/de\/#website"},"primaryImageOfPage":{"@id":"https:\/\/www.modapelle.gr\/de\/produkt\/ledertasche-fur-schlussel-mp-4001-schwarz\/#primaryimage"},"image":{"@id":"https:\/\/www.modapelle.gr\/de\/produkt\/ledertasche-fur-schlussel-mp-4001-schwarz\/#primaryimage"},"thumbnailUrl":"https:\/\/www.modapelle.gr\/wp-content\/uploads\/2023\/05\/R241-18-BLACK-5L.jpg","datePublished":"2023-05-04T09:11:45+00:00","description":"Lederne Schl\u00fcssel- und M\u00fcnztasche mit Abmessungen von L 12,5 x H 7,5 cm. Hergestellt aus hochwertigem echtem Leder.","breadcrumb":{"@id":"https:\/\/www.modapelle.gr\/de\/produkt\/ledertasche-fur-schlussel-mp-4001-schwarz\/#breadcrumb"},"inLanguage":"de","potentialAction":[{"@type":"ReadAction","target":["https:\/\/www.modapelle.gr\/de\/produkt\/ledertasche-fur-schlussel-mp-4001-schwarz\/"]}]},{"@type":"ImageObject","inLanguage":"de","@id":"https:\/\/www.modapelle.gr\/de\/produkt\/ledertasche-fur-schlussel-mp-4001-schwarz\/#primaryimage","url":"https:\/\/www.modapelle.gr\/wp-content\/uploads\/2023\/05\/R241-18-BLACK-5L.jpg","contentUrl":"https:\/\/www.modapelle.gr\/wp-content\/uploads\/2023\/05\/R241-18-BLACK-5L.jpg","width":1200,"height":1200,"caption":"Ledertasche f\u00fcr Schl\u00fcssel mp 4001 Schwarz"},{"@type":"BreadcrumbList","@id":"https:\/\/www.modapelle.gr\/de\/produkt\/ledertasche-fur-schlussel-mp-4001-schwarz\/#breadcrumb","itemListElement":[{"@type":"ListItem","position":1,"name":"Modapelle","item":"https:\/\/www.modapelle.gr\/de\/"},{"@type":"ListItem","position":2,"name":"Shop","item":"https:\/\/www.modapelle.gr\/de\/shop\/"},{"@type":"ListItem","position":3,"name":"Ledertasche f\u00fcr Schl\u00fcssel mp 4001 Schwarz"}]},{"@type":"WebSite","@id":"https:\/\/www.modapelle.gr\/de\/#website","url":"https:\/\/www.modapelle.gr\/de\/","name":"MODAPELLE","description":"Lederbekleidung, Taschen & Accessoires","publisher":{"@id":"https:\/\/www.modapelle.gr\/de\/#organization"},"potentialAction":[{"@type":"SearchAction","target":{"@type":"EntryPoint","urlTemplate":"https:\/\/www.modapelle.gr\/de\/?s={search_term_string}"},"query-input":{"@type":"PropertyValueSpecification","valueRequired":true,"valueName":"search_term_string"}}],"inLanguage":"de"},{"@type":"Organization","@id":"https:\/\/www.modapelle.gr\/de\/#organization","name":"MODAPELLE","url":"https:\/\/www.modapelle.gr\/de\/","logo":{"@type":"ImageObject","inLanguage":"de","@id":"https:\/\/www.modapelle.gr\/de\/#\/schema\/logo\/image\/","url":"https:\/\/www.modapelle.gr\/wp-content\/uploads\/2021\/07\/modapelle-logo.png","contentUrl":"https:\/\/www.modapelle.gr\/wp-content\/uploads\/2021\/07\/modapelle-logo.png","width":388,"height":120,"caption":"MODAPELLE"},"image":{"@id":"https:\/\/www.modapelle.gr\/de\/#\/schema\/logo\/image\/"}}]}},"_links":{"self":[{"href":"https:\/\/www.modapelle.gr\/de\/wp-json\/wp\/v2\/product\/21405","targetHints":{"allow":["GET"]}}],"collection":[{"href":"https:\/\/www.modapelle.gr\/de\/wp-json\/wp\/v2\/product"}],"about":[{"href":"https:\/\/www.modapelle.gr\/de\/wp-json\/wp\/v2\/types\/product"}],"wp:featuredmedia":[{"embeddable":true,"href":"https:\/\/www.modapelle.gr\/de\/wp-json\/wp\/v2\/media\/16869"}],"wp:attachment":[{"href":"https:\/\/www.modapelle.gr\/de\/wp-json\/wp\/v2\/media?parent=21405"}],"wp:term":[{"taxonomy":"product_brand","embeddable":true,"href":"https:\/\/www.modapelle.gr\/de\/wp-json\/wp\/v2\/product_brand?post=21405"},{"taxonomy":"product_cat","embeddable":true,"href":"https:\/\/www.modapelle.gr\/de\/wp-json\/wp\/v2\/product_cat?post=21405"},{"taxonomy":"product_tag","embeddable":true,"href":"https:\/\/www.modapelle.gr\/de\/wp-json\/wp\/v2\/product_tag?post=21405"}],"curies":[{"name":"wp","href":"https:\/\/api.w.org\/{rel}","templated":true}]}}