{"id":21386,"date":"2021-07-23T11:42:41","date_gmt":"2021-07-23T08:42:41","guid":{"rendered":"https:\/\/www.modapelle.gr\/product\/lederhandtasche-mp-1960-braun\/"},"modified":"2021-07-23T11:42:41","modified_gmt":"2021-07-23T08:42:41","slug":"lederhandtasche-mp-1960-braun","status":"publish","type":"product","link":"https:\/\/www.modapelle.gr\/de\/produkt\/lederhandtasche-mp-1960-braun\/","title":{"rendered":"Lederhandtasche mp 1960 Braun"},"content":{"rendered":"<h2>Lederne Umh\u00e4ngetasche &#8211; Crossbody<\/h2>\n<p>Lederner Riemen auf der R\u00fcckseite, verstellbar mit einer Breite von 2,5 cm.<br \/>\nEin Hauptfach mit Rei\u00dfverschluss.<br \/>\nInnentasche hinten mit Rei\u00dfverschluss.<br \/>\nZwei Innentaschen vorne (f\u00fcr Handy, Zigaretten, etc.).<br \/>\nAu\u00dfentasche hinten mit Rei\u00dfverschluss.<br \/>\nGro\u00dfe Au\u00dfentasche vorne mit verstecktem Rei\u00dfverschluss.<\/p>\n","protected":false},"excerpt":{"rendered":"<p>Lederne Umh\u00e4ngetasche &#8211; Crossbody &#8211; f\u00fcr Frauen und M\u00e4nner, in brauner Farbe. Sie verf\u00fcgt \u00fcber 3 F\u00e4cher: ein Hauptfach, eine vordere Tasche und eine hintere Tasche, die alle mit Rei\u00dfverschluss gesichert sind.<\/p>\n<p>Dar\u00fcber hinaus hat sie einen ledernen Riemen mit einer Breite von 2,4 cm. Abmessungen: 22 x 27 x 3 cm.<\/p>\n","protected":false},"featured_media":11151,"template":"","meta":{"_acf_changed":false},"product_brand":[],"product_cat":[493,506],"product_tag":[609,495,661,496],"class_list":{"0":"post-21386","1":"product","2":"type-product","3":"status-publish","4":"has-post-thumbnail","6":"product_cat-damenledertaschen","7":"product_cat-ledertaschen-fuer-maenner","8":"product_tag-leder-schultertasche","9":"product_tag-lederhandtasche","10":"product_tag-quer","11":"product_tag-schwarze-farbe","13":"first","14":"outofstock","15":"sale","16":"shipping-taxable","17":"purchasable","18":"product-type-simple"},"acf":[],"yoast_head":"<!-- This site is optimized with the Yoast SEO plugin v27.4 - https:\/\/yoast.com\/product\/yoast-seo-wordpress\/ -->\n<title>Lederhandtasche mp 1960 Braun - Modapelle<\/title>\n<meta name=\"description\" content=\"Lederne Umh\u00e4ngetasche - Crossbody - f\u00fcr Frauen und M\u00e4nner, in brauner Farbe.\" \/>\n<meta name=\"robots\" content=\"index, follow, max-snippet:-1, max-image-preview:large, max-video-preview:-1\" \/>\n<link rel=\"canonical\" href=\"https:\/\/www.modapelle.gr\/de\/produkt\/lederhandtasche-mp-1960-braun\/\" \/>\n<meta property=\"og:locale\" content=\"de_DE\" \/>\n<meta property=\"og:type\" content=\"article\" \/>\n<meta property=\"og:title\" content=\"Lederhandtasche mp 1960 Braun - Modapelle\" \/>\n<meta property=\"og:description\" content=\"Lederne Umh\u00e4ngetasche - Crossbody - f\u00fcr Frauen und M\u00e4nner, in brauner Farbe.\" \/>\n<meta property=\"og:url\" content=\"https:\/\/www.modapelle.gr\/de\/produkt\/lederhandtasche-mp-1960-braun\/\" \/>\n<meta property=\"og:site_name\" content=\"MODAPELLE\" \/>\n<meta property=\"og:image\" content=\"https:\/\/www.modapelle.gr\/wp-content\/uploads\/2021\/07\/mp-1960-brown-3-L.jpg\" \/>\n\t<meta property=\"og:image:width\" content=\"1080\" \/>\n\t<meta property=\"og:image:height\" content=\"1080\" \/>\n\t<meta property=\"og:image:type\" content=\"image\/jpeg\" \/>\n<meta name=\"twitter:card\" content=\"summary_large_image\" \/>\n<script type=\"application\/ld+json\" class=\"yoast-schema-graph\">{\"@context\":\"https:\\\/\\\/schema.org\",\"@graph\":[{\"@type\":\"WebPage\",\"@id\":\"https:\\\/\\\/www.modapelle.gr\\\/de\\\/produkt\\\/lederhandtasche-mp-1960-braun\\\/\",\"url\":\"https:\\\/\\\/www.modapelle.gr\\\/de\\\/produkt\\\/lederhandtasche-mp-1960-braun\\\/\",\"name\":\"Lederhandtasche mp 1960 Braun - Modapelle\",\"isPartOf\":{\"@id\":\"https:\\\/\\\/www.modapelle.gr\\\/de\\\/#website\"},\"primaryImageOfPage\":{\"@id\":\"https:\\\/\\\/www.modapelle.gr\\\/de\\\/produkt\\\/lederhandtasche-mp-1960-braun\\\/#primaryimage\"},\"image\":{\"@id\":\"https:\\\/\\\/www.modapelle.gr\\\/de\\\/produkt\\\/lederhandtasche-mp-1960-braun\\\/#primaryimage\"},\"thumbnailUrl\":\"https:\\\/\\\/www.modapelle.gr\\\/wp-content\\\/uploads\\\/2021\\\/07\\\/mp-1960-brown-3-L.jpg\",\"datePublished\":\"2021-07-23T08:42:41+00:00\",\"description\":\"Lederne Umh\u00e4ngetasche - Crossbody - f\u00fcr Frauen und M\u00e4nner, in brauner Farbe.\",\"breadcrumb\":{\"@id\":\"https:\\\/\\\/www.modapelle.gr\\\/de\\\/produkt\\\/lederhandtasche-mp-1960-braun\\\/#breadcrumb\"},\"inLanguage\":\"de\",\"potentialAction\":[{\"@type\":\"ReadAction\",\"target\":[\"https:\\\/\\\/www.modapelle.gr\\\/de\\\/produkt\\\/lederhandtasche-mp-1960-braun\\\/\"]}]},{\"@type\":\"ImageObject\",\"inLanguage\":\"de\",\"@id\":\"https:\\\/\\\/www.modapelle.gr\\\/de\\\/produkt\\\/lederhandtasche-mp-1960-braun\\\/#primaryimage\",\"url\":\"https:\\\/\\\/www.modapelle.gr\\\/wp-content\\\/uploads\\\/2021\\\/07\\\/mp-1960-brown-3-L.jpg\",\"contentUrl\":\"https:\\\/\\\/www.modapelle.gr\\\/wp-content\\\/uploads\\\/2021\\\/07\\\/mp-1960-brown-3-L.jpg\",\"width\":1080,\"height\":1080,\"caption\":\"Lederhandtasche mp 1960 Braun\"},{\"@type\":\"BreadcrumbList\",\"@id\":\"https:\\\/\\\/www.modapelle.gr\\\/de\\\/produkt\\\/lederhandtasche-mp-1960-braun\\\/#breadcrumb\",\"itemListElement\":[{\"@type\":\"ListItem\",\"position\":1,\"name\":\"Modapelle\",\"item\":\"https:\\\/\\\/www.modapelle.gr\\\/de\\\/\"},{\"@type\":\"ListItem\",\"position\":2,\"name\":\"Shop\",\"item\":\"https:\\\/\\\/www.modapelle.gr\\\/de\\\/shop\\\/\"},{\"@type\":\"ListItem\",\"position\":3,\"name\":\"Mann\",\"item\":\"https:\\\/\\\/www.modapelle.gr\\\/de\\\/produkt-kategorie\\\/mann\\\/\"},{\"@type\":\"ListItem\",\"position\":4,\"name\":\"Ledertaschen f\u00fcr M\u00e4nner\",\"item\":\"https:\\\/\\\/www.modapelle.gr\\\/de\\\/produkt-kategorie\\\/mann\\\/ledertaschen-fuer-maenner\\\/\"},{\"@type\":\"ListItem\",\"position\":5,\"name\":\"Lederhandtasche mp 1960 Braun\"}]},{\"@type\":\"WebSite\",\"@id\":\"https:\\\/\\\/www.modapelle.gr\\\/de\\\/#website\",\"url\":\"https:\\\/\\\/www.modapelle.gr\\\/de\\\/\",\"name\":\"MODAPELLE\",\"description\":\"Lederbekleidung, Taschen & Accessoires\",\"publisher\":{\"@id\":\"https:\\\/\\\/www.modapelle.gr\\\/de\\\/#organization\"},\"potentialAction\":[{\"@type\":\"SearchAction\",\"target\":{\"@type\":\"EntryPoint\",\"urlTemplate\":\"https:\\\/\\\/www.modapelle.gr\\\/de\\\/?s={search_term_string}\"},\"query-input\":{\"@type\":\"PropertyValueSpecification\",\"valueRequired\":true,\"valueName\":\"search_term_string\"}}],\"inLanguage\":\"de\"},{\"@type\":\"Organization\",\"@id\":\"https:\\\/\\\/www.modapelle.gr\\\/de\\\/#organization\",\"name\":\"MODAPELLE\",\"url\":\"https:\\\/\\\/www.modapelle.gr\\\/de\\\/\",\"logo\":{\"@type\":\"ImageObject\",\"inLanguage\":\"de\",\"@id\":\"https:\\\/\\\/www.modapelle.gr\\\/de\\\/#\\\/schema\\\/logo\\\/image\\\/\",\"url\":\"https:\\\/\\\/www.modapelle.gr\\\/wp-content\\\/uploads\\\/2021\\\/07\\\/modapelle-logo.png\",\"contentUrl\":\"https:\\\/\\\/www.modapelle.gr\\\/wp-content\\\/uploads\\\/2021\\\/07\\\/modapelle-logo.png\",\"width\":388,\"height\":120,\"caption\":\"MODAPELLE\"},\"image\":{\"@id\":\"https:\\\/\\\/www.modapelle.gr\\\/de\\\/#\\\/schema\\\/logo\\\/image\\\/\"}}]}<\/script>\n<!-- \/ Yoast SEO plugin. -->","yoast_head_json":{"title":"Lederhandtasche mp 1960 Braun - Modapelle","description":"Lederne Umh\u00e4ngetasche - Crossbody - f\u00fcr Frauen und M\u00e4nner, in brauner Farbe.","robots":{"index":"index","follow":"follow","max-snippet":"max-snippet:-1","max-image-preview":"max-image-preview:large","max-video-preview":"max-video-preview:-1"},"canonical":"https:\/\/www.modapelle.gr\/de\/produkt\/lederhandtasche-mp-1960-braun\/","og_locale":"de_DE","og_type":"article","og_title":"Lederhandtasche mp 1960 Braun - Modapelle","og_description":"Lederne Umh\u00e4ngetasche - Crossbody - f\u00fcr Frauen und M\u00e4nner, in brauner Farbe.","og_url":"https:\/\/www.modapelle.gr\/de\/produkt\/lederhandtasche-mp-1960-braun\/","og_site_name":"MODAPELLE","og_image":[{"width":1080,"height":1080,"url":"https:\/\/www.modapelle.gr\/wp-content\/uploads\/2021\/07\/mp-1960-brown-3-L.jpg","type":"image\/jpeg"}],"twitter_card":"summary_large_image","schema":{"@context":"https:\/\/schema.org","@graph":[{"@type":"WebPage","@id":"https:\/\/www.modapelle.gr\/de\/produkt\/lederhandtasche-mp-1960-braun\/","url":"https:\/\/www.modapelle.gr\/de\/produkt\/lederhandtasche-mp-1960-braun\/","name":"Lederhandtasche mp 1960 Braun - Modapelle","isPartOf":{"@id":"https:\/\/www.modapelle.gr\/de\/#website"},"primaryImageOfPage":{"@id":"https:\/\/www.modapelle.gr\/de\/produkt\/lederhandtasche-mp-1960-braun\/#primaryimage"},"image":{"@id":"https:\/\/www.modapelle.gr\/de\/produkt\/lederhandtasche-mp-1960-braun\/#primaryimage"},"thumbnailUrl":"https:\/\/www.modapelle.gr\/wp-content\/uploads\/2021\/07\/mp-1960-brown-3-L.jpg","datePublished":"2021-07-23T08:42:41+00:00","description":"Lederne Umh\u00e4ngetasche - Crossbody - f\u00fcr Frauen und M\u00e4nner, in brauner Farbe.","breadcrumb":{"@id":"https:\/\/www.modapelle.gr\/de\/produkt\/lederhandtasche-mp-1960-braun\/#breadcrumb"},"inLanguage":"de","potentialAction":[{"@type":"ReadAction","target":["https:\/\/www.modapelle.gr\/de\/produkt\/lederhandtasche-mp-1960-braun\/"]}]},{"@type":"ImageObject","inLanguage":"de","@id":"https:\/\/www.modapelle.gr\/de\/produkt\/lederhandtasche-mp-1960-braun\/#primaryimage","url":"https:\/\/www.modapelle.gr\/wp-content\/uploads\/2021\/07\/mp-1960-brown-3-L.jpg","contentUrl":"https:\/\/www.modapelle.gr\/wp-content\/uploads\/2021\/07\/mp-1960-brown-3-L.jpg","width":1080,"height":1080,"caption":"Lederhandtasche mp 1960 Braun"},{"@type":"BreadcrumbList","@id":"https:\/\/www.modapelle.gr\/de\/produkt\/lederhandtasche-mp-1960-braun\/#breadcrumb","itemListElement":[{"@type":"ListItem","position":1,"name":"Modapelle","item":"https:\/\/www.modapelle.gr\/de\/"},{"@type":"ListItem","position":2,"name":"Shop","item":"https:\/\/www.modapelle.gr\/de\/shop\/"},{"@type":"ListItem","position":3,"name":"Mann","item":"https:\/\/www.modapelle.gr\/de\/produkt-kategorie\/mann\/"},{"@type":"ListItem","position":4,"name":"Ledertaschen f\u00fcr M\u00e4nner","item":"https:\/\/www.modapelle.gr\/de\/produkt-kategorie\/mann\/ledertaschen-fuer-maenner\/"},{"@type":"ListItem","position":5,"name":"Lederhandtasche mp 1960 Braun"}]},{"@type":"WebSite","@id":"https:\/\/www.modapelle.gr\/de\/#website","url":"https:\/\/www.modapelle.gr\/de\/","name":"MODAPELLE","description":"Lederbekleidung, Taschen & Accessoires","publisher":{"@id":"https:\/\/www.modapelle.gr\/de\/#organization"},"potentialAction":[{"@type":"SearchAction","target":{"@type":"EntryPoint","urlTemplate":"https:\/\/www.modapelle.gr\/de\/?s={search_term_string}"},"query-input":{"@type":"PropertyValueSpecification","valueRequired":true,"valueName":"search_term_string"}}],"inLanguage":"de"},{"@type":"Organization","@id":"https:\/\/www.modapelle.gr\/de\/#organization","name":"MODAPELLE","url":"https:\/\/www.modapelle.gr\/de\/","logo":{"@type":"ImageObject","inLanguage":"de","@id":"https:\/\/www.modapelle.gr\/de\/#\/schema\/logo\/image\/","url":"https:\/\/www.modapelle.gr\/wp-content\/uploads\/2021\/07\/modapelle-logo.png","contentUrl":"https:\/\/www.modapelle.gr\/wp-content\/uploads\/2021\/07\/modapelle-logo.png","width":388,"height":120,"caption":"MODAPELLE"},"image":{"@id":"https:\/\/www.modapelle.gr\/de\/#\/schema\/logo\/image\/"}}]}},"_links":{"self":[{"href":"https:\/\/www.modapelle.gr\/de\/wp-json\/wp\/v2\/product\/21386","targetHints":{"allow":["GET"]}}],"collection":[{"href":"https:\/\/www.modapelle.gr\/de\/wp-json\/wp\/v2\/product"}],"about":[{"href":"https:\/\/www.modapelle.gr\/de\/wp-json\/wp\/v2\/types\/product"}],"wp:featuredmedia":[{"embeddable":true,"href":"https:\/\/www.modapelle.gr\/de\/wp-json\/wp\/v2\/media\/11151"}],"wp:attachment":[{"href":"https:\/\/www.modapelle.gr\/de\/wp-json\/wp\/v2\/media?parent=21386"}],"wp:term":[{"taxonomy":"product_brand","embeddable":true,"href":"https:\/\/www.modapelle.gr\/de\/wp-json\/wp\/v2\/product_brand?post=21386"},{"taxonomy":"product_cat","embeddable":true,"href":"https:\/\/www.modapelle.gr\/de\/wp-json\/wp\/v2\/product_cat?post=21386"},{"taxonomy":"product_tag","embeddable":true,"href":"https:\/\/www.modapelle.gr\/de\/wp-json\/wp\/v2\/product_tag?post=21386"}],"curies":[{"name":"wp","href":"https:\/\/api.w.org\/{rel}","templated":true}]}}