{"id":21385,"date":"2021-07-23T12:00:48","date_gmt":"2021-07-23T09:00:48","guid":{"rendered":"https:\/\/www.modapelle.gr\/product\/lederhandtasche-mp-1962-schwarz\/"},"modified":"2021-07-23T12:00:48","modified_gmt":"2021-07-23T09:00:48","slug":"lederhandtasche-mp-1962-schwarz","status":"publish","type":"product","link":"https:\/\/www.modapelle.gr\/de\/produkt\/lederhandtasche-mp-1962-schwarz\/","title":{"rendered":"Lederhandtasche mp 1962 Schwarz"},"content":{"rendered":"<h2>Lederne Schultertasche &#8211; (Kurier)<\/h2>\n<ul>\n<li>Lederriemen an den Seiten, verstellbar mit einer Breite von 3,5 cm<\/li>\n<li>Ein Hauptfach mit Rei\u00dfverschluss<\/li>\n<li>Innentasche hinten mit Rei\u00dfverschluss<\/li>\n<li>2 Innentaschen hinten (f\u00fcr Handy, Zigaretten, etc.)<\/li>\n<li>Innentasche f\u00fcr Laptop vorne<\/li>\n<li>Au\u00dfentasche hinten mit Rei\u00dfverschluss<\/li>\n<li>Au\u00dfentasche mit Verschluss<\/li>\n<li>Au\u00dfentasche vorne mit Rei\u00dfverschluss<\/li>\n<li>Platz f\u00fcr einen Laptop bis zu 17,3 Zoll<\/li>\n<li>Robuste Rei\u00dfverschl\u00fcsse<\/li>\n<li>Hergestellt f\u00fcr schwere Lasten.<\/li>\n<\/ul>\n","protected":false},"excerpt":{"rendered":"<p>Lederne Schultertasche &#8211; Kurier &#8211; f\u00fcr Frauen und M\u00e4nner, in Schwarz (hochwertiges Rindsleder). Sie bietet eine Vielzahl von Aufbewahrungsm\u00f6glichkeiten und verf\u00fcgt \u00fcber einen seitlichen Ledergurt &#8211; verstellbar (Breite: 3,5 cm).<\/p>\n<p>Ma\u00dfe: 40 x 30 x 10 cm.<\/p>\n","protected":false},"featured_media":14431,"template":"","meta":{"_acf_changed":false},"product_brand":[],"product_cat":[493,506],"product_tag":[494,495,567,496],"class_list":{"0":"post-21385","1":"product","2":"type-product","3":"status-publish","4":"has-post-thumbnail","6":"product_cat-damenledertaschen","7":"product_cat-ledertaschen-fuer-maenner","8":"product_tag-frau","9":"product_tag-lederhandtasche","10":"product_tag-mann-de","11":"product_tag-schwarze-farbe","13":"first","14":"outofstock","15":"sale","16":"shipping-taxable","17":"purchasable","18":"product-type-simple"},"acf":[],"yoast_head":"<!-- This site is optimized with the Yoast SEO plugin v27.4 - https:\/\/yoast.com\/product\/yoast-seo-wordpress\/ -->\n<title>Lederhandtasche mp 1962 Schwarz - Modapelle<\/title>\n<meta name=\"description\" content=\"Lederne Schultertasche - Kurier - f\u00fcr Frauen und M\u00e4nner, in Schwarz (hochwertiges Rindsleder).\" \/>\n<meta name=\"robots\" content=\"index, follow, max-snippet:-1, max-image-preview:large, max-video-preview:-1\" \/>\n<link rel=\"canonical\" href=\"https:\/\/www.modapelle.gr\/de\/produkt\/lederhandtasche-mp-1962-schwarz\/\" \/>\n<meta property=\"og:locale\" content=\"de_DE\" \/>\n<meta property=\"og:type\" content=\"article\" \/>\n<meta property=\"og:title\" content=\"Lederhandtasche mp 1962 Schwarz - Modapelle\" \/>\n<meta property=\"og:description\" content=\"Lederne Schultertasche - Kurier - f\u00fcr Frauen und M\u00e4nner, in Schwarz (hochwertiges Rindsleder).\" \/>\n<meta property=\"og:url\" content=\"https:\/\/www.modapelle.gr\/de\/produkt\/lederhandtasche-mp-1962-schwarz\/\" \/>\n<meta property=\"og:site_name\" content=\"MODAPELLE\" \/>\n<meta property=\"og:image\" content=\"https:\/\/www.modapelle.gr\/wp-content\/uploads\/2021\/07\/\u0394\u0395\u03a1\u039c\u0391\u03a4\u0399\u039d\u0397-\u03a4\u03a3\u0391\u039d\u03a4\u0391-mp-1962-black-13.jpg\" \/>\n\t<meta property=\"og:image:width\" content=\"1200\" \/>\n\t<meta property=\"og:image:height\" content=\"1200\" \/>\n\t<meta property=\"og:image:type\" content=\"image\/jpeg\" \/>\n<meta name=\"twitter:card\" content=\"summary_large_image\" \/>\n<script type=\"application\/ld+json\" class=\"yoast-schema-graph\">{\"@context\":\"https:\\\/\\\/schema.org\",\"@graph\":[{\"@type\":\"WebPage\",\"@id\":\"https:\\\/\\\/www.modapelle.gr\\\/de\\\/produkt\\\/lederhandtasche-mp-1962-schwarz\\\/\",\"url\":\"https:\\\/\\\/www.modapelle.gr\\\/de\\\/produkt\\\/lederhandtasche-mp-1962-schwarz\\\/\",\"name\":\"Lederhandtasche mp 1962 Schwarz - Modapelle\",\"isPartOf\":{\"@id\":\"https:\\\/\\\/www.modapelle.gr\\\/de\\\/#website\"},\"primaryImageOfPage\":{\"@id\":\"https:\\\/\\\/www.modapelle.gr\\\/de\\\/produkt\\\/lederhandtasche-mp-1962-schwarz\\\/#primaryimage\"},\"image\":{\"@id\":\"https:\\\/\\\/www.modapelle.gr\\\/de\\\/produkt\\\/lederhandtasche-mp-1962-schwarz\\\/#primaryimage\"},\"thumbnailUrl\":\"https:\\\/\\\/www.modapelle.gr\\\/wp-content\\\/uploads\\\/2021\\\/07\\\/\u0394\u0395\u03a1\u039c\u0391\u03a4\u0399\u039d\u0397-\u03a4\u03a3\u0391\u039d\u03a4\u0391-mp-1962-black-13.jpg\",\"datePublished\":\"2021-07-23T09:00:48+00:00\",\"description\":\"Lederne Schultertasche - Kurier - f\u00fcr Frauen und M\u00e4nner, in Schwarz (hochwertiges Rindsleder).\",\"breadcrumb\":{\"@id\":\"https:\\\/\\\/www.modapelle.gr\\\/de\\\/produkt\\\/lederhandtasche-mp-1962-schwarz\\\/#breadcrumb\"},\"inLanguage\":\"de\",\"potentialAction\":[{\"@type\":\"ReadAction\",\"target\":[\"https:\\\/\\\/www.modapelle.gr\\\/de\\\/produkt\\\/lederhandtasche-mp-1962-schwarz\\\/\"]}]},{\"@type\":\"ImageObject\",\"inLanguage\":\"de\",\"@id\":\"https:\\\/\\\/www.modapelle.gr\\\/de\\\/produkt\\\/lederhandtasche-mp-1962-schwarz\\\/#primaryimage\",\"url\":\"https:\\\/\\\/www.modapelle.gr\\\/wp-content\\\/uploads\\\/2021\\\/07\\\/\u0394\u0395\u03a1\u039c\u0391\u03a4\u0399\u039d\u0397-\u03a4\u03a3\u0391\u039d\u03a4\u0391-mp-1962-black-13.jpg\",\"contentUrl\":\"https:\\\/\\\/www.modapelle.gr\\\/wp-content\\\/uploads\\\/2021\\\/07\\\/\u0394\u0395\u03a1\u039c\u0391\u03a4\u0399\u039d\u0397-\u03a4\u03a3\u0391\u039d\u03a4\u0391-mp-1962-black-13.jpg\",\"width\":1200,\"height\":1200,\"caption\":\"Lederhandtasche mp 1962 Schwarz\"},{\"@type\":\"BreadcrumbList\",\"@id\":\"https:\\\/\\\/www.modapelle.gr\\\/de\\\/produkt\\\/lederhandtasche-mp-1962-schwarz\\\/#breadcrumb\",\"itemListElement\":[{\"@type\":\"ListItem\",\"position\":1,\"name\":\"Modapelle\",\"item\":\"https:\\\/\\\/www.modapelle.gr\\\/de\\\/\"},{\"@type\":\"ListItem\",\"position\":2,\"name\":\"Shop\",\"item\":\"https:\\\/\\\/www.modapelle.gr\\\/de\\\/shop\\\/\"},{\"@type\":\"ListItem\",\"position\":3,\"name\":\"Mann\",\"item\":\"https:\\\/\\\/www.modapelle.gr\\\/de\\\/produkt-kategorie\\\/mann\\\/\"},{\"@type\":\"ListItem\",\"position\":4,\"name\":\"Ledertaschen f\u00fcr M\u00e4nner\",\"item\":\"https:\\\/\\\/www.modapelle.gr\\\/de\\\/produkt-kategorie\\\/mann\\\/ledertaschen-fuer-maenner\\\/\"},{\"@type\":\"ListItem\",\"position\":5,\"name\":\"Lederhandtasche mp 1962 Schwarz\"}]},{\"@type\":\"WebSite\",\"@id\":\"https:\\\/\\\/www.modapelle.gr\\\/de\\\/#website\",\"url\":\"https:\\\/\\\/www.modapelle.gr\\\/de\\\/\",\"name\":\"MODAPELLE\",\"description\":\"Lederbekleidung, Taschen & Accessoires\",\"publisher\":{\"@id\":\"https:\\\/\\\/www.modapelle.gr\\\/de\\\/#organization\"},\"potentialAction\":[{\"@type\":\"SearchAction\",\"target\":{\"@type\":\"EntryPoint\",\"urlTemplate\":\"https:\\\/\\\/www.modapelle.gr\\\/de\\\/?s={search_term_string}\"},\"query-input\":{\"@type\":\"PropertyValueSpecification\",\"valueRequired\":true,\"valueName\":\"search_term_string\"}}],\"inLanguage\":\"de\"},{\"@type\":\"Organization\",\"@id\":\"https:\\\/\\\/www.modapelle.gr\\\/de\\\/#organization\",\"name\":\"MODAPELLE\",\"url\":\"https:\\\/\\\/www.modapelle.gr\\\/de\\\/\",\"logo\":{\"@type\":\"ImageObject\",\"inLanguage\":\"de\",\"@id\":\"https:\\\/\\\/www.modapelle.gr\\\/de\\\/#\\\/schema\\\/logo\\\/image\\\/\",\"url\":\"https:\\\/\\\/www.modapelle.gr\\\/wp-content\\\/uploads\\\/2021\\\/07\\\/modapelle-logo.png\",\"contentUrl\":\"https:\\\/\\\/www.modapelle.gr\\\/wp-content\\\/uploads\\\/2021\\\/07\\\/modapelle-logo.png\",\"width\":388,\"height\":120,\"caption\":\"MODAPELLE\"},\"image\":{\"@id\":\"https:\\\/\\\/www.modapelle.gr\\\/de\\\/#\\\/schema\\\/logo\\\/image\\\/\"}}]}<\/script>\n<!-- \/ Yoast SEO plugin. -->","yoast_head_json":{"title":"Lederhandtasche mp 1962 Schwarz - Modapelle","description":"Lederne Schultertasche - Kurier - f\u00fcr Frauen und M\u00e4nner, in Schwarz (hochwertiges Rindsleder).","robots":{"index":"index","follow":"follow","max-snippet":"max-snippet:-1","max-image-preview":"max-image-preview:large","max-video-preview":"max-video-preview:-1"},"canonical":"https:\/\/www.modapelle.gr\/de\/produkt\/lederhandtasche-mp-1962-schwarz\/","og_locale":"de_DE","og_type":"article","og_title":"Lederhandtasche mp 1962 Schwarz - Modapelle","og_description":"Lederne Schultertasche - Kurier - f\u00fcr Frauen und M\u00e4nner, in Schwarz (hochwertiges Rindsleder).","og_url":"https:\/\/www.modapelle.gr\/de\/produkt\/lederhandtasche-mp-1962-schwarz\/","og_site_name":"MODAPELLE","og_image":[{"width":1200,"height":1200,"url":"https:\/\/www.modapelle.gr\/wp-content\/uploads\/2021\/07\/\u0394\u0395\u03a1\u039c\u0391\u03a4\u0399\u039d\u0397-\u03a4\u03a3\u0391\u039d\u03a4\u0391-mp-1962-black-13.jpg","type":"image\/jpeg"}],"twitter_card":"summary_large_image","schema":{"@context":"https:\/\/schema.org","@graph":[{"@type":"WebPage","@id":"https:\/\/www.modapelle.gr\/de\/produkt\/lederhandtasche-mp-1962-schwarz\/","url":"https:\/\/www.modapelle.gr\/de\/produkt\/lederhandtasche-mp-1962-schwarz\/","name":"Lederhandtasche mp 1962 Schwarz - Modapelle","isPartOf":{"@id":"https:\/\/www.modapelle.gr\/de\/#website"},"primaryImageOfPage":{"@id":"https:\/\/www.modapelle.gr\/de\/produkt\/lederhandtasche-mp-1962-schwarz\/#primaryimage"},"image":{"@id":"https:\/\/www.modapelle.gr\/de\/produkt\/lederhandtasche-mp-1962-schwarz\/#primaryimage"},"thumbnailUrl":"https:\/\/www.modapelle.gr\/wp-content\/uploads\/2021\/07\/\u0394\u0395\u03a1\u039c\u0391\u03a4\u0399\u039d\u0397-\u03a4\u03a3\u0391\u039d\u03a4\u0391-mp-1962-black-13.jpg","datePublished":"2021-07-23T09:00:48+00:00","description":"Lederne Schultertasche - Kurier - f\u00fcr Frauen und M\u00e4nner, in Schwarz (hochwertiges Rindsleder).","breadcrumb":{"@id":"https:\/\/www.modapelle.gr\/de\/produkt\/lederhandtasche-mp-1962-schwarz\/#breadcrumb"},"inLanguage":"de","potentialAction":[{"@type":"ReadAction","target":["https:\/\/www.modapelle.gr\/de\/produkt\/lederhandtasche-mp-1962-schwarz\/"]}]},{"@type":"ImageObject","inLanguage":"de","@id":"https:\/\/www.modapelle.gr\/de\/produkt\/lederhandtasche-mp-1962-schwarz\/#primaryimage","url":"https:\/\/www.modapelle.gr\/wp-content\/uploads\/2021\/07\/\u0394\u0395\u03a1\u039c\u0391\u03a4\u0399\u039d\u0397-\u03a4\u03a3\u0391\u039d\u03a4\u0391-mp-1962-black-13.jpg","contentUrl":"https:\/\/www.modapelle.gr\/wp-content\/uploads\/2021\/07\/\u0394\u0395\u03a1\u039c\u0391\u03a4\u0399\u039d\u0397-\u03a4\u03a3\u0391\u039d\u03a4\u0391-mp-1962-black-13.jpg","width":1200,"height":1200,"caption":"Lederhandtasche mp 1962 Schwarz"},{"@type":"BreadcrumbList","@id":"https:\/\/www.modapelle.gr\/de\/produkt\/lederhandtasche-mp-1962-schwarz\/#breadcrumb","itemListElement":[{"@type":"ListItem","position":1,"name":"Modapelle","item":"https:\/\/www.modapelle.gr\/de\/"},{"@type":"ListItem","position":2,"name":"Shop","item":"https:\/\/www.modapelle.gr\/de\/shop\/"},{"@type":"ListItem","position":3,"name":"Mann","item":"https:\/\/www.modapelle.gr\/de\/produkt-kategorie\/mann\/"},{"@type":"ListItem","position":4,"name":"Ledertaschen f\u00fcr M\u00e4nner","item":"https:\/\/www.modapelle.gr\/de\/produkt-kategorie\/mann\/ledertaschen-fuer-maenner\/"},{"@type":"ListItem","position":5,"name":"Lederhandtasche mp 1962 Schwarz"}]},{"@type":"WebSite","@id":"https:\/\/www.modapelle.gr\/de\/#website","url":"https:\/\/www.modapelle.gr\/de\/","name":"MODAPELLE","description":"Lederbekleidung, Taschen & Accessoires","publisher":{"@id":"https:\/\/www.modapelle.gr\/de\/#organization"},"potentialAction":[{"@type":"SearchAction","target":{"@type":"EntryPoint","urlTemplate":"https:\/\/www.modapelle.gr\/de\/?s={search_term_string}"},"query-input":{"@type":"PropertyValueSpecification","valueRequired":true,"valueName":"search_term_string"}}],"inLanguage":"de"},{"@type":"Organization","@id":"https:\/\/www.modapelle.gr\/de\/#organization","name":"MODAPELLE","url":"https:\/\/www.modapelle.gr\/de\/","logo":{"@type":"ImageObject","inLanguage":"de","@id":"https:\/\/www.modapelle.gr\/de\/#\/schema\/logo\/image\/","url":"https:\/\/www.modapelle.gr\/wp-content\/uploads\/2021\/07\/modapelle-logo.png","contentUrl":"https:\/\/www.modapelle.gr\/wp-content\/uploads\/2021\/07\/modapelle-logo.png","width":388,"height":120,"caption":"MODAPELLE"},"image":{"@id":"https:\/\/www.modapelle.gr\/de\/#\/schema\/logo\/image\/"}}]}},"_links":{"self":[{"href":"https:\/\/www.modapelle.gr\/de\/wp-json\/wp\/v2\/product\/21385","targetHints":{"allow":["GET"]}}],"collection":[{"href":"https:\/\/www.modapelle.gr\/de\/wp-json\/wp\/v2\/product"}],"about":[{"href":"https:\/\/www.modapelle.gr\/de\/wp-json\/wp\/v2\/types\/product"}],"wp:featuredmedia":[{"embeddable":true,"href":"https:\/\/www.modapelle.gr\/de\/wp-json\/wp\/v2\/media\/14431"}],"wp:attachment":[{"href":"https:\/\/www.modapelle.gr\/de\/wp-json\/wp\/v2\/media?parent=21385"}],"wp:term":[{"taxonomy":"product_brand","embeddable":true,"href":"https:\/\/www.modapelle.gr\/de\/wp-json\/wp\/v2\/product_brand?post=21385"},{"taxonomy":"product_cat","embeddable":true,"href":"https:\/\/www.modapelle.gr\/de\/wp-json\/wp\/v2\/product_cat?post=21385"},{"taxonomy":"product_tag","embeddable":true,"href":"https:\/\/www.modapelle.gr\/de\/wp-json\/wp\/v2\/product_tag?post=21385"}],"curies":[{"name":"wp","href":"https:\/\/api.w.org\/{rel}","templated":true}]}}