{"id":21380,"date":"2021-08-15T18:59:07","date_gmt":"2021-08-15T15:59:07","guid":{"rendered":"https:\/\/www.modapelle.gr\/product\/lederschultertasche-mp-1971-beige\/"},"modified":"2021-08-15T18:59:07","modified_gmt":"2021-08-15T15:59:07","slug":"lederschultertasche-mp-1971-beige","status":"publish","type":"product","link":"https:\/\/www.modapelle.gr\/de\/produkt\/lederschultertasche-mp-1971-beige\/","title":{"rendered":"Lederschultertasche mp 1971 Beige"},"content":{"rendered":"<h2>Genuine Leather, hergestellt in Italien<\/h2>\n<p>Umh\u00e4ngetasche (Crossbody), hergestellt in Italien &#8211; von Modapelle. Im Inneren befindet sich ein einziger Bereich. Sie wird mit einem Lederverschluss (Magnet am unteren Teil) und einem Rei\u00dfverschluss f\u00fcr zus\u00e4tzliche Sicherheit geschlossen.<\/p>\n<p>Sie hat auch eine lange Lederschultergurt (in Kombination mit einer Kette), die in der L\u00e4nge verstellbar ist.<\/p>\n<p>Abmessungen: 21 cm x 15 cm x 6 cm<\/p>\n","protected":false},"excerpt":{"rendered":"<h3><strong>Vera Pelle<\/strong><\/h3>\n<p>Leder-Schultertasche, hergestellt in Italien &#8211; von Modapelle. Aus 100% hochwertigem echtem Leder.<\/p>\n","protected":false},"featured_media":12771,"template":"","meta":{"_acf_changed":false},"product_brand":[],"product_cat":[493],"product_tag":[494,495,497,663],"class_list":{"0":"post-21380","1":"product","2":"type-product","3":"status-publish","4":"has-post-thumbnail","6":"product_cat-damenledertaschen","7":"product_tag-frau","8":"product_tag-lederhandtasche","9":"product_tag-schulter","10":"product_tag-taupfarbe","12":"first","13":"outofstock","14":"sale","15":"shipping-taxable","16":"purchasable","17":"product-type-simple"},"acf":[],"yoast_head":"<!-- This site is optimized with the Yoast SEO plugin v27.4 - https:\/\/yoast.com\/product\/yoast-seo-wordpress\/ -->\n<title>Lederschultertasche mp 1971 Beige - Modapelle<\/title>\n<meta name=\"description\" content=\"Leder-Schultertasche, hergestellt in Italien - von Modapelle. Aus 100% hochwertigem echtem Leder.\" \/>\n<meta name=\"robots\" content=\"index, follow, max-snippet:-1, max-image-preview:large, max-video-preview:-1\" \/>\n<link rel=\"canonical\" href=\"https:\/\/www.modapelle.gr\/de\/produkt\/lederschultertasche-mp-1971-beige\/\" \/>\n<meta property=\"og:locale\" content=\"de_DE\" \/>\n<meta property=\"og:type\" content=\"article\" \/>\n<meta property=\"og:title\" content=\"Lederschultertasche mp 1971 Beige - Modapelle\" \/>\n<meta property=\"og:description\" content=\"Leder-Schultertasche, hergestellt in Italien - von Modapelle. Aus 100% hochwertigem echtem Leder.\" \/>\n<meta property=\"og:url\" content=\"https:\/\/www.modapelle.gr\/de\/produkt\/lederschultertasche-mp-1971-beige\/\" \/>\n<meta property=\"og:site_name\" content=\"MODAPELLE\" \/>\n<meta property=\"og:image\" content=\"https:\/\/www.modapelle.gr\/wp-content\/uploads\/2021\/08\/mp-1971-taupe-3-logo.jpg\" \/>\n\t<meta property=\"og:image:width\" content=\"1024\" \/>\n\t<meta property=\"og:image:height\" content=\"1024\" \/>\n\t<meta property=\"og:image:type\" content=\"image\/jpeg\" \/>\n<meta name=\"twitter:card\" content=\"summary_large_image\" \/>\n<script type=\"application\/ld+json\" class=\"yoast-schema-graph\">{\"@context\":\"https:\\\/\\\/schema.org\",\"@graph\":[{\"@type\":\"WebPage\",\"@id\":\"https:\\\/\\\/www.modapelle.gr\\\/de\\\/produkt\\\/lederschultertasche-mp-1971-beige\\\/\",\"url\":\"https:\\\/\\\/www.modapelle.gr\\\/de\\\/produkt\\\/lederschultertasche-mp-1971-beige\\\/\",\"name\":\"Lederschultertasche mp 1971 Beige - Modapelle\",\"isPartOf\":{\"@id\":\"https:\\\/\\\/www.modapelle.gr\\\/de\\\/#website\"},\"primaryImageOfPage\":{\"@id\":\"https:\\\/\\\/www.modapelle.gr\\\/de\\\/produkt\\\/lederschultertasche-mp-1971-beige\\\/#primaryimage\"},\"image\":{\"@id\":\"https:\\\/\\\/www.modapelle.gr\\\/de\\\/produkt\\\/lederschultertasche-mp-1971-beige\\\/#primaryimage\"},\"thumbnailUrl\":\"https:\\\/\\\/www.modapelle.gr\\\/wp-content\\\/uploads\\\/2021\\\/08\\\/mp-1971-taupe-3-logo.jpg\",\"datePublished\":\"2021-08-15T15:59:07+00:00\",\"description\":\"Leder-Schultertasche, hergestellt in Italien - von Modapelle. Aus 100% hochwertigem echtem Leder.\",\"breadcrumb\":{\"@id\":\"https:\\\/\\\/www.modapelle.gr\\\/de\\\/produkt\\\/lederschultertasche-mp-1971-beige\\\/#breadcrumb\"},\"inLanguage\":\"de\",\"potentialAction\":[{\"@type\":\"ReadAction\",\"target\":[\"https:\\\/\\\/www.modapelle.gr\\\/de\\\/produkt\\\/lederschultertasche-mp-1971-beige\\\/\"]}]},{\"@type\":\"ImageObject\",\"inLanguage\":\"de\",\"@id\":\"https:\\\/\\\/www.modapelle.gr\\\/de\\\/produkt\\\/lederschultertasche-mp-1971-beige\\\/#primaryimage\",\"url\":\"https:\\\/\\\/www.modapelle.gr\\\/wp-content\\\/uploads\\\/2021\\\/08\\\/mp-1971-taupe-3-logo.jpg\",\"contentUrl\":\"https:\\\/\\\/www.modapelle.gr\\\/wp-content\\\/uploads\\\/2021\\\/08\\\/mp-1971-taupe-3-logo.jpg\",\"width\":1024,\"height\":1024,\"caption\":\"Lederschultertasche mp 1971 Beige\"},{\"@type\":\"BreadcrumbList\",\"@id\":\"https:\\\/\\\/www.modapelle.gr\\\/de\\\/produkt\\\/lederschultertasche-mp-1971-beige\\\/#breadcrumb\",\"itemListElement\":[{\"@type\":\"ListItem\",\"position\":1,\"name\":\"Modapelle\",\"item\":\"https:\\\/\\\/www.modapelle.gr\\\/de\\\/\"},{\"@type\":\"ListItem\",\"position\":2,\"name\":\"Shop\",\"item\":\"https:\\\/\\\/www.modapelle.gr\\\/de\\\/shop\\\/\"},{\"@type\":\"ListItem\",\"position\":3,\"name\":\"Frau\",\"item\":\"https:\\\/\\\/www.modapelle.gr\\\/de\\\/produkt-kategorie\\\/frau\\\/\"},{\"@type\":\"ListItem\",\"position\":4,\"name\":\"Damenledertaschen\",\"item\":\"https:\\\/\\\/www.modapelle.gr\\\/de\\\/produkt-kategorie\\\/frau\\\/damenledertaschen\\\/\"},{\"@type\":\"ListItem\",\"position\":5,\"name\":\"Lederschultertasche mp 1971 Beige\"}]},{\"@type\":\"WebSite\",\"@id\":\"https:\\\/\\\/www.modapelle.gr\\\/de\\\/#website\",\"url\":\"https:\\\/\\\/www.modapelle.gr\\\/de\\\/\",\"name\":\"MODAPELLE\",\"description\":\"Lederbekleidung, Taschen & Accessoires\",\"publisher\":{\"@id\":\"https:\\\/\\\/www.modapelle.gr\\\/de\\\/#organization\"},\"potentialAction\":[{\"@type\":\"SearchAction\",\"target\":{\"@type\":\"EntryPoint\",\"urlTemplate\":\"https:\\\/\\\/www.modapelle.gr\\\/de\\\/?s={search_term_string}\"},\"query-input\":{\"@type\":\"PropertyValueSpecification\",\"valueRequired\":true,\"valueName\":\"search_term_string\"}}],\"inLanguage\":\"de\"},{\"@type\":\"Organization\",\"@id\":\"https:\\\/\\\/www.modapelle.gr\\\/de\\\/#organization\",\"name\":\"MODAPELLE\",\"url\":\"https:\\\/\\\/www.modapelle.gr\\\/de\\\/\",\"logo\":{\"@type\":\"ImageObject\",\"inLanguage\":\"de\",\"@id\":\"https:\\\/\\\/www.modapelle.gr\\\/de\\\/#\\\/schema\\\/logo\\\/image\\\/\",\"url\":\"https:\\\/\\\/www.modapelle.gr\\\/wp-content\\\/uploads\\\/2021\\\/07\\\/modapelle-logo.png\",\"contentUrl\":\"https:\\\/\\\/www.modapelle.gr\\\/wp-content\\\/uploads\\\/2021\\\/07\\\/modapelle-logo.png\",\"width\":388,\"height\":120,\"caption\":\"MODAPELLE\"},\"image\":{\"@id\":\"https:\\\/\\\/www.modapelle.gr\\\/de\\\/#\\\/schema\\\/logo\\\/image\\\/\"}}]}<\/script>\n<!-- \/ Yoast SEO plugin. -->","yoast_head_json":{"title":"Lederschultertasche mp 1971 Beige - Modapelle","description":"Leder-Schultertasche, hergestellt in Italien - von Modapelle. Aus 100% hochwertigem echtem Leder.","robots":{"index":"index","follow":"follow","max-snippet":"max-snippet:-1","max-image-preview":"max-image-preview:large","max-video-preview":"max-video-preview:-1"},"canonical":"https:\/\/www.modapelle.gr\/de\/produkt\/lederschultertasche-mp-1971-beige\/","og_locale":"de_DE","og_type":"article","og_title":"Lederschultertasche mp 1971 Beige - Modapelle","og_description":"Leder-Schultertasche, hergestellt in Italien - von Modapelle. Aus 100% hochwertigem echtem Leder.","og_url":"https:\/\/www.modapelle.gr\/de\/produkt\/lederschultertasche-mp-1971-beige\/","og_site_name":"MODAPELLE","og_image":[{"width":1024,"height":1024,"url":"https:\/\/www.modapelle.gr\/wp-content\/uploads\/2021\/08\/mp-1971-taupe-3-logo.jpg","type":"image\/jpeg"}],"twitter_card":"summary_large_image","schema":{"@context":"https:\/\/schema.org","@graph":[{"@type":"WebPage","@id":"https:\/\/www.modapelle.gr\/de\/produkt\/lederschultertasche-mp-1971-beige\/","url":"https:\/\/www.modapelle.gr\/de\/produkt\/lederschultertasche-mp-1971-beige\/","name":"Lederschultertasche mp 1971 Beige - Modapelle","isPartOf":{"@id":"https:\/\/www.modapelle.gr\/de\/#website"},"primaryImageOfPage":{"@id":"https:\/\/www.modapelle.gr\/de\/produkt\/lederschultertasche-mp-1971-beige\/#primaryimage"},"image":{"@id":"https:\/\/www.modapelle.gr\/de\/produkt\/lederschultertasche-mp-1971-beige\/#primaryimage"},"thumbnailUrl":"https:\/\/www.modapelle.gr\/wp-content\/uploads\/2021\/08\/mp-1971-taupe-3-logo.jpg","datePublished":"2021-08-15T15:59:07+00:00","description":"Leder-Schultertasche, hergestellt in Italien - von Modapelle. Aus 100% hochwertigem echtem Leder.","breadcrumb":{"@id":"https:\/\/www.modapelle.gr\/de\/produkt\/lederschultertasche-mp-1971-beige\/#breadcrumb"},"inLanguage":"de","potentialAction":[{"@type":"ReadAction","target":["https:\/\/www.modapelle.gr\/de\/produkt\/lederschultertasche-mp-1971-beige\/"]}]},{"@type":"ImageObject","inLanguage":"de","@id":"https:\/\/www.modapelle.gr\/de\/produkt\/lederschultertasche-mp-1971-beige\/#primaryimage","url":"https:\/\/www.modapelle.gr\/wp-content\/uploads\/2021\/08\/mp-1971-taupe-3-logo.jpg","contentUrl":"https:\/\/www.modapelle.gr\/wp-content\/uploads\/2021\/08\/mp-1971-taupe-3-logo.jpg","width":1024,"height":1024,"caption":"Lederschultertasche mp 1971 Beige"},{"@type":"BreadcrumbList","@id":"https:\/\/www.modapelle.gr\/de\/produkt\/lederschultertasche-mp-1971-beige\/#breadcrumb","itemListElement":[{"@type":"ListItem","position":1,"name":"Modapelle","item":"https:\/\/www.modapelle.gr\/de\/"},{"@type":"ListItem","position":2,"name":"Shop","item":"https:\/\/www.modapelle.gr\/de\/shop\/"},{"@type":"ListItem","position":3,"name":"Frau","item":"https:\/\/www.modapelle.gr\/de\/produkt-kategorie\/frau\/"},{"@type":"ListItem","position":4,"name":"Damenledertaschen","item":"https:\/\/www.modapelle.gr\/de\/produkt-kategorie\/frau\/damenledertaschen\/"},{"@type":"ListItem","position":5,"name":"Lederschultertasche mp 1971 Beige"}]},{"@type":"WebSite","@id":"https:\/\/www.modapelle.gr\/de\/#website","url":"https:\/\/www.modapelle.gr\/de\/","name":"MODAPELLE","description":"Lederbekleidung, Taschen & Accessoires","publisher":{"@id":"https:\/\/www.modapelle.gr\/de\/#organization"},"potentialAction":[{"@type":"SearchAction","target":{"@type":"EntryPoint","urlTemplate":"https:\/\/www.modapelle.gr\/de\/?s={search_term_string}"},"query-input":{"@type":"PropertyValueSpecification","valueRequired":true,"valueName":"search_term_string"}}],"inLanguage":"de"},{"@type":"Organization","@id":"https:\/\/www.modapelle.gr\/de\/#organization","name":"MODAPELLE","url":"https:\/\/www.modapelle.gr\/de\/","logo":{"@type":"ImageObject","inLanguage":"de","@id":"https:\/\/www.modapelle.gr\/de\/#\/schema\/logo\/image\/","url":"https:\/\/www.modapelle.gr\/wp-content\/uploads\/2021\/07\/modapelle-logo.png","contentUrl":"https:\/\/www.modapelle.gr\/wp-content\/uploads\/2021\/07\/modapelle-logo.png","width":388,"height":120,"caption":"MODAPELLE"},"image":{"@id":"https:\/\/www.modapelle.gr\/de\/#\/schema\/logo\/image\/"}}]}},"_links":{"self":[{"href":"https:\/\/www.modapelle.gr\/de\/wp-json\/wp\/v2\/product\/21380","targetHints":{"allow":["GET"]}}],"collection":[{"href":"https:\/\/www.modapelle.gr\/de\/wp-json\/wp\/v2\/product"}],"about":[{"href":"https:\/\/www.modapelle.gr\/de\/wp-json\/wp\/v2\/types\/product"}],"wp:featuredmedia":[{"embeddable":true,"href":"https:\/\/www.modapelle.gr\/de\/wp-json\/wp\/v2\/media\/12771"}],"wp:attachment":[{"href":"https:\/\/www.modapelle.gr\/de\/wp-json\/wp\/v2\/media?parent=21380"}],"wp:term":[{"taxonomy":"product_brand","embeddable":true,"href":"https:\/\/www.modapelle.gr\/de\/wp-json\/wp\/v2\/product_brand?post=21380"},{"taxonomy":"product_cat","embeddable":true,"href":"https:\/\/www.modapelle.gr\/de\/wp-json\/wp\/v2\/product_cat?post=21380"},{"taxonomy":"product_tag","embeddable":true,"href":"https:\/\/www.modapelle.gr\/de\/wp-json\/wp\/v2\/product_tag?post=21380"}],"curies":[{"name":"wp","href":"https:\/\/api.w.org\/{rel}","templated":true}]}}