{"id":21378,"date":"2021-08-16T08:56:58","date_gmt":"2021-08-16T05:56:58","guid":{"rendered":"https:\/\/www.modapelle.gr\/product\/lederhandtasche-mp-1968-blau\/"},"modified":"2021-08-16T08:56:58","modified_gmt":"2021-08-16T05:56:58","slug":"lederhandtasche-mp-1968-blau","status":"publish","type":"product","link":"https:\/\/www.modapelle.gr\/de\/produkt\/lederhandtasche-mp-1968-blau\/","title":{"rendered":"Lederhandtasche mp 1968 Blau"},"content":{"rendered":"<h2>Genuine Leather, hergestellt in Italien<\/h2>\n<p>Umh\u00e4ngetasche, hergestellt in Italien \u2013 von Modapelle in Blau. Im Inneren ist sie in zwei separate R\u00e4ume aufgeteilt, mit einem dritten Raum, der mit einem Rei\u00dfverschluss verschlossen wird. An den Seiten im Inneren hat sie auch zwei Taschen, von denen eine mit einem Rei\u00dfverschluss gesichert ist.<\/p>\n<p>Die Tasche wird mit einem Lederverschluss (Clip an der unteren Seite) gesichert.<\/p>\n<p>Sie kann \u00fcber eine Kette (durch die Ringe l\u00e4uft Leder in der gleichen Farbe wie die Tasche) \u00fcber der Schulter getragen werden.<\/p>\n<p>Ma\u00dfe: 28 cm x 16 cm x 8 cm<\/p>\n","protected":false},"excerpt":{"rendered":"<h3><strong>Vera Pelle<\/strong><\/h3>\n<p>Leder-Schultertasche, hergestellt in Italien \u2013 von Modapelle. Aus 100% hochwertigem echtem Leder.<\/p>\n","protected":false},"featured_media":12687,"template":"","meta":{"_acf_changed":false},"product_brand":[],"product_cat":[493],"product_tag":[631,494,495,497],"class_list":{"0":"post-21378","1":"product","2":"type-product","3":"status-publish","4":"has-post-thumbnail","6":"product_cat-damenledertaschen","7":"product_tag-blaue-farbe-de","8":"product_tag-frau","9":"product_tag-lederhandtasche","10":"product_tag-schulter","12":"first","13":"instock","14":"sale","15":"shipping-taxable","16":"purchasable","17":"product-type-simple"},"acf":[],"yoast_head":"<!-- This site is optimized with the Yoast SEO plugin v27.2 - https:\/\/yoast.com\/product\/yoast-seo-wordpress\/ -->\n<title>Lederhandtasche mp 1968 Blau - Modapelle<\/title>\n<meta name=\"description\" content=\"Lederhandtasche, hergestellt in Italien \u2013 von Modapelle. Aus 100% hochwertigem echtem Leder.\" \/>\n<meta name=\"robots\" content=\"index, follow, max-snippet:-1, max-image-preview:large, max-video-preview:-1\" \/>\n<link rel=\"canonical\" href=\"https:\/\/www.modapelle.gr\/de\/produkt\/lederhandtasche-mp-1968-blau\/\" \/>\n<meta property=\"og:locale\" content=\"de_DE\" \/>\n<meta property=\"og:type\" content=\"article\" \/>\n<meta property=\"og:title\" content=\"Lederhandtasche mp 1968 Blau - Modapelle\" \/>\n<meta property=\"og:description\" content=\"Lederhandtasche, hergestellt in Italien \u2013 von Modapelle. Aus 100% hochwertigem echtem Leder.\" \/>\n<meta property=\"og:url\" content=\"https:\/\/www.modapelle.gr\/de\/produkt\/lederhandtasche-mp-1968-blau\/\" \/>\n<meta property=\"og:site_name\" content=\"MODAPELLE\" \/>\n<meta property=\"og:image\" content=\"https:\/\/www.modapelle.gr\/wp-content\/uploads\/2021\/08\/mp-1968-blue-1-logo.jpg\" \/>\n\t<meta property=\"og:image:width\" content=\"1024\" \/>\n\t<meta property=\"og:image:height\" content=\"1024\" \/>\n\t<meta property=\"og:image:type\" content=\"image\/jpeg\" \/>\n<meta name=\"twitter:card\" content=\"summary_large_image\" \/>\n<meta name=\"twitter:image\" content=\"https:\/\/www.modapelle.gr\/wp-content\/uploads\/2021\/08\/mp-1968-blue-fb.jpg\" \/>\n<script type=\"application\/ld+json\" class=\"yoast-schema-graph\">{\"@context\":\"https:\/\/schema.org\",\"@graph\":[{\"@type\":\"WebPage\",\"@id\":\"https:\/\/www.modapelle.gr\/de\/produkt\/lederhandtasche-mp-1968-blau\/\",\"url\":\"https:\/\/www.modapelle.gr\/de\/produkt\/lederhandtasche-mp-1968-blau\/\",\"name\":\"Lederhandtasche mp 1968 Blau - Modapelle\",\"isPartOf\":{\"@id\":\"https:\/\/www.modapelle.gr\/de\/#website\"},\"primaryImageOfPage\":{\"@id\":\"https:\/\/www.modapelle.gr\/de\/produkt\/lederhandtasche-mp-1968-blau\/#primaryimage\"},\"image\":{\"@id\":\"https:\/\/www.modapelle.gr\/de\/produkt\/lederhandtasche-mp-1968-blau\/#primaryimage\"},\"thumbnailUrl\":\"https:\/\/www.modapelle.gr\/wp-content\/uploads\/2021\/08\/mp-1968-blue-1-logo.jpg\",\"datePublished\":\"2021-08-16T05:56:58+00:00\",\"description\":\"Lederhandtasche, hergestellt in Italien \u2013 von Modapelle. Aus 100% hochwertigem echtem Leder.\",\"breadcrumb\":{\"@id\":\"https:\/\/www.modapelle.gr\/de\/produkt\/lederhandtasche-mp-1968-blau\/#breadcrumb\"},\"inLanguage\":\"de\",\"potentialAction\":[{\"@type\":\"ReadAction\",\"target\":[\"https:\/\/www.modapelle.gr\/de\/produkt\/lederhandtasche-mp-1968-blau\/\"]}]},{\"@type\":\"ImageObject\",\"inLanguage\":\"de\",\"@id\":\"https:\/\/www.modapelle.gr\/de\/produkt\/lederhandtasche-mp-1968-blau\/#primaryimage\",\"url\":\"https:\/\/www.modapelle.gr\/wp-content\/uploads\/2021\/08\/mp-1968-blue-1-logo.jpg\",\"contentUrl\":\"https:\/\/www.modapelle.gr\/wp-content\/uploads\/2021\/08\/mp-1968-blue-1-logo.jpg\",\"width\":1024,\"height\":1024,\"caption\":\"Lederhandtasche mp 1968 Blau\"},{\"@type\":\"BreadcrumbList\",\"@id\":\"https:\/\/www.modapelle.gr\/de\/produkt\/lederhandtasche-mp-1968-blau\/#breadcrumb\",\"itemListElement\":[{\"@type\":\"ListItem\",\"position\":1,\"name\":\"Modapelle\",\"item\":\"https:\/\/www.modapelle.gr\/de\/\"},{\"@type\":\"ListItem\",\"position\":2,\"name\":\"Shop\",\"item\":\"https:\/\/www.modapelle.gr\/de\/shop\/\"},{\"@type\":\"ListItem\",\"position\":3,\"name\":\"Frau\",\"item\":\"https:\/\/www.modapelle.gr\/de\/produkt-kategorie\/frau\/\"},{\"@type\":\"ListItem\",\"position\":4,\"name\":\"Damenledertaschen\",\"item\":\"https:\/\/www.modapelle.gr\/de\/produkt-kategorie\/frau\/damenledertaschen\/\"},{\"@type\":\"ListItem\",\"position\":5,\"name\":\"Lederhandtasche mp 1968 Blau\"}]},{\"@type\":\"WebSite\",\"@id\":\"https:\/\/www.modapelle.gr\/de\/#website\",\"url\":\"https:\/\/www.modapelle.gr\/de\/\",\"name\":\"MODAPELLE\",\"description\":\"Lederbekleidung, Taschen & Accessoires\",\"publisher\":{\"@id\":\"https:\/\/www.modapelle.gr\/de\/#organization\"},\"potentialAction\":[{\"@type\":\"SearchAction\",\"target\":{\"@type\":\"EntryPoint\",\"urlTemplate\":\"https:\/\/www.modapelle.gr\/de\/?s={search_term_string}\"},\"query-input\":{\"@type\":\"PropertyValueSpecification\",\"valueRequired\":true,\"valueName\":\"search_term_string\"}}],\"inLanguage\":\"de\"},{\"@type\":\"Organization\",\"@id\":\"https:\/\/www.modapelle.gr\/de\/#organization\",\"name\":\"MODAPELLE\",\"url\":\"https:\/\/www.modapelle.gr\/de\/\",\"logo\":{\"@type\":\"ImageObject\",\"inLanguage\":\"de\",\"@id\":\"https:\/\/www.modapelle.gr\/de\/#\/schema\/logo\/image\/\",\"url\":\"https:\/\/www.modapelle.gr\/wp-content\/uploads\/2021\/07\/modapelle-logo.png\",\"contentUrl\":\"https:\/\/www.modapelle.gr\/wp-content\/uploads\/2021\/07\/modapelle-logo.png\",\"width\":388,\"height\":120,\"caption\":\"MODAPELLE\"},\"image\":{\"@id\":\"https:\/\/www.modapelle.gr\/de\/#\/schema\/logo\/image\/\"}}]}<\/script>\n<!-- \/ Yoast SEO plugin. -->","yoast_head_json":{"title":"Lederhandtasche mp 1968 Blau - Modapelle","description":"Lederhandtasche, hergestellt in Italien \u2013 von Modapelle. Aus 100% hochwertigem echtem Leder.","robots":{"index":"index","follow":"follow","max-snippet":"max-snippet:-1","max-image-preview":"max-image-preview:large","max-video-preview":"max-video-preview:-1"},"canonical":"https:\/\/www.modapelle.gr\/de\/produkt\/lederhandtasche-mp-1968-blau\/","og_locale":"de_DE","og_type":"article","og_title":"Lederhandtasche mp 1968 Blau - Modapelle","og_description":"Lederhandtasche, hergestellt in Italien \u2013 von Modapelle. Aus 100% hochwertigem echtem Leder.","og_url":"https:\/\/www.modapelle.gr\/de\/produkt\/lederhandtasche-mp-1968-blau\/","og_site_name":"MODAPELLE","og_image":[{"width":1024,"height":1024,"url":"https:\/\/www.modapelle.gr\/wp-content\/uploads\/2021\/08\/mp-1968-blue-1-logo.jpg","type":"image\/jpeg"}],"twitter_card":"summary_large_image","twitter_image":"https:\/\/www.modapelle.gr\/wp-content\/uploads\/2021\/08\/mp-1968-blue-fb.jpg","schema":{"@context":"https:\/\/schema.org","@graph":[{"@type":"WebPage","@id":"https:\/\/www.modapelle.gr\/de\/produkt\/lederhandtasche-mp-1968-blau\/","url":"https:\/\/www.modapelle.gr\/de\/produkt\/lederhandtasche-mp-1968-blau\/","name":"Lederhandtasche mp 1968 Blau - Modapelle","isPartOf":{"@id":"https:\/\/www.modapelle.gr\/de\/#website"},"primaryImageOfPage":{"@id":"https:\/\/www.modapelle.gr\/de\/produkt\/lederhandtasche-mp-1968-blau\/#primaryimage"},"image":{"@id":"https:\/\/www.modapelle.gr\/de\/produkt\/lederhandtasche-mp-1968-blau\/#primaryimage"},"thumbnailUrl":"https:\/\/www.modapelle.gr\/wp-content\/uploads\/2021\/08\/mp-1968-blue-1-logo.jpg","datePublished":"2021-08-16T05:56:58+00:00","description":"Lederhandtasche, hergestellt in Italien \u2013 von Modapelle. Aus 100% hochwertigem echtem Leder.","breadcrumb":{"@id":"https:\/\/www.modapelle.gr\/de\/produkt\/lederhandtasche-mp-1968-blau\/#breadcrumb"},"inLanguage":"de","potentialAction":[{"@type":"ReadAction","target":["https:\/\/www.modapelle.gr\/de\/produkt\/lederhandtasche-mp-1968-blau\/"]}]},{"@type":"ImageObject","inLanguage":"de","@id":"https:\/\/www.modapelle.gr\/de\/produkt\/lederhandtasche-mp-1968-blau\/#primaryimage","url":"https:\/\/www.modapelle.gr\/wp-content\/uploads\/2021\/08\/mp-1968-blue-1-logo.jpg","contentUrl":"https:\/\/www.modapelle.gr\/wp-content\/uploads\/2021\/08\/mp-1968-blue-1-logo.jpg","width":1024,"height":1024,"caption":"Lederhandtasche mp 1968 Blau"},{"@type":"BreadcrumbList","@id":"https:\/\/www.modapelle.gr\/de\/produkt\/lederhandtasche-mp-1968-blau\/#breadcrumb","itemListElement":[{"@type":"ListItem","position":1,"name":"Modapelle","item":"https:\/\/www.modapelle.gr\/de\/"},{"@type":"ListItem","position":2,"name":"Shop","item":"https:\/\/www.modapelle.gr\/de\/shop\/"},{"@type":"ListItem","position":3,"name":"Frau","item":"https:\/\/www.modapelle.gr\/de\/produkt-kategorie\/frau\/"},{"@type":"ListItem","position":4,"name":"Damenledertaschen","item":"https:\/\/www.modapelle.gr\/de\/produkt-kategorie\/frau\/damenledertaschen\/"},{"@type":"ListItem","position":5,"name":"Lederhandtasche mp 1968 Blau"}]},{"@type":"WebSite","@id":"https:\/\/www.modapelle.gr\/de\/#website","url":"https:\/\/www.modapelle.gr\/de\/","name":"MODAPELLE","description":"Lederbekleidung, Taschen & Accessoires","publisher":{"@id":"https:\/\/www.modapelle.gr\/de\/#organization"},"potentialAction":[{"@type":"SearchAction","target":{"@type":"EntryPoint","urlTemplate":"https:\/\/www.modapelle.gr\/de\/?s={search_term_string}"},"query-input":{"@type":"PropertyValueSpecification","valueRequired":true,"valueName":"search_term_string"}}],"inLanguage":"de"},{"@type":"Organization","@id":"https:\/\/www.modapelle.gr\/de\/#organization","name":"MODAPELLE","url":"https:\/\/www.modapelle.gr\/de\/","logo":{"@type":"ImageObject","inLanguage":"de","@id":"https:\/\/www.modapelle.gr\/de\/#\/schema\/logo\/image\/","url":"https:\/\/www.modapelle.gr\/wp-content\/uploads\/2021\/07\/modapelle-logo.png","contentUrl":"https:\/\/www.modapelle.gr\/wp-content\/uploads\/2021\/07\/modapelle-logo.png","width":388,"height":120,"caption":"MODAPELLE"},"image":{"@id":"https:\/\/www.modapelle.gr\/de\/#\/schema\/logo\/image\/"}}]}},"_links":{"self":[{"href":"https:\/\/www.modapelle.gr\/de\/wp-json\/wp\/v2\/product\/21378","targetHints":{"allow":["GET"]}}],"collection":[{"href":"https:\/\/www.modapelle.gr\/de\/wp-json\/wp\/v2\/product"}],"about":[{"href":"https:\/\/www.modapelle.gr\/de\/wp-json\/wp\/v2\/types\/product"}],"wp:featuredmedia":[{"embeddable":true,"href":"https:\/\/www.modapelle.gr\/de\/wp-json\/wp\/v2\/media\/12687"}],"wp:attachment":[{"href":"https:\/\/www.modapelle.gr\/de\/wp-json\/wp\/v2\/media?parent=21378"}],"wp:term":[{"taxonomy":"product_brand","embeddable":true,"href":"https:\/\/www.modapelle.gr\/de\/wp-json\/wp\/v2\/product_brand?post=21378"},{"taxonomy":"product_cat","embeddable":true,"href":"https:\/\/www.modapelle.gr\/de\/wp-json\/wp\/v2\/product_cat?post=21378"},{"taxonomy":"product_tag","embeddable":true,"href":"https:\/\/www.modapelle.gr\/de\/wp-json\/wp\/v2\/product_tag?post=21378"}],"curies":[{"name":"wp","href":"https:\/\/api.w.org\/{rel}","templated":true}]}}