{"id":21371,"date":"2023-04-27T09:35:58","date_gmt":"2023-04-27T06:35:58","guid":{"rendered":"https:\/\/www.modapelle.gr\/product\/lederhandtasche-mp-2006-schwarz\/"},"modified":"2023-04-27T09:35:58","modified_gmt":"2023-04-27T06:35:58","slug":"lederhandtasche-mp-2006-schwarz","status":"publish","type":"product","link":"https:\/\/www.modapelle.gr\/de\/produkt\/lederhandtasche-mp-2006-schwarz\/","title":{"rendered":"Lederhandtasche mp 2006 Schwarz"},"content":{"rendered":"<h2>Echtes Leder, hergestellt in Italien.<\/h2>\n<p>Eine Umh\u00e4ngetasche, hergestellt in Italien von Modapelle, in Schwarz. Im Inneren ist sie in zwei F\u00e4cher unterteilt, durch ein drittes Fach, das mit einem Rei\u00dfverschluss verschlossen wird. Auf der Innenseite befinden sich auch zwei Taschen, von denen eine mit einem Rei\u00dfverschluss gesichert ist.<\/p>\n<p>Die Tasche wird mit einem Lederverschluss (Clip am unteren Teil) gesichert.<\/p>\n<p>Sie kann \u00fcber eine Kette an der Schulter getragen werden (durch die Ringe verl\u00e4uft ein Lederband in derselben Farbe wie die Tasche).<\/p>\n<p>Ma\u00dfe: 28 cm x 16 cm x 8 cm.<\/p>\n","protected":false},"excerpt":{"rendered":"<div class=\"woocommerce-product-details__short-description\">\n<p>Echtes Leder, hergestellt in Italien. Eine Umh\u00e4ngetasche aus 100% hochwertigem echtem Leder von Modapelle.<\/p>\n<\/div>\n","protected":false},"featured_media":15120,"template":"","meta":{"_acf_changed":false},"product_brand":[],"product_cat":[493],"product_tag":[494,495,497,496],"class_list":{"0":"post-21371","1":"product","2":"type-product","3":"status-publish","4":"has-post-thumbnail","6":"product_cat-damenledertaschen","7":"product_tag-frau","8":"product_tag-lederhandtasche","9":"product_tag-schulter","10":"product_tag-schwarze-farbe","12":"first","13":"instock","14":"sale","15":"shipping-taxable","16":"purchasable","17":"product-type-simple"},"acf":[],"yoast_head":"<!-- This site is optimized with the Yoast SEO plugin v27.2 - https:\/\/yoast.com\/product\/yoast-seo-wordpress\/ -->\n<title>Lederhandtasche mp 2006 Schwarz - Modapelle<\/title>\n<meta name=\"description\" content=\"Echtes Leder, hergestellt in Italien. Eine Umh\u00e4ngetasche aus 100% hochwertigem echtem Leder von Modapelle.\" \/>\n<meta name=\"robots\" content=\"index, follow, max-snippet:-1, max-image-preview:large, max-video-preview:-1\" \/>\n<link rel=\"canonical\" href=\"https:\/\/www.modapelle.gr\/de\/produkt\/lederhandtasche-mp-2006-schwarz\/\" \/>\n<meta property=\"og:locale\" content=\"de_DE\" \/>\n<meta property=\"og:type\" content=\"article\" \/>\n<meta property=\"og:title\" content=\"Lederhandtasche mp 2006 Schwarz - Modapelle\" \/>\n<meta property=\"og:description\" content=\"Echtes Leder, hergestellt in Italien. Eine Umh\u00e4ngetasche aus 100% hochwertigem echtem Leder von Modapelle.\" \/>\n<meta property=\"og:url\" content=\"https:\/\/www.modapelle.gr\/de\/produkt\/lederhandtasche-mp-2006-schwarz\/\" \/>\n<meta property=\"og:site_name\" content=\"MODAPELLE\" \/>\n<meta property=\"og:image\" content=\"https:\/\/www.modapelle.gr\/wp-content\/uploads\/2023\/04\/\u0394\u03b5\u03c1\u03bc\u03ac\u03c4\u03b9\u03bd\u03b7-\u03c4\u03c3\u03ac\u03bd\u03c4\u03b1-mp-2006-\u03bc\u03b1\u03cd\u03c1\u03bf-1L.jpg\" \/>\n\t<meta property=\"og:image:width\" content=\"1200\" \/>\n\t<meta property=\"og:image:height\" content=\"1200\" \/>\n\t<meta property=\"og:image:type\" content=\"image\/jpeg\" \/>\n<meta name=\"twitter:card\" content=\"summary_large_image\" \/>\n<script type=\"application\/ld+json\" class=\"yoast-schema-graph\">{\"@context\":\"https:\/\/schema.org\",\"@graph\":[{\"@type\":\"WebPage\",\"@id\":\"https:\/\/www.modapelle.gr\/de\/produkt\/lederhandtasche-mp-2006-schwarz\/\",\"url\":\"https:\/\/www.modapelle.gr\/de\/produkt\/lederhandtasche-mp-2006-schwarz\/\",\"name\":\"Lederhandtasche mp 2006 Schwarz - Modapelle\",\"isPartOf\":{\"@id\":\"https:\/\/www.modapelle.gr\/de\/#website\"},\"primaryImageOfPage\":{\"@id\":\"https:\/\/www.modapelle.gr\/de\/produkt\/lederhandtasche-mp-2006-schwarz\/#primaryimage\"},\"image\":{\"@id\":\"https:\/\/www.modapelle.gr\/de\/produkt\/lederhandtasche-mp-2006-schwarz\/#primaryimage\"},\"thumbnailUrl\":\"https:\/\/www.modapelle.gr\/wp-content\/uploads\/2023\/04\/\u0394\u03b5\u03c1\u03bc\u03ac\u03c4\u03b9\u03bd\u03b7-\u03c4\u03c3\u03ac\u03bd\u03c4\u03b1-mp-2006-\u03bc\u03b1\u03cd\u03c1\u03bf-1L.jpg\",\"datePublished\":\"2023-04-27T06:35:58+00:00\",\"description\":\"Echtes Leder, hergestellt in Italien. Eine Umh\u00e4ngetasche aus 100% hochwertigem echtem Leder von Modapelle.\",\"breadcrumb\":{\"@id\":\"https:\/\/www.modapelle.gr\/de\/produkt\/lederhandtasche-mp-2006-schwarz\/#breadcrumb\"},\"inLanguage\":\"de\",\"potentialAction\":[{\"@type\":\"ReadAction\",\"target\":[\"https:\/\/www.modapelle.gr\/de\/produkt\/lederhandtasche-mp-2006-schwarz\/\"]}]},{\"@type\":\"ImageObject\",\"inLanguage\":\"de\",\"@id\":\"https:\/\/www.modapelle.gr\/de\/produkt\/lederhandtasche-mp-2006-schwarz\/#primaryimage\",\"url\":\"https:\/\/www.modapelle.gr\/wp-content\/uploads\/2023\/04\/\u0394\u03b5\u03c1\u03bc\u03ac\u03c4\u03b9\u03bd\u03b7-\u03c4\u03c3\u03ac\u03bd\u03c4\u03b1-mp-2006-\u03bc\u03b1\u03cd\u03c1\u03bf-1L.jpg\",\"contentUrl\":\"https:\/\/www.modapelle.gr\/wp-content\/uploads\/2023\/04\/\u0394\u03b5\u03c1\u03bc\u03ac\u03c4\u03b9\u03bd\u03b7-\u03c4\u03c3\u03ac\u03bd\u03c4\u03b1-mp-2006-\u03bc\u03b1\u03cd\u03c1\u03bf-1L.jpg\",\"width\":1200,\"height\":1200,\"caption\":\"Lederhandtasche mp 2006 Schwarz\"},{\"@type\":\"BreadcrumbList\",\"@id\":\"https:\/\/www.modapelle.gr\/de\/produkt\/lederhandtasche-mp-2006-schwarz\/#breadcrumb\",\"itemListElement\":[{\"@type\":\"ListItem\",\"position\":1,\"name\":\"Modapelle\",\"item\":\"https:\/\/www.modapelle.gr\/de\/\"},{\"@type\":\"ListItem\",\"position\":2,\"name\":\"Shop\",\"item\":\"https:\/\/www.modapelle.gr\/de\/shop\/\"},{\"@type\":\"ListItem\",\"position\":3,\"name\":\"Frau\",\"item\":\"https:\/\/www.modapelle.gr\/de\/produkt-kategorie\/frau\/\"},{\"@type\":\"ListItem\",\"position\":4,\"name\":\"Damenledertaschen\",\"item\":\"https:\/\/www.modapelle.gr\/de\/produkt-kategorie\/frau\/damenledertaschen\/\"},{\"@type\":\"ListItem\",\"position\":5,\"name\":\"Lederhandtasche mp 2006 Schwarz\"}]},{\"@type\":\"WebSite\",\"@id\":\"https:\/\/www.modapelle.gr\/de\/#website\",\"url\":\"https:\/\/www.modapelle.gr\/de\/\",\"name\":\"MODAPELLE\",\"description\":\"Lederbekleidung, Taschen & Accessoires\",\"publisher\":{\"@id\":\"https:\/\/www.modapelle.gr\/de\/#organization\"},\"potentialAction\":[{\"@type\":\"SearchAction\",\"target\":{\"@type\":\"EntryPoint\",\"urlTemplate\":\"https:\/\/www.modapelle.gr\/de\/?s={search_term_string}\"},\"query-input\":{\"@type\":\"PropertyValueSpecification\",\"valueRequired\":true,\"valueName\":\"search_term_string\"}}],\"inLanguage\":\"de\"},{\"@type\":\"Organization\",\"@id\":\"https:\/\/www.modapelle.gr\/de\/#organization\",\"name\":\"MODAPELLE\",\"url\":\"https:\/\/www.modapelle.gr\/de\/\",\"logo\":{\"@type\":\"ImageObject\",\"inLanguage\":\"de\",\"@id\":\"https:\/\/www.modapelle.gr\/de\/#\/schema\/logo\/image\/\",\"url\":\"https:\/\/www.modapelle.gr\/wp-content\/uploads\/2021\/07\/modapelle-logo.png\",\"contentUrl\":\"https:\/\/www.modapelle.gr\/wp-content\/uploads\/2021\/07\/modapelle-logo.png\",\"width\":388,\"height\":120,\"caption\":\"MODAPELLE\"},\"image\":{\"@id\":\"https:\/\/www.modapelle.gr\/de\/#\/schema\/logo\/image\/\"}}]}<\/script>\n<!-- \/ Yoast SEO plugin. -->","yoast_head_json":{"title":"Lederhandtasche mp 2006 Schwarz - Modapelle","description":"Echtes Leder, hergestellt in Italien. Eine Umh\u00e4ngetasche aus 100% hochwertigem echtem Leder von Modapelle.","robots":{"index":"index","follow":"follow","max-snippet":"max-snippet:-1","max-image-preview":"max-image-preview:large","max-video-preview":"max-video-preview:-1"},"canonical":"https:\/\/www.modapelle.gr\/de\/produkt\/lederhandtasche-mp-2006-schwarz\/","og_locale":"de_DE","og_type":"article","og_title":"Lederhandtasche mp 2006 Schwarz - Modapelle","og_description":"Echtes Leder, hergestellt in Italien. Eine Umh\u00e4ngetasche aus 100% hochwertigem echtem Leder von Modapelle.","og_url":"https:\/\/www.modapelle.gr\/de\/produkt\/lederhandtasche-mp-2006-schwarz\/","og_site_name":"MODAPELLE","og_image":[{"width":1200,"height":1200,"url":"https:\/\/www.modapelle.gr\/wp-content\/uploads\/2023\/04\/\u0394\u03b5\u03c1\u03bc\u03ac\u03c4\u03b9\u03bd\u03b7-\u03c4\u03c3\u03ac\u03bd\u03c4\u03b1-mp-2006-\u03bc\u03b1\u03cd\u03c1\u03bf-1L.jpg","type":"image\/jpeg"}],"twitter_card":"summary_large_image","schema":{"@context":"https:\/\/schema.org","@graph":[{"@type":"WebPage","@id":"https:\/\/www.modapelle.gr\/de\/produkt\/lederhandtasche-mp-2006-schwarz\/","url":"https:\/\/www.modapelle.gr\/de\/produkt\/lederhandtasche-mp-2006-schwarz\/","name":"Lederhandtasche mp 2006 Schwarz - Modapelle","isPartOf":{"@id":"https:\/\/www.modapelle.gr\/de\/#website"},"primaryImageOfPage":{"@id":"https:\/\/www.modapelle.gr\/de\/produkt\/lederhandtasche-mp-2006-schwarz\/#primaryimage"},"image":{"@id":"https:\/\/www.modapelle.gr\/de\/produkt\/lederhandtasche-mp-2006-schwarz\/#primaryimage"},"thumbnailUrl":"https:\/\/www.modapelle.gr\/wp-content\/uploads\/2023\/04\/\u0394\u03b5\u03c1\u03bc\u03ac\u03c4\u03b9\u03bd\u03b7-\u03c4\u03c3\u03ac\u03bd\u03c4\u03b1-mp-2006-\u03bc\u03b1\u03cd\u03c1\u03bf-1L.jpg","datePublished":"2023-04-27T06:35:58+00:00","description":"Echtes Leder, hergestellt in Italien. Eine Umh\u00e4ngetasche aus 100% hochwertigem echtem Leder von Modapelle.","breadcrumb":{"@id":"https:\/\/www.modapelle.gr\/de\/produkt\/lederhandtasche-mp-2006-schwarz\/#breadcrumb"},"inLanguage":"de","potentialAction":[{"@type":"ReadAction","target":["https:\/\/www.modapelle.gr\/de\/produkt\/lederhandtasche-mp-2006-schwarz\/"]}]},{"@type":"ImageObject","inLanguage":"de","@id":"https:\/\/www.modapelle.gr\/de\/produkt\/lederhandtasche-mp-2006-schwarz\/#primaryimage","url":"https:\/\/www.modapelle.gr\/wp-content\/uploads\/2023\/04\/\u0394\u03b5\u03c1\u03bc\u03ac\u03c4\u03b9\u03bd\u03b7-\u03c4\u03c3\u03ac\u03bd\u03c4\u03b1-mp-2006-\u03bc\u03b1\u03cd\u03c1\u03bf-1L.jpg","contentUrl":"https:\/\/www.modapelle.gr\/wp-content\/uploads\/2023\/04\/\u0394\u03b5\u03c1\u03bc\u03ac\u03c4\u03b9\u03bd\u03b7-\u03c4\u03c3\u03ac\u03bd\u03c4\u03b1-mp-2006-\u03bc\u03b1\u03cd\u03c1\u03bf-1L.jpg","width":1200,"height":1200,"caption":"Lederhandtasche mp 2006 Schwarz"},{"@type":"BreadcrumbList","@id":"https:\/\/www.modapelle.gr\/de\/produkt\/lederhandtasche-mp-2006-schwarz\/#breadcrumb","itemListElement":[{"@type":"ListItem","position":1,"name":"Modapelle","item":"https:\/\/www.modapelle.gr\/de\/"},{"@type":"ListItem","position":2,"name":"Shop","item":"https:\/\/www.modapelle.gr\/de\/shop\/"},{"@type":"ListItem","position":3,"name":"Frau","item":"https:\/\/www.modapelle.gr\/de\/produkt-kategorie\/frau\/"},{"@type":"ListItem","position":4,"name":"Damenledertaschen","item":"https:\/\/www.modapelle.gr\/de\/produkt-kategorie\/frau\/damenledertaschen\/"},{"@type":"ListItem","position":5,"name":"Lederhandtasche mp 2006 Schwarz"}]},{"@type":"WebSite","@id":"https:\/\/www.modapelle.gr\/de\/#website","url":"https:\/\/www.modapelle.gr\/de\/","name":"MODAPELLE","description":"Lederbekleidung, Taschen & Accessoires","publisher":{"@id":"https:\/\/www.modapelle.gr\/de\/#organization"},"potentialAction":[{"@type":"SearchAction","target":{"@type":"EntryPoint","urlTemplate":"https:\/\/www.modapelle.gr\/de\/?s={search_term_string}"},"query-input":{"@type":"PropertyValueSpecification","valueRequired":true,"valueName":"search_term_string"}}],"inLanguage":"de"},{"@type":"Organization","@id":"https:\/\/www.modapelle.gr\/de\/#organization","name":"MODAPELLE","url":"https:\/\/www.modapelle.gr\/de\/","logo":{"@type":"ImageObject","inLanguage":"de","@id":"https:\/\/www.modapelle.gr\/de\/#\/schema\/logo\/image\/","url":"https:\/\/www.modapelle.gr\/wp-content\/uploads\/2021\/07\/modapelle-logo.png","contentUrl":"https:\/\/www.modapelle.gr\/wp-content\/uploads\/2021\/07\/modapelle-logo.png","width":388,"height":120,"caption":"MODAPELLE"},"image":{"@id":"https:\/\/www.modapelle.gr\/de\/#\/schema\/logo\/image\/"}}]}},"_links":{"self":[{"href":"https:\/\/www.modapelle.gr\/de\/wp-json\/wp\/v2\/product\/21371","targetHints":{"allow":["GET"]}}],"collection":[{"href":"https:\/\/www.modapelle.gr\/de\/wp-json\/wp\/v2\/product"}],"about":[{"href":"https:\/\/www.modapelle.gr\/de\/wp-json\/wp\/v2\/types\/product"}],"wp:featuredmedia":[{"embeddable":true,"href":"https:\/\/www.modapelle.gr\/de\/wp-json\/wp\/v2\/media\/15120"}],"wp:attachment":[{"href":"https:\/\/www.modapelle.gr\/de\/wp-json\/wp\/v2\/media?parent=21371"}],"wp:term":[{"taxonomy":"product_brand","embeddable":true,"href":"https:\/\/www.modapelle.gr\/de\/wp-json\/wp\/v2\/product_brand?post=21371"},{"taxonomy":"product_cat","embeddable":true,"href":"https:\/\/www.modapelle.gr\/de\/wp-json\/wp\/v2\/product_cat?post=21371"},{"taxonomy":"product_tag","embeddable":true,"href":"https:\/\/www.modapelle.gr\/de\/wp-json\/wp\/v2\/product_tag?post=21371"}],"curies":[{"name":"wp","href":"https:\/\/api.w.org\/{rel}","templated":true}]}}