{"id":21367,"date":"2023-04-27T10:04:44","date_gmt":"2023-04-27T07:04:44","guid":{"rendered":"https:\/\/www.modapelle.gr\/product\/lederrucksack-mp-2007-hellbraun\/"},"modified":"2023-04-27T10:04:44","modified_gmt":"2023-04-27T07:04:44","slug":"lederrucksack-mp-2007-hellbraun","status":"publish","type":"product","link":"https:\/\/www.modapelle.gr\/de\/produkt\/lederrucksack-mp-2007-hellbraun\/","title":{"rendered":"Lederrucksack mp 2007 Hellbraun"},"content":{"rendered":"<h2>Leder Rucksack!<\/h2>\n<p>Ein einzigartiger Rucksack von Modapelle, hergestellt in Italien, in Hellbrauner Farbe und aus hochwertigem Leder.<\/p>\n<p>Der Rucksack verf\u00fcgt \u00fcber ein Hauptfach, zwei Innenf\u00e4cher (eines davon mit Rei\u00dfverschluss) und drei Au\u00dfentaschen mit Rei\u00dfverschluss auf der Vorderseite (eine Haupttasche und zwei vertikale Taschen). Dar\u00fcber hinaus gibt es zwei Seitentaschen f\u00fcr Flaschen. Der Rucksack ist auch mit einem ledernen Griff und zwei verstellbaren Ledergurten f\u00fcr den R\u00fccken ausgestattet. Dieser Rucksack ist ideal f\u00fcr den t\u00e4glichen Gebrauch und kann Sie stilvoll und bequem bei allen Ihren Aktivit\u00e4ten begleiten.<\/p>\n","protected":false},"excerpt":{"rendered":"<p>Einzigartiger Rucksack, hergestellt in Italien &#8211; von Modapelle, in Hellbrauner Farbe, aus hochwertigem Leder. Ideal f\u00fcr jede Gelegenheit. Ein Rucksack, der Ihnen und Ihren Outfits Komfort bietet!<\/p>\n","protected":false},"featured_media":15224,"template":"","meta":{"_acf_changed":false},"product_brand":[],"product_cat":[493],"product_tag":[494,649,605],"class_list":{"0":"post-21367","1":"product","2":"type-product","3":"status-publish","4":"has-post-thumbnail","6":"product_cat-damenledertaschen","7":"product_tag-frau","8":"product_tag-hellbraun-de","9":"product_tag-leder-rucksack","11":"first","12":"instock","13":"sale","14":"shipping-taxable","15":"purchasable","16":"product-type-simple"},"acf":[],"yoast_head":"<!-- This site is optimized with the Yoast SEO plugin v27.4 - https:\/\/yoast.com\/product\/yoast-seo-wordpress\/ -->\n<title>Lederrucksack mp 2007 Hellbraun - Modapelle<\/title>\n<meta name=\"description\" content=\"Einzigartiger Rucksack, hergestellt in Italien - von Modapelle, in Hellbrauner Farbe, aus hochwertigem Leder. Ideal f\u00fcr jede Gelegenheit.\" \/>\n<meta name=\"robots\" content=\"index, follow, max-snippet:-1, max-image-preview:large, max-video-preview:-1\" \/>\n<link rel=\"canonical\" href=\"https:\/\/www.modapelle.gr\/de\/produkt\/lederrucksack-mp-2007-hellbraun\/\" \/>\n<meta property=\"og:locale\" content=\"de_DE\" \/>\n<meta property=\"og:type\" content=\"article\" \/>\n<meta property=\"og:title\" content=\"Lederrucksack mp 2007 Hellbraun - Modapelle\" \/>\n<meta property=\"og:description\" content=\"Einzigartiger Rucksack, hergestellt in Italien - von Modapelle, in Hellbrauner Farbe, aus hochwertigem Leder. Ideal f\u00fcr jede Gelegenheit.\" \/>\n<meta property=\"og:url\" content=\"https:\/\/www.modapelle.gr\/de\/produkt\/lederrucksack-mp-2007-hellbraun\/\" \/>\n<meta property=\"og:site_name\" content=\"MODAPELLE\" \/>\n<meta property=\"og:image\" content=\"https:\/\/www.modapelle.gr\/wp-content\/uploads\/2023\/04\/\u0394\u03b5\u03c1\u03bc\u03ac\u03c4\u03b9\u03bd\u03b7-\u03c4\u03c3\u03ac\u03bd\u03c4\u03b1-mp-2007-\u03c4\u03b1\u03bc\u03c0\u03ac-1L.jpg\" \/>\n\t<meta property=\"og:image:width\" content=\"1200\" \/>\n\t<meta property=\"og:image:height\" content=\"1200\" \/>\n\t<meta property=\"og:image:type\" content=\"image\/jpeg\" \/>\n<meta name=\"twitter:card\" content=\"summary_large_image\" \/>\n<script type=\"application\/ld+json\" class=\"yoast-schema-graph\">{\"@context\":\"https:\\\/\\\/schema.org\",\"@graph\":[{\"@type\":\"WebPage\",\"@id\":\"https:\\\/\\\/www.modapelle.gr\\\/de\\\/produkt\\\/lederrucksack-mp-2007-hellbraun\\\/\",\"url\":\"https:\\\/\\\/www.modapelle.gr\\\/de\\\/produkt\\\/lederrucksack-mp-2007-hellbraun\\\/\",\"name\":\"Lederrucksack mp 2007 Hellbraun - Modapelle\",\"isPartOf\":{\"@id\":\"https:\\\/\\\/www.modapelle.gr\\\/de\\\/#website\"},\"primaryImageOfPage\":{\"@id\":\"https:\\\/\\\/www.modapelle.gr\\\/de\\\/produkt\\\/lederrucksack-mp-2007-hellbraun\\\/#primaryimage\"},\"image\":{\"@id\":\"https:\\\/\\\/www.modapelle.gr\\\/de\\\/produkt\\\/lederrucksack-mp-2007-hellbraun\\\/#primaryimage\"},\"thumbnailUrl\":\"https:\\\/\\\/www.modapelle.gr\\\/wp-content\\\/uploads\\\/2023\\\/04\\\/\u0394\u03b5\u03c1\u03bc\u03ac\u03c4\u03b9\u03bd\u03b7-\u03c4\u03c3\u03ac\u03bd\u03c4\u03b1-mp-2007-\u03c4\u03b1\u03bc\u03c0\u03ac-1L.jpg\",\"datePublished\":\"2023-04-27T07:04:44+00:00\",\"description\":\"Einzigartiger Rucksack, hergestellt in Italien - von Modapelle, in Hellbrauner Farbe, aus hochwertigem Leder. Ideal f\u00fcr jede Gelegenheit.\",\"breadcrumb\":{\"@id\":\"https:\\\/\\\/www.modapelle.gr\\\/de\\\/produkt\\\/lederrucksack-mp-2007-hellbraun\\\/#breadcrumb\"},\"inLanguage\":\"de\",\"potentialAction\":[{\"@type\":\"ReadAction\",\"target\":[\"https:\\\/\\\/www.modapelle.gr\\\/de\\\/produkt\\\/lederrucksack-mp-2007-hellbraun\\\/\"]}]},{\"@type\":\"ImageObject\",\"inLanguage\":\"de\",\"@id\":\"https:\\\/\\\/www.modapelle.gr\\\/de\\\/produkt\\\/lederrucksack-mp-2007-hellbraun\\\/#primaryimage\",\"url\":\"https:\\\/\\\/www.modapelle.gr\\\/wp-content\\\/uploads\\\/2023\\\/04\\\/\u0394\u03b5\u03c1\u03bc\u03ac\u03c4\u03b9\u03bd\u03b7-\u03c4\u03c3\u03ac\u03bd\u03c4\u03b1-mp-2007-\u03c4\u03b1\u03bc\u03c0\u03ac-1L.jpg\",\"contentUrl\":\"https:\\\/\\\/www.modapelle.gr\\\/wp-content\\\/uploads\\\/2023\\\/04\\\/\u0394\u03b5\u03c1\u03bc\u03ac\u03c4\u03b9\u03bd\u03b7-\u03c4\u03c3\u03ac\u03bd\u03c4\u03b1-mp-2007-\u03c4\u03b1\u03bc\u03c0\u03ac-1L.jpg\",\"width\":1200,\"height\":1200,\"caption\":\"Lederrucksack mp 2007 Hellbraun\"},{\"@type\":\"BreadcrumbList\",\"@id\":\"https:\\\/\\\/www.modapelle.gr\\\/de\\\/produkt\\\/lederrucksack-mp-2007-hellbraun\\\/#breadcrumb\",\"itemListElement\":[{\"@type\":\"ListItem\",\"position\":1,\"name\":\"Modapelle\",\"item\":\"https:\\\/\\\/www.modapelle.gr\\\/de\\\/\"},{\"@type\":\"ListItem\",\"position\":2,\"name\":\"Shop\",\"item\":\"https:\\\/\\\/www.modapelle.gr\\\/de\\\/shop\\\/\"},{\"@type\":\"ListItem\",\"position\":3,\"name\":\"Frau\",\"item\":\"https:\\\/\\\/www.modapelle.gr\\\/de\\\/produkt-kategorie\\\/frau\\\/\"},{\"@type\":\"ListItem\",\"position\":4,\"name\":\"Damenledertaschen\",\"item\":\"https:\\\/\\\/www.modapelle.gr\\\/de\\\/produkt-kategorie\\\/frau\\\/damenledertaschen\\\/\"},{\"@type\":\"ListItem\",\"position\":5,\"name\":\"Lederrucksack mp 2007 Hellbraun\"}]},{\"@type\":\"WebSite\",\"@id\":\"https:\\\/\\\/www.modapelle.gr\\\/de\\\/#website\",\"url\":\"https:\\\/\\\/www.modapelle.gr\\\/de\\\/\",\"name\":\"MODAPELLE\",\"description\":\"Lederbekleidung, Taschen & Accessoires\",\"publisher\":{\"@id\":\"https:\\\/\\\/www.modapelle.gr\\\/de\\\/#organization\"},\"potentialAction\":[{\"@type\":\"SearchAction\",\"target\":{\"@type\":\"EntryPoint\",\"urlTemplate\":\"https:\\\/\\\/www.modapelle.gr\\\/de\\\/?s={search_term_string}\"},\"query-input\":{\"@type\":\"PropertyValueSpecification\",\"valueRequired\":true,\"valueName\":\"search_term_string\"}}],\"inLanguage\":\"de\"},{\"@type\":\"Organization\",\"@id\":\"https:\\\/\\\/www.modapelle.gr\\\/de\\\/#organization\",\"name\":\"MODAPELLE\",\"url\":\"https:\\\/\\\/www.modapelle.gr\\\/de\\\/\",\"logo\":{\"@type\":\"ImageObject\",\"inLanguage\":\"de\",\"@id\":\"https:\\\/\\\/www.modapelle.gr\\\/de\\\/#\\\/schema\\\/logo\\\/image\\\/\",\"url\":\"https:\\\/\\\/www.modapelle.gr\\\/wp-content\\\/uploads\\\/2021\\\/07\\\/modapelle-logo.png\",\"contentUrl\":\"https:\\\/\\\/www.modapelle.gr\\\/wp-content\\\/uploads\\\/2021\\\/07\\\/modapelle-logo.png\",\"width\":388,\"height\":120,\"caption\":\"MODAPELLE\"},\"image\":{\"@id\":\"https:\\\/\\\/www.modapelle.gr\\\/de\\\/#\\\/schema\\\/logo\\\/image\\\/\"}}]}<\/script>\n<!-- \/ Yoast SEO plugin. -->","yoast_head_json":{"title":"Lederrucksack mp 2007 Hellbraun - Modapelle","description":"Einzigartiger Rucksack, hergestellt in Italien - von Modapelle, in Hellbrauner Farbe, aus hochwertigem Leder. Ideal f\u00fcr jede Gelegenheit.","robots":{"index":"index","follow":"follow","max-snippet":"max-snippet:-1","max-image-preview":"max-image-preview:large","max-video-preview":"max-video-preview:-1"},"canonical":"https:\/\/www.modapelle.gr\/de\/produkt\/lederrucksack-mp-2007-hellbraun\/","og_locale":"de_DE","og_type":"article","og_title":"Lederrucksack mp 2007 Hellbraun - Modapelle","og_description":"Einzigartiger Rucksack, hergestellt in Italien - von Modapelle, in Hellbrauner Farbe, aus hochwertigem Leder. Ideal f\u00fcr jede Gelegenheit.","og_url":"https:\/\/www.modapelle.gr\/de\/produkt\/lederrucksack-mp-2007-hellbraun\/","og_site_name":"MODAPELLE","og_image":[{"width":1200,"height":1200,"url":"https:\/\/www.modapelle.gr\/wp-content\/uploads\/2023\/04\/\u0394\u03b5\u03c1\u03bc\u03ac\u03c4\u03b9\u03bd\u03b7-\u03c4\u03c3\u03ac\u03bd\u03c4\u03b1-mp-2007-\u03c4\u03b1\u03bc\u03c0\u03ac-1L.jpg","type":"image\/jpeg"}],"twitter_card":"summary_large_image","schema":{"@context":"https:\/\/schema.org","@graph":[{"@type":"WebPage","@id":"https:\/\/www.modapelle.gr\/de\/produkt\/lederrucksack-mp-2007-hellbraun\/","url":"https:\/\/www.modapelle.gr\/de\/produkt\/lederrucksack-mp-2007-hellbraun\/","name":"Lederrucksack mp 2007 Hellbraun - Modapelle","isPartOf":{"@id":"https:\/\/www.modapelle.gr\/de\/#website"},"primaryImageOfPage":{"@id":"https:\/\/www.modapelle.gr\/de\/produkt\/lederrucksack-mp-2007-hellbraun\/#primaryimage"},"image":{"@id":"https:\/\/www.modapelle.gr\/de\/produkt\/lederrucksack-mp-2007-hellbraun\/#primaryimage"},"thumbnailUrl":"https:\/\/www.modapelle.gr\/wp-content\/uploads\/2023\/04\/\u0394\u03b5\u03c1\u03bc\u03ac\u03c4\u03b9\u03bd\u03b7-\u03c4\u03c3\u03ac\u03bd\u03c4\u03b1-mp-2007-\u03c4\u03b1\u03bc\u03c0\u03ac-1L.jpg","datePublished":"2023-04-27T07:04:44+00:00","description":"Einzigartiger Rucksack, hergestellt in Italien - von Modapelle, in Hellbrauner Farbe, aus hochwertigem Leder. Ideal f\u00fcr jede Gelegenheit.","breadcrumb":{"@id":"https:\/\/www.modapelle.gr\/de\/produkt\/lederrucksack-mp-2007-hellbraun\/#breadcrumb"},"inLanguage":"de","potentialAction":[{"@type":"ReadAction","target":["https:\/\/www.modapelle.gr\/de\/produkt\/lederrucksack-mp-2007-hellbraun\/"]}]},{"@type":"ImageObject","inLanguage":"de","@id":"https:\/\/www.modapelle.gr\/de\/produkt\/lederrucksack-mp-2007-hellbraun\/#primaryimage","url":"https:\/\/www.modapelle.gr\/wp-content\/uploads\/2023\/04\/\u0394\u03b5\u03c1\u03bc\u03ac\u03c4\u03b9\u03bd\u03b7-\u03c4\u03c3\u03ac\u03bd\u03c4\u03b1-mp-2007-\u03c4\u03b1\u03bc\u03c0\u03ac-1L.jpg","contentUrl":"https:\/\/www.modapelle.gr\/wp-content\/uploads\/2023\/04\/\u0394\u03b5\u03c1\u03bc\u03ac\u03c4\u03b9\u03bd\u03b7-\u03c4\u03c3\u03ac\u03bd\u03c4\u03b1-mp-2007-\u03c4\u03b1\u03bc\u03c0\u03ac-1L.jpg","width":1200,"height":1200,"caption":"Lederrucksack mp 2007 Hellbraun"},{"@type":"BreadcrumbList","@id":"https:\/\/www.modapelle.gr\/de\/produkt\/lederrucksack-mp-2007-hellbraun\/#breadcrumb","itemListElement":[{"@type":"ListItem","position":1,"name":"Modapelle","item":"https:\/\/www.modapelle.gr\/de\/"},{"@type":"ListItem","position":2,"name":"Shop","item":"https:\/\/www.modapelle.gr\/de\/shop\/"},{"@type":"ListItem","position":3,"name":"Frau","item":"https:\/\/www.modapelle.gr\/de\/produkt-kategorie\/frau\/"},{"@type":"ListItem","position":4,"name":"Damenledertaschen","item":"https:\/\/www.modapelle.gr\/de\/produkt-kategorie\/frau\/damenledertaschen\/"},{"@type":"ListItem","position":5,"name":"Lederrucksack mp 2007 Hellbraun"}]},{"@type":"WebSite","@id":"https:\/\/www.modapelle.gr\/de\/#website","url":"https:\/\/www.modapelle.gr\/de\/","name":"MODAPELLE","description":"Lederbekleidung, Taschen & Accessoires","publisher":{"@id":"https:\/\/www.modapelle.gr\/de\/#organization"},"potentialAction":[{"@type":"SearchAction","target":{"@type":"EntryPoint","urlTemplate":"https:\/\/www.modapelle.gr\/de\/?s={search_term_string}"},"query-input":{"@type":"PropertyValueSpecification","valueRequired":true,"valueName":"search_term_string"}}],"inLanguage":"de"},{"@type":"Organization","@id":"https:\/\/www.modapelle.gr\/de\/#organization","name":"MODAPELLE","url":"https:\/\/www.modapelle.gr\/de\/","logo":{"@type":"ImageObject","inLanguage":"de","@id":"https:\/\/www.modapelle.gr\/de\/#\/schema\/logo\/image\/","url":"https:\/\/www.modapelle.gr\/wp-content\/uploads\/2021\/07\/modapelle-logo.png","contentUrl":"https:\/\/www.modapelle.gr\/wp-content\/uploads\/2021\/07\/modapelle-logo.png","width":388,"height":120,"caption":"MODAPELLE"},"image":{"@id":"https:\/\/www.modapelle.gr\/de\/#\/schema\/logo\/image\/"}}]}},"_links":{"self":[{"href":"https:\/\/www.modapelle.gr\/de\/wp-json\/wp\/v2\/product\/21367","targetHints":{"allow":["GET"]}}],"collection":[{"href":"https:\/\/www.modapelle.gr\/de\/wp-json\/wp\/v2\/product"}],"about":[{"href":"https:\/\/www.modapelle.gr\/de\/wp-json\/wp\/v2\/types\/product"}],"wp:featuredmedia":[{"embeddable":true,"href":"https:\/\/www.modapelle.gr\/de\/wp-json\/wp\/v2\/media\/15224"}],"wp:attachment":[{"href":"https:\/\/www.modapelle.gr\/de\/wp-json\/wp\/v2\/media?parent=21367"}],"wp:term":[{"taxonomy":"product_brand","embeddable":true,"href":"https:\/\/www.modapelle.gr\/de\/wp-json\/wp\/v2\/product_brand?post=21367"},{"taxonomy":"product_cat","embeddable":true,"href":"https:\/\/www.modapelle.gr\/de\/wp-json\/wp\/v2\/product_cat?post=21367"},{"taxonomy":"product_tag","embeddable":true,"href":"https:\/\/www.modapelle.gr\/de\/wp-json\/wp\/v2\/product_tag?post=21367"}],"curies":[{"name":"wp","href":"https:\/\/api.w.org\/{rel}","templated":true}]}}