{"id":21356,"date":"2023-04-28T20:20:05","date_gmt":"2023-04-28T17:20:05","guid":{"rendered":"https:\/\/www.modapelle.gr\/product\/lederschultertasche-mp-2011-schwarz\/"},"modified":"2023-04-28T20:20:05","modified_gmt":"2023-04-28T17:20:05","slug":"lederschultertasche-mp-2011-schwarz","status":"publish","type":"product","link":"https:\/\/www.modapelle.gr\/de\/produkt\/lederschultertasche-mp-2011-schwarz\/","title":{"rendered":"Lederschultertasche mp 2011 Schwarz"},"content":{"rendered":"<h2>Eine echte Ledertasche, hergestellt in Italien.<\/h2>\n<p>Eine Schultertasche von Modapelle in Schwarz. Sie verf\u00fcgt \u00fcber 2 separate F\u00e4cher. Im Inneren hat sie zus\u00e4tzlich eine Tasche, die mit einem Rei\u00dfverschluss gesichert ist.<\/p>\n<p>Die Tasche wird mit einer Lederverschlussklappe (Clip am unteren Teil) verschlossen.<\/p>\n<p>Sie kann \u00fcber eine Kette an der Schulter getragen werden.<\/p>\n<p>Abmessungen: 20 cm x 15 cm x 9 cm.<\/p>\n","protected":false},"excerpt":{"rendered":"<h3><strong>Genuine Leather<\/strong><\/h3>\n<p>Schultertasche, hergestellt in Italien von Modapelle. Hergestellt aus 100% hochwertigem echtem Leder.<\/p>\n","protected":false},"featured_media":15855,"template":"","meta":{"_acf_changed":false},"product_brand":[],"product_cat":[493],"product_tag":[494,495,497,496],"class_list":{"0":"post-21356","1":"product","2":"type-product","3":"status-publish","4":"has-post-thumbnail","6":"product_cat-damenledertaschen","7":"product_tag-frau","8":"product_tag-lederhandtasche","9":"product_tag-schulter","10":"product_tag-schwarze-farbe","12":"first","13":"outofstock","14":"sale","15":"shipping-taxable","16":"purchasable","17":"product-type-simple"},"acf":[],"yoast_head":"<!-- This site is optimized with the Yoast SEO plugin v27.4 - https:\/\/yoast.com\/product\/yoast-seo-wordpress\/ -->\n<title>Lederschultertasche mp 2011 Schwarz - Modapelle<\/title>\n<meta name=\"description\" content=\"Schultertasche, hergestellt in Italien von Modapelle. Hergestellt aus 100% hochwertigem echtem Leder.\" \/>\n<meta name=\"robots\" content=\"index, follow, max-snippet:-1, max-image-preview:large, max-video-preview:-1\" \/>\n<link rel=\"canonical\" href=\"https:\/\/www.modapelle.gr\/de\/produkt\/lederschultertasche-mp-2011-schwarz\/\" \/>\n<meta property=\"og:locale\" content=\"de_DE\" \/>\n<meta property=\"og:type\" content=\"article\" \/>\n<meta property=\"og:title\" content=\"Lederschultertasche mp 2011 Schwarz - Modapelle\" \/>\n<meta property=\"og:description\" content=\"Schultertasche, hergestellt in Italien von Modapelle. Hergestellt aus 100% hochwertigem echtem Leder.\" \/>\n<meta property=\"og:url\" content=\"https:\/\/www.modapelle.gr\/de\/produkt\/lederschultertasche-mp-2011-schwarz\/\" \/>\n<meta property=\"og:site_name\" content=\"MODAPELLE\" \/>\n<meta property=\"og:image\" content=\"https:\/\/www.modapelle.gr\/wp-content\/uploads\/2023\/04\/\u0394\u03b5\u03c1\u03bc\u03ac\u03c4\u03b9\u03bd\u03b7-\u03c4\u03c3\u03ac\u03bd\u03c4\u03b1-mp-2011-\u03bc\u03b1\u03cd\u03c1\u03bf-1L.jpg\" \/>\n\t<meta property=\"og:image:width\" content=\"1200\" \/>\n\t<meta property=\"og:image:height\" content=\"1200\" \/>\n\t<meta property=\"og:image:type\" content=\"image\/jpeg\" \/>\n<meta name=\"twitter:card\" content=\"summary_large_image\" \/>\n<script type=\"application\/ld+json\" class=\"yoast-schema-graph\">{\"@context\":\"https:\\\/\\\/schema.org\",\"@graph\":[{\"@type\":\"WebPage\",\"@id\":\"https:\\\/\\\/www.modapelle.gr\\\/de\\\/produkt\\\/lederschultertasche-mp-2011-schwarz\\\/\",\"url\":\"https:\\\/\\\/www.modapelle.gr\\\/de\\\/produkt\\\/lederschultertasche-mp-2011-schwarz\\\/\",\"name\":\"Lederschultertasche mp 2011 Schwarz - Modapelle\",\"isPartOf\":{\"@id\":\"https:\\\/\\\/www.modapelle.gr\\\/de\\\/#website\"},\"primaryImageOfPage\":{\"@id\":\"https:\\\/\\\/www.modapelle.gr\\\/de\\\/produkt\\\/lederschultertasche-mp-2011-schwarz\\\/#primaryimage\"},\"image\":{\"@id\":\"https:\\\/\\\/www.modapelle.gr\\\/de\\\/produkt\\\/lederschultertasche-mp-2011-schwarz\\\/#primaryimage\"},\"thumbnailUrl\":\"https:\\\/\\\/www.modapelle.gr\\\/wp-content\\\/uploads\\\/2023\\\/04\\\/\u0394\u03b5\u03c1\u03bc\u03ac\u03c4\u03b9\u03bd\u03b7-\u03c4\u03c3\u03ac\u03bd\u03c4\u03b1-mp-2011-\u03bc\u03b1\u03cd\u03c1\u03bf-1L.jpg\",\"datePublished\":\"2023-04-28T17:20:05+00:00\",\"description\":\"Schultertasche, hergestellt in Italien von Modapelle. Hergestellt aus 100% hochwertigem echtem Leder.\",\"breadcrumb\":{\"@id\":\"https:\\\/\\\/www.modapelle.gr\\\/de\\\/produkt\\\/lederschultertasche-mp-2011-schwarz\\\/#breadcrumb\"},\"inLanguage\":\"de\",\"potentialAction\":[{\"@type\":\"ReadAction\",\"target\":[\"https:\\\/\\\/www.modapelle.gr\\\/de\\\/produkt\\\/lederschultertasche-mp-2011-schwarz\\\/\"]}]},{\"@type\":\"ImageObject\",\"inLanguage\":\"de\",\"@id\":\"https:\\\/\\\/www.modapelle.gr\\\/de\\\/produkt\\\/lederschultertasche-mp-2011-schwarz\\\/#primaryimage\",\"url\":\"https:\\\/\\\/www.modapelle.gr\\\/wp-content\\\/uploads\\\/2023\\\/04\\\/\u0394\u03b5\u03c1\u03bc\u03ac\u03c4\u03b9\u03bd\u03b7-\u03c4\u03c3\u03ac\u03bd\u03c4\u03b1-mp-2011-\u03bc\u03b1\u03cd\u03c1\u03bf-1L.jpg\",\"contentUrl\":\"https:\\\/\\\/www.modapelle.gr\\\/wp-content\\\/uploads\\\/2023\\\/04\\\/\u0394\u03b5\u03c1\u03bc\u03ac\u03c4\u03b9\u03bd\u03b7-\u03c4\u03c3\u03ac\u03bd\u03c4\u03b1-mp-2011-\u03bc\u03b1\u03cd\u03c1\u03bf-1L.jpg\",\"width\":1200,\"height\":1200,\"caption\":\"Lederschultertasche mp 2011 Schwarz\"},{\"@type\":\"BreadcrumbList\",\"@id\":\"https:\\\/\\\/www.modapelle.gr\\\/de\\\/produkt\\\/lederschultertasche-mp-2011-schwarz\\\/#breadcrumb\",\"itemListElement\":[{\"@type\":\"ListItem\",\"position\":1,\"name\":\"Modapelle\",\"item\":\"https:\\\/\\\/www.modapelle.gr\\\/de\\\/\"},{\"@type\":\"ListItem\",\"position\":2,\"name\":\"Shop\",\"item\":\"https:\\\/\\\/www.modapelle.gr\\\/de\\\/shop\\\/\"},{\"@type\":\"ListItem\",\"position\":3,\"name\":\"Frau\",\"item\":\"https:\\\/\\\/www.modapelle.gr\\\/de\\\/produkt-kategorie\\\/frau\\\/\"},{\"@type\":\"ListItem\",\"position\":4,\"name\":\"Damenledertaschen\",\"item\":\"https:\\\/\\\/www.modapelle.gr\\\/de\\\/produkt-kategorie\\\/frau\\\/damenledertaschen\\\/\"},{\"@type\":\"ListItem\",\"position\":5,\"name\":\"Lederschultertasche mp 2011 Schwarz\"}]},{\"@type\":\"WebSite\",\"@id\":\"https:\\\/\\\/www.modapelle.gr\\\/de\\\/#website\",\"url\":\"https:\\\/\\\/www.modapelle.gr\\\/de\\\/\",\"name\":\"MODAPELLE\",\"description\":\"Lederbekleidung, Taschen & Accessoires\",\"publisher\":{\"@id\":\"https:\\\/\\\/www.modapelle.gr\\\/de\\\/#organization\"},\"potentialAction\":[{\"@type\":\"SearchAction\",\"target\":{\"@type\":\"EntryPoint\",\"urlTemplate\":\"https:\\\/\\\/www.modapelle.gr\\\/de\\\/?s={search_term_string}\"},\"query-input\":{\"@type\":\"PropertyValueSpecification\",\"valueRequired\":true,\"valueName\":\"search_term_string\"}}],\"inLanguage\":\"de\"},{\"@type\":\"Organization\",\"@id\":\"https:\\\/\\\/www.modapelle.gr\\\/de\\\/#organization\",\"name\":\"MODAPELLE\",\"url\":\"https:\\\/\\\/www.modapelle.gr\\\/de\\\/\",\"logo\":{\"@type\":\"ImageObject\",\"inLanguage\":\"de\",\"@id\":\"https:\\\/\\\/www.modapelle.gr\\\/de\\\/#\\\/schema\\\/logo\\\/image\\\/\",\"url\":\"https:\\\/\\\/www.modapelle.gr\\\/wp-content\\\/uploads\\\/2021\\\/07\\\/modapelle-logo.png\",\"contentUrl\":\"https:\\\/\\\/www.modapelle.gr\\\/wp-content\\\/uploads\\\/2021\\\/07\\\/modapelle-logo.png\",\"width\":388,\"height\":120,\"caption\":\"MODAPELLE\"},\"image\":{\"@id\":\"https:\\\/\\\/www.modapelle.gr\\\/de\\\/#\\\/schema\\\/logo\\\/image\\\/\"}}]}<\/script>\n<!-- \/ Yoast SEO plugin. -->","yoast_head_json":{"title":"Lederschultertasche mp 2011 Schwarz - Modapelle","description":"Schultertasche, hergestellt in Italien von Modapelle. Hergestellt aus 100% hochwertigem echtem Leder.","robots":{"index":"index","follow":"follow","max-snippet":"max-snippet:-1","max-image-preview":"max-image-preview:large","max-video-preview":"max-video-preview:-1"},"canonical":"https:\/\/www.modapelle.gr\/de\/produkt\/lederschultertasche-mp-2011-schwarz\/","og_locale":"de_DE","og_type":"article","og_title":"Lederschultertasche mp 2011 Schwarz - Modapelle","og_description":"Schultertasche, hergestellt in Italien von Modapelle. Hergestellt aus 100% hochwertigem echtem Leder.","og_url":"https:\/\/www.modapelle.gr\/de\/produkt\/lederschultertasche-mp-2011-schwarz\/","og_site_name":"MODAPELLE","og_image":[{"width":1200,"height":1200,"url":"https:\/\/www.modapelle.gr\/wp-content\/uploads\/2023\/04\/\u0394\u03b5\u03c1\u03bc\u03ac\u03c4\u03b9\u03bd\u03b7-\u03c4\u03c3\u03ac\u03bd\u03c4\u03b1-mp-2011-\u03bc\u03b1\u03cd\u03c1\u03bf-1L.jpg","type":"image\/jpeg"}],"twitter_card":"summary_large_image","schema":{"@context":"https:\/\/schema.org","@graph":[{"@type":"WebPage","@id":"https:\/\/www.modapelle.gr\/de\/produkt\/lederschultertasche-mp-2011-schwarz\/","url":"https:\/\/www.modapelle.gr\/de\/produkt\/lederschultertasche-mp-2011-schwarz\/","name":"Lederschultertasche mp 2011 Schwarz - Modapelle","isPartOf":{"@id":"https:\/\/www.modapelle.gr\/de\/#website"},"primaryImageOfPage":{"@id":"https:\/\/www.modapelle.gr\/de\/produkt\/lederschultertasche-mp-2011-schwarz\/#primaryimage"},"image":{"@id":"https:\/\/www.modapelle.gr\/de\/produkt\/lederschultertasche-mp-2011-schwarz\/#primaryimage"},"thumbnailUrl":"https:\/\/www.modapelle.gr\/wp-content\/uploads\/2023\/04\/\u0394\u03b5\u03c1\u03bc\u03ac\u03c4\u03b9\u03bd\u03b7-\u03c4\u03c3\u03ac\u03bd\u03c4\u03b1-mp-2011-\u03bc\u03b1\u03cd\u03c1\u03bf-1L.jpg","datePublished":"2023-04-28T17:20:05+00:00","description":"Schultertasche, hergestellt in Italien von Modapelle. Hergestellt aus 100% hochwertigem echtem Leder.","breadcrumb":{"@id":"https:\/\/www.modapelle.gr\/de\/produkt\/lederschultertasche-mp-2011-schwarz\/#breadcrumb"},"inLanguage":"de","potentialAction":[{"@type":"ReadAction","target":["https:\/\/www.modapelle.gr\/de\/produkt\/lederschultertasche-mp-2011-schwarz\/"]}]},{"@type":"ImageObject","inLanguage":"de","@id":"https:\/\/www.modapelle.gr\/de\/produkt\/lederschultertasche-mp-2011-schwarz\/#primaryimage","url":"https:\/\/www.modapelle.gr\/wp-content\/uploads\/2023\/04\/\u0394\u03b5\u03c1\u03bc\u03ac\u03c4\u03b9\u03bd\u03b7-\u03c4\u03c3\u03ac\u03bd\u03c4\u03b1-mp-2011-\u03bc\u03b1\u03cd\u03c1\u03bf-1L.jpg","contentUrl":"https:\/\/www.modapelle.gr\/wp-content\/uploads\/2023\/04\/\u0394\u03b5\u03c1\u03bc\u03ac\u03c4\u03b9\u03bd\u03b7-\u03c4\u03c3\u03ac\u03bd\u03c4\u03b1-mp-2011-\u03bc\u03b1\u03cd\u03c1\u03bf-1L.jpg","width":1200,"height":1200,"caption":"Lederschultertasche mp 2011 Schwarz"},{"@type":"BreadcrumbList","@id":"https:\/\/www.modapelle.gr\/de\/produkt\/lederschultertasche-mp-2011-schwarz\/#breadcrumb","itemListElement":[{"@type":"ListItem","position":1,"name":"Modapelle","item":"https:\/\/www.modapelle.gr\/de\/"},{"@type":"ListItem","position":2,"name":"Shop","item":"https:\/\/www.modapelle.gr\/de\/shop\/"},{"@type":"ListItem","position":3,"name":"Frau","item":"https:\/\/www.modapelle.gr\/de\/produkt-kategorie\/frau\/"},{"@type":"ListItem","position":4,"name":"Damenledertaschen","item":"https:\/\/www.modapelle.gr\/de\/produkt-kategorie\/frau\/damenledertaschen\/"},{"@type":"ListItem","position":5,"name":"Lederschultertasche mp 2011 Schwarz"}]},{"@type":"WebSite","@id":"https:\/\/www.modapelle.gr\/de\/#website","url":"https:\/\/www.modapelle.gr\/de\/","name":"MODAPELLE","description":"Lederbekleidung, Taschen & Accessoires","publisher":{"@id":"https:\/\/www.modapelle.gr\/de\/#organization"},"potentialAction":[{"@type":"SearchAction","target":{"@type":"EntryPoint","urlTemplate":"https:\/\/www.modapelle.gr\/de\/?s={search_term_string}"},"query-input":{"@type":"PropertyValueSpecification","valueRequired":true,"valueName":"search_term_string"}}],"inLanguage":"de"},{"@type":"Organization","@id":"https:\/\/www.modapelle.gr\/de\/#organization","name":"MODAPELLE","url":"https:\/\/www.modapelle.gr\/de\/","logo":{"@type":"ImageObject","inLanguage":"de","@id":"https:\/\/www.modapelle.gr\/de\/#\/schema\/logo\/image\/","url":"https:\/\/www.modapelle.gr\/wp-content\/uploads\/2021\/07\/modapelle-logo.png","contentUrl":"https:\/\/www.modapelle.gr\/wp-content\/uploads\/2021\/07\/modapelle-logo.png","width":388,"height":120,"caption":"MODAPELLE"},"image":{"@id":"https:\/\/www.modapelle.gr\/de\/#\/schema\/logo\/image\/"}}]}},"_links":{"self":[{"href":"https:\/\/www.modapelle.gr\/de\/wp-json\/wp\/v2\/product\/21356","targetHints":{"allow":["GET"]}}],"collection":[{"href":"https:\/\/www.modapelle.gr\/de\/wp-json\/wp\/v2\/product"}],"about":[{"href":"https:\/\/www.modapelle.gr\/de\/wp-json\/wp\/v2\/types\/product"}],"wp:featuredmedia":[{"embeddable":true,"href":"https:\/\/www.modapelle.gr\/de\/wp-json\/wp\/v2\/media\/15855"}],"wp:attachment":[{"href":"https:\/\/www.modapelle.gr\/de\/wp-json\/wp\/v2\/media?parent=21356"}],"wp:term":[{"taxonomy":"product_brand","embeddable":true,"href":"https:\/\/www.modapelle.gr\/de\/wp-json\/wp\/v2\/product_brand?post=21356"},{"taxonomy":"product_cat","embeddable":true,"href":"https:\/\/www.modapelle.gr\/de\/wp-json\/wp\/v2\/product_cat?post=21356"},{"taxonomy":"product_tag","embeddable":true,"href":"https:\/\/www.modapelle.gr\/de\/wp-json\/wp\/v2\/product_tag?post=21356"}],"curies":[{"name":"wp","href":"https:\/\/api.w.org\/{rel}","templated":true}]}}