{"id":21333,"date":"2022-01-03T17:24:52","date_gmt":"2022-01-03T15:24:52","guid":{"rendered":"https:\/\/www.modapelle.gr\/product\/lederhandschuhe-mp701-hellbraun\/"},"modified":"2023-06-02T13:50:56","modified_gmt":"2023-06-02T10:50:56","slug":"lederhandschuhe-mp701-hellbraun","status":"publish","type":"product","link":"https:\/\/www.modapelle.gr\/de\/produkt\/lederhandschuhe-mp701-hellbraun\/","title":{"rendered":"Lederhandschuhe mp701 Hellbraun"},"content":{"rendered":"<p>In diesem Winter tragen Sie das ultimative Accessoire! Lederhandschuhe \u2013 Lammfell \u2013 Toskana. Hergestellt aus 100% nat\u00fcrlichen Materialien, halten diese Handschuhe Ihre H\u00e4nde warm. Durch die freien Finger k\u00f6nnen Sie geschickt Ger\u00e4te wie Ihr Mobiltelefon bedienen.<\/p>\n<p>Erh\u00e4ltlich in zwei Gr\u00f6\u00dfen: S\/M und L\/XL, sowie in einer Vielzahl von Farben.<\/p>\n<p>Ein absolutes Muss f\u00fcr diesen Winter!<\/p>\n<p>Holen Sie sich jetzt Ihre bei MODAPELLE<\/p>\n<div class=\"uk-alert\">\t<div uk-alert>\n\t\t\u00a0Bitte beachten Sie, dass in einigen F\u00e4llen die Farbe oder der Zuschnitt des Lammfells leicht von dem auf dem Bild abweichen kann, aufgrund von Lagerbestandsmangel.\t<\/div>\n\t<\/div>\n","protected":false},"excerpt":{"rendered":"<p>In diesem Winter tragen Sie das ultimative Accessoire! Lederhandschuhe \u2013 Lammfell \u2013 Toskana. Hergestellt aus 100% nat\u00fcrlichen Materialien, halten diese Handschuhe Ihre H\u00e4nde warm. Durch die freien Finger k\u00f6nnen Sie geschickt Ger\u00e4te wie Ihr Mobiltelefon bedienen.<\/p>\n<p>Erh\u00e4ltlich in zwei Gr\u00f6\u00dfen: S\/M und L\/XL, sowie in einer Vielzahl von Farben.<\/p>\n<p>Ein absolutes Muss f\u00fcr diesen Winter!<\/p>\n<p>Holen Sie sich jetzt Ihre bei MODAPELLE<\/p>\n","protected":false},"featured_media":13145,"template":"","meta":{"_acf_changed":false},"product_brand":[],"product_cat":[533],"product_tag":[647,589,627],"class_list":{"0":"post-21333","1":"product","2":"type-product","3":"status-publish","4":"has-post-thumbnail","6":"product_cat-lederhandschuhe","7":"product_tag-hellbraun","8":"product_tag-lederhandschuhe","9":"product_tag-schaffell","11":"first","12":"instock","13":"shipping-taxable","14":"purchasable","15":"product-type-variable"},"acf":[],"yoast_head":"<!-- This site is optimized with the Yoast SEO plugin v27.2 - https:\/\/yoast.com\/product\/yoast-seo-wordpress\/ -->\n<title>Lederhandschuhe mp701 Hellbraun - MODAPELLE<\/title>\n<meta name=\"description\" content=\"Lederhandschuhe \u2013 Lammfell \u2013 Toskana. Hergestellt aus 100% nat\u00fcrlichen Materialien, halten diese Handschuhe Ihre H\u00e4nde warm.\" \/>\n<meta name=\"robots\" content=\"index, follow, max-snippet:-1, max-image-preview:large, max-video-preview:-1\" \/>\n<link rel=\"canonical\" href=\"https:\/\/www.modapelle.gr\/de\/produkt\/lederhandschuhe-mp701-hellbraun\/\" \/>\n<meta property=\"og:locale\" content=\"de_DE\" \/>\n<meta property=\"og:type\" content=\"article\" \/>\n<meta property=\"og:title\" content=\"Lederhandschuhe mp701 Hellbraun - MODAPELLE\" \/>\n<meta property=\"og:description\" content=\"Lederhandschuhe \u2013 Lammfell \u2013 Toskana. Hergestellt aus 100% nat\u00fcrlichen Materialien, halten diese Handschuhe Ihre H\u00e4nde warm.\" \/>\n<meta property=\"og:url\" content=\"https:\/\/www.modapelle.gr\/de\/produkt\/lederhandschuhe-mp701-hellbraun\/\" \/>\n<meta property=\"og:site_name\" content=\"MODAPELLE\" \/>\n<meta property=\"article:modified_time\" content=\"2023-06-02T10:50:56+00:00\" \/>\n<meta property=\"og:image\" content=\"https:\/\/www.modapelle.gr\/wp-content\/uploads\/2022\/01\/DERMATINA-GANTIA-MP701-TAMPA-CL.jpg\" \/>\n\t<meta property=\"og:image:width\" content=\"1080\" \/>\n\t<meta property=\"og:image:height\" content=\"1080\" \/>\n\t<meta property=\"og:image:type\" content=\"image\/jpeg\" \/>\n<meta name=\"twitter:card\" content=\"summary_large_image\" \/>\n<meta name=\"twitter:label1\" content=\"Gesch\u00e4tzte Lesezeit\" \/>\n\t<meta name=\"twitter:data1\" content=\"1\u00a0Minute\" \/>\n<script type=\"application\/ld+json\" class=\"yoast-schema-graph\">{\"@context\":\"https:\/\/schema.org\",\"@graph\":[{\"@type\":\"WebPage\",\"@id\":\"https:\/\/www.modapelle.gr\/de\/produkt\/lederhandschuhe-mp701-hellbraun\/\",\"url\":\"https:\/\/www.modapelle.gr\/de\/produkt\/lederhandschuhe-mp701-hellbraun\/\",\"name\":\"Lederhandschuhe mp701 Hellbraun - MODAPELLE\",\"isPartOf\":{\"@id\":\"https:\/\/www.modapelle.gr\/de\/#website\"},\"primaryImageOfPage\":{\"@id\":\"https:\/\/www.modapelle.gr\/de\/produkt\/lederhandschuhe-mp701-hellbraun\/#primaryimage\"},\"image\":{\"@id\":\"https:\/\/www.modapelle.gr\/de\/produkt\/lederhandschuhe-mp701-hellbraun\/#primaryimage\"},\"thumbnailUrl\":\"https:\/\/www.modapelle.gr\/wp-content\/uploads\/2022\/01\/DERMATINA-GANTIA-MP701-TAMPA-CL.jpg\",\"datePublished\":\"2022-01-03T15:24:52+00:00\",\"dateModified\":\"2023-06-02T10:50:56+00:00\",\"description\":\"Lederhandschuhe \u2013 Lammfell \u2013 Toskana. Hergestellt aus 100% nat\u00fcrlichen Materialien, halten diese Handschuhe Ihre H\u00e4nde warm.\",\"breadcrumb\":{\"@id\":\"https:\/\/www.modapelle.gr\/de\/produkt\/lederhandschuhe-mp701-hellbraun\/#breadcrumb\"},\"inLanguage\":\"de\",\"potentialAction\":[{\"@type\":\"ReadAction\",\"target\":[\"https:\/\/www.modapelle.gr\/de\/produkt\/lederhandschuhe-mp701-hellbraun\/\"]}]},{\"@type\":\"ImageObject\",\"inLanguage\":\"de\",\"@id\":\"https:\/\/www.modapelle.gr\/de\/produkt\/lederhandschuhe-mp701-hellbraun\/#primaryimage\",\"url\":\"https:\/\/www.modapelle.gr\/wp-content\/uploads\/2022\/01\/DERMATINA-GANTIA-MP701-TAMPA-CL.jpg\",\"contentUrl\":\"https:\/\/www.modapelle.gr\/wp-content\/uploads\/2022\/01\/DERMATINA-GANTIA-MP701-TAMPA-CL.jpg\",\"width\":1080,\"height\":1080,\"caption\":\"Lederhandschuhe mp701 Hellbraun\"},{\"@type\":\"BreadcrumbList\",\"@id\":\"https:\/\/www.modapelle.gr\/de\/produkt\/lederhandschuhe-mp701-hellbraun\/#breadcrumb\",\"itemListElement\":[{\"@type\":\"ListItem\",\"position\":1,\"name\":\"Modapelle\",\"item\":\"https:\/\/www.modapelle.gr\/de\/\"},{\"@type\":\"ListItem\",\"position\":2,\"name\":\"Shop\",\"item\":\"https:\/\/www.modapelle.gr\/de\/shop\/\"},{\"@type\":\"ListItem\",\"position\":3,\"name\":\"Frau\",\"item\":\"https:\/\/www.modapelle.gr\/de\/produkt-kategorie\/frau\/\"},{\"@type\":\"ListItem\",\"position\":4,\"name\":\"Lederhandschuhe\",\"item\":\"https:\/\/www.modapelle.gr\/de\/produkt-kategorie\/frau\/lederhandschuhe\/\"},{\"@type\":\"ListItem\",\"position\":5,\"name\":\"Lederhandschuhe mp701 Hellbraun\"}]},{\"@type\":\"WebSite\",\"@id\":\"https:\/\/www.modapelle.gr\/de\/#website\",\"url\":\"https:\/\/www.modapelle.gr\/de\/\",\"name\":\"MODAPELLE\",\"description\":\"Lederbekleidung, Taschen & Accessoires\",\"publisher\":{\"@id\":\"https:\/\/www.modapelle.gr\/de\/#organization\"},\"potentialAction\":[{\"@type\":\"SearchAction\",\"target\":{\"@type\":\"EntryPoint\",\"urlTemplate\":\"https:\/\/www.modapelle.gr\/de\/?s={search_term_string}\"},\"query-input\":{\"@type\":\"PropertyValueSpecification\",\"valueRequired\":true,\"valueName\":\"search_term_string\"}}],\"inLanguage\":\"de\"},{\"@type\":\"Organization\",\"@id\":\"https:\/\/www.modapelle.gr\/de\/#organization\",\"name\":\"MODAPELLE\",\"url\":\"https:\/\/www.modapelle.gr\/de\/\",\"logo\":{\"@type\":\"ImageObject\",\"inLanguage\":\"de\",\"@id\":\"https:\/\/www.modapelle.gr\/de\/#\/schema\/logo\/image\/\",\"url\":\"https:\/\/www.modapelle.gr\/wp-content\/uploads\/2021\/07\/modapelle-logo.png\",\"contentUrl\":\"https:\/\/www.modapelle.gr\/wp-content\/uploads\/2021\/07\/modapelle-logo.png\",\"width\":388,\"height\":120,\"caption\":\"MODAPELLE\"},\"image\":{\"@id\":\"https:\/\/www.modapelle.gr\/de\/#\/schema\/logo\/image\/\"}}]}<\/script>\n<!-- \/ Yoast SEO plugin. -->","yoast_head_json":{"title":"Lederhandschuhe mp701 Hellbraun - MODAPELLE","description":"Lederhandschuhe \u2013 Lammfell \u2013 Toskana. Hergestellt aus 100% nat\u00fcrlichen Materialien, halten diese Handschuhe Ihre H\u00e4nde warm.","robots":{"index":"index","follow":"follow","max-snippet":"max-snippet:-1","max-image-preview":"max-image-preview:large","max-video-preview":"max-video-preview:-1"},"canonical":"https:\/\/www.modapelle.gr\/de\/produkt\/lederhandschuhe-mp701-hellbraun\/","og_locale":"de_DE","og_type":"article","og_title":"Lederhandschuhe mp701 Hellbraun - MODAPELLE","og_description":"Lederhandschuhe \u2013 Lammfell \u2013 Toskana. Hergestellt aus 100% nat\u00fcrlichen Materialien, halten diese Handschuhe Ihre H\u00e4nde warm.","og_url":"https:\/\/www.modapelle.gr\/de\/produkt\/lederhandschuhe-mp701-hellbraun\/","og_site_name":"MODAPELLE","article_modified_time":"2023-06-02T10:50:56+00:00","og_image":[{"width":1080,"height":1080,"url":"https:\/\/www.modapelle.gr\/wp-content\/uploads\/2022\/01\/DERMATINA-GANTIA-MP701-TAMPA-CL.jpg","type":"image\/jpeg"}],"twitter_card":"summary_large_image","twitter_misc":{"Gesch\u00e4tzte Lesezeit":"1\u00a0Minute"},"schema":{"@context":"https:\/\/schema.org","@graph":[{"@type":"WebPage","@id":"https:\/\/www.modapelle.gr\/de\/produkt\/lederhandschuhe-mp701-hellbraun\/","url":"https:\/\/www.modapelle.gr\/de\/produkt\/lederhandschuhe-mp701-hellbraun\/","name":"Lederhandschuhe mp701 Hellbraun - MODAPELLE","isPartOf":{"@id":"https:\/\/www.modapelle.gr\/de\/#website"},"primaryImageOfPage":{"@id":"https:\/\/www.modapelle.gr\/de\/produkt\/lederhandschuhe-mp701-hellbraun\/#primaryimage"},"image":{"@id":"https:\/\/www.modapelle.gr\/de\/produkt\/lederhandschuhe-mp701-hellbraun\/#primaryimage"},"thumbnailUrl":"https:\/\/www.modapelle.gr\/wp-content\/uploads\/2022\/01\/DERMATINA-GANTIA-MP701-TAMPA-CL.jpg","datePublished":"2022-01-03T15:24:52+00:00","dateModified":"2023-06-02T10:50:56+00:00","description":"Lederhandschuhe \u2013 Lammfell \u2013 Toskana. Hergestellt aus 100% nat\u00fcrlichen Materialien, halten diese Handschuhe Ihre H\u00e4nde warm.","breadcrumb":{"@id":"https:\/\/www.modapelle.gr\/de\/produkt\/lederhandschuhe-mp701-hellbraun\/#breadcrumb"},"inLanguage":"de","potentialAction":[{"@type":"ReadAction","target":["https:\/\/www.modapelle.gr\/de\/produkt\/lederhandschuhe-mp701-hellbraun\/"]}]},{"@type":"ImageObject","inLanguage":"de","@id":"https:\/\/www.modapelle.gr\/de\/produkt\/lederhandschuhe-mp701-hellbraun\/#primaryimage","url":"https:\/\/www.modapelle.gr\/wp-content\/uploads\/2022\/01\/DERMATINA-GANTIA-MP701-TAMPA-CL.jpg","contentUrl":"https:\/\/www.modapelle.gr\/wp-content\/uploads\/2022\/01\/DERMATINA-GANTIA-MP701-TAMPA-CL.jpg","width":1080,"height":1080,"caption":"Lederhandschuhe mp701 Hellbraun"},{"@type":"BreadcrumbList","@id":"https:\/\/www.modapelle.gr\/de\/produkt\/lederhandschuhe-mp701-hellbraun\/#breadcrumb","itemListElement":[{"@type":"ListItem","position":1,"name":"Modapelle","item":"https:\/\/www.modapelle.gr\/de\/"},{"@type":"ListItem","position":2,"name":"Shop","item":"https:\/\/www.modapelle.gr\/de\/shop\/"},{"@type":"ListItem","position":3,"name":"Frau","item":"https:\/\/www.modapelle.gr\/de\/produkt-kategorie\/frau\/"},{"@type":"ListItem","position":4,"name":"Lederhandschuhe","item":"https:\/\/www.modapelle.gr\/de\/produkt-kategorie\/frau\/lederhandschuhe\/"},{"@type":"ListItem","position":5,"name":"Lederhandschuhe mp701 Hellbraun"}]},{"@type":"WebSite","@id":"https:\/\/www.modapelle.gr\/de\/#website","url":"https:\/\/www.modapelle.gr\/de\/","name":"MODAPELLE","description":"Lederbekleidung, Taschen & Accessoires","publisher":{"@id":"https:\/\/www.modapelle.gr\/de\/#organization"},"potentialAction":[{"@type":"SearchAction","target":{"@type":"EntryPoint","urlTemplate":"https:\/\/www.modapelle.gr\/de\/?s={search_term_string}"},"query-input":{"@type":"PropertyValueSpecification","valueRequired":true,"valueName":"search_term_string"}}],"inLanguage":"de"},{"@type":"Organization","@id":"https:\/\/www.modapelle.gr\/de\/#organization","name":"MODAPELLE","url":"https:\/\/www.modapelle.gr\/de\/","logo":{"@type":"ImageObject","inLanguage":"de","@id":"https:\/\/www.modapelle.gr\/de\/#\/schema\/logo\/image\/","url":"https:\/\/www.modapelle.gr\/wp-content\/uploads\/2021\/07\/modapelle-logo.png","contentUrl":"https:\/\/www.modapelle.gr\/wp-content\/uploads\/2021\/07\/modapelle-logo.png","width":388,"height":120,"caption":"MODAPELLE"},"image":{"@id":"https:\/\/www.modapelle.gr\/de\/#\/schema\/logo\/image\/"}}]}},"_links":{"self":[{"href":"https:\/\/www.modapelle.gr\/de\/wp-json\/wp\/v2\/product\/21333","targetHints":{"allow":["GET"]}}],"collection":[{"href":"https:\/\/www.modapelle.gr\/de\/wp-json\/wp\/v2\/product"}],"about":[{"href":"https:\/\/www.modapelle.gr\/de\/wp-json\/wp\/v2\/types\/product"}],"wp:featuredmedia":[{"embeddable":true,"href":"https:\/\/www.modapelle.gr\/de\/wp-json\/wp\/v2\/media\/13145"}],"wp:attachment":[{"href":"https:\/\/www.modapelle.gr\/de\/wp-json\/wp\/v2\/media?parent=21333"}],"wp:term":[{"taxonomy":"product_brand","embeddable":true,"href":"https:\/\/www.modapelle.gr\/de\/wp-json\/wp\/v2\/product_brand?post=21333"},{"taxonomy":"product_cat","embeddable":true,"href":"https:\/\/www.modapelle.gr\/de\/wp-json\/wp\/v2\/product_cat?post=21333"},{"taxonomy":"product_tag","embeddable":true,"href":"https:\/\/www.modapelle.gr\/de\/wp-json\/wp\/v2\/product_tag?post=21333"}],"curies":[{"name":"wp","href":"https:\/\/api.w.org\/{rel}","templated":true}]}}