{"id":21156,"date":"2021-07-24T13:50:49","date_gmt":"2021-07-24T10:50:49","guid":{"rendered":"https:\/\/www.modapelle.gr\/product\/leder-hausschuhe-mp405-rot\/"},"modified":"2023-06-02T13:56:23","modified_gmt":"2023-06-02T10:56:23","slug":"leder-hausschuhe-mp405-rot","status":"publish","type":"product","link":"https:\/\/www.modapelle.gr\/de\/produkt\/leder-hausschuhe-mp405-rot\/","title":{"rendered":"Leder Hausschuhe mp405 Rot"},"content":{"rendered":"<h2>Griechisches Produkt<\/h2>\n<p>Lederhausschuhe in Rot! Bequem und geruchsfrei (dank der Verwendung nat\u00fcrlicher Materialien, die die richtige Fu\u00dfhygiene erhalten und Ger\u00fcche vermeiden)!<\/p>\n<p>Vollst\u00e4ndig aus hochwertigem echtem Leder gefertigt, einschlie\u00dflich der Innensohle.<\/p>\n<p>Ein griechisches Produkt!<\/p>\n","protected":false},"excerpt":{"rendered":"<p>Bequeme und geruchsfreie Hausschuhe in Rot! Dank der Verwendung nat\u00fcrlicher Materialien wird die richtige Fu\u00dfhygiene erhalten und es entsteht kein unangenehmer Geruch!<\/p>\n<p>&nbsp;<\/p>\n","protected":false},"featured_media":12177,"template":"","meta":{"_acf_changed":false},"product_brand":[],"product_cat":[531],"product_tag":[494,595,621],"class_list":{"0":"post-21156","1":"product","2":"type-product","3":"status-publish","4":"has-post-thumbnail","6":"product_cat-lederhausschuhe-fuer-frauen","7":"product_tag-frau","8":"product_tag-lederslipper","9":"product_tag-rote-farbe","11":"first","12":"outofstock","13":"shipping-taxable","14":"product-type-variable"},"acf":[],"yoast_head":"<!-- This site is optimized with the Yoast SEO plugin v27.2 - https:\/\/yoast.com\/product\/yoast-seo-wordpress\/ -->\n<title>Leder Hausschuhe mp405 Rot - Modapelle<\/title>\n<meta name=\"description\" content=\"Lederhausschuhe in Rot! Bequem und geruchsfrei (dank der Verwendung nat\u00fcrlicher Materialien, die die richtige Fu\u00dfhygiene erhalten und Ger\u00fcche vermeiden)!\" \/>\n<meta name=\"robots\" content=\"index, follow, max-snippet:-1, max-image-preview:large, max-video-preview:-1\" \/>\n<link rel=\"canonical\" href=\"https:\/\/www.modapelle.gr\/de\/produkt\/leder-hausschuhe-mp405-rot\/\" \/>\n<meta property=\"og:locale\" content=\"de_DE\" \/>\n<meta property=\"og:type\" content=\"article\" \/>\n<meta property=\"og:title\" content=\"Leder Hausschuhe mp405 Rot - Modapelle\" \/>\n<meta property=\"og:description\" content=\"Lederhausschuhe in Rot! Bequem und geruchsfrei (dank der Verwendung nat\u00fcrlicher Materialien, die die richtige Fu\u00dfhygiene erhalten und Ger\u00fcche vermeiden)!\" \/>\n<meta property=\"og:url\" content=\"https:\/\/www.modapelle.gr\/de\/produkt\/leder-hausschuhe-mp405-rot\/\" \/>\n<meta property=\"og:site_name\" content=\"MODAPELLE\" \/>\n<meta property=\"article:modified_time\" content=\"2023-06-02T10:56:23+00:00\" \/>\n<meta property=\"og:image\" content=\"https:\/\/www.modapelle.gr\/wp-content\/uploads\/2021\/07\/dermatines-pantofles-mp501-b-logo.jpg\" \/>\n\t<meta property=\"og:image:width\" content=\"800\" \/>\n\t<meta property=\"og:image:height\" content=\"800\" \/>\n\t<meta property=\"og:image:type\" content=\"image\/jpeg\" \/>\n<meta name=\"twitter:card\" content=\"summary_large_image\" \/>\n<meta name=\"twitter:label1\" content=\"Gesch\u00e4tzte Lesezeit\" \/>\n\t<meta name=\"twitter:data1\" content=\"1\u00a0Minute\" \/>\n<script type=\"application\/ld+json\" class=\"yoast-schema-graph\">{\"@context\":\"https:\/\/schema.org\",\"@graph\":[{\"@type\":\"WebPage\",\"@id\":\"https:\/\/www.modapelle.gr\/de\/produkt\/leder-hausschuhe-mp405-rot\/\",\"url\":\"https:\/\/www.modapelle.gr\/de\/produkt\/leder-hausschuhe-mp405-rot\/\",\"name\":\"Leder Hausschuhe mp405 Rot - Modapelle\",\"isPartOf\":{\"@id\":\"https:\/\/www.modapelle.gr\/de\/#website\"},\"primaryImageOfPage\":{\"@id\":\"https:\/\/www.modapelle.gr\/de\/produkt\/leder-hausschuhe-mp405-rot\/#primaryimage\"},\"image\":{\"@id\":\"https:\/\/www.modapelle.gr\/de\/produkt\/leder-hausschuhe-mp405-rot\/#primaryimage\"},\"thumbnailUrl\":\"https:\/\/www.modapelle.gr\/wp-content\/uploads\/2021\/07\/dermatines-pantofles-mp501-b-logo.jpg\",\"datePublished\":\"2021-07-24T10:50:49+00:00\",\"dateModified\":\"2023-06-02T10:56:23+00:00\",\"description\":\"Lederhausschuhe in Rot! Bequem und geruchsfrei (dank der Verwendung nat\u00fcrlicher Materialien, die die richtige Fu\u00dfhygiene erhalten und Ger\u00fcche vermeiden)!\",\"breadcrumb\":{\"@id\":\"https:\/\/www.modapelle.gr\/de\/produkt\/leder-hausschuhe-mp405-rot\/#breadcrumb\"},\"inLanguage\":\"de\",\"potentialAction\":[{\"@type\":\"ReadAction\",\"target\":[\"https:\/\/www.modapelle.gr\/de\/produkt\/leder-hausschuhe-mp405-rot\/\"]}]},{\"@type\":\"ImageObject\",\"inLanguage\":\"de\",\"@id\":\"https:\/\/www.modapelle.gr\/de\/produkt\/leder-hausschuhe-mp405-rot\/#primaryimage\",\"url\":\"https:\/\/www.modapelle.gr\/wp-content\/uploads\/2021\/07\/dermatines-pantofles-mp501-b-logo.jpg\",\"contentUrl\":\"https:\/\/www.modapelle.gr\/wp-content\/uploads\/2021\/07\/dermatines-pantofles-mp501-b-logo.jpg\",\"width\":800,\"height\":800,\"caption\":\"Leder Hausschuhe mp405 Rot\"},{\"@type\":\"BreadcrumbList\",\"@id\":\"https:\/\/www.modapelle.gr\/de\/produkt\/leder-hausschuhe-mp405-rot\/#breadcrumb\",\"itemListElement\":[{\"@type\":\"ListItem\",\"position\":1,\"name\":\"Modapelle\",\"item\":\"https:\/\/www.modapelle.gr\/de\/\"},{\"@type\":\"ListItem\",\"position\":2,\"name\":\"Shop\",\"item\":\"https:\/\/www.modapelle.gr\/de\/shop\/\"},{\"@type\":\"ListItem\",\"position\":3,\"name\":\"Frau\",\"item\":\"https:\/\/www.modapelle.gr\/de\/produkt-kategorie\/frau\/\"},{\"@type\":\"ListItem\",\"position\":4,\"name\":\"Lederhausschuhe f\u00fcr Frauen\",\"item\":\"https:\/\/www.modapelle.gr\/de\/produkt-kategorie\/frau\/lederhausschuhe-fuer-frauen\/\"},{\"@type\":\"ListItem\",\"position\":5,\"name\":\"Leder Hausschuhe mp405 Rot\"}]},{\"@type\":\"WebSite\",\"@id\":\"https:\/\/www.modapelle.gr\/de\/#website\",\"url\":\"https:\/\/www.modapelle.gr\/de\/\",\"name\":\"MODAPELLE\",\"description\":\"Lederbekleidung, Taschen & Accessoires\",\"publisher\":{\"@id\":\"https:\/\/www.modapelle.gr\/de\/#organization\"},\"potentialAction\":[{\"@type\":\"SearchAction\",\"target\":{\"@type\":\"EntryPoint\",\"urlTemplate\":\"https:\/\/www.modapelle.gr\/de\/?s={search_term_string}\"},\"query-input\":{\"@type\":\"PropertyValueSpecification\",\"valueRequired\":true,\"valueName\":\"search_term_string\"}}],\"inLanguage\":\"de\"},{\"@type\":\"Organization\",\"@id\":\"https:\/\/www.modapelle.gr\/de\/#organization\",\"name\":\"MODAPELLE\",\"url\":\"https:\/\/www.modapelle.gr\/de\/\",\"logo\":{\"@type\":\"ImageObject\",\"inLanguage\":\"de\",\"@id\":\"https:\/\/www.modapelle.gr\/de\/#\/schema\/logo\/image\/\",\"url\":\"https:\/\/www.modapelle.gr\/wp-content\/uploads\/2021\/07\/modapelle-logo.png\",\"contentUrl\":\"https:\/\/www.modapelle.gr\/wp-content\/uploads\/2021\/07\/modapelle-logo.png\",\"width\":388,\"height\":120,\"caption\":\"MODAPELLE\"},\"image\":{\"@id\":\"https:\/\/www.modapelle.gr\/de\/#\/schema\/logo\/image\/\"}}]}<\/script>\n<!-- \/ Yoast SEO plugin. -->","yoast_head_json":{"title":"Leder Hausschuhe mp405 Rot - Modapelle","description":"Lederhausschuhe in Rot! Bequem und geruchsfrei (dank der Verwendung nat\u00fcrlicher Materialien, die die richtige Fu\u00dfhygiene erhalten und Ger\u00fcche vermeiden)!","robots":{"index":"index","follow":"follow","max-snippet":"max-snippet:-1","max-image-preview":"max-image-preview:large","max-video-preview":"max-video-preview:-1"},"canonical":"https:\/\/www.modapelle.gr\/de\/produkt\/leder-hausschuhe-mp405-rot\/","og_locale":"de_DE","og_type":"article","og_title":"Leder Hausschuhe mp405 Rot - Modapelle","og_description":"Lederhausschuhe in Rot! Bequem und geruchsfrei (dank der Verwendung nat\u00fcrlicher Materialien, die die richtige Fu\u00dfhygiene erhalten und Ger\u00fcche vermeiden)!","og_url":"https:\/\/www.modapelle.gr\/de\/produkt\/leder-hausschuhe-mp405-rot\/","og_site_name":"MODAPELLE","article_modified_time":"2023-06-02T10:56:23+00:00","og_image":[{"width":800,"height":800,"url":"https:\/\/www.modapelle.gr\/wp-content\/uploads\/2021\/07\/dermatines-pantofles-mp501-b-logo.jpg","type":"image\/jpeg"}],"twitter_card":"summary_large_image","twitter_misc":{"Gesch\u00e4tzte Lesezeit":"1\u00a0Minute"},"schema":{"@context":"https:\/\/schema.org","@graph":[{"@type":"WebPage","@id":"https:\/\/www.modapelle.gr\/de\/produkt\/leder-hausschuhe-mp405-rot\/","url":"https:\/\/www.modapelle.gr\/de\/produkt\/leder-hausschuhe-mp405-rot\/","name":"Leder Hausschuhe mp405 Rot - Modapelle","isPartOf":{"@id":"https:\/\/www.modapelle.gr\/de\/#website"},"primaryImageOfPage":{"@id":"https:\/\/www.modapelle.gr\/de\/produkt\/leder-hausschuhe-mp405-rot\/#primaryimage"},"image":{"@id":"https:\/\/www.modapelle.gr\/de\/produkt\/leder-hausschuhe-mp405-rot\/#primaryimage"},"thumbnailUrl":"https:\/\/www.modapelle.gr\/wp-content\/uploads\/2021\/07\/dermatines-pantofles-mp501-b-logo.jpg","datePublished":"2021-07-24T10:50:49+00:00","dateModified":"2023-06-02T10:56:23+00:00","description":"Lederhausschuhe in Rot! Bequem und geruchsfrei (dank der Verwendung nat\u00fcrlicher Materialien, die die richtige Fu\u00dfhygiene erhalten und Ger\u00fcche vermeiden)!","breadcrumb":{"@id":"https:\/\/www.modapelle.gr\/de\/produkt\/leder-hausschuhe-mp405-rot\/#breadcrumb"},"inLanguage":"de","potentialAction":[{"@type":"ReadAction","target":["https:\/\/www.modapelle.gr\/de\/produkt\/leder-hausschuhe-mp405-rot\/"]}]},{"@type":"ImageObject","inLanguage":"de","@id":"https:\/\/www.modapelle.gr\/de\/produkt\/leder-hausschuhe-mp405-rot\/#primaryimage","url":"https:\/\/www.modapelle.gr\/wp-content\/uploads\/2021\/07\/dermatines-pantofles-mp501-b-logo.jpg","contentUrl":"https:\/\/www.modapelle.gr\/wp-content\/uploads\/2021\/07\/dermatines-pantofles-mp501-b-logo.jpg","width":800,"height":800,"caption":"Leder Hausschuhe mp405 Rot"},{"@type":"BreadcrumbList","@id":"https:\/\/www.modapelle.gr\/de\/produkt\/leder-hausschuhe-mp405-rot\/#breadcrumb","itemListElement":[{"@type":"ListItem","position":1,"name":"Modapelle","item":"https:\/\/www.modapelle.gr\/de\/"},{"@type":"ListItem","position":2,"name":"Shop","item":"https:\/\/www.modapelle.gr\/de\/shop\/"},{"@type":"ListItem","position":3,"name":"Frau","item":"https:\/\/www.modapelle.gr\/de\/produkt-kategorie\/frau\/"},{"@type":"ListItem","position":4,"name":"Lederhausschuhe f\u00fcr Frauen","item":"https:\/\/www.modapelle.gr\/de\/produkt-kategorie\/frau\/lederhausschuhe-fuer-frauen\/"},{"@type":"ListItem","position":5,"name":"Leder Hausschuhe mp405 Rot"}]},{"@type":"WebSite","@id":"https:\/\/www.modapelle.gr\/de\/#website","url":"https:\/\/www.modapelle.gr\/de\/","name":"MODAPELLE","description":"Lederbekleidung, Taschen & Accessoires","publisher":{"@id":"https:\/\/www.modapelle.gr\/de\/#organization"},"potentialAction":[{"@type":"SearchAction","target":{"@type":"EntryPoint","urlTemplate":"https:\/\/www.modapelle.gr\/de\/?s={search_term_string}"},"query-input":{"@type":"PropertyValueSpecification","valueRequired":true,"valueName":"search_term_string"}}],"inLanguage":"de"},{"@type":"Organization","@id":"https:\/\/www.modapelle.gr\/de\/#organization","name":"MODAPELLE","url":"https:\/\/www.modapelle.gr\/de\/","logo":{"@type":"ImageObject","inLanguage":"de","@id":"https:\/\/www.modapelle.gr\/de\/#\/schema\/logo\/image\/","url":"https:\/\/www.modapelle.gr\/wp-content\/uploads\/2021\/07\/modapelle-logo.png","contentUrl":"https:\/\/www.modapelle.gr\/wp-content\/uploads\/2021\/07\/modapelle-logo.png","width":388,"height":120,"caption":"MODAPELLE"},"image":{"@id":"https:\/\/www.modapelle.gr\/de\/#\/schema\/logo\/image\/"}}]}},"_links":{"self":[{"href":"https:\/\/www.modapelle.gr\/de\/wp-json\/wp\/v2\/product\/21156","targetHints":{"allow":["GET"]}}],"collection":[{"href":"https:\/\/www.modapelle.gr\/de\/wp-json\/wp\/v2\/product"}],"about":[{"href":"https:\/\/www.modapelle.gr\/de\/wp-json\/wp\/v2\/types\/product"}],"wp:featuredmedia":[{"embeddable":true,"href":"https:\/\/www.modapelle.gr\/de\/wp-json\/wp\/v2\/media\/12177"}],"wp:attachment":[{"href":"https:\/\/www.modapelle.gr\/de\/wp-json\/wp\/v2\/media?parent=21156"}],"wp:term":[{"taxonomy":"product_brand","embeddable":true,"href":"https:\/\/www.modapelle.gr\/de\/wp-json\/wp\/v2\/product_brand?post=21156"},{"taxonomy":"product_cat","embeddable":true,"href":"https:\/\/www.modapelle.gr\/de\/wp-json\/wp\/v2\/product_cat?post=21156"},{"taxonomy":"product_tag","embeddable":true,"href":"https:\/\/www.modapelle.gr\/de\/wp-json\/wp\/v2\/product_tag?post=21156"}],"curies":[{"name":"wp","href":"https:\/\/api.w.org\/{rel}","templated":true}]}}