{"id":21106,"date":"2021-07-24T11:22:20","date_gmt":"2021-07-24T08:22:20","guid":{"rendered":"https:\/\/www.modapelle.gr\/product\/pelzige-hausschuhe-mp117-schwarz\/"},"modified":"2023-06-02T18:11:16","modified_gmt":"2023-06-02T15:11:16","slug":"pelzige-hausschuhe-mp117-schwarz","status":"publish","type":"product","link":"https:\/\/www.modapelle.gr\/de\/produkt\/pelzige-hausschuhe-mp117-schwarz\/","title":{"rendered":"Pelzige hausschuhe mp117 Schwarz"},"content":{"rendered":"<h2>Frauen Pelz Pantoffeln aus Kastoria<\/h2>\n<p>Handgefertigte pelz pantoffeln aus Kastoria von exzellenter qualit\u00e4t.<\/p>\n<p>Bequem, warm und absolut allergenfrei. Dank der nat\u00fcrlichen materialien wird die richtige hygiene des fu\u00dfes erhalten und es wird kein geruch verursacht! Hergestellt aus 100% echtem und hochwertigem nappaleder und mit echtem pelz gef\u00fcttert!<\/p>\n","protected":false},"excerpt":{"rendered":"<p>Au\u00dfergew\u00f6hnlich warme, bequeme und hypoallergene Kastoria-Fellpantoffeln in Schwarz!<\/p>\n<p>Hergestellt aus 100% echtem, hochwertigem Nappa-Leder (au\u00dfen) und mit nat\u00fcrlicher fell \u2013 und Wollf\u00fctterung gef\u00fcttert.<\/p>\n<ul>\n<li><strong>W\u00e4hlen sie ihre normale schuhgr\u00f6\u00dfe. Wenn sie zwischen zwei gr\u00f6\u00dfen schwanken, w\u00e4hlen sie bei den pantoffeln die gr\u00f6\u00dfere gr\u00f6\u00dfe. Zum beispiel, wenn sie Schuhe in gr\u00f6\u00dfe 38 oder 39 tragen, je nach marke, w\u00e4hlen sie bei den pantoffeln die gr\u00f6\u00dfere gr\u00f6\u00dfe, also die 39.<\/strong><\/li>\n<\/ul>\n","protected":false},"featured_media":11951,"template":"","meta":{"_acf_changed":false},"product_brand":[],"product_cat":[523],"product_tag":[579,494,496],"class_list":{"0":"post-21106","1":"product","2":"type-product","3":"status-publish","4":"has-post-thumbnail","6":"product_cat-damen-pelzige-hausschuhe","7":"product_tag-kastoria-wollpantoffel","8":"product_tag-frau","9":"product_tag-schwarze-farbe","11":"first","12":"instock","13":"shipping-taxable","14":"purchasable","15":"product-type-variable"},"acf":[],"yoast_head":"<!-- This site is optimized with the Yoast SEO plugin v27.2 - https:\/\/yoast.com\/product\/yoast-seo-wordpress\/ -->\n<title>Pelzige hausschuhe mp117 Schwarz - Modapelle<\/title>\n<meta name=\"description\" content=\"Au\u00dfergew\u00f6hnlich warme, bequeme und hypoallergene Kastoria-Fellpantoffeln in Schwarz!\" \/>\n<meta name=\"robots\" content=\"index, follow, max-snippet:-1, max-image-preview:large, max-video-preview:-1\" \/>\n<link rel=\"canonical\" href=\"https:\/\/www.modapelle.gr\/de\/produkt\/pelzige-hausschuhe-mp117-schwarz\/\" \/>\n<meta property=\"og:locale\" content=\"de_DE\" \/>\n<meta property=\"og:type\" content=\"article\" \/>\n<meta property=\"og:title\" content=\"Pelzige hausschuhe mp117 Schwarz - Modapelle\" \/>\n<meta property=\"og:description\" content=\"Au\u00dfergew\u00f6hnlich warme, bequeme und hypoallergene Kastoria-Fellpantoffeln in Schwarz!\" \/>\n<meta property=\"og:url\" content=\"https:\/\/www.modapelle.gr\/de\/produkt\/pelzige-hausschuhe-mp117-schwarz\/\" \/>\n<meta property=\"og:site_name\" content=\"MODAPELLE\" \/>\n<meta property=\"article:modified_time\" content=\"2023-06-02T15:11:16+00:00\" \/>\n<meta property=\"og:image\" content=\"https:\/\/www.modapelle.gr\/wp-content\/uploads\/2021\/07\/photo31.jpg\" \/>\n\t<meta property=\"og:image:width\" content=\"800\" \/>\n\t<meta property=\"og:image:height\" content=\"800\" \/>\n\t<meta property=\"og:image:type\" content=\"image\/jpeg\" \/>\n<meta name=\"twitter:card\" content=\"summary_large_image\" \/>\n<meta name=\"twitter:label1\" content=\"Gesch\u00e4tzte Lesezeit\" \/>\n\t<meta name=\"twitter:data1\" content=\"1\u00a0Minute\" \/>\n<script type=\"application\/ld+json\" class=\"yoast-schema-graph\">{\"@context\":\"https:\/\/schema.org\",\"@graph\":[{\"@type\":\"WebPage\",\"@id\":\"https:\/\/www.modapelle.gr\/de\/produkt\/pelzige-hausschuhe-mp117-schwarz\/\",\"url\":\"https:\/\/www.modapelle.gr\/de\/produkt\/pelzige-hausschuhe-mp117-schwarz\/\",\"name\":\"Pelzige hausschuhe mp117 Schwarz - Modapelle\",\"isPartOf\":{\"@id\":\"https:\/\/www.modapelle.gr\/de\/#website\"},\"primaryImageOfPage\":{\"@id\":\"https:\/\/www.modapelle.gr\/de\/produkt\/pelzige-hausschuhe-mp117-schwarz\/#primaryimage\"},\"image\":{\"@id\":\"https:\/\/www.modapelle.gr\/de\/produkt\/pelzige-hausschuhe-mp117-schwarz\/#primaryimage\"},\"thumbnailUrl\":\"https:\/\/www.modapelle.gr\/wp-content\/uploads\/2021\/07\/photo31.jpg\",\"datePublished\":\"2021-07-24T08:22:20+00:00\",\"dateModified\":\"2023-06-02T15:11:16+00:00\",\"description\":\"Au\u00dfergew\u00f6hnlich warme, bequeme und hypoallergene Kastoria-Fellpantoffeln in Schwarz!\",\"breadcrumb\":{\"@id\":\"https:\/\/www.modapelle.gr\/de\/produkt\/pelzige-hausschuhe-mp117-schwarz\/#breadcrumb\"},\"inLanguage\":\"de\",\"potentialAction\":[{\"@type\":\"ReadAction\",\"target\":[\"https:\/\/www.modapelle.gr\/de\/produkt\/pelzige-hausschuhe-mp117-schwarz\/\"]}]},{\"@type\":\"ImageObject\",\"inLanguage\":\"de\",\"@id\":\"https:\/\/www.modapelle.gr\/de\/produkt\/pelzige-hausschuhe-mp117-schwarz\/#primaryimage\",\"url\":\"https:\/\/www.modapelle.gr\/wp-content\/uploads\/2021\/07\/photo31.jpg\",\"contentUrl\":\"https:\/\/www.modapelle.gr\/wp-content\/uploads\/2021\/07\/photo31.jpg\",\"width\":800,\"height\":800,\"caption\":\"Pelzige hausschuhe mp117 Schwarz\"},{\"@type\":\"BreadcrumbList\",\"@id\":\"https:\/\/www.modapelle.gr\/de\/produkt\/pelzige-hausschuhe-mp117-schwarz\/#breadcrumb\",\"itemListElement\":[{\"@type\":\"ListItem\",\"position\":1,\"name\":\"Modapelle\",\"item\":\"https:\/\/www.modapelle.gr\/de\/\"},{\"@type\":\"ListItem\",\"position\":2,\"name\":\"Shop\",\"item\":\"https:\/\/www.modapelle.gr\/de\/shop\/\"},{\"@type\":\"ListItem\",\"position\":3,\"name\":\"Frau\",\"item\":\"https:\/\/www.modapelle.gr\/de\/produkt-kategorie\/frau\/\"},{\"@type\":\"ListItem\",\"position\":4,\"name\":\"Damen Pelzige hausschuhe\",\"item\":\"https:\/\/www.modapelle.gr\/de\/produkt-kategorie\/frau\/damen-pelzige-hausschuhe\/\"},{\"@type\":\"ListItem\",\"position\":5,\"name\":\"Pelzige hausschuhe mp117 Schwarz\"}]},{\"@type\":\"WebSite\",\"@id\":\"https:\/\/www.modapelle.gr\/de\/#website\",\"url\":\"https:\/\/www.modapelle.gr\/de\/\",\"name\":\"MODAPELLE\",\"description\":\"Lederbekleidung, Taschen & Accessoires\",\"publisher\":{\"@id\":\"https:\/\/www.modapelle.gr\/de\/#organization\"},\"potentialAction\":[{\"@type\":\"SearchAction\",\"target\":{\"@type\":\"EntryPoint\",\"urlTemplate\":\"https:\/\/www.modapelle.gr\/de\/?s={search_term_string}\"},\"query-input\":{\"@type\":\"PropertyValueSpecification\",\"valueRequired\":true,\"valueName\":\"search_term_string\"}}],\"inLanguage\":\"de\"},{\"@type\":\"Organization\",\"@id\":\"https:\/\/www.modapelle.gr\/de\/#organization\",\"name\":\"MODAPELLE\",\"url\":\"https:\/\/www.modapelle.gr\/de\/\",\"logo\":{\"@type\":\"ImageObject\",\"inLanguage\":\"de\",\"@id\":\"https:\/\/www.modapelle.gr\/de\/#\/schema\/logo\/image\/\",\"url\":\"https:\/\/www.modapelle.gr\/wp-content\/uploads\/2021\/07\/modapelle-logo.png\",\"contentUrl\":\"https:\/\/www.modapelle.gr\/wp-content\/uploads\/2021\/07\/modapelle-logo.png\",\"width\":388,\"height\":120,\"caption\":\"MODAPELLE\"},\"image\":{\"@id\":\"https:\/\/www.modapelle.gr\/de\/#\/schema\/logo\/image\/\"}}]}<\/script>\n<!-- \/ Yoast SEO plugin. -->","yoast_head_json":{"title":"Pelzige hausschuhe mp117 Schwarz - Modapelle","description":"Au\u00dfergew\u00f6hnlich warme, bequeme und hypoallergene Kastoria-Fellpantoffeln in Schwarz!","robots":{"index":"index","follow":"follow","max-snippet":"max-snippet:-1","max-image-preview":"max-image-preview:large","max-video-preview":"max-video-preview:-1"},"canonical":"https:\/\/www.modapelle.gr\/de\/produkt\/pelzige-hausschuhe-mp117-schwarz\/","og_locale":"de_DE","og_type":"article","og_title":"Pelzige hausschuhe mp117 Schwarz - Modapelle","og_description":"Au\u00dfergew\u00f6hnlich warme, bequeme und hypoallergene Kastoria-Fellpantoffeln in Schwarz!","og_url":"https:\/\/www.modapelle.gr\/de\/produkt\/pelzige-hausschuhe-mp117-schwarz\/","og_site_name":"MODAPELLE","article_modified_time":"2023-06-02T15:11:16+00:00","og_image":[{"width":800,"height":800,"url":"https:\/\/www.modapelle.gr\/wp-content\/uploads\/2021\/07\/photo31.jpg","type":"image\/jpeg"}],"twitter_card":"summary_large_image","twitter_misc":{"Gesch\u00e4tzte Lesezeit":"1\u00a0Minute"},"schema":{"@context":"https:\/\/schema.org","@graph":[{"@type":"WebPage","@id":"https:\/\/www.modapelle.gr\/de\/produkt\/pelzige-hausschuhe-mp117-schwarz\/","url":"https:\/\/www.modapelle.gr\/de\/produkt\/pelzige-hausschuhe-mp117-schwarz\/","name":"Pelzige hausschuhe mp117 Schwarz - Modapelle","isPartOf":{"@id":"https:\/\/www.modapelle.gr\/de\/#website"},"primaryImageOfPage":{"@id":"https:\/\/www.modapelle.gr\/de\/produkt\/pelzige-hausschuhe-mp117-schwarz\/#primaryimage"},"image":{"@id":"https:\/\/www.modapelle.gr\/de\/produkt\/pelzige-hausschuhe-mp117-schwarz\/#primaryimage"},"thumbnailUrl":"https:\/\/www.modapelle.gr\/wp-content\/uploads\/2021\/07\/photo31.jpg","datePublished":"2021-07-24T08:22:20+00:00","dateModified":"2023-06-02T15:11:16+00:00","description":"Au\u00dfergew\u00f6hnlich warme, bequeme und hypoallergene Kastoria-Fellpantoffeln in Schwarz!","breadcrumb":{"@id":"https:\/\/www.modapelle.gr\/de\/produkt\/pelzige-hausschuhe-mp117-schwarz\/#breadcrumb"},"inLanguage":"de","potentialAction":[{"@type":"ReadAction","target":["https:\/\/www.modapelle.gr\/de\/produkt\/pelzige-hausschuhe-mp117-schwarz\/"]}]},{"@type":"ImageObject","inLanguage":"de","@id":"https:\/\/www.modapelle.gr\/de\/produkt\/pelzige-hausschuhe-mp117-schwarz\/#primaryimage","url":"https:\/\/www.modapelle.gr\/wp-content\/uploads\/2021\/07\/photo31.jpg","contentUrl":"https:\/\/www.modapelle.gr\/wp-content\/uploads\/2021\/07\/photo31.jpg","width":800,"height":800,"caption":"Pelzige hausschuhe mp117 Schwarz"},{"@type":"BreadcrumbList","@id":"https:\/\/www.modapelle.gr\/de\/produkt\/pelzige-hausschuhe-mp117-schwarz\/#breadcrumb","itemListElement":[{"@type":"ListItem","position":1,"name":"Modapelle","item":"https:\/\/www.modapelle.gr\/de\/"},{"@type":"ListItem","position":2,"name":"Shop","item":"https:\/\/www.modapelle.gr\/de\/shop\/"},{"@type":"ListItem","position":3,"name":"Frau","item":"https:\/\/www.modapelle.gr\/de\/produkt-kategorie\/frau\/"},{"@type":"ListItem","position":4,"name":"Damen Pelzige hausschuhe","item":"https:\/\/www.modapelle.gr\/de\/produkt-kategorie\/frau\/damen-pelzige-hausschuhe\/"},{"@type":"ListItem","position":5,"name":"Pelzige hausschuhe mp117 Schwarz"}]},{"@type":"WebSite","@id":"https:\/\/www.modapelle.gr\/de\/#website","url":"https:\/\/www.modapelle.gr\/de\/","name":"MODAPELLE","description":"Lederbekleidung, Taschen & Accessoires","publisher":{"@id":"https:\/\/www.modapelle.gr\/de\/#organization"},"potentialAction":[{"@type":"SearchAction","target":{"@type":"EntryPoint","urlTemplate":"https:\/\/www.modapelle.gr\/de\/?s={search_term_string}"},"query-input":{"@type":"PropertyValueSpecification","valueRequired":true,"valueName":"search_term_string"}}],"inLanguage":"de"},{"@type":"Organization","@id":"https:\/\/www.modapelle.gr\/de\/#organization","name":"MODAPELLE","url":"https:\/\/www.modapelle.gr\/de\/","logo":{"@type":"ImageObject","inLanguage":"de","@id":"https:\/\/www.modapelle.gr\/de\/#\/schema\/logo\/image\/","url":"https:\/\/www.modapelle.gr\/wp-content\/uploads\/2021\/07\/modapelle-logo.png","contentUrl":"https:\/\/www.modapelle.gr\/wp-content\/uploads\/2021\/07\/modapelle-logo.png","width":388,"height":120,"caption":"MODAPELLE"},"image":{"@id":"https:\/\/www.modapelle.gr\/de\/#\/schema\/logo\/image\/"}}]}},"_links":{"self":[{"href":"https:\/\/www.modapelle.gr\/de\/wp-json\/wp\/v2\/product\/21106","targetHints":{"allow":["GET"]}}],"collection":[{"href":"https:\/\/www.modapelle.gr\/de\/wp-json\/wp\/v2\/product"}],"about":[{"href":"https:\/\/www.modapelle.gr\/de\/wp-json\/wp\/v2\/types\/product"}],"wp:featuredmedia":[{"embeddable":true,"href":"https:\/\/www.modapelle.gr\/de\/wp-json\/wp\/v2\/media\/11951"}],"wp:attachment":[{"href":"https:\/\/www.modapelle.gr\/de\/wp-json\/wp\/v2\/media?parent=21106"}],"wp:term":[{"taxonomy":"product_brand","embeddable":true,"href":"https:\/\/www.modapelle.gr\/de\/wp-json\/wp\/v2\/product_brand?post=21106"},{"taxonomy":"product_cat","embeddable":true,"href":"https:\/\/www.modapelle.gr\/de\/wp-json\/wp\/v2\/product_cat?post=21106"},{"taxonomy":"product_tag","embeddable":true,"href":"https:\/\/www.modapelle.gr\/de\/wp-json\/wp\/v2\/product_tag?post=21106"}],"curies":[{"name":"wp","href":"https:\/\/api.w.org\/{rel}","templated":true}]}}