{"id":20968,"date":"2022-12-07T19:59:33","date_gmt":"2022-12-07T17:59:33","guid":{"rendered":"https:\/\/www.modapelle.gr\/product\/pelzige-geschlossene-hausschuhe-aus-kastoria-mp420-grau-rosa-schuhband\/"},"modified":"2023-06-02T18:20:35","modified_gmt":"2023-06-02T15:20:35","slug":"pelzige-geschlossene-hausschuhe-aus-kastoria-mp420-grau-rosa-schuhband","status":"publish","type":"product","link":"https:\/\/www.modapelle.gr\/de\/produkt\/pelzige-geschlossene-hausschuhe-aus-kastoria-mp420-grau-rosa-schuhband\/","title":{"rendered":"Pelzige geschlossene hausschuhe aus Kastoria mp420 Grau Rosa \u2013 Schuhband"},"content":{"rendered":"<h2>Pelzige geschlossene hausschuhe aus Kastoria<\/h2>\n<p>Handgefertigte pelzhausschuhe aus Kastoria von exzellenter qualit\u00e4t.<\/p>\n<p>Bequem, warm, leicht und absolut hypoallergen. Durch die nat\u00fcrlichen materialien wird die richtige hygiene des fu\u00dfes erhalten und es wird kein unangenehmer geruch verursacht! Hergestellt aus 100% echtem \u2013 hochwertigem lammfell! Erh\u00e4ltlich mit Schn\u00fcrsenkeln f\u00fcr eine noch bessere Passform!<\/p>\n","protected":false},"excerpt":{"rendered":"<p>Extrem warme, bequeme, leichte und allergikerfreundliche fellpantoffeln aus Kastoria, geschlossen in Grau Rosa.<\/p>\n<p>Hergestellt aus 100% echtem, hochwertigem schaffell, mit rutschfester sohle und leicht h\u00f6herem absatz an der r\u00fcckseite (Sohlenh\u00f6he: 1 cm vorne und 2 cm hinten). Erh\u00e4ltlich mit Schn\u00fcrsenkeln f\u00fcr eine noch bessere Passform!<\/p>\n<ul>\n<li><strong>W\u00e4hlen sie eine gr\u00f6\u00dfe, die ihrer schuhgr\u00f6\u00dfe entspricht. Wenn sie zwischen zwei gr\u00f6\u00dfen in schuhen wechseln, w\u00e4hlen sie die kleinere gr\u00f6\u00dfe f\u00fcr die pantoffeln. Zum beispiel, wenn sie schuhgr\u00f6\u00dfe 40 oder 41 tragen, je nach marke, w\u00e4hlen sie f\u00fcr die pantoffeln die kleinere gr\u00f6\u00dfe, also 40.<\/strong><\/li>\n<\/ul>\n","protected":false},"featured_media":14225,"template":"","meta":{"_acf_changed":false},"product_brand":[],"product_cat":[523,517],"product_tag":[581,494,577,645],"class_list":{"0":"post-20968","1":"product","2":"type-product","3":"status-publish","4":"has-post-thumbnail","6":"product_cat-damen-pelzige-hausschuhe","7":"product_cat-pelzige-geschlossene-hausschuhe-aus-kastoria","8":"product_tag-fell-hausschuhe-aus-kastoria-maultiere","9":"product_tag-frau","10":"product_tag-grau","11":"product_tag-lachsfarbene-farbe","13":"first","14":"instock","15":"shipping-taxable","16":"purchasable","17":"product-type-variable"},"acf":[],"yoast_head":"<!-- This site is optimized with the Yoast SEO plugin v27.4 - https:\/\/yoast.com\/product\/yoast-seo-wordpress\/ -->\n<title>Pelzige geschlossene hausschuhe Grau Rosa - Modapelle<\/title>\n<meta name=\"description\" content=\"Extrem warme, bequeme, leichte und allergikerfreundliche fellpantoffeln aus Kastoria, geschlossen in Grau Rosa.\" \/>\n<meta name=\"robots\" content=\"index, follow, max-snippet:-1, max-image-preview:large, max-video-preview:-1\" \/>\n<link rel=\"canonical\" href=\"https:\/\/www.modapelle.gr\/de\/produkt\/pelzige-geschlossene-hausschuhe-aus-kastoria-mp420-grau-rosa-schuhband\/\" \/>\n<meta property=\"og:locale\" content=\"de_DE\" \/>\n<meta property=\"og:type\" content=\"article\" \/>\n<meta property=\"og:title\" content=\"Pelzige geschlossene hausschuhe Grau Rosa - Modapelle\" \/>\n<meta property=\"og:description\" content=\"Extrem warme, bequeme, leichte und allergikerfreundliche fellpantoffeln aus Kastoria, geschlossen in Grau Rosa.\" \/>\n<meta property=\"og:url\" content=\"https:\/\/www.modapelle.gr\/de\/produkt\/pelzige-geschlossene-hausschuhe-aus-kastoria-mp420-grau-rosa-schuhband\/\" \/>\n<meta property=\"og:site_name\" content=\"MODAPELLE\" \/>\n<meta property=\"article:modified_time\" content=\"2023-06-02T15:20:35+00:00\" \/>\n<meta property=\"og:image\" content=\"https:\/\/www.modapelle.gr\/wp-content\/uploads\/2022\/12\/\u0393\u039f\u03a5\u039d\u0399\u039d\u0395\u03a3-\u03a0\u0391\u039d\u03a4\u039f\u03a6\u039b\u0395\u03a3-\u039a\u0391\u03a3\u03a4\u039f\u03a1\u0399\u0391\u03a3-mp420-\u0393\u039a\u03a1\u0399-\u039a-2L.jpg\" \/>\n\t<meta property=\"og:image:width\" content=\"1200\" \/>\n\t<meta property=\"og:image:height\" content=\"1200\" \/>\n\t<meta property=\"og:image:type\" content=\"image\/jpeg\" \/>\n<meta name=\"twitter:card\" content=\"summary_large_image\" \/>\n<meta name=\"twitter:label1\" content=\"Gesch\u00e4tzte Lesezeit\" \/>\n\t<meta name=\"twitter:data1\" content=\"1\u00a0Minute\" \/>\n<script type=\"application\/ld+json\" class=\"yoast-schema-graph\">{\"@context\":\"https:\\\/\\\/schema.org\",\"@graph\":[{\"@type\":\"WebPage\",\"@id\":\"https:\\\/\\\/www.modapelle.gr\\\/de\\\/produkt\\\/pelzige-geschlossene-hausschuhe-aus-kastoria-mp420-grau-rosa-schuhband\\\/\",\"url\":\"https:\\\/\\\/www.modapelle.gr\\\/de\\\/produkt\\\/pelzige-geschlossene-hausschuhe-aus-kastoria-mp420-grau-rosa-schuhband\\\/\",\"name\":\"Pelzige geschlossene hausschuhe Grau Rosa - Modapelle\",\"isPartOf\":{\"@id\":\"https:\\\/\\\/www.modapelle.gr\\\/de\\\/#website\"},\"primaryImageOfPage\":{\"@id\":\"https:\\\/\\\/www.modapelle.gr\\\/de\\\/produkt\\\/pelzige-geschlossene-hausschuhe-aus-kastoria-mp420-grau-rosa-schuhband\\\/#primaryimage\"},\"image\":{\"@id\":\"https:\\\/\\\/www.modapelle.gr\\\/de\\\/produkt\\\/pelzige-geschlossene-hausschuhe-aus-kastoria-mp420-grau-rosa-schuhband\\\/#primaryimage\"},\"thumbnailUrl\":\"https:\\\/\\\/www.modapelle.gr\\\/wp-content\\\/uploads\\\/2022\\\/12\\\/\u0393\u039f\u03a5\u039d\u0399\u039d\u0395\u03a3-\u03a0\u0391\u039d\u03a4\u039f\u03a6\u039b\u0395\u03a3-\u039a\u0391\u03a3\u03a4\u039f\u03a1\u0399\u0391\u03a3-mp420-\u0393\u039a\u03a1\u0399-\u039a-2L.jpg\",\"datePublished\":\"2022-12-07T17:59:33+00:00\",\"dateModified\":\"2023-06-02T15:20:35+00:00\",\"description\":\"Extrem warme, bequeme, leichte und allergikerfreundliche fellpantoffeln aus Kastoria, geschlossen in Grau Rosa.\",\"breadcrumb\":{\"@id\":\"https:\\\/\\\/www.modapelle.gr\\\/de\\\/produkt\\\/pelzige-geschlossene-hausschuhe-aus-kastoria-mp420-grau-rosa-schuhband\\\/#breadcrumb\"},\"inLanguage\":\"de\",\"potentialAction\":[{\"@type\":\"ReadAction\",\"target\":[\"https:\\\/\\\/www.modapelle.gr\\\/de\\\/produkt\\\/pelzige-geschlossene-hausschuhe-aus-kastoria-mp420-grau-rosa-schuhband\\\/\"]}]},{\"@type\":\"ImageObject\",\"inLanguage\":\"de\",\"@id\":\"https:\\\/\\\/www.modapelle.gr\\\/de\\\/produkt\\\/pelzige-geschlossene-hausschuhe-aus-kastoria-mp420-grau-rosa-schuhband\\\/#primaryimage\",\"url\":\"https:\\\/\\\/www.modapelle.gr\\\/wp-content\\\/uploads\\\/2022\\\/12\\\/\u0393\u039f\u03a5\u039d\u0399\u039d\u0395\u03a3-\u03a0\u0391\u039d\u03a4\u039f\u03a6\u039b\u0395\u03a3-\u039a\u0391\u03a3\u03a4\u039f\u03a1\u0399\u0391\u03a3-mp420-\u0393\u039a\u03a1\u0399-\u039a-2L.jpg\",\"contentUrl\":\"https:\\\/\\\/www.modapelle.gr\\\/wp-content\\\/uploads\\\/2022\\\/12\\\/\u0393\u039f\u03a5\u039d\u0399\u039d\u0395\u03a3-\u03a0\u0391\u039d\u03a4\u039f\u03a6\u039b\u0395\u03a3-\u039a\u0391\u03a3\u03a4\u039f\u03a1\u0399\u0391\u03a3-mp420-\u0393\u039a\u03a1\u0399-\u039a-2L.jpg\",\"width\":1200,\"height\":1200,\"caption\":\"Pelzige geschlossene hausschuhe aus Kastoria mp420 Grau Rosa \u2013 Schuhband\"},{\"@type\":\"BreadcrumbList\",\"@id\":\"https:\\\/\\\/www.modapelle.gr\\\/de\\\/produkt\\\/pelzige-geschlossene-hausschuhe-aus-kastoria-mp420-grau-rosa-schuhband\\\/#breadcrumb\",\"itemListElement\":[{\"@type\":\"ListItem\",\"position\":1,\"name\":\"Modapelle\",\"item\":\"https:\\\/\\\/www.modapelle.gr\\\/de\\\/\"},{\"@type\":\"ListItem\",\"position\":2,\"name\":\"Shop\",\"item\":\"https:\\\/\\\/www.modapelle.gr\\\/de\\\/shop\\\/\"},{\"@type\":\"ListItem\",\"position\":3,\"name\":\"F\u00fcr Frauen und M\u00e4nner\",\"item\":\"https:\\\/\\\/www.modapelle.gr\\\/de\\\/produkt-kategorie\\\/fuer-frauen-und-maenner\\\/\"},{\"@type\":\"ListItem\",\"position\":4,\"name\":\"Pelzige geschlossene hausschuhe aus Kastoria\",\"item\":\"https:\\\/\\\/www.modapelle.gr\\\/de\\\/produkt-kategorie\\\/fuer-frauen-und-maenner\\\/pelzige-geschlossene-hausschuhe-aus-kastoria\\\/\"},{\"@type\":\"ListItem\",\"position\":5,\"name\":\"Pelzige geschlossene hausschuhe aus Kastoria mp420 Grau Rosa \u2013 Schuhband\"}]},{\"@type\":\"WebSite\",\"@id\":\"https:\\\/\\\/www.modapelle.gr\\\/de\\\/#website\",\"url\":\"https:\\\/\\\/www.modapelle.gr\\\/de\\\/\",\"name\":\"MODAPELLE\",\"description\":\"Lederbekleidung, Taschen & Accessoires\",\"publisher\":{\"@id\":\"https:\\\/\\\/www.modapelle.gr\\\/de\\\/#organization\"},\"potentialAction\":[{\"@type\":\"SearchAction\",\"target\":{\"@type\":\"EntryPoint\",\"urlTemplate\":\"https:\\\/\\\/www.modapelle.gr\\\/de\\\/?s={search_term_string}\"},\"query-input\":{\"@type\":\"PropertyValueSpecification\",\"valueRequired\":true,\"valueName\":\"search_term_string\"}}],\"inLanguage\":\"de\"},{\"@type\":\"Organization\",\"@id\":\"https:\\\/\\\/www.modapelle.gr\\\/de\\\/#organization\",\"name\":\"MODAPELLE\",\"url\":\"https:\\\/\\\/www.modapelle.gr\\\/de\\\/\",\"logo\":{\"@type\":\"ImageObject\",\"inLanguage\":\"de\",\"@id\":\"https:\\\/\\\/www.modapelle.gr\\\/de\\\/#\\\/schema\\\/logo\\\/image\\\/\",\"url\":\"https:\\\/\\\/www.modapelle.gr\\\/wp-content\\\/uploads\\\/2021\\\/07\\\/modapelle-logo.png\",\"contentUrl\":\"https:\\\/\\\/www.modapelle.gr\\\/wp-content\\\/uploads\\\/2021\\\/07\\\/modapelle-logo.png\",\"width\":388,\"height\":120,\"caption\":\"MODAPELLE\"},\"image\":{\"@id\":\"https:\\\/\\\/www.modapelle.gr\\\/de\\\/#\\\/schema\\\/logo\\\/image\\\/\"}}]}<\/script>\n<!-- \/ Yoast SEO plugin. -->","yoast_head_json":{"title":"Pelzige geschlossene hausschuhe Grau Rosa - Modapelle","description":"Extrem warme, bequeme, leichte und allergikerfreundliche fellpantoffeln aus Kastoria, geschlossen in Grau Rosa.","robots":{"index":"index","follow":"follow","max-snippet":"max-snippet:-1","max-image-preview":"max-image-preview:large","max-video-preview":"max-video-preview:-1"},"canonical":"https:\/\/www.modapelle.gr\/de\/produkt\/pelzige-geschlossene-hausschuhe-aus-kastoria-mp420-grau-rosa-schuhband\/","og_locale":"de_DE","og_type":"article","og_title":"Pelzige geschlossene hausschuhe Grau Rosa - Modapelle","og_description":"Extrem warme, bequeme, leichte und allergikerfreundliche fellpantoffeln aus Kastoria, geschlossen in Grau Rosa.","og_url":"https:\/\/www.modapelle.gr\/de\/produkt\/pelzige-geschlossene-hausschuhe-aus-kastoria-mp420-grau-rosa-schuhband\/","og_site_name":"MODAPELLE","article_modified_time":"2023-06-02T15:20:35+00:00","og_image":[{"width":1200,"height":1200,"url":"https:\/\/www.modapelle.gr\/wp-content\/uploads\/2022\/12\/\u0393\u039f\u03a5\u039d\u0399\u039d\u0395\u03a3-\u03a0\u0391\u039d\u03a4\u039f\u03a6\u039b\u0395\u03a3-\u039a\u0391\u03a3\u03a4\u039f\u03a1\u0399\u0391\u03a3-mp420-\u0393\u039a\u03a1\u0399-\u039a-2L.jpg","type":"image\/jpeg"}],"twitter_card":"summary_large_image","twitter_misc":{"Gesch\u00e4tzte Lesezeit":"1\u00a0Minute"},"schema":{"@context":"https:\/\/schema.org","@graph":[{"@type":"WebPage","@id":"https:\/\/www.modapelle.gr\/de\/produkt\/pelzige-geschlossene-hausschuhe-aus-kastoria-mp420-grau-rosa-schuhband\/","url":"https:\/\/www.modapelle.gr\/de\/produkt\/pelzige-geschlossene-hausschuhe-aus-kastoria-mp420-grau-rosa-schuhband\/","name":"Pelzige geschlossene hausschuhe Grau Rosa - Modapelle","isPartOf":{"@id":"https:\/\/www.modapelle.gr\/de\/#website"},"primaryImageOfPage":{"@id":"https:\/\/www.modapelle.gr\/de\/produkt\/pelzige-geschlossene-hausschuhe-aus-kastoria-mp420-grau-rosa-schuhband\/#primaryimage"},"image":{"@id":"https:\/\/www.modapelle.gr\/de\/produkt\/pelzige-geschlossene-hausschuhe-aus-kastoria-mp420-grau-rosa-schuhband\/#primaryimage"},"thumbnailUrl":"https:\/\/www.modapelle.gr\/wp-content\/uploads\/2022\/12\/\u0393\u039f\u03a5\u039d\u0399\u039d\u0395\u03a3-\u03a0\u0391\u039d\u03a4\u039f\u03a6\u039b\u0395\u03a3-\u039a\u0391\u03a3\u03a4\u039f\u03a1\u0399\u0391\u03a3-mp420-\u0393\u039a\u03a1\u0399-\u039a-2L.jpg","datePublished":"2022-12-07T17:59:33+00:00","dateModified":"2023-06-02T15:20:35+00:00","description":"Extrem warme, bequeme, leichte und allergikerfreundliche fellpantoffeln aus Kastoria, geschlossen in Grau Rosa.","breadcrumb":{"@id":"https:\/\/www.modapelle.gr\/de\/produkt\/pelzige-geschlossene-hausschuhe-aus-kastoria-mp420-grau-rosa-schuhband\/#breadcrumb"},"inLanguage":"de","potentialAction":[{"@type":"ReadAction","target":["https:\/\/www.modapelle.gr\/de\/produkt\/pelzige-geschlossene-hausschuhe-aus-kastoria-mp420-grau-rosa-schuhband\/"]}]},{"@type":"ImageObject","inLanguage":"de","@id":"https:\/\/www.modapelle.gr\/de\/produkt\/pelzige-geschlossene-hausschuhe-aus-kastoria-mp420-grau-rosa-schuhband\/#primaryimage","url":"https:\/\/www.modapelle.gr\/wp-content\/uploads\/2022\/12\/\u0393\u039f\u03a5\u039d\u0399\u039d\u0395\u03a3-\u03a0\u0391\u039d\u03a4\u039f\u03a6\u039b\u0395\u03a3-\u039a\u0391\u03a3\u03a4\u039f\u03a1\u0399\u0391\u03a3-mp420-\u0393\u039a\u03a1\u0399-\u039a-2L.jpg","contentUrl":"https:\/\/www.modapelle.gr\/wp-content\/uploads\/2022\/12\/\u0393\u039f\u03a5\u039d\u0399\u039d\u0395\u03a3-\u03a0\u0391\u039d\u03a4\u039f\u03a6\u039b\u0395\u03a3-\u039a\u0391\u03a3\u03a4\u039f\u03a1\u0399\u0391\u03a3-mp420-\u0393\u039a\u03a1\u0399-\u039a-2L.jpg","width":1200,"height":1200,"caption":"Pelzige geschlossene hausschuhe aus Kastoria mp420 Grau Rosa \u2013 Schuhband"},{"@type":"BreadcrumbList","@id":"https:\/\/www.modapelle.gr\/de\/produkt\/pelzige-geschlossene-hausschuhe-aus-kastoria-mp420-grau-rosa-schuhband\/#breadcrumb","itemListElement":[{"@type":"ListItem","position":1,"name":"Modapelle","item":"https:\/\/www.modapelle.gr\/de\/"},{"@type":"ListItem","position":2,"name":"Shop","item":"https:\/\/www.modapelle.gr\/de\/shop\/"},{"@type":"ListItem","position":3,"name":"F\u00fcr Frauen und M\u00e4nner","item":"https:\/\/www.modapelle.gr\/de\/produkt-kategorie\/fuer-frauen-und-maenner\/"},{"@type":"ListItem","position":4,"name":"Pelzige geschlossene hausschuhe aus Kastoria","item":"https:\/\/www.modapelle.gr\/de\/produkt-kategorie\/fuer-frauen-und-maenner\/pelzige-geschlossene-hausschuhe-aus-kastoria\/"},{"@type":"ListItem","position":5,"name":"Pelzige geschlossene hausschuhe aus Kastoria mp420 Grau Rosa \u2013 Schuhband"}]},{"@type":"WebSite","@id":"https:\/\/www.modapelle.gr\/de\/#website","url":"https:\/\/www.modapelle.gr\/de\/","name":"MODAPELLE","description":"Lederbekleidung, Taschen & Accessoires","publisher":{"@id":"https:\/\/www.modapelle.gr\/de\/#organization"},"potentialAction":[{"@type":"SearchAction","target":{"@type":"EntryPoint","urlTemplate":"https:\/\/www.modapelle.gr\/de\/?s={search_term_string}"},"query-input":{"@type":"PropertyValueSpecification","valueRequired":true,"valueName":"search_term_string"}}],"inLanguage":"de"},{"@type":"Organization","@id":"https:\/\/www.modapelle.gr\/de\/#organization","name":"MODAPELLE","url":"https:\/\/www.modapelle.gr\/de\/","logo":{"@type":"ImageObject","inLanguage":"de","@id":"https:\/\/www.modapelle.gr\/de\/#\/schema\/logo\/image\/","url":"https:\/\/www.modapelle.gr\/wp-content\/uploads\/2021\/07\/modapelle-logo.png","contentUrl":"https:\/\/www.modapelle.gr\/wp-content\/uploads\/2021\/07\/modapelle-logo.png","width":388,"height":120,"caption":"MODAPELLE"},"image":{"@id":"https:\/\/www.modapelle.gr\/de\/#\/schema\/logo\/image\/"}}]}},"_links":{"self":[{"href":"https:\/\/www.modapelle.gr\/de\/wp-json\/wp\/v2\/product\/20968","targetHints":{"allow":["GET"]}}],"collection":[{"href":"https:\/\/www.modapelle.gr\/de\/wp-json\/wp\/v2\/product"}],"about":[{"href":"https:\/\/www.modapelle.gr\/de\/wp-json\/wp\/v2\/types\/product"}],"wp:featuredmedia":[{"embeddable":true,"href":"https:\/\/www.modapelle.gr\/de\/wp-json\/wp\/v2\/media\/14225"}],"wp:attachment":[{"href":"https:\/\/www.modapelle.gr\/de\/wp-json\/wp\/v2\/media?parent=20968"}],"wp:term":[{"taxonomy":"product_brand","embeddable":true,"href":"https:\/\/www.modapelle.gr\/de\/wp-json\/wp\/v2\/product_brand?post=20968"},{"taxonomy":"product_cat","embeddable":true,"href":"https:\/\/www.modapelle.gr\/de\/wp-json\/wp\/v2\/product_cat?post=20968"},{"taxonomy":"product_tag","embeddable":true,"href":"https:\/\/www.modapelle.gr\/de\/wp-json\/wp\/v2\/product_tag?post=20968"}],"curies":[{"name":"wp","href":"https:\/\/api.w.org\/{rel}","templated":true}]}}