{"id":20930,"date":"2022-12-08T15:16:38","date_gmt":"2022-12-08T13:16:38","guid":{"rendered":"https:\/\/www.modapelle.gr\/product\/pelzige-geschlossene-hausschuhe-mp422-braun\/"},"modified":"2023-06-02T18:21:46","modified_gmt":"2023-06-02T15:21:46","slug":"pelzige-geschlossene-hausschuhe-mp422-braun","status":"publish","type":"product","link":"https:\/\/www.modapelle.gr\/de\/produkt\/pelzige-geschlossene-hausschuhe-mp422-braun\/","title":{"rendered":"Pelzige geschlossene hausschuhe mp422 Braun"},"content":{"rendered":"<h2>Geschlossene Fellpantoffeln aus Kastoria<\/h2>\n<p>Exzellente Qualit\u00e4t &#8211; Geschlossene Fellpantoffeln aus Kastoria.<\/p>\n<p>Handgefertigte Fellpantoffeln aus Kastoria von herausragender Qualit\u00e4t.<\/p>\n<p>Bequem, warm, leicht und absolut allergikerfreundlich. Dank der nat\u00fcrlichen Materialien wird die richtige Hygiene des Fu\u00dfes bewahrt und es entsteht kein unangenehmer Geruch! Hergestellt aus 100% echtem, hochwertigem Nappaleder mit nat\u00fcrlicher Fellf\u00fctterung (Schaffellsohle und Pelzfutter).<\/p>\n","protected":false},"excerpt":{"rendered":"<p>Extrem warm, bequem, leicht und allergikerfreundlich &#8211; Geschlossene Fellpantoffeln aus Kastoria (Pantoffel) in brauner Farbe.<\/p>\n<p>Hergestellt aus 100% echtem, hochwertigem Nappaleder und mit nat\u00fcrlicher Fellf\u00fctterung (Schaffellsohle und Pelzfutter).<\/p>\n<ul>\n<li><strong>W\u00e4hlen Sie die gleiche Gr\u00f6\u00dfe wie Ihre Schuhgr\u00f6\u00dfe. Wenn Sie zwischen zwei Gr\u00f6\u00dfen schwanken, w\u00e4hlen Sie bitte die gr\u00f6\u00dfere Gr\u00f6\u00dfe. Zum Beispiel, wenn Sie Schuhgr\u00f6\u00dfe 40 oder 41 tragen, je nach Marke, w\u00e4hlen Sie in den Pantoffeln mit Nappaleder au\u00dfen die gr\u00f6\u00dfere Gr\u00f6\u00dfe, also Gr\u00f6\u00dfe 41.<\/strong><\/li>\n<\/ul>\n","protected":false},"featured_media":14253,"template":"","meta":{"_acf_changed":false},"product_brand":[],"product_cat":[523,517],"product_tag":[581,494,621],"class_list":{"0":"post-20930","1":"product","2":"type-product","3":"status-publish","4":"has-post-thumbnail","6":"product_cat-damen-pelzige-hausschuhe","7":"product_cat-pelzige-geschlossene-hausschuhe-aus-kastoria","8":"product_tag-fell-hausschuhe-aus-kastoria-maultiere","9":"product_tag-frau","10":"product_tag-rote-farbe","12":"first","13":"instock","14":"shipping-taxable","15":"purchasable","16":"product-type-variable"},"acf":[],"yoast_head":"<!-- This site is optimized with the Yoast SEO plugin v27.2 - https:\/\/yoast.com\/product\/yoast-seo-wordpress\/ -->\n<title>Pelzige geschlossene hausschuhe mp422 Braun - Modapelle<\/title>\n<meta name=\"description\" content=\"Extrem warm, bequem, leicht und allergikerfreundlich - Geschlossene Fellpantoffeln aus Kastoria (Pantoffel) in brauner Farbe.\" \/>\n<meta name=\"robots\" content=\"index, follow, max-snippet:-1, max-image-preview:large, max-video-preview:-1\" \/>\n<link rel=\"canonical\" href=\"https:\/\/www.modapelle.gr\/de\/produkt\/pelzige-geschlossene-hausschuhe-mp422-braun\/\" \/>\n<meta property=\"og:locale\" content=\"de_DE\" \/>\n<meta property=\"og:type\" content=\"article\" \/>\n<meta property=\"og:title\" content=\"Pelzige geschlossene hausschuhe mp422 Braun - Modapelle\" \/>\n<meta property=\"og:description\" content=\"Extrem warm, bequem, leicht und allergikerfreundlich - Geschlossene Fellpantoffeln aus Kastoria (Pantoffel) in brauner Farbe.\" \/>\n<meta property=\"og:url\" content=\"https:\/\/www.modapelle.gr\/de\/produkt\/pelzige-geschlossene-hausschuhe-mp422-braun\/\" \/>\n<meta property=\"og:site_name\" content=\"MODAPELLE\" \/>\n<meta property=\"article:modified_time\" content=\"2023-06-02T15:21:46+00:00\" \/>\n<meta property=\"og:image\" content=\"https:\/\/www.modapelle.gr\/wp-content\/uploads\/2022\/12\/\u0393\u039f\u03a5\u039d\u0399\u039d\u0395\u03a3-\u03a0\u0391\u039d\u03a4\u039f\u03a6\u039b\u0395\u03a3-\u039a\u0391\u03a3\u03a4\u039f\u03a1\u0399\u0391\u03a3-mp420-\u03ba\u03b1\u03c6\u03b5-1L.jpg\" \/>\n\t<meta property=\"og:image:width\" content=\"1200\" \/>\n\t<meta property=\"og:image:height\" content=\"1200\" \/>\n\t<meta property=\"og:image:type\" content=\"image\/jpeg\" \/>\n<meta name=\"twitter:card\" content=\"summary_large_image\" \/>\n<meta name=\"twitter:label1\" content=\"Gesch\u00e4tzte Lesezeit\" \/>\n\t<meta name=\"twitter:data1\" content=\"1\u00a0Minute\" \/>\n<script type=\"application\/ld+json\" class=\"yoast-schema-graph\">{\"@context\":\"https:\/\/schema.org\",\"@graph\":[{\"@type\":\"WebPage\",\"@id\":\"https:\/\/www.modapelle.gr\/de\/produkt\/pelzige-geschlossene-hausschuhe-mp422-braun\/\",\"url\":\"https:\/\/www.modapelle.gr\/de\/produkt\/pelzige-geschlossene-hausschuhe-mp422-braun\/\",\"name\":\"Pelzige geschlossene hausschuhe mp422 Braun - Modapelle\",\"isPartOf\":{\"@id\":\"https:\/\/www.modapelle.gr\/de\/#website\"},\"primaryImageOfPage\":{\"@id\":\"https:\/\/www.modapelle.gr\/de\/produkt\/pelzige-geschlossene-hausschuhe-mp422-braun\/#primaryimage\"},\"image\":{\"@id\":\"https:\/\/www.modapelle.gr\/de\/produkt\/pelzige-geschlossene-hausschuhe-mp422-braun\/#primaryimage\"},\"thumbnailUrl\":\"https:\/\/www.modapelle.gr\/wp-content\/uploads\/2022\/12\/\u0393\u039f\u03a5\u039d\u0399\u039d\u0395\u03a3-\u03a0\u0391\u039d\u03a4\u039f\u03a6\u039b\u0395\u03a3-\u039a\u0391\u03a3\u03a4\u039f\u03a1\u0399\u0391\u03a3-mp420-\u03ba\u03b1\u03c6\u03b5-1L.jpg\",\"datePublished\":\"2022-12-08T13:16:38+00:00\",\"dateModified\":\"2023-06-02T15:21:46+00:00\",\"description\":\"Extrem warm, bequem, leicht und allergikerfreundlich - Geschlossene Fellpantoffeln aus Kastoria (Pantoffel) in brauner Farbe.\",\"breadcrumb\":{\"@id\":\"https:\/\/www.modapelle.gr\/de\/produkt\/pelzige-geschlossene-hausschuhe-mp422-braun\/#breadcrumb\"},\"inLanguage\":\"de\",\"potentialAction\":[{\"@type\":\"ReadAction\",\"target\":[\"https:\/\/www.modapelle.gr\/de\/produkt\/pelzige-geschlossene-hausschuhe-mp422-braun\/\"]}]},{\"@type\":\"ImageObject\",\"inLanguage\":\"de\",\"@id\":\"https:\/\/www.modapelle.gr\/de\/produkt\/pelzige-geschlossene-hausschuhe-mp422-braun\/#primaryimage\",\"url\":\"https:\/\/www.modapelle.gr\/wp-content\/uploads\/2022\/12\/\u0393\u039f\u03a5\u039d\u0399\u039d\u0395\u03a3-\u03a0\u0391\u039d\u03a4\u039f\u03a6\u039b\u0395\u03a3-\u039a\u0391\u03a3\u03a4\u039f\u03a1\u0399\u0391\u03a3-mp420-\u03ba\u03b1\u03c6\u03b5-1L.jpg\",\"contentUrl\":\"https:\/\/www.modapelle.gr\/wp-content\/uploads\/2022\/12\/\u0393\u039f\u03a5\u039d\u0399\u039d\u0395\u03a3-\u03a0\u0391\u039d\u03a4\u039f\u03a6\u039b\u0395\u03a3-\u039a\u0391\u03a3\u03a4\u039f\u03a1\u0399\u0391\u03a3-mp420-\u03ba\u03b1\u03c6\u03b5-1L.jpg\",\"width\":1200,\"height\":1200,\"caption\":\"Pelzige geschlossene hausschuhe mp422 Braun\"},{\"@type\":\"BreadcrumbList\",\"@id\":\"https:\/\/www.modapelle.gr\/de\/produkt\/pelzige-geschlossene-hausschuhe-mp422-braun\/#breadcrumb\",\"itemListElement\":[{\"@type\":\"ListItem\",\"position\":1,\"name\":\"Modapelle\",\"item\":\"https:\/\/www.modapelle.gr\/de\/\"},{\"@type\":\"ListItem\",\"position\":2,\"name\":\"Shop\",\"item\":\"https:\/\/www.modapelle.gr\/de\/shop\/\"},{\"@type\":\"ListItem\",\"position\":3,\"name\":\"F\u00fcr Frauen und M\u00e4nner\",\"item\":\"https:\/\/www.modapelle.gr\/de\/produkt-kategorie\/fuer-frauen-und-maenner\/\"},{\"@type\":\"ListItem\",\"position\":4,\"name\":\"Pelzige geschlossene hausschuhe aus Kastoria\",\"item\":\"https:\/\/www.modapelle.gr\/de\/produkt-kategorie\/fuer-frauen-und-maenner\/pelzige-geschlossene-hausschuhe-aus-kastoria\/\"},{\"@type\":\"ListItem\",\"position\":5,\"name\":\"Pelzige geschlossene hausschuhe mp422 Braun\"}]},{\"@type\":\"WebSite\",\"@id\":\"https:\/\/www.modapelle.gr\/de\/#website\",\"url\":\"https:\/\/www.modapelle.gr\/de\/\",\"name\":\"MODAPELLE\",\"description\":\"Lederbekleidung, Taschen & Accessoires\",\"publisher\":{\"@id\":\"https:\/\/www.modapelle.gr\/de\/#organization\"},\"potentialAction\":[{\"@type\":\"SearchAction\",\"target\":{\"@type\":\"EntryPoint\",\"urlTemplate\":\"https:\/\/www.modapelle.gr\/de\/?s={search_term_string}\"},\"query-input\":{\"@type\":\"PropertyValueSpecification\",\"valueRequired\":true,\"valueName\":\"search_term_string\"}}],\"inLanguage\":\"de\"},{\"@type\":\"Organization\",\"@id\":\"https:\/\/www.modapelle.gr\/de\/#organization\",\"name\":\"MODAPELLE\",\"url\":\"https:\/\/www.modapelle.gr\/de\/\",\"logo\":{\"@type\":\"ImageObject\",\"inLanguage\":\"de\",\"@id\":\"https:\/\/www.modapelle.gr\/de\/#\/schema\/logo\/image\/\",\"url\":\"https:\/\/www.modapelle.gr\/wp-content\/uploads\/2021\/07\/modapelle-logo.png\",\"contentUrl\":\"https:\/\/www.modapelle.gr\/wp-content\/uploads\/2021\/07\/modapelle-logo.png\",\"width\":388,\"height\":120,\"caption\":\"MODAPELLE\"},\"image\":{\"@id\":\"https:\/\/www.modapelle.gr\/de\/#\/schema\/logo\/image\/\"}}]}<\/script>\n<!-- \/ Yoast SEO plugin. -->","yoast_head_json":{"title":"Pelzige geschlossene hausschuhe mp422 Braun - Modapelle","description":"Extrem warm, bequem, leicht und allergikerfreundlich - Geschlossene Fellpantoffeln aus Kastoria (Pantoffel) in brauner Farbe.","robots":{"index":"index","follow":"follow","max-snippet":"max-snippet:-1","max-image-preview":"max-image-preview:large","max-video-preview":"max-video-preview:-1"},"canonical":"https:\/\/www.modapelle.gr\/de\/produkt\/pelzige-geschlossene-hausschuhe-mp422-braun\/","og_locale":"de_DE","og_type":"article","og_title":"Pelzige geschlossene hausschuhe mp422 Braun - Modapelle","og_description":"Extrem warm, bequem, leicht und allergikerfreundlich - Geschlossene Fellpantoffeln aus Kastoria (Pantoffel) in brauner Farbe.","og_url":"https:\/\/www.modapelle.gr\/de\/produkt\/pelzige-geschlossene-hausschuhe-mp422-braun\/","og_site_name":"MODAPELLE","article_modified_time":"2023-06-02T15:21:46+00:00","og_image":[{"width":1200,"height":1200,"url":"https:\/\/www.modapelle.gr\/wp-content\/uploads\/2022\/12\/\u0393\u039f\u03a5\u039d\u0399\u039d\u0395\u03a3-\u03a0\u0391\u039d\u03a4\u039f\u03a6\u039b\u0395\u03a3-\u039a\u0391\u03a3\u03a4\u039f\u03a1\u0399\u0391\u03a3-mp420-\u03ba\u03b1\u03c6\u03b5-1L.jpg","type":"image\/jpeg"}],"twitter_card":"summary_large_image","twitter_misc":{"Gesch\u00e4tzte Lesezeit":"1\u00a0Minute"},"schema":{"@context":"https:\/\/schema.org","@graph":[{"@type":"WebPage","@id":"https:\/\/www.modapelle.gr\/de\/produkt\/pelzige-geschlossene-hausschuhe-mp422-braun\/","url":"https:\/\/www.modapelle.gr\/de\/produkt\/pelzige-geschlossene-hausschuhe-mp422-braun\/","name":"Pelzige geschlossene hausschuhe mp422 Braun - Modapelle","isPartOf":{"@id":"https:\/\/www.modapelle.gr\/de\/#website"},"primaryImageOfPage":{"@id":"https:\/\/www.modapelle.gr\/de\/produkt\/pelzige-geschlossene-hausschuhe-mp422-braun\/#primaryimage"},"image":{"@id":"https:\/\/www.modapelle.gr\/de\/produkt\/pelzige-geschlossene-hausschuhe-mp422-braun\/#primaryimage"},"thumbnailUrl":"https:\/\/www.modapelle.gr\/wp-content\/uploads\/2022\/12\/\u0393\u039f\u03a5\u039d\u0399\u039d\u0395\u03a3-\u03a0\u0391\u039d\u03a4\u039f\u03a6\u039b\u0395\u03a3-\u039a\u0391\u03a3\u03a4\u039f\u03a1\u0399\u0391\u03a3-mp420-\u03ba\u03b1\u03c6\u03b5-1L.jpg","datePublished":"2022-12-08T13:16:38+00:00","dateModified":"2023-06-02T15:21:46+00:00","description":"Extrem warm, bequem, leicht und allergikerfreundlich - Geschlossene Fellpantoffeln aus Kastoria (Pantoffel) in brauner Farbe.","breadcrumb":{"@id":"https:\/\/www.modapelle.gr\/de\/produkt\/pelzige-geschlossene-hausschuhe-mp422-braun\/#breadcrumb"},"inLanguage":"de","potentialAction":[{"@type":"ReadAction","target":["https:\/\/www.modapelle.gr\/de\/produkt\/pelzige-geschlossene-hausschuhe-mp422-braun\/"]}]},{"@type":"ImageObject","inLanguage":"de","@id":"https:\/\/www.modapelle.gr\/de\/produkt\/pelzige-geschlossene-hausschuhe-mp422-braun\/#primaryimage","url":"https:\/\/www.modapelle.gr\/wp-content\/uploads\/2022\/12\/\u0393\u039f\u03a5\u039d\u0399\u039d\u0395\u03a3-\u03a0\u0391\u039d\u03a4\u039f\u03a6\u039b\u0395\u03a3-\u039a\u0391\u03a3\u03a4\u039f\u03a1\u0399\u0391\u03a3-mp420-\u03ba\u03b1\u03c6\u03b5-1L.jpg","contentUrl":"https:\/\/www.modapelle.gr\/wp-content\/uploads\/2022\/12\/\u0393\u039f\u03a5\u039d\u0399\u039d\u0395\u03a3-\u03a0\u0391\u039d\u03a4\u039f\u03a6\u039b\u0395\u03a3-\u039a\u0391\u03a3\u03a4\u039f\u03a1\u0399\u0391\u03a3-mp420-\u03ba\u03b1\u03c6\u03b5-1L.jpg","width":1200,"height":1200,"caption":"Pelzige geschlossene hausschuhe mp422 Braun"},{"@type":"BreadcrumbList","@id":"https:\/\/www.modapelle.gr\/de\/produkt\/pelzige-geschlossene-hausschuhe-mp422-braun\/#breadcrumb","itemListElement":[{"@type":"ListItem","position":1,"name":"Modapelle","item":"https:\/\/www.modapelle.gr\/de\/"},{"@type":"ListItem","position":2,"name":"Shop","item":"https:\/\/www.modapelle.gr\/de\/shop\/"},{"@type":"ListItem","position":3,"name":"F\u00fcr Frauen und M\u00e4nner","item":"https:\/\/www.modapelle.gr\/de\/produkt-kategorie\/fuer-frauen-und-maenner\/"},{"@type":"ListItem","position":4,"name":"Pelzige geschlossene hausschuhe aus Kastoria","item":"https:\/\/www.modapelle.gr\/de\/produkt-kategorie\/fuer-frauen-und-maenner\/pelzige-geschlossene-hausschuhe-aus-kastoria\/"},{"@type":"ListItem","position":5,"name":"Pelzige geschlossene hausschuhe mp422 Braun"}]},{"@type":"WebSite","@id":"https:\/\/www.modapelle.gr\/de\/#website","url":"https:\/\/www.modapelle.gr\/de\/","name":"MODAPELLE","description":"Lederbekleidung, Taschen & Accessoires","publisher":{"@id":"https:\/\/www.modapelle.gr\/de\/#organization"},"potentialAction":[{"@type":"SearchAction","target":{"@type":"EntryPoint","urlTemplate":"https:\/\/www.modapelle.gr\/de\/?s={search_term_string}"},"query-input":{"@type":"PropertyValueSpecification","valueRequired":true,"valueName":"search_term_string"}}],"inLanguage":"de"},{"@type":"Organization","@id":"https:\/\/www.modapelle.gr\/de\/#organization","name":"MODAPELLE","url":"https:\/\/www.modapelle.gr\/de\/","logo":{"@type":"ImageObject","inLanguage":"de","@id":"https:\/\/www.modapelle.gr\/de\/#\/schema\/logo\/image\/","url":"https:\/\/www.modapelle.gr\/wp-content\/uploads\/2021\/07\/modapelle-logo.png","contentUrl":"https:\/\/www.modapelle.gr\/wp-content\/uploads\/2021\/07\/modapelle-logo.png","width":388,"height":120,"caption":"MODAPELLE"},"image":{"@id":"https:\/\/www.modapelle.gr\/de\/#\/schema\/logo\/image\/"}}]}},"_links":{"self":[{"href":"https:\/\/www.modapelle.gr\/de\/wp-json\/wp\/v2\/product\/20930","targetHints":{"allow":["GET"]}}],"collection":[{"href":"https:\/\/www.modapelle.gr\/de\/wp-json\/wp\/v2\/product"}],"about":[{"href":"https:\/\/www.modapelle.gr\/de\/wp-json\/wp\/v2\/types\/product"}],"wp:featuredmedia":[{"embeddable":true,"href":"https:\/\/www.modapelle.gr\/de\/wp-json\/wp\/v2\/media\/14253"}],"wp:attachment":[{"href":"https:\/\/www.modapelle.gr\/de\/wp-json\/wp\/v2\/media?parent=20930"}],"wp:term":[{"taxonomy":"product_brand","embeddable":true,"href":"https:\/\/www.modapelle.gr\/de\/wp-json\/wp\/v2\/product_brand?post=20930"},{"taxonomy":"product_cat","embeddable":true,"href":"https:\/\/www.modapelle.gr\/de\/wp-json\/wp\/v2\/product_cat?post=20930"},{"taxonomy":"product_tag","embeddable":true,"href":"https:\/\/www.modapelle.gr\/de\/wp-json\/wp\/v2\/product_tag?post=20930"}],"curies":[{"name":"wp","href":"https:\/\/api.w.org\/{rel}","templated":true}]}}