{"id":20630,"date":"2021-07-22T17:29:30","date_gmt":"2021-07-22T14:29:30","guid":{"rendered":"https:\/\/www.modapelle.gr\/product\/lederjacke-jessy-schwarz\/"},"modified":"2023-06-02T17:58:14","modified_gmt":"2023-06-02T14:58:14","slug":"lederjacke-jessy-schwarz","status":"publish","type":"product","link":"https:\/\/www.modapelle.gr\/de\/produkt\/lederjacke-jessy-schwarz\/","title":{"rendered":"Lederjacke Jessy Schwarz"},"content":{"rendered":"<h2>Das perfekte Damen Lederjacke, Jessy Black!<\/h2>\n<ul>\n<li>Hergestellt aus 100% weichem Nappaleder!<\/li>\n<li>Es wird seitlich mit einem Rei\u00dfverschluss geschlossen.<\/li>\n<li>Zwei Au\u00dfentaschen mit Rei\u00dfverschluss.<\/li>\n<li>Die Futter ist in Schwarz gehalten.<\/li>\n<\/ul>\n<p>F\u00fcr die Auswahl der richtigen Gr\u00f6\u00dfe k\u00f6nnen Sie auch die folgenden Gr\u00f6\u00dfenrichtlinien beachten:<\/p>\n<p>36 &#8211; 38 = S<\/p>\n<p>40 &#8211; 42 = M<\/p>\n<p>44 &#8211; 46 = L<\/p>\n<p>48 &#8211; 50 = XL<\/p>\n<p>52 &#8211; 54 = 2XL<\/p>\n","protected":false},"excerpt":{"rendered":"<h3><strong>3-in-1 Lederjacke!<\/strong><\/h3>\n<p>Eine Damen Lederjacke aus weichem Nappaleder in Schwarz von MODAPELLE! Sie verf\u00fcgt \u00fcber 2 Au\u00dfentaschen mit Rei\u00dfverschluss. Zus\u00e4tzlich ist eine abnehmbare Lederkapuze vorhanden, die es erm\u00f6glicht, die Jacke in einen Chanel-Stil umzuwandeln. Alternativ kann anstelle der Kapuze ein 6 cm breiter Kragen angebracht werden.<\/p>\n","protected":false},"featured_media":10955,"template":"","meta":{"_acf_changed":false},"product_brand":[],"product_cat":[525],"product_tag":[583,494,587,496],"class_list":{"0":"post-20630","1":"product","2":"type-product","3":"status-publish","4":"has-post-thumbnail","6":"product_cat-damen-lederjacken","7":"product_tag-damen-lederjacke","8":"product_tag-frau","9":"product_tag-nappa-leder","10":"product_tag-schwarze-farbe","12":"first","13":"instock","14":"sale","15":"shipping-taxable","16":"purchasable","17":"product-type-variable"},"acf":[],"yoast_head":"<!-- This site is optimized with the Yoast SEO plugin v27.2 - https:\/\/yoast.com\/product\/yoast-seo-wordpress\/ -->\n<title>Lederjacke Jessy Schwarz - MODAPELLE<\/title>\n<meta name=\"description\" content=\"Eine Damen Lederjacke aus weichem Nappaleder in Schwarz von MODAPELLE!\" \/>\n<meta name=\"robots\" content=\"index, follow, max-snippet:-1, max-image-preview:large, max-video-preview:-1\" \/>\n<link rel=\"canonical\" href=\"https:\/\/www.modapelle.gr\/de\/produkt\/lederjacke-jessy-schwarz\/\" \/>\n<meta property=\"og:locale\" content=\"de_DE\" \/>\n<meta property=\"og:type\" content=\"article\" \/>\n<meta property=\"og:title\" content=\"Lederjacke Jessy Schwarz - MODAPELLE\" \/>\n<meta property=\"og:description\" content=\"Eine Damen Lederjacke aus weichem Nappaleder in Schwarz von MODAPELLE!\" \/>\n<meta property=\"og:url\" content=\"https:\/\/www.modapelle.gr\/de\/produkt\/lederjacke-jessy-schwarz\/\" \/>\n<meta property=\"og:site_name\" content=\"MODAPELLE\" \/>\n<meta property=\"article:modified_time\" content=\"2023-06-02T14:58:14+00:00\" \/>\n<meta property=\"og:image\" content=\"https:\/\/www.modapelle.gr\/wp-content\/uploads\/2021\/07\/jessy-black2.jpg\" \/>\n\t<meta property=\"og:image:width\" content=\"800\" \/>\n\t<meta property=\"og:image:height\" content=\"800\" \/>\n\t<meta property=\"og:image:type\" content=\"image\/jpeg\" \/>\n<meta name=\"twitter:card\" content=\"summary_large_image\" \/>\n<meta name=\"twitter:label1\" content=\"Gesch\u00e4tzte Lesezeit\" \/>\n\t<meta name=\"twitter:data1\" content=\"1\u00a0Minute\" \/>\n<script type=\"application\/ld+json\" class=\"yoast-schema-graph\">{\"@context\":\"https:\/\/schema.org\",\"@graph\":[{\"@type\":\"WebPage\",\"@id\":\"https:\/\/www.modapelle.gr\/de\/produkt\/lederjacke-jessy-schwarz\/\",\"url\":\"https:\/\/www.modapelle.gr\/de\/produkt\/lederjacke-jessy-schwarz\/\",\"name\":\"Lederjacke Jessy Schwarz - MODAPELLE\",\"isPartOf\":{\"@id\":\"https:\/\/www.modapelle.gr\/de\/#website\"},\"primaryImageOfPage\":{\"@id\":\"https:\/\/www.modapelle.gr\/de\/produkt\/lederjacke-jessy-schwarz\/#primaryimage\"},\"image\":{\"@id\":\"https:\/\/www.modapelle.gr\/de\/produkt\/lederjacke-jessy-schwarz\/#primaryimage\"},\"thumbnailUrl\":\"https:\/\/www.modapelle.gr\/wp-content\/uploads\/2021\/07\/jessy-black2.jpg\",\"datePublished\":\"2021-07-22T14:29:30+00:00\",\"dateModified\":\"2023-06-02T14:58:14+00:00\",\"description\":\"Eine Damen Lederjacke aus weichem Nappaleder in Schwarz von MODAPELLE!\",\"breadcrumb\":{\"@id\":\"https:\/\/www.modapelle.gr\/de\/produkt\/lederjacke-jessy-schwarz\/#breadcrumb\"},\"inLanguage\":\"de\",\"potentialAction\":[{\"@type\":\"ReadAction\",\"target\":[\"https:\/\/www.modapelle.gr\/de\/produkt\/lederjacke-jessy-schwarz\/\"]}]},{\"@type\":\"ImageObject\",\"inLanguage\":\"de\",\"@id\":\"https:\/\/www.modapelle.gr\/de\/produkt\/lederjacke-jessy-schwarz\/#primaryimage\",\"url\":\"https:\/\/www.modapelle.gr\/wp-content\/uploads\/2021\/07\/jessy-black2.jpg\",\"contentUrl\":\"https:\/\/www.modapelle.gr\/wp-content\/uploads\/2021\/07\/jessy-black2.jpg\",\"width\":800,\"height\":800,\"caption\":\"Lederjacke Jessy Schwarz\"},{\"@type\":\"BreadcrumbList\",\"@id\":\"https:\/\/www.modapelle.gr\/de\/produkt\/lederjacke-jessy-schwarz\/#breadcrumb\",\"itemListElement\":[{\"@type\":\"ListItem\",\"position\":1,\"name\":\"Modapelle\",\"item\":\"https:\/\/www.modapelle.gr\/de\/\"},{\"@type\":\"ListItem\",\"position\":2,\"name\":\"Shop\",\"item\":\"https:\/\/www.modapelle.gr\/de\/shop\/\"},{\"@type\":\"ListItem\",\"position\":3,\"name\":\"Frau\",\"item\":\"https:\/\/www.modapelle.gr\/de\/produkt-kategorie\/frau\/\"},{\"@type\":\"ListItem\",\"position\":4,\"name\":\"Damen Lederjacken\",\"item\":\"https:\/\/www.modapelle.gr\/de\/produkt-kategorie\/frau\/damen-lederjacken\/\"},{\"@type\":\"ListItem\",\"position\":5,\"name\":\"Lederjacke Jessy Schwarz\"}]},{\"@type\":\"WebSite\",\"@id\":\"https:\/\/www.modapelle.gr\/de\/#website\",\"url\":\"https:\/\/www.modapelle.gr\/de\/\",\"name\":\"MODAPELLE\",\"description\":\"Lederbekleidung, Taschen & Accessoires\",\"publisher\":{\"@id\":\"https:\/\/www.modapelle.gr\/de\/#organization\"},\"potentialAction\":[{\"@type\":\"SearchAction\",\"target\":{\"@type\":\"EntryPoint\",\"urlTemplate\":\"https:\/\/www.modapelle.gr\/de\/?s={search_term_string}\"},\"query-input\":{\"@type\":\"PropertyValueSpecification\",\"valueRequired\":true,\"valueName\":\"search_term_string\"}}],\"inLanguage\":\"de\"},{\"@type\":\"Organization\",\"@id\":\"https:\/\/www.modapelle.gr\/de\/#organization\",\"name\":\"MODAPELLE\",\"url\":\"https:\/\/www.modapelle.gr\/de\/\",\"logo\":{\"@type\":\"ImageObject\",\"inLanguage\":\"de\",\"@id\":\"https:\/\/www.modapelle.gr\/de\/#\/schema\/logo\/image\/\",\"url\":\"https:\/\/www.modapelle.gr\/wp-content\/uploads\/2021\/07\/modapelle-logo.png\",\"contentUrl\":\"https:\/\/www.modapelle.gr\/wp-content\/uploads\/2021\/07\/modapelle-logo.png\",\"width\":388,\"height\":120,\"caption\":\"MODAPELLE\"},\"image\":{\"@id\":\"https:\/\/www.modapelle.gr\/de\/#\/schema\/logo\/image\/\"}}]}<\/script>\n<!-- \/ Yoast SEO plugin. -->","yoast_head_json":{"title":"Lederjacke Jessy Schwarz - MODAPELLE","description":"Eine Damen Lederjacke aus weichem Nappaleder in Schwarz von MODAPELLE!","robots":{"index":"index","follow":"follow","max-snippet":"max-snippet:-1","max-image-preview":"max-image-preview:large","max-video-preview":"max-video-preview:-1"},"canonical":"https:\/\/www.modapelle.gr\/de\/produkt\/lederjacke-jessy-schwarz\/","og_locale":"de_DE","og_type":"article","og_title":"Lederjacke Jessy Schwarz - MODAPELLE","og_description":"Eine Damen Lederjacke aus weichem Nappaleder in Schwarz von MODAPELLE!","og_url":"https:\/\/www.modapelle.gr\/de\/produkt\/lederjacke-jessy-schwarz\/","og_site_name":"MODAPELLE","article_modified_time":"2023-06-02T14:58:14+00:00","og_image":[{"width":800,"height":800,"url":"https:\/\/www.modapelle.gr\/wp-content\/uploads\/2021\/07\/jessy-black2.jpg","type":"image\/jpeg"}],"twitter_card":"summary_large_image","twitter_misc":{"Gesch\u00e4tzte Lesezeit":"1\u00a0Minute"},"schema":{"@context":"https:\/\/schema.org","@graph":[{"@type":"WebPage","@id":"https:\/\/www.modapelle.gr\/de\/produkt\/lederjacke-jessy-schwarz\/","url":"https:\/\/www.modapelle.gr\/de\/produkt\/lederjacke-jessy-schwarz\/","name":"Lederjacke Jessy Schwarz - MODAPELLE","isPartOf":{"@id":"https:\/\/www.modapelle.gr\/de\/#website"},"primaryImageOfPage":{"@id":"https:\/\/www.modapelle.gr\/de\/produkt\/lederjacke-jessy-schwarz\/#primaryimage"},"image":{"@id":"https:\/\/www.modapelle.gr\/de\/produkt\/lederjacke-jessy-schwarz\/#primaryimage"},"thumbnailUrl":"https:\/\/www.modapelle.gr\/wp-content\/uploads\/2021\/07\/jessy-black2.jpg","datePublished":"2021-07-22T14:29:30+00:00","dateModified":"2023-06-02T14:58:14+00:00","description":"Eine Damen Lederjacke aus weichem Nappaleder in Schwarz von MODAPELLE!","breadcrumb":{"@id":"https:\/\/www.modapelle.gr\/de\/produkt\/lederjacke-jessy-schwarz\/#breadcrumb"},"inLanguage":"de","potentialAction":[{"@type":"ReadAction","target":["https:\/\/www.modapelle.gr\/de\/produkt\/lederjacke-jessy-schwarz\/"]}]},{"@type":"ImageObject","inLanguage":"de","@id":"https:\/\/www.modapelle.gr\/de\/produkt\/lederjacke-jessy-schwarz\/#primaryimage","url":"https:\/\/www.modapelle.gr\/wp-content\/uploads\/2021\/07\/jessy-black2.jpg","contentUrl":"https:\/\/www.modapelle.gr\/wp-content\/uploads\/2021\/07\/jessy-black2.jpg","width":800,"height":800,"caption":"Lederjacke Jessy Schwarz"},{"@type":"BreadcrumbList","@id":"https:\/\/www.modapelle.gr\/de\/produkt\/lederjacke-jessy-schwarz\/#breadcrumb","itemListElement":[{"@type":"ListItem","position":1,"name":"Modapelle","item":"https:\/\/www.modapelle.gr\/de\/"},{"@type":"ListItem","position":2,"name":"Shop","item":"https:\/\/www.modapelle.gr\/de\/shop\/"},{"@type":"ListItem","position":3,"name":"Frau","item":"https:\/\/www.modapelle.gr\/de\/produkt-kategorie\/frau\/"},{"@type":"ListItem","position":4,"name":"Damen Lederjacken","item":"https:\/\/www.modapelle.gr\/de\/produkt-kategorie\/frau\/damen-lederjacken\/"},{"@type":"ListItem","position":5,"name":"Lederjacke Jessy Schwarz"}]},{"@type":"WebSite","@id":"https:\/\/www.modapelle.gr\/de\/#website","url":"https:\/\/www.modapelle.gr\/de\/","name":"MODAPELLE","description":"Lederbekleidung, Taschen & Accessoires","publisher":{"@id":"https:\/\/www.modapelle.gr\/de\/#organization"},"potentialAction":[{"@type":"SearchAction","target":{"@type":"EntryPoint","urlTemplate":"https:\/\/www.modapelle.gr\/de\/?s={search_term_string}"},"query-input":{"@type":"PropertyValueSpecification","valueRequired":true,"valueName":"search_term_string"}}],"inLanguage":"de"},{"@type":"Organization","@id":"https:\/\/www.modapelle.gr\/de\/#organization","name":"MODAPELLE","url":"https:\/\/www.modapelle.gr\/de\/","logo":{"@type":"ImageObject","inLanguage":"de","@id":"https:\/\/www.modapelle.gr\/de\/#\/schema\/logo\/image\/","url":"https:\/\/www.modapelle.gr\/wp-content\/uploads\/2021\/07\/modapelle-logo.png","contentUrl":"https:\/\/www.modapelle.gr\/wp-content\/uploads\/2021\/07\/modapelle-logo.png","width":388,"height":120,"caption":"MODAPELLE"},"image":{"@id":"https:\/\/www.modapelle.gr\/de\/#\/schema\/logo\/image\/"}}]}},"_links":{"self":[{"href":"https:\/\/www.modapelle.gr\/de\/wp-json\/wp\/v2\/product\/20630","targetHints":{"allow":["GET"]}}],"collection":[{"href":"https:\/\/www.modapelle.gr\/de\/wp-json\/wp\/v2\/product"}],"about":[{"href":"https:\/\/www.modapelle.gr\/de\/wp-json\/wp\/v2\/types\/product"}],"wp:featuredmedia":[{"embeddable":true,"href":"https:\/\/www.modapelle.gr\/de\/wp-json\/wp\/v2\/media\/10955"}],"wp:attachment":[{"href":"https:\/\/www.modapelle.gr\/de\/wp-json\/wp\/v2\/media?parent=20630"}],"wp:term":[{"taxonomy":"product_brand","embeddable":true,"href":"https:\/\/www.modapelle.gr\/de\/wp-json\/wp\/v2\/product_brand?post=20630"},{"taxonomy":"product_cat","embeddable":true,"href":"https:\/\/www.modapelle.gr\/de\/wp-json\/wp\/v2\/product_cat?post=20630"},{"taxonomy":"product_tag","embeddable":true,"href":"https:\/\/www.modapelle.gr\/de\/wp-json\/wp\/v2\/product_tag?post=20630"}],"curies":[{"name":"wp","href":"https:\/\/api.w.org\/{rel}","templated":true}]}}