{"id":20621,"date":"2021-07-22T18:27:32","date_gmt":"2021-07-22T15:27:32","guid":{"rendered":"https:\/\/www.modapelle.gr\/product\/lederjacke-serena-schwarz\/"},"modified":"2023-06-02T18:03:21","modified_gmt":"2023-06-02T15:03:21","slug":"lederjacke-serena-schwarz","status":"publish","type":"product","link":"https:\/\/www.modapelle.gr\/de\/produkt\/lederjacke-serena-schwarz\/","title":{"rendered":"Lederjacke Serena Schwarz"},"content":{"rendered":"<h2>Lederjacke<\/h2>\n<ul>\n<li>aus 100% weichem Nappaleder in Schwarz gefertigt.<\/li>\n<li>Sie verf\u00fcgt \u00fcber eine Innentasche und drei Au\u00dfentaschen, wobei eine mit<\/li>\n<li>Rei\u00dfverschluss versehen ist.<\/li>\n<li>Das Innenfutter ist in Schwarz.<\/li>\n<li>Die L\u00e4nge variiert je nach Gr\u00f6\u00dfe von 70 cm (Small) bis 76 cm (3XL) im R\u00fccken, gemessen vom unteren Rand des Kragens bis zum Saum.<\/li>\n<li>Es gibt einen d\u00fcnnen G\u00fcrtel in der Taille.<\/li>\n<li>Sie schlie\u00dft vorne mit einem Rei\u00dfverschluss.<\/li>\n<\/ul>\n","protected":false},"excerpt":{"rendered":"<p>Damen-Lederjacke,<br \/>\naus weichem Nappaleder gefertigt!<br \/>\nSie hat drei Au\u00dfentaschen, wobei eine mit einem Rei\u00dfverschluss versehen ist, und einen d\u00fcnnen abnehmbaren G\u00fcrtel in der Taille.<br \/>\nIn einem Schwarz Farbton und in L\u00e4ngen von 70 bis 76 cm, abh\u00e4ngig von der Gr\u00f6\u00dfe!<\/p>\n","protected":false},"featured_media":10965,"template":"","meta":{"_acf_changed":false},"product_brand":[],"product_cat":[525],"product_tag":[583,494,587,496],"class_list":{"0":"post-20621","1":"product","2":"type-product","3":"status-publish","4":"has-post-thumbnail","6":"product_cat-damen-lederjacken","7":"product_tag-damen-lederjacke","8":"product_tag-frau","9":"product_tag-nappa-leder","10":"product_tag-schwarze-farbe","12":"first","13":"instock","14":"sale","15":"shipping-taxable","16":"purchasable","17":"product-type-variable"},"acf":[],"yoast_head":"<!-- This site is optimized with the Yoast SEO plugin v27.2 - https:\/\/yoast.com\/product\/yoast-seo-wordpress\/ -->\n<title>Lederjacke Serena Schwarz - genuine leather - Modapelle<\/title>\n<meta name=\"description\" content=\"Aus weichem Nappaleder gefertigt! Sie hat drei Au\u00dfentaschen, wobei eine mit einem Rei\u00dfverschluss versehen ist, und einen d\u00fcnnen abnehmbaren G\u00fcrtel in der Taille.\" \/>\n<meta name=\"robots\" content=\"index, follow, max-snippet:-1, max-image-preview:large, max-video-preview:-1\" \/>\n<link rel=\"canonical\" href=\"https:\/\/www.modapelle.gr\/de\/produkt\/lederjacke-serena-schwarz\/\" \/>\n<meta property=\"og:locale\" content=\"de_DE\" \/>\n<meta property=\"og:type\" content=\"article\" \/>\n<meta property=\"og:title\" content=\"Lederjacke Serena Schwarz - genuine leather - Modapelle\" \/>\n<meta property=\"og:description\" content=\"Aus weichem Nappaleder gefertigt! Sie hat drei Au\u00dfentaschen, wobei eine mit einem Rei\u00dfverschluss versehen ist, und einen d\u00fcnnen abnehmbaren G\u00fcrtel in der Taille.\" \/>\n<meta property=\"og:url\" content=\"https:\/\/www.modapelle.gr\/de\/produkt\/lederjacke-serena-schwarz\/\" \/>\n<meta property=\"og:site_name\" content=\"MODAPELLE\" \/>\n<meta property=\"article:modified_time\" content=\"2023-06-02T15:03:21+00:00\" \/>\n<meta property=\"og:image\" content=\"https:\/\/www.modapelle.gr\/wp-content\/uploads\/2021\/07\/serena-black-a.jpg\" \/>\n\t<meta property=\"og:image:width\" content=\"800\" \/>\n\t<meta property=\"og:image:height\" content=\"800\" \/>\n\t<meta property=\"og:image:type\" content=\"image\/jpeg\" \/>\n<meta name=\"twitter:card\" content=\"summary_large_image\" \/>\n<meta name=\"twitter:label1\" content=\"Gesch\u00e4tzte Lesezeit\" \/>\n\t<meta name=\"twitter:data1\" content=\"1\u00a0Minute\" \/>\n<script type=\"application\/ld+json\" class=\"yoast-schema-graph\">{\"@context\":\"https:\/\/schema.org\",\"@graph\":[{\"@type\":\"WebPage\",\"@id\":\"https:\/\/www.modapelle.gr\/de\/produkt\/lederjacke-serena-schwarz\/\",\"url\":\"https:\/\/www.modapelle.gr\/de\/produkt\/lederjacke-serena-schwarz\/\",\"name\":\"Lederjacke Serena Schwarz - genuine leather - Modapelle\",\"isPartOf\":{\"@id\":\"https:\/\/www.modapelle.gr\/de\/#website\"},\"primaryImageOfPage\":{\"@id\":\"https:\/\/www.modapelle.gr\/de\/produkt\/lederjacke-serena-schwarz\/#primaryimage\"},\"image\":{\"@id\":\"https:\/\/www.modapelle.gr\/de\/produkt\/lederjacke-serena-schwarz\/#primaryimage\"},\"thumbnailUrl\":\"https:\/\/www.modapelle.gr\/wp-content\/uploads\/2021\/07\/serena-black-a.jpg\",\"datePublished\":\"2021-07-22T15:27:32+00:00\",\"dateModified\":\"2023-06-02T15:03:21+00:00\",\"description\":\"Aus weichem Nappaleder gefertigt! Sie hat drei Au\u00dfentaschen, wobei eine mit einem Rei\u00dfverschluss versehen ist, und einen d\u00fcnnen abnehmbaren G\u00fcrtel in der Taille.\",\"breadcrumb\":{\"@id\":\"https:\/\/www.modapelle.gr\/de\/produkt\/lederjacke-serena-schwarz\/#breadcrumb\"},\"inLanguage\":\"de\",\"potentialAction\":[{\"@type\":\"ReadAction\",\"target\":[\"https:\/\/www.modapelle.gr\/de\/produkt\/lederjacke-serena-schwarz\/\"]}]},{\"@type\":\"ImageObject\",\"inLanguage\":\"de\",\"@id\":\"https:\/\/www.modapelle.gr\/de\/produkt\/lederjacke-serena-schwarz\/#primaryimage\",\"url\":\"https:\/\/www.modapelle.gr\/wp-content\/uploads\/2021\/07\/serena-black-a.jpg\",\"contentUrl\":\"https:\/\/www.modapelle.gr\/wp-content\/uploads\/2021\/07\/serena-black-a.jpg\",\"width\":800,\"height\":800,\"caption\":\"Lederjacke Serena Schwarz\"},{\"@type\":\"BreadcrumbList\",\"@id\":\"https:\/\/www.modapelle.gr\/de\/produkt\/lederjacke-serena-schwarz\/#breadcrumb\",\"itemListElement\":[{\"@type\":\"ListItem\",\"position\":1,\"name\":\"Modapelle\",\"item\":\"https:\/\/www.modapelle.gr\/de\/\"},{\"@type\":\"ListItem\",\"position\":2,\"name\":\"Shop\",\"item\":\"https:\/\/www.modapelle.gr\/de\/shop\/\"},{\"@type\":\"ListItem\",\"position\":3,\"name\":\"Frau\",\"item\":\"https:\/\/www.modapelle.gr\/de\/produkt-kategorie\/frau\/\"},{\"@type\":\"ListItem\",\"position\":4,\"name\":\"Damen Lederjacken\",\"item\":\"https:\/\/www.modapelle.gr\/de\/produkt-kategorie\/frau\/damen-lederjacken\/\"},{\"@type\":\"ListItem\",\"position\":5,\"name\":\"Lederjacke Serena Schwarz\"}]},{\"@type\":\"WebSite\",\"@id\":\"https:\/\/www.modapelle.gr\/de\/#website\",\"url\":\"https:\/\/www.modapelle.gr\/de\/\",\"name\":\"MODAPELLE\",\"description\":\"Lederbekleidung, Taschen & Accessoires\",\"publisher\":{\"@id\":\"https:\/\/www.modapelle.gr\/de\/#organization\"},\"potentialAction\":[{\"@type\":\"SearchAction\",\"target\":{\"@type\":\"EntryPoint\",\"urlTemplate\":\"https:\/\/www.modapelle.gr\/de\/?s={search_term_string}\"},\"query-input\":{\"@type\":\"PropertyValueSpecification\",\"valueRequired\":true,\"valueName\":\"search_term_string\"}}],\"inLanguage\":\"de\"},{\"@type\":\"Organization\",\"@id\":\"https:\/\/www.modapelle.gr\/de\/#organization\",\"name\":\"MODAPELLE\",\"url\":\"https:\/\/www.modapelle.gr\/de\/\",\"logo\":{\"@type\":\"ImageObject\",\"inLanguage\":\"de\",\"@id\":\"https:\/\/www.modapelle.gr\/de\/#\/schema\/logo\/image\/\",\"url\":\"https:\/\/www.modapelle.gr\/wp-content\/uploads\/2021\/07\/modapelle-logo.png\",\"contentUrl\":\"https:\/\/www.modapelle.gr\/wp-content\/uploads\/2021\/07\/modapelle-logo.png\",\"width\":388,\"height\":120,\"caption\":\"MODAPELLE\"},\"image\":{\"@id\":\"https:\/\/www.modapelle.gr\/de\/#\/schema\/logo\/image\/\"}}]}<\/script>\n<!-- \/ Yoast SEO plugin. -->","yoast_head_json":{"title":"Lederjacke Serena Schwarz - genuine leather - Modapelle","description":"Aus weichem Nappaleder gefertigt! Sie hat drei Au\u00dfentaschen, wobei eine mit einem Rei\u00dfverschluss versehen ist, und einen d\u00fcnnen abnehmbaren G\u00fcrtel in der Taille.","robots":{"index":"index","follow":"follow","max-snippet":"max-snippet:-1","max-image-preview":"max-image-preview:large","max-video-preview":"max-video-preview:-1"},"canonical":"https:\/\/www.modapelle.gr\/de\/produkt\/lederjacke-serena-schwarz\/","og_locale":"de_DE","og_type":"article","og_title":"Lederjacke Serena Schwarz - genuine leather - Modapelle","og_description":"Aus weichem Nappaleder gefertigt! Sie hat drei Au\u00dfentaschen, wobei eine mit einem Rei\u00dfverschluss versehen ist, und einen d\u00fcnnen abnehmbaren G\u00fcrtel in der Taille.","og_url":"https:\/\/www.modapelle.gr\/de\/produkt\/lederjacke-serena-schwarz\/","og_site_name":"MODAPELLE","article_modified_time":"2023-06-02T15:03:21+00:00","og_image":[{"width":800,"height":800,"url":"https:\/\/www.modapelle.gr\/wp-content\/uploads\/2021\/07\/serena-black-a.jpg","type":"image\/jpeg"}],"twitter_card":"summary_large_image","twitter_misc":{"Gesch\u00e4tzte Lesezeit":"1\u00a0Minute"},"schema":{"@context":"https:\/\/schema.org","@graph":[{"@type":"WebPage","@id":"https:\/\/www.modapelle.gr\/de\/produkt\/lederjacke-serena-schwarz\/","url":"https:\/\/www.modapelle.gr\/de\/produkt\/lederjacke-serena-schwarz\/","name":"Lederjacke Serena Schwarz - genuine leather - Modapelle","isPartOf":{"@id":"https:\/\/www.modapelle.gr\/de\/#website"},"primaryImageOfPage":{"@id":"https:\/\/www.modapelle.gr\/de\/produkt\/lederjacke-serena-schwarz\/#primaryimage"},"image":{"@id":"https:\/\/www.modapelle.gr\/de\/produkt\/lederjacke-serena-schwarz\/#primaryimage"},"thumbnailUrl":"https:\/\/www.modapelle.gr\/wp-content\/uploads\/2021\/07\/serena-black-a.jpg","datePublished":"2021-07-22T15:27:32+00:00","dateModified":"2023-06-02T15:03:21+00:00","description":"Aus weichem Nappaleder gefertigt! Sie hat drei Au\u00dfentaschen, wobei eine mit einem Rei\u00dfverschluss versehen ist, und einen d\u00fcnnen abnehmbaren G\u00fcrtel in der Taille.","breadcrumb":{"@id":"https:\/\/www.modapelle.gr\/de\/produkt\/lederjacke-serena-schwarz\/#breadcrumb"},"inLanguage":"de","potentialAction":[{"@type":"ReadAction","target":["https:\/\/www.modapelle.gr\/de\/produkt\/lederjacke-serena-schwarz\/"]}]},{"@type":"ImageObject","inLanguage":"de","@id":"https:\/\/www.modapelle.gr\/de\/produkt\/lederjacke-serena-schwarz\/#primaryimage","url":"https:\/\/www.modapelle.gr\/wp-content\/uploads\/2021\/07\/serena-black-a.jpg","contentUrl":"https:\/\/www.modapelle.gr\/wp-content\/uploads\/2021\/07\/serena-black-a.jpg","width":800,"height":800,"caption":"Lederjacke Serena Schwarz"},{"@type":"BreadcrumbList","@id":"https:\/\/www.modapelle.gr\/de\/produkt\/lederjacke-serena-schwarz\/#breadcrumb","itemListElement":[{"@type":"ListItem","position":1,"name":"Modapelle","item":"https:\/\/www.modapelle.gr\/de\/"},{"@type":"ListItem","position":2,"name":"Shop","item":"https:\/\/www.modapelle.gr\/de\/shop\/"},{"@type":"ListItem","position":3,"name":"Frau","item":"https:\/\/www.modapelle.gr\/de\/produkt-kategorie\/frau\/"},{"@type":"ListItem","position":4,"name":"Damen Lederjacken","item":"https:\/\/www.modapelle.gr\/de\/produkt-kategorie\/frau\/damen-lederjacken\/"},{"@type":"ListItem","position":5,"name":"Lederjacke Serena Schwarz"}]},{"@type":"WebSite","@id":"https:\/\/www.modapelle.gr\/de\/#website","url":"https:\/\/www.modapelle.gr\/de\/","name":"MODAPELLE","description":"Lederbekleidung, Taschen & Accessoires","publisher":{"@id":"https:\/\/www.modapelle.gr\/de\/#organization"},"potentialAction":[{"@type":"SearchAction","target":{"@type":"EntryPoint","urlTemplate":"https:\/\/www.modapelle.gr\/de\/?s={search_term_string}"},"query-input":{"@type":"PropertyValueSpecification","valueRequired":true,"valueName":"search_term_string"}}],"inLanguage":"de"},{"@type":"Organization","@id":"https:\/\/www.modapelle.gr\/de\/#organization","name":"MODAPELLE","url":"https:\/\/www.modapelle.gr\/de\/","logo":{"@type":"ImageObject","inLanguage":"de","@id":"https:\/\/www.modapelle.gr\/de\/#\/schema\/logo\/image\/","url":"https:\/\/www.modapelle.gr\/wp-content\/uploads\/2021\/07\/modapelle-logo.png","contentUrl":"https:\/\/www.modapelle.gr\/wp-content\/uploads\/2021\/07\/modapelle-logo.png","width":388,"height":120,"caption":"MODAPELLE"},"image":{"@id":"https:\/\/www.modapelle.gr\/de\/#\/schema\/logo\/image\/"}}]}},"_links":{"self":[{"href":"https:\/\/www.modapelle.gr\/de\/wp-json\/wp\/v2\/product\/20621","targetHints":{"allow":["GET"]}}],"collection":[{"href":"https:\/\/www.modapelle.gr\/de\/wp-json\/wp\/v2\/product"}],"about":[{"href":"https:\/\/www.modapelle.gr\/de\/wp-json\/wp\/v2\/types\/product"}],"wp:featuredmedia":[{"embeddable":true,"href":"https:\/\/www.modapelle.gr\/de\/wp-json\/wp\/v2\/media\/10965"}],"wp:attachment":[{"href":"https:\/\/www.modapelle.gr\/de\/wp-json\/wp\/v2\/media?parent=20621"}],"wp:term":[{"taxonomy":"product_brand","embeddable":true,"href":"https:\/\/www.modapelle.gr\/de\/wp-json\/wp\/v2\/product_brand?post=20621"},{"taxonomy":"product_cat","embeddable":true,"href":"https:\/\/www.modapelle.gr\/de\/wp-json\/wp\/v2\/product_cat?post=20621"},{"taxonomy":"product_tag","embeddable":true,"href":"https:\/\/www.modapelle.gr\/de\/wp-json\/wp\/v2\/product_tag?post=20621"}],"curies":[{"name":"wp","href":"https:\/\/api.w.org\/{rel}","templated":true}]}}