{"id":20613,"date":"2021-07-22T20:14:40","date_gmt":"2021-07-22T17:14:40","guid":{"rendered":"https:\/\/www.modapelle.gr\/product\/lederjacke-sofia-braun\/"},"modified":"2023-06-02T18:06:34","modified_gmt":"2023-06-02T15:06:34","slug":"lederjacke-sofia-braun","status":"publish","type":"product","link":"https:\/\/www.modapelle.gr\/de\/produkt\/lederjacke-sofia-braun\/","title":{"rendered":"Lederjacke Sofia Braun"},"content":{"rendered":"<h2>Lederjacke<\/h2>\n<ul>\n<li>Material: 100% weiches Nappaleder in Braun.<\/li>\n<li>Eine Innentasche und vier Au\u00dfentaschen.<\/li>\n<li>Das Innenfutter ist perfekt auf die braune Farbe abgestimmt!<\/li>\n<li>L\u00e4nge (hinten vom Kragenende bis zum Saum) von 68 cm (Small) bis 75 cm (4XL).<\/li>\n<li>Ein 4 cm breiter Lederg\u00fcrtel in der Taille.<\/li>\n<li>Vorne mit Rei\u00dfverschluss zu schlie\u00dfen.<\/li>\n<\/ul>\n","protected":false},"excerpt":{"rendered":"<p>Damen-Lederjacke,<br \/>\naus weichem Lammleder in Braun!<br \/>\nSie verf\u00fcgt \u00fcber 4 Au\u00dfentaschen (zwei oben mit Rei\u00dfverschluss und zwei unten mit Lederklappe und Druckknopf).<br \/>\nAu\u00dferdem gibt es einen 4 cm breiten Lederg\u00fcrtel in der Taille.<br \/>\nDie L\u00e4nge variiert je nach Gr\u00f6\u00dfe von 68 cm bis 75 cm.<br \/>\nIm Inneren befindet sich eine zus\u00e4tzliche Innentasche sowie ein Innenfutter in einer Nuance von Braun.<\/p>\n","protected":false},"featured_media":10993,"template":"","meta":{"_acf_changed":false},"product_brand":[],"product_cat":[525],"product_tag":[617,583,494,585],"class_list":{"0":"post-20613","1":"product","2":"type-product","3":"status-publish","4":"has-post-thumbnail","6":"product_cat-damen-lederjacken","7":"product_tag-braune-farbe","8":"product_tag-damen-lederjacke","9":"product_tag-frau","10":"product_tag-lampenleder","12":"first","13":"instock","14":"sale","15":"shipping-taxable","16":"purchasable","17":"product-type-variable"},"acf":[],"yoast_head":"<!-- This site is optimized with the Yoast SEO plugin v27.2 - https:\/\/yoast.com\/product\/yoast-seo-wordpress\/ -->\n<title>Lederjacke Sofia Braun genuine leather - Modapelle<\/title>\n<meta name=\"description\" content=\"Damen-Lederjacke, aus weichem Lammleder in Braun! Sie verf\u00fcgt \u00fcber 4 Au\u00dfentaschen (zwei oben mit Rei\u00dfverschluss und zwei unten mit Lederklappe und Druckknopf)\" \/>\n<meta name=\"robots\" content=\"index, follow, max-snippet:-1, max-image-preview:large, max-video-preview:-1\" \/>\n<link rel=\"canonical\" href=\"https:\/\/www.modapelle.gr\/de\/produkt\/lederjacke-sofia-braun\/\" \/>\n<meta property=\"og:locale\" content=\"de_DE\" \/>\n<meta property=\"og:type\" content=\"article\" \/>\n<meta property=\"og:title\" content=\"Lederjacke Sofia Braun genuine leather - Modapelle\" \/>\n<meta property=\"og:description\" content=\"Damen-Lederjacke, aus weichem Lammleder in Braun! Sie verf\u00fcgt \u00fcber 4 Au\u00dfentaschen (zwei oben mit Rei\u00dfverschluss und zwei unten mit Lederklappe und Druckknopf)\" \/>\n<meta property=\"og:url\" content=\"https:\/\/www.modapelle.gr\/de\/produkt\/lederjacke-sofia-braun\/\" \/>\n<meta property=\"og:site_name\" content=\"MODAPELLE\" \/>\n<meta property=\"article:modified_time\" content=\"2023-06-02T15:06:34+00:00\" \/>\n<meta property=\"og:image\" content=\"https:\/\/www.modapelle.gr\/wp-content\/uploads\/2021\/07\/SOFIA-BROWN-01-LOGO.jpg\" \/>\n\t<meta property=\"og:image:width\" content=\"800\" \/>\n\t<meta property=\"og:image:height\" content=\"800\" \/>\n\t<meta property=\"og:image:type\" content=\"image\/jpeg\" \/>\n<meta name=\"twitter:card\" content=\"summary_large_image\" \/>\n<meta name=\"twitter:label1\" content=\"Gesch\u00e4tzte Lesezeit\" \/>\n\t<meta name=\"twitter:data1\" content=\"1\u00a0Minute\" \/>\n<script type=\"application\/ld+json\" class=\"yoast-schema-graph\">{\"@context\":\"https:\/\/schema.org\",\"@graph\":[{\"@type\":\"WebPage\",\"@id\":\"https:\/\/www.modapelle.gr\/de\/produkt\/lederjacke-sofia-braun\/\",\"url\":\"https:\/\/www.modapelle.gr\/de\/produkt\/lederjacke-sofia-braun\/\",\"name\":\"Lederjacke Sofia Braun genuine leather - Modapelle\",\"isPartOf\":{\"@id\":\"https:\/\/www.modapelle.gr\/de\/#website\"},\"primaryImageOfPage\":{\"@id\":\"https:\/\/www.modapelle.gr\/de\/produkt\/lederjacke-sofia-braun\/#primaryimage\"},\"image\":{\"@id\":\"https:\/\/www.modapelle.gr\/de\/produkt\/lederjacke-sofia-braun\/#primaryimage\"},\"thumbnailUrl\":\"https:\/\/www.modapelle.gr\/wp-content\/uploads\/2021\/07\/SOFIA-BROWN-01-LOGO.jpg\",\"datePublished\":\"2021-07-22T17:14:40+00:00\",\"dateModified\":\"2023-06-02T15:06:34+00:00\",\"description\":\"Damen-Lederjacke, aus weichem Lammleder in Braun! Sie verf\u00fcgt \u00fcber 4 Au\u00dfentaschen (zwei oben mit Rei\u00dfverschluss und zwei unten mit Lederklappe und Druckknopf)\",\"breadcrumb\":{\"@id\":\"https:\/\/www.modapelle.gr\/de\/produkt\/lederjacke-sofia-braun\/#breadcrumb\"},\"inLanguage\":\"de\",\"potentialAction\":[{\"@type\":\"ReadAction\",\"target\":[\"https:\/\/www.modapelle.gr\/de\/produkt\/lederjacke-sofia-braun\/\"]}]},{\"@type\":\"ImageObject\",\"inLanguage\":\"de\",\"@id\":\"https:\/\/www.modapelle.gr\/de\/produkt\/lederjacke-sofia-braun\/#primaryimage\",\"url\":\"https:\/\/www.modapelle.gr\/wp-content\/uploads\/2021\/07\/SOFIA-BROWN-01-LOGO.jpg\",\"contentUrl\":\"https:\/\/www.modapelle.gr\/wp-content\/uploads\/2021\/07\/SOFIA-BROWN-01-LOGO.jpg\",\"width\":800,\"height\":800,\"caption\":\"Lederjacke Sofia Braun\"},{\"@type\":\"BreadcrumbList\",\"@id\":\"https:\/\/www.modapelle.gr\/de\/produkt\/lederjacke-sofia-braun\/#breadcrumb\",\"itemListElement\":[{\"@type\":\"ListItem\",\"position\":1,\"name\":\"Modapelle\",\"item\":\"https:\/\/www.modapelle.gr\/de\/\"},{\"@type\":\"ListItem\",\"position\":2,\"name\":\"Shop\",\"item\":\"https:\/\/www.modapelle.gr\/de\/shop\/\"},{\"@type\":\"ListItem\",\"position\":3,\"name\":\"Frau\",\"item\":\"https:\/\/www.modapelle.gr\/de\/produkt-kategorie\/frau\/\"},{\"@type\":\"ListItem\",\"position\":4,\"name\":\"Damen Lederjacken\",\"item\":\"https:\/\/www.modapelle.gr\/de\/produkt-kategorie\/frau\/damen-lederjacken\/\"},{\"@type\":\"ListItem\",\"position\":5,\"name\":\"Lederjacke Sofia Braun\"}]},{\"@type\":\"WebSite\",\"@id\":\"https:\/\/www.modapelle.gr\/de\/#website\",\"url\":\"https:\/\/www.modapelle.gr\/de\/\",\"name\":\"MODAPELLE\",\"description\":\"Lederbekleidung, Taschen & Accessoires\",\"publisher\":{\"@id\":\"https:\/\/www.modapelle.gr\/de\/#organization\"},\"potentialAction\":[{\"@type\":\"SearchAction\",\"target\":{\"@type\":\"EntryPoint\",\"urlTemplate\":\"https:\/\/www.modapelle.gr\/de\/?s={search_term_string}\"},\"query-input\":{\"@type\":\"PropertyValueSpecification\",\"valueRequired\":true,\"valueName\":\"search_term_string\"}}],\"inLanguage\":\"de\"},{\"@type\":\"Organization\",\"@id\":\"https:\/\/www.modapelle.gr\/de\/#organization\",\"name\":\"MODAPELLE\",\"url\":\"https:\/\/www.modapelle.gr\/de\/\",\"logo\":{\"@type\":\"ImageObject\",\"inLanguage\":\"de\",\"@id\":\"https:\/\/www.modapelle.gr\/de\/#\/schema\/logo\/image\/\",\"url\":\"https:\/\/www.modapelle.gr\/wp-content\/uploads\/2021\/07\/modapelle-logo.png\",\"contentUrl\":\"https:\/\/www.modapelle.gr\/wp-content\/uploads\/2021\/07\/modapelle-logo.png\",\"width\":388,\"height\":120,\"caption\":\"MODAPELLE\"},\"image\":{\"@id\":\"https:\/\/www.modapelle.gr\/de\/#\/schema\/logo\/image\/\"}}]}<\/script>\n<!-- \/ Yoast SEO plugin. -->","yoast_head_json":{"title":"Lederjacke Sofia Braun genuine leather - Modapelle","description":"Damen-Lederjacke, aus weichem Lammleder in Braun! Sie verf\u00fcgt \u00fcber 4 Au\u00dfentaschen (zwei oben mit Rei\u00dfverschluss und zwei unten mit Lederklappe und Druckknopf)","robots":{"index":"index","follow":"follow","max-snippet":"max-snippet:-1","max-image-preview":"max-image-preview:large","max-video-preview":"max-video-preview:-1"},"canonical":"https:\/\/www.modapelle.gr\/de\/produkt\/lederjacke-sofia-braun\/","og_locale":"de_DE","og_type":"article","og_title":"Lederjacke Sofia Braun genuine leather - Modapelle","og_description":"Damen-Lederjacke, aus weichem Lammleder in Braun! Sie verf\u00fcgt \u00fcber 4 Au\u00dfentaschen (zwei oben mit Rei\u00dfverschluss und zwei unten mit Lederklappe und Druckknopf)","og_url":"https:\/\/www.modapelle.gr\/de\/produkt\/lederjacke-sofia-braun\/","og_site_name":"MODAPELLE","article_modified_time":"2023-06-02T15:06:34+00:00","og_image":[{"width":800,"height":800,"url":"https:\/\/www.modapelle.gr\/wp-content\/uploads\/2021\/07\/SOFIA-BROWN-01-LOGO.jpg","type":"image\/jpeg"}],"twitter_card":"summary_large_image","twitter_misc":{"Gesch\u00e4tzte Lesezeit":"1\u00a0Minute"},"schema":{"@context":"https:\/\/schema.org","@graph":[{"@type":"WebPage","@id":"https:\/\/www.modapelle.gr\/de\/produkt\/lederjacke-sofia-braun\/","url":"https:\/\/www.modapelle.gr\/de\/produkt\/lederjacke-sofia-braun\/","name":"Lederjacke Sofia Braun genuine leather - Modapelle","isPartOf":{"@id":"https:\/\/www.modapelle.gr\/de\/#website"},"primaryImageOfPage":{"@id":"https:\/\/www.modapelle.gr\/de\/produkt\/lederjacke-sofia-braun\/#primaryimage"},"image":{"@id":"https:\/\/www.modapelle.gr\/de\/produkt\/lederjacke-sofia-braun\/#primaryimage"},"thumbnailUrl":"https:\/\/www.modapelle.gr\/wp-content\/uploads\/2021\/07\/SOFIA-BROWN-01-LOGO.jpg","datePublished":"2021-07-22T17:14:40+00:00","dateModified":"2023-06-02T15:06:34+00:00","description":"Damen-Lederjacke, aus weichem Lammleder in Braun! Sie verf\u00fcgt \u00fcber 4 Au\u00dfentaschen (zwei oben mit Rei\u00dfverschluss und zwei unten mit Lederklappe und Druckknopf)","breadcrumb":{"@id":"https:\/\/www.modapelle.gr\/de\/produkt\/lederjacke-sofia-braun\/#breadcrumb"},"inLanguage":"de","potentialAction":[{"@type":"ReadAction","target":["https:\/\/www.modapelle.gr\/de\/produkt\/lederjacke-sofia-braun\/"]}]},{"@type":"ImageObject","inLanguage":"de","@id":"https:\/\/www.modapelle.gr\/de\/produkt\/lederjacke-sofia-braun\/#primaryimage","url":"https:\/\/www.modapelle.gr\/wp-content\/uploads\/2021\/07\/SOFIA-BROWN-01-LOGO.jpg","contentUrl":"https:\/\/www.modapelle.gr\/wp-content\/uploads\/2021\/07\/SOFIA-BROWN-01-LOGO.jpg","width":800,"height":800,"caption":"Lederjacke Sofia Braun"},{"@type":"BreadcrumbList","@id":"https:\/\/www.modapelle.gr\/de\/produkt\/lederjacke-sofia-braun\/#breadcrumb","itemListElement":[{"@type":"ListItem","position":1,"name":"Modapelle","item":"https:\/\/www.modapelle.gr\/de\/"},{"@type":"ListItem","position":2,"name":"Shop","item":"https:\/\/www.modapelle.gr\/de\/shop\/"},{"@type":"ListItem","position":3,"name":"Frau","item":"https:\/\/www.modapelle.gr\/de\/produkt-kategorie\/frau\/"},{"@type":"ListItem","position":4,"name":"Damen Lederjacken","item":"https:\/\/www.modapelle.gr\/de\/produkt-kategorie\/frau\/damen-lederjacken\/"},{"@type":"ListItem","position":5,"name":"Lederjacke Sofia Braun"}]},{"@type":"WebSite","@id":"https:\/\/www.modapelle.gr\/de\/#website","url":"https:\/\/www.modapelle.gr\/de\/","name":"MODAPELLE","description":"Lederbekleidung, Taschen & Accessoires","publisher":{"@id":"https:\/\/www.modapelle.gr\/de\/#organization"},"potentialAction":[{"@type":"SearchAction","target":{"@type":"EntryPoint","urlTemplate":"https:\/\/www.modapelle.gr\/de\/?s={search_term_string}"},"query-input":{"@type":"PropertyValueSpecification","valueRequired":true,"valueName":"search_term_string"}}],"inLanguage":"de"},{"@type":"Organization","@id":"https:\/\/www.modapelle.gr\/de\/#organization","name":"MODAPELLE","url":"https:\/\/www.modapelle.gr\/de\/","logo":{"@type":"ImageObject","inLanguage":"de","@id":"https:\/\/www.modapelle.gr\/de\/#\/schema\/logo\/image\/","url":"https:\/\/www.modapelle.gr\/wp-content\/uploads\/2021\/07\/modapelle-logo.png","contentUrl":"https:\/\/www.modapelle.gr\/wp-content\/uploads\/2021\/07\/modapelle-logo.png","width":388,"height":120,"caption":"MODAPELLE"},"image":{"@id":"https:\/\/www.modapelle.gr\/de\/#\/schema\/logo\/image\/"}}]}},"_links":{"self":[{"href":"https:\/\/www.modapelle.gr\/de\/wp-json\/wp\/v2\/product\/20613","targetHints":{"allow":["GET"]}}],"collection":[{"href":"https:\/\/www.modapelle.gr\/de\/wp-json\/wp\/v2\/product"}],"about":[{"href":"https:\/\/www.modapelle.gr\/de\/wp-json\/wp\/v2\/types\/product"}],"wp:featuredmedia":[{"embeddable":true,"href":"https:\/\/www.modapelle.gr\/de\/wp-json\/wp\/v2\/media\/10993"}],"wp:attachment":[{"href":"https:\/\/www.modapelle.gr\/de\/wp-json\/wp\/v2\/media?parent=20613"}],"wp:term":[{"taxonomy":"product_brand","embeddable":true,"href":"https:\/\/www.modapelle.gr\/de\/wp-json\/wp\/v2\/product_brand?post=20613"},{"taxonomy":"product_cat","embeddable":true,"href":"https:\/\/www.modapelle.gr\/de\/wp-json\/wp\/v2\/product_cat?post=20613"},{"taxonomy":"product_tag","embeddable":true,"href":"https:\/\/www.modapelle.gr\/de\/wp-json\/wp\/v2\/product_tag?post=20613"}],"curies":[{"name":"wp","href":"https:\/\/api.w.org\/{rel}","templated":true}]}}