{"id":20552,"date":"2022-02-19T16:18:19","date_gmt":"2022-02-19T14:18:19","guid":{"rendered":"https:\/\/www.modapelle.gr\/product\/lederjacke-grace\/"},"modified":"2023-06-02T18:04:51","modified_gmt":"2023-06-02T15:04:51","slug":"lederjacke-grace","status":"publish","type":"product","link":"https:\/\/www.modapelle.gr\/de\/produkt\/lederjacke-grace\/","title":{"rendered":"Lederjacke Grace"},"content":{"rendered":"<h2>Das Leder, das du lieben wirst!<\/h2>\n<ul>\n<li>Material: 100% weiches Nappaleder<\/li>\n<li>Verschluss vorne mit zwei Rei\u00dfverschl\u00fcssen.<\/li>\n<li>Zwei Au\u00dfentaschen mit Rei\u00dfverschluss.<\/li>\n<li>Rei\u00dfverschluss am \u00c4rmelabschluss f\u00fcr eine bessere Passform.<\/li>\n<li>Schwarzes Innenfutter aus Stoff.<\/li>\n<\/ul>\n","protected":false},"excerpt":{"rendered":"<p>Damen Lederjacke in Bordeauxrot aus weichem Nappaleder!<\/p>\n<p>Mit einer regul\u00e4ren Passform im Perfecto-Stil, wird vorne mit einem Rei\u00dfverschluss geschlossen (wir w\u00e4hlen je nach gew\u00fcnschter Passform eine der beiden Optionen). Am \u00c4rmelende befindet sich ebenfalls ein Rei\u00dfverschluss &#8211; mit Leder auf der Innenseite.<\/p>\n","protected":false},"featured_media":13305,"template":"","meta":{"_acf_changed":false},"product_brand":[],"product_cat":[525],"product_tag":[633,583,494,587,555],"class_list":{"0":"post-20552","1":"product","2":"type-product","3":"status-publish","4":"has-post-thumbnail","6":"product_cat-damen-lederjacken","7":"product_tag-bordeauxfarbe","8":"product_tag-damen-lederjacke","9":"product_tag-frau","10":"product_tag-nappa-leder","11":"product_tag-perfecto-de","13":"first","14":"instock","15":"sale","16":"shipping-taxable","17":"purchasable","18":"product-type-variable"},"acf":[],"yoast_head":"<!-- This site is optimized with the Yoast SEO plugin v27.2 - https:\/\/yoast.com\/product\/yoast-seo-wordpress\/ -->\n<title>Lederjacke Grace - Top quality genuine leather<\/title>\n<meta name=\"description\" content=\"Damen Lederjacke in Bordeauxrot aus weichem Nappaleder! Mit einer regul\u00e4ren Passform im Perfecto-Stil, wird vorne mit einem Rei\u00dfverschluss geschlossen\" \/>\n<meta name=\"robots\" content=\"index, follow, max-snippet:-1, max-image-preview:large, max-video-preview:-1\" \/>\n<link rel=\"canonical\" href=\"https:\/\/www.modapelle.gr\/de\/produkt\/lederjacke-grace\/\" \/>\n<meta property=\"og:locale\" content=\"de_DE\" \/>\n<meta property=\"og:type\" content=\"article\" \/>\n<meta property=\"og:title\" content=\"Lederjacke Grace - Top quality genuine leather\" \/>\n<meta property=\"og:description\" content=\"Damen Lederjacke in Bordeauxrot aus weichem Nappaleder! Mit einer regul\u00e4ren Passform im Perfecto-Stil, wird vorne mit einem Rei\u00dfverschluss geschlossen\" \/>\n<meta property=\"og:url\" content=\"https:\/\/www.modapelle.gr\/de\/produkt\/lederjacke-grace\/\" \/>\n<meta property=\"og:site_name\" content=\"MODAPELLE\" \/>\n<meta property=\"article:modified_time\" content=\"2023-06-02T15:04:51+00:00\" \/>\n<meta property=\"og:image\" content=\"https:\/\/www.modapelle.gr\/wp-content\/uploads\/2022\/02\/GYNAIKEIO-DERMATINO-MPOYFAN-GRACE-01-L.jpg\" \/>\n\t<meta property=\"og:image:width\" content=\"1080\" \/>\n\t<meta property=\"og:image:height\" content=\"1080\" \/>\n\t<meta property=\"og:image:type\" content=\"image\/jpeg\" \/>\n<meta name=\"twitter:card\" content=\"summary_large_image\" \/>\n<meta name=\"twitter:label1\" content=\"Gesch\u00e4tzte Lesezeit\" \/>\n\t<meta name=\"twitter:data1\" content=\"1\u00a0Minute\" \/>\n<script type=\"application\/ld+json\" class=\"yoast-schema-graph\">{\"@context\":\"https:\/\/schema.org\",\"@graph\":[{\"@type\":\"WebPage\",\"@id\":\"https:\/\/www.modapelle.gr\/de\/produkt\/lederjacke-grace\/\",\"url\":\"https:\/\/www.modapelle.gr\/de\/produkt\/lederjacke-grace\/\",\"name\":\"Lederjacke Grace - Top quality genuine leather\",\"isPartOf\":{\"@id\":\"https:\/\/www.modapelle.gr\/de\/#website\"},\"primaryImageOfPage\":{\"@id\":\"https:\/\/www.modapelle.gr\/de\/produkt\/lederjacke-grace\/#primaryimage\"},\"image\":{\"@id\":\"https:\/\/www.modapelle.gr\/de\/produkt\/lederjacke-grace\/#primaryimage\"},\"thumbnailUrl\":\"https:\/\/www.modapelle.gr\/wp-content\/uploads\/2022\/02\/GYNAIKEIO-DERMATINO-MPOYFAN-GRACE-01-L.jpg\",\"datePublished\":\"2022-02-19T14:18:19+00:00\",\"dateModified\":\"2023-06-02T15:04:51+00:00\",\"description\":\"Damen Lederjacke in Bordeauxrot aus weichem Nappaleder! Mit einer regul\u00e4ren Passform im Perfecto-Stil, wird vorne mit einem Rei\u00dfverschluss geschlossen\",\"breadcrumb\":{\"@id\":\"https:\/\/www.modapelle.gr\/de\/produkt\/lederjacke-grace\/#breadcrumb\"},\"inLanguage\":\"de\",\"potentialAction\":[{\"@type\":\"ReadAction\",\"target\":[\"https:\/\/www.modapelle.gr\/de\/produkt\/lederjacke-grace\/\"]}]},{\"@type\":\"ImageObject\",\"inLanguage\":\"de\",\"@id\":\"https:\/\/www.modapelle.gr\/de\/produkt\/lederjacke-grace\/#primaryimage\",\"url\":\"https:\/\/www.modapelle.gr\/wp-content\/uploads\/2022\/02\/GYNAIKEIO-DERMATINO-MPOYFAN-GRACE-01-L.jpg\",\"contentUrl\":\"https:\/\/www.modapelle.gr\/wp-content\/uploads\/2022\/02\/GYNAIKEIO-DERMATINO-MPOYFAN-GRACE-01-L.jpg\",\"width\":1080,\"height\":1080,\"caption\":\"Lederjacke Grace\"},{\"@type\":\"BreadcrumbList\",\"@id\":\"https:\/\/www.modapelle.gr\/de\/produkt\/lederjacke-grace\/#breadcrumb\",\"itemListElement\":[{\"@type\":\"ListItem\",\"position\":1,\"name\":\"Modapelle\",\"item\":\"https:\/\/www.modapelle.gr\/de\/\"},{\"@type\":\"ListItem\",\"position\":2,\"name\":\"Shop\",\"item\":\"https:\/\/www.modapelle.gr\/de\/shop\/\"},{\"@type\":\"ListItem\",\"position\":3,\"name\":\"Frau\",\"item\":\"https:\/\/www.modapelle.gr\/de\/produkt-kategorie\/frau\/\"},{\"@type\":\"ListItem\",\"position\":4,\"name\":\"Damen Lederjacken\",\"item\":\"https:\/\/www.modapelle.gr\/de\/produkt-kategorie\/frau\/damen-lederjacken\/\"},{\"@type\":\"ListItem\",\"position\":5,\"name\":\"Lederjacke Grace\"}]},{\"@type\":\"WebSite\",\"@id\":\"https:\/\/www.modapelle.gr\/de\/#website\",\"url\":\"https:\/\/www.modapelle.gr\/de\/\",\"name\":\"MODAPELLE\",\"description\":\"Lederbekleidung, Taschen & Accessoires\",\"publisher\":{\"@id\":\"https:\/\/www.modapelle.gr\/de\/#organization\"},\"potentialAction\":[{\"@type\":\"SearchAction\",\"target\":{\"@type\":\"EntryPoint\",\"urlTemplate\":\"https:\/\/www.modapelle.gr\/de\/?s={search_term_string}\"},\"query-input\":{\"@type\":\"PropertyValueSpecification\",\"valueRequired\":true,\"valueName\":\"search_term_string\"}}],\"inLanguage\":\"de\"},{\"@type\":\"Organization\",\"@id\":\"https:\/\/www.modapelle.gr\/de\/#organization\",\"name\":\"MODAPELLE\",\"url\":\"https:\/\/www.modapelle.gr\/de\/\",\"logo\":{\"@type\":\"ImageObject\",\"inLanguage\":\"de\",\"@id\":\"https:\/\/www.modapelle.gr\/de\/#\/schema\/logo\/image\/\",\"url\":\"https:\/\/www.modapelle.gr\/wp-content\/uploads\/2021\/07\/modapelle-logo.png\",\"contentUrl\":\"https:\/\/www.modapelle.gr\/wp-content\/uploads\/2021\/07\/modapelle-logo.png\",\"width\":388,\"height\":120,\"caption\":\"MODAPELLE\"},\"image\":{\"@id\":\"https:\/\/www.modapelle.gr\/de\/#\/schema\/logo\/image\/\"}}]}<\/script>\n<!-- \/ Yoast SEO plugin. -->","yoast_head_json":{"title":"Lederjacke Grace - Top quality genuine leather","description":"Damen Lederjacke in Bordeauxrot aus weichem Nappaleder! Mit einer regul\u00e4ren Passform im Perfecto-Stil, wird vorne mit einem Rei\u00dfverschluss geschlossen","robots":{"index":"index","follow":"follow","max-snippet":"max-snippet:-1","max-image-preview":"max-image-preview:large","max-video-preview":"max-video-preview:-1"},"canonical":"https:\/\/www.modapelle.gr\/de\/produkt\/lederjacke-grace\/","og_locale":"de_DE","og_type":"article","og_title":"Lederjacke Grace - Top quality genuine leather","og_description":"Damen Lederjacke in Bordeauxrot aus weichem Nappaleder! Mit einer regul\u00e4ren Passform im Perfecto-Stil, wird vorne mit einem Rei\u00dfverschluss geschlossen","og_url":"https:\/\/www.modapelle.gr\/de\/produkt\/lederjacke-grace\/","og_site_name":"MODAPELLE","article_modified_time":"2023-06-02T15:04:51+00:00","og_image":[{"width":1080,"height":1080,"url":"https:\/\/www.modapelle.gr\/wp-content\/uploads\/2022\/02\/GYNAIKEIO-DERMATINO-MPOYFAN-GRACE-01-L.jpg","type":"image\/jpeg"}],"twitter_card":"summary_large_image","twitter_misc":{"Gesch\u00e4tzte Lesezeit":"1\u00a0Minute"},"schema":{"@context":"https:\/\/schema.org","@graph":[{"@type":"WebPage","@id":"https:\/\/www.modapelle.gr\/de\/produkt\/lederjacke-grace\/","url":"https:\/\/www.modapelle.gr\/de\/produkt\/lederjacke-grace\/","name":"Lederjacke Grace - Top quality genuine leather","isPartOf":{"@id":"https:\/\/www.modapelle.gr\/de\/#website"},"primaryImageOfPage":{"@id":"https:\/\/www.modapelle.gr\/de\/produkt\/lederjacke-grace\/#primaryimage"},"image":{"@id":"https:\/\/www.modapelle.gr\/de\/produkt\/lederjacke-grace\/#primaryimage"},"thumbnailUrl":"https:\/\/www.modapelle.gr\/wp-content\/uploads\/2022\/02\/GYNAIKEIO-DERMATINO-MPOYFAN-GRACE-01-L.jpg","datePublished":"2022-02-19T14:18:19+00:00","dateModified":"2023-06-02T15:04:51+00:00","description":"Damen Lederjacke in Bordeauxrot aus weichem Nappaleder! Mit einer regul\u00e4ren Passform im Perfecto-Stil, wird vorne mit einem Rei\u00dfverschluss geschlossen","breadcrumb":{"@id":"https:\/\/www.modapelle.gr\/de\/produkt\/lederjacke-grace\/#breadcrumb"},"inLanguage":"de","potentialAction":[{"@type":"ReadAction","target":["https:\/\/www.modapelle.gr\/de\/produkt\/lederjacke-grace\/"]}]},{"@type":"ImageObject","inLanguage":"de","@id":"https:\/\/www.modapelle.gr\/de\/produkt\/lederjacke-grace\/#primaryimage","url":"https:\/\/www.modapelle.gr\/wp-content\/uploads\/2022\/02\/GYNAIKEIO-DERMATINO-MPOYFAN-GRACE-01-L.jpg","contentUrl":"https:\/\/www.modapelle.gr\/wp-content\/uploads\/2022\/02\/GYNAIKEIO-DERMATINO-MPOYFAN-GRACE-01-L.jpg","width":1080,"height":1080,"caption":"Lederjacke Grace"},{"@type":"BreadcrumbList","@id":"https:\/\/www.modapelle.gr\/de\/produkt\/lederjacke-grace\/#breadcrumb","itemListElement":[{"@type":"ListItem","position":1,"name":"Modapelle","item":"https:\/\/www.modapelle.gr\/de\/"},{"@type":"ListItem","position":2,"name":"Shop","item":"https:\/\/www.modapelle.gr\/de\/shop\/"},{"@type":"ListItem","position":3,"name":"Frau","item":"https:\/\/www.modapelle.gr\/de\/produkt-kategorie\/frau\/"},{"@type":"ListItem","position":4,"name":"Damen Lederjacken","item":"https:\/\/www.modapelle.gr\/de\/produkt-kategorie\/frau\/damen-lederjacken\/"},{"@type":"ListItem","position":5,"name":"Lederjacke Grace"}]},{"@type":"WebSite","@id":"https:\/\/www.modapelle.gr\/de\/#website","url":"https:\/\/www.modapelle.gr\/de\/","name":"MODAPELLE","description":"Lederbekleidung, Taschen & Accessoires","publisher":{"@id":"https:\/\/www.modapelle.gr\/de\/#organization"},"potentialAction":[{"@type":"SearchAction","target":{"@type":"EntryPoint","urlTemplate":"https:\/\/www.modapelle.gr\/de\/?s={search_term_string}"},"query-input":{"@type":"PropertyValueSpecification","valueRequired":true,"valueName":"search_term_string"}}],"inLanguage":"de"},{"@type":"Organization","@id":"https:\/\/www.modapelle.gr\/de\/#organization","name":"MODAPELLE","url":"https:\/\/www.modapelle.gr\/de\/","logo":{"@type":"ImageObject","inLanguage":"de","@id":"https:\/\/www.modapelle.gr\/de\/#\/schema\/logo\/image\/","url":"https:\/\/www.modapelle.gr\/wp-content\/uploads\/2021\/07\/modapelle-logo.png","contentUrl":"https:\/\/www.modapelle.gr\/wp-content\/uploads\/2021\/07\/modapelle-logo.png","width":388,"height":120,"caption":"MODAPELLE"},"image":{"@id":"https:\/\/www.modapelle.gr\/de\/#\/schema\/logo\/image\/"}}]}},"_links":{"self":[{"href":"https:\/\/www.modapelle.gr\/de\/wp-json\/wp\/v2\/product\/20552","targetHints":{"allow":["GET"]}}],"collection":[{"href":"https:\/\/www.modapelle.gr\/de\/wp-json\/wp\/v2\/product"}],"about":[{"href":"https:\/\/www.modapelle.gr\/de\/wp-json\/wp\/v2\/types\/product"}],"wp:featuredmedia":[{"embeddable":true,"href":"https:\/\/www.modapelle.gr\/de\/wp-json\/wp\/v2\/media\/13305"}],"wp:attachment":[{"href":"https:\/\/www.modapelle.gr\/de\/wp-json\/wp\/v2\/media?parent=20552"}],"wp:term":[{"taxonomy":"product_brand","embeddable":true,"href":"https:\/\/www.modapelle.gr\/de\/wp-json\/wp\/v2\/product_brand?post=20552"},{"taxonomy":"product_cat","embeddable":true,"href":"https:\/\/www.modapelle.gr\/de\/wp-json\/wp\/v2\/product_cat?post=20552"},{"taxonomy":"product_tag","embeddable":true,"href":"https:\/\/www.modapelle.gr\/de\/wp-json\/wp\/v2\/product_tag?post=20552"}],"curies":[{"name":"wp","href":"https:\/\/api.w.org\/{rel}","templated":true}]}}