{"id":20504,"date":"2023-05-02T15:44:54","date_gmt":"2023-05-02T12:44:54","guid":{"rendered":"https:\/\/www.modapelle.gr\/product\/lederjacke-artemis\/"},"modified":"2023-06-02T18:00:14","modified_gmt":"2023-06-02T15:00:14","slug":"lederjacke-artemis","status":"publish","type":"product","link":"https:\/\/www.modapelle.gr\/de\/produkt\/lederjacke-artemis\/","title":{"rendered":"Lederjacke Artemis"},"content":{"rendered":"<h2>Leder, das du lieben wirst!<\/h2>\n<ul>\n<li>Material: 100% weiches Nappaleder<\/li>\n<li>Zwei Rei\u00dfverschl\u00fcsse vorne.<\/li>\n<li>Zwei Au\u00dfentaschen mit Rei\u00dfverschluss.<\/li>\n<li>Rei\u00dfverschluss am \u00c4rmelende f\u00fcr eine bessere Passform.<\/li>\n<li>Rotes Innenfutter aus Stoff.<\/li>\n<\/ul>\n<p>F\u00fcr die Auswahl der richtigen Gr\u00f6\u00dfe kannst du auch Folgendes ber\u00fccksichtigen:<\/p>\n<p>Gr\u00f6\u00dfenentsprechung<\/p>\n<p>36 &#8211; 38 = S<\/p>\n<p>40 &#8211; 42 = M<\/p>\n<p>44 &#8211; 46 = L<\/p>\n<p>48 &#8211; 50 = XL<\/p>\n","protected":false},"excerpt":{"rendered":"<p>Damen-Lederjacke in Rot aus weichem Nappaleder!<\/p>\n<p>Die Jacke hat eine regul\u00e4re Passform und wird mit einem Rei\u00dfverschluss auf der Vorderseite geschlossen. (Wir k\u00f6nnen zwischen zwei Optionen w\u00e4hlen, je nach gew\u00fcnschter Passform). Au\u00dferdem hat sie am \u00c4rmelende einen Rei\u00dfverschluss mit Lederdetails innen.<\/p>\n","protected":false},"featured_media":16279,"template":"","meta":{"_acf_changed":false},"product_brand":[],"product_cat":[525],"product_tag":[583,494,587,621],"class_list":{"0":"post-20504","1":"product","2":"type-product","3":"status-publish","4":"has-post-thumbnail","6":"product_cat-damen-lederjacken","7":"product_tag-damen-lederjacke","8":"product_tag-frau","9":"product_tag-nappa-leder","10":"product_tag-rote-farbe","12":"first","13":"instock","14":"sale","15":"shipping-taxable","16":"purchasable","17":"product-type-variable"},"acf":[],"yoast_head":"<!-- This site is optimized with the Yoast SEO plugin v27.4 - https:\/\/yoast.com\/product\/yoast-seo-wordpress\/ -->\n<title>Lederjacke Artemis - Artenus - top quality genuine leather<\/title>\n<meta name=\"description\" content=\"Damen-Lederjacke in Rot aus weichem Nappaleder! Die Jacke hat eine regul\u00e4re Passform und wird mit einem Rei\u00dfverschluss auf der Vorderseite geschlossen.\" \/>\n<meta name=\"robots\" content=\"index, follow, max-snippet:-1, max-image-preview:large, max-video-preview:-1\" \/>\n<link rel=\"canonical\" href=\"https:\/\/www.modapelle.gr\/de\/produkt\/lederjacke-artemis\/\" \/>\n<meta property=\"og:locale\" content=\"de_DE\" \/>\n<meta property=\"og:type\" content=\"article\" \/>\n<meta property=\"og:title\" content=\"Lederjacke Artemis - Artenus - top quality genuine leather\" \/>\n<meta property=\"og:description\" content=\"Damen-Lederjacke in Rot aus weichem Nappaleder! Die Jacke hat eine regul\u00e4re Passform und wird mit einem Rei\u00dfverschluss auf der Vorderseite geschlossen.\" \/>\n<meta property=\"og:url\" content=\"https:\/\/www.modapelle.gr\/de\/produkt\/lederjacke-artemis\/\" \/>\n<meta property=\"og:site_name\" content=\"MODAPELLE\" \/>\n<meta property=\"article:modified_time\" content=\"2023-06-02T15:00:14+00:00\" \/>\n<meta property=\"og:image\" content=\"https:\/\/www.modapelle.gr\/wp-content\/uploads\/2023\/05\/GYNAIKEIO-DERMATINO-MPOYFAN-ARTEMIS-01L.jpg\" \/>\n\t<meta property=\"og:image:width\" content=\"1200\" \/>\n\t<meta property=\"og:image:height\" content=\"1200\" \/>\n\t<meta property=\"og:image:type\" content=\"image\/jpeg\" \/>\n<meta name=\"twitter:card\" content=\"summary_large_image\" \/>\n<meta name=\"twitter:label1\" content=\"Gesch\u00e4tzte Lesezeit\" \/>\n\t<meta name=\"twitter:data1\" content=\"1\u00a0Minute\" \/>\n<script type=\"application\/ld+json\" class=\"yoast-schema-graph\">{\"@context\":\"https:\\\/\\\/schema.org\",\"@graph\":[{\"@type\":\"WebPage\",\"@id\":\"https:\\\/\\\/www.modapelle.gr\\\/de\\\/produkt\\\/lederjacke-artemis\\\/\",\"url\":\"https:\\\/\\\/www.modapelle.gr\\\/de\\\/produkt\\\/lederjacke-artemis\\\/\",\"name\":\"Lederjacke Artemis - Artenus - top quality genuine leather\",\"isPartOf\":{\"@id\":\"https:\\\/\\\/www.modapelle.gr\\\/de\\\/#website\"},\"primaryImageOfPage\":{\"@id\":\"https:\\\/\\\/www.modapelle.gr\\\/de\\\/produkt\\\/lederjacke-artemis\\\/#primaryimage\"},\"image\":{\"@id\":\"https:\\\/\\\/www.modapelle.gr\\\/de\\\/produkt\\\/lederjacke-artemis\\\/#primaryimage\"},\"thumbnailUrl\":\"https:\\\/\\\/www.modapelle.gr\\\/wp-content\\\/uploads\\\/2023\\\/05\\\/GYNAIKEIO-DERMATINO-MPOYFAN-ARTEMIS-01L.jpg\",\"datePublished\":\"2023-05-02T12:44:54+00:00\",\"dateModified\":\"2023-06-02T15:00:14+00:00\",\"description\":\"Damen-Lederjacke in Rot aus weichem Nappaleder! Die Jacke hat eine regul\u00e4re Passform und wird mit einem Rei\u00dfverschluss auf der Vorderseite geschlossen.\",\"breadcrumb\":{\"@id\":\"https:\\\/\\\/www.modapelle.gr\\\/de\\\/produkt\\\/lederjacke-artemis\\\/#breadcrumb\"},\"inLanguage\":\"de\",\"potentialAction\":[{\"@type\":\"ReadAction\",\"target\":[\"https:\\\/\\\/www.modapelle.gr\\\/de\\\/produkt\\\/lederjacke-artemis\\\/\"]}]},{\"@type\":\"ImageObject\",\"inLanguage\":\"de\",\"@id\":\"https:\\\/\\\/www.modapelle.gr\\\/de\\\/produkt\\\/lederjacke-artemis\\\/#primaryimage\",\"url\":\"https:\\\/\\\/www.modapelle.gr\\\/wp-content\\\/uploads\\\/2023\\\/05\\\/GYNAIKEIO-DERMATINO-MPOYFAN-ARTEMIS-01L.jpg\",\"contentUrl\":\"https:\\\/\\\/www.modapelle.gr\\\/wp-content\\\/uploads\\\/2023\\\/05\\\/GYNAIKEIO-DERMATINO-MPOYFAN-ARTEMIS-01L.jpg\",\"width\":1200,\"height\":1200,\"caption\":\"Lederjacke Artemis\"},{\"@type\":\"BreadcrumbList\",\"@id\":\"https:\\\/\\\/www.modapelle.gr\\\/de\\\/produkt\\\/lederjacke-artemis\\\/#breadcrumb\",\"itemListElement\":[{\"@type\":\"ListItem\",\"position\":1,\"name\":\"Modapelle\",\"item\":\"https:\\\/\\\/www.modapelle.gr\\\/de\\\/\"},{\"@type\":\"ListItem\",\"position\":2,\"name\":\"Shop\",\"item\":\"https:\\\/\\\/www.modapelle.gr\\\/de\\\/shop\\\/\"},{\"@type\":\"ListItem\",\"position\":3,\"name\":\"Frau\",\"item\":\"https:\\\/\\\/www.modapelle.gr\\\/de\\\/produkt-kategorie\\\/frau\\\/\"},{\"@type\":\"ListItem\",\"position\":4,\"name\":\"Damen Lederjacken\",\"item\":\"https:\\\/\\\/www.modapelle.gr\\\/de\\\/produkt-kategorie\\\/frau\\\/damen-lederjacken\\\/\"},{\"@type\":\"ListItem\",\"position\":5,\"name\":\"Lederjacke Artemis\"}]},{\"@type\":\"WebSite\",\"@id\":\"https:\\\/\\\/www.modapelle.gr\\\/de\\\/#website\",\"url\":\"https:\\\/\\\/www.modapelle.gr\\\/de\\\/\",\"name\":\"MODAPELLE\",\"description\":\"Lederbekleidung, Taschen & Accessoires\",\"publisher\":{\"@id\":\"https:\\\/\\\/www.modapelle.gr\\\/de\\\/#organization\"},\"potentialAction\":[{\"@type\":\"SearchAction\",\"target\":{\"@type\":\"EntryPoint\",\"urlTemplate\":\"https:\\\/\\\/www.modapelle.gr\\\/de\\\/?s={search_term_string}\"},\"query-input\":{\"@type\":\"PropertyValueSpecification\",\"valueRequired\":true,\"valueName\":\"search_term_string\"}}],\"inLanguage\":\"de\"},{\"@type\":\"Organization\",\"@id\":\"https:\\\/\\\/www.modapelle.gr\\\/de\\\/#organization\",\"name\":\"MODAPELLE\",\"url\":\"https:\\\/\\\/www.modapelle.gr\\\/de\\\/\",\"logo\":{\"@type\":\"ImageObject\",\"inLanguage\":\"de\",\"@id\":\"https:\\\/\\\/www.modapelle.gr\\\/de\\\/#\\\/schema\\\/logo\\\/image\\\/\",\"url\":\"https:\\\/\\\/www.modapelle.gr\\\/wp-content\\\/uploads\\\/2021\\\/07\\\/modapelle-logo.png\",\"contentUrl\":\"https:\\\/\\\/www.modapelle.gr\\\/wp-content\\\/uploads\\\/2021\\\/07\\\/modapelle-logo.png\",\"width\":388,\"height\":120,\"caption\":\"MODAPELLE\"},\"image\":{\"@id\":\"https:\\\/\\\/www.modapelle.gr\\\/de\\\/#\\\/schema\\\/logo\\\/image\\\/\"}}]}<\/script>\n<!-- \/ Yoast SEO plugin. -->","yoast_head_json":{"title":"Lederjacke Artemis - Artenus - top quality genuine leather","description":"Damen-Lederjacke in Rot aus weichem Nappaleder! Die Jacke hat eine regul\u00e4re Passform und wird mit einem Rei\u00dfverschluss auf der Vorderseite geschlossen.","robots":{"index":"index","follow":"follow","max-snippet":"max-snippet:-1","max-image-preview":"max-image-preview:large","max-video-preview":"max-video-preview:-1"},"canonical":"https:\/\/www.modapelle.gr\/de\/produkt\/lederjacke-artemis\/","og_locale":"de_DE","og_type":"article","og_title":"Lederjacke Artemis - Artenus - top quality genuine leather","og_description":"Damen-Lederjacke in Rot aus weichem Nappaleder! Die Jacke hat eine regul\u00e4re Passform und wird mit einem Rei\u00dfverschluss auf der Vorderseite geschlossen.","og_url":"https:\/\/www.modapelle.gr\/de\/produkt\/lederjacke-artemis\/","og_site_name":"MODAPELLE","article_modified_time":"2023-06-02T15:00:14+00:00","og_image":[{"width":1200,"height":1200,"url":"https:\/\/www.modapelle.gr\/wp-content\/uploads\/2023\/05\/GYNAIKEIO-DERMATINO-MPOYFAN-ARTEMIS-01L.jpg","type":"image\/jpeg"}],"twitter_card":"summary_large_image","twitter_misc":{"Gesch\u00e4tzte Lesezeit":"1\u00a0Minute"},"schema":{"@context":"https:\/\/schema.org","@graph":[{"@type":"WebPage","@id":"https:\/\/www.modapelle.gr\/de\/produkt\/lederjacke-artemis\/","url":"https:\/\/www.modapelle.gr\/de\/produkt\/lederjacke-artemis\/","name":"Lederjacke Artemis - Artenus - top quality genuine leather","isPartOf":{"@id":"https:\/\/www.modapelle.gr\/de\/#website"},"primaryImageOfPage":{"@id":"https:\/\/www.modapelle.gr\/de\/produkt\/lederjacke-artemis\/#primaryimage"},"image":{"@id":"https:\/\/www.modapelle.gr\/de\/produkt\/lederjacke-artemis\/#primaryimage"},"thumbnailUrl":"https:\/\/www.modapelle.gr\/wp-content\/uploads\/2023\/05\/GYNAIKEIO-DERMATINO-MPOYFAN-ARTEMIS-01L.jpg","datePublished":"2023-05-02T12:44:54+00:00","dateModified":"2023-06-02T15:00:14+00:00","description":"Damen-Lederjacke in Rot aus weichem Nappaleder! Die Jacke hat eine regul\u00e4re Passform und wird mit einem Rei\u00dfverschluss auf der Vorderseite geschlossen.","breadcrumb":{"@id":"https:\/\/www.modapelle.gr\/de\/produkt\/lederjacke-artemis\/#breadcrumb"},"inLanguage":"de","potentialAction":[{"@type":"ReadAction","target":["https:\/\/www.modapelle.gr\/de\/produkt\/lederjacke-artemis\/"]}]},{"@type":"ImageObject","inLanguage":"de","@id":"https:\/\/www.modapelle.gr\/de\/produkt\/lederjacke-artemis\/#primaryimage","url":"https:\/\/www.modapelle.gr\/wp-content\/uploads\/2023\/05\/GYNAIKEIO-DERMATINO-MPOYFAN-ARTEMIS-01L.jpg","contentUrl":"https:\/\/www.modapelle.gr\/wp-content\/uploads\/2023\/05\/GYNAIKEIO-DERMATINO-MPOYFAN-ARTEMIS-01L.jpg","width":1200,"height":1200,"caption":"Lederjacke Artemis"},{"@type":"BreadcrumbList","@id":"https:\/\/www.modapelle.gr\/de\/produkt\/lederjacke-artemis\/#breadcrumb","itemListElement":[{"@type":"ListItem","position":1,"name":"Modapelle","item":"https:\/\/www.modapelle.gr\/de\/"},{"@type":"ListItem","position":2,"name":"Shop","item":"https:\/\/www.modapelle.gr\/de\/shop\/"},{"@type":"ListItem","position":3,"name":"Frau","item":"https:\/\/www.modapelle.gr\/de\/produkt-kategorie\/frau\/"},{"@type":"ListItem","position":4,"name":"Damen Lederjacken","item":"https:\/\/www.modapelle.gr\/de\/produkt-kategorie\/frau\/damen-lederjacken\/"},{"@type":"ListItem","position":5,"name":"Lederjacke Artemis"}]},{"@type":"WebSite","@id":"https:\/\/www.modapelle.gr\/de\/#website","url":"https:\/\/www.modapelle.gr\/de\/","name":"MODAPELLE","description":"Lederbekleidung, Taschen & Accessoires","publisher":{"@id":"https:\/\/www.modapelle.gr\/de\/#organization"},"potentialAction":[{"@type":"SearchAction","target":{"@type":"EntryPoint","urlTemplate":"https:\/\/www.modapelle.gr\/de\/?s={search_term_string}"},"query-input":{"@type":"PropertyValueSpecification","valueRequired":true,"valueName":"search_term_string"}}],"inLanguage":"de"},{"@type":"Organization","@id":"https:\/\/www.modapelle.gr\/de\/#organization","name":"MODAPELLE","url":"https:\/\/www.modapelle.gr\/de\/","logo":{"@type":"ImageObject","inLanguage":"de","@id":"https:\/\/www.modapelle.gr\/de\/#\/schema\/logo\/image\/","url":"https:\/\/www.modapelle.gr\/wp-content\/uploads\/2021\/07\/modapelle-logo.png","contentUrl":"https:\/\/www.modapelle.gr\/wp-content\/uploads\/2021\/07\/modapelle-logo.png","width":388,"height":120,"caption":"MODAPELLE"},"image":{"@id":"https:\/\/www.modapelle.gr\/de\/#\/schema\/logo\/image\/"}}]}},"_links":{"self":[{"href":"https:\/\/www.modapelle.gr\/de\/wp-json\/wp\/v2\/product\/20504","targetHints":{"allow":["GET"]}}],"collection":[{"href":"https:\/\/www.modapelle.gr\/de\/wp-json\/wp\/v2\/product"}],"about":[{"href":"https:\/\/www.modapelle.gr\/de\/wp-json\/wp\/v2\/types\/product"}],"wp:featuredmedia":[{"embeddable":true,"href":"https:\/\/www.modapelle.gr\/de\/wp-json\/wp\/v2\/media\/16279"}],"wp:attachment":[{"href":"https:\/\/www.modapelle.gr\/de\/wp-json\/wp\/v2\/media?parent=20504"}],"wp:term":[{"taxonomy":"product_brand","embeddable":true,"href":"https:\/\/www.modapelle.gr\/de\/wp-json\/wp\/v2\/product_brand?post=20504"},{"taxonomy":"product_cat","embeddable":true,"href":"https:\/\/www.modapelle.gr\/de\/wp-json\/wp\/v2\/product_cat?post=20504"},{"taxonomy":"product_tag","embeddable":true,"href":"https:\/\/www.modapelle.gr\/de\/wp-json\/wp\/v2\/product_tag?post=20504"}],"curies":[{"name":"wp","href":"https:\/\/api.w.org\/{rel}","templated":true}]}}