{"id":20481,"date":"2021-07-21T17:44:30","date_gmt":"2021-07-21T14:44:30","guid":{"rendered":"https:\/\/www.modapelle.gr\/product\/lederjacke-salvatore\/"},"modified":"2023-06-02T13:28:48","modified_gmt":"2023-06-02T10:28:48","slug":"lederjacke-salvatore","status":"publish","type":"product","link":"https:\/\/www.modapelle.gr\/de\/produkt\/lederjacke-salvatore\/","title":{"rendered":"Lederjacke Salvatore"},"content":{"rendered":"<p>Ein hochwertiges Herren-Lederjacke in Beige\/Schwarz aus weichem Nappaleder! Es verf\u00fcgt \u00fcber sieben Au\u00dfentaschen (zwei mit Klappe und drei mit Rei\u00dfverschluss) und zwei Innentaschen, wobei eine mit Rei\u00dfverschluss verschlie\u00dfbar ist!<\/p>\n<p>Die Vorderseite schlie\u00dft an zwei Stellen, wobei der innere Verschluss mit einem abnehmbaren Rei\u00dfverschluss (Stoff) ausgestattet ist, w\u00e4hrend der \u00e4u\u00dfere Verschluss mit Rei\u00dfverschluss und Kn\u00f6pfen versehen ist! Es hat ein hochwertiges Innenfutter f\u00fcr zus\u00e4tzlichen Komfort.<\/p>\n","protected":false},"excerpt":{"rendered":"<p>Ein hochwertiges Herren-Lederjacke aus weichem Nappaleder! Es verf\u00fcgt \u00fcber sieben Au\u00dfentaschen (zwei mit Klappe und drei mit Rei\u00dfverschluss) und zwei Innentaschen, wobei eine mit Rei\u00dfverschluss verschlie\u00dfbar ist! An der Vorderseite hat es einen Doppelverschluss, wobei der innere Verschluss mit einem abnehmbaren Rei\u00dfverschluss (Stoff) versehen ist und der \u00e4u\u00dfere Verschluss mit Rei\u00dfverschluss und Kn\u00f6pfen erfolgt! Es hat ein hochwertiges Innenfutter f\u00fcr zus\u00e4tzlichen Komfort.<\/p>\n","protected":false},"featured_media":14475,"template":"","meta":{"_acf_changed":false},"product_brand":[],"product_cat":[509],"product_tag":[569,565],"class_list":{"0":"post-20481","1":"product","2":"type-product","3":"status-publish","4":"has-post-thumbnail","6":"product_cat-herren-lederjacken","7":"product_tag-herren-lederjacke","8":"product_tag-mann","10":"first","11":"instock","12":"sale","13":"shipping-taxable","14":"purchasable","15":"product-type-variable"},"acf":[],"yoast_head":"<!-- This site is optimized with the Yoast SEO plugin v27.4 - https:\/\/yoast.com\/product\/yoast-seo-wordpress\/ -->\n<title>Lederjacke Salvatore - MODAPELLE<\/title>\n<meta name=\"description\" content=\"Ein hochwertiges Herren-Lederjacke aus weichem Nappaleder! Es verf\u00fcgt \u00fcber sieben Au\u00dfentaschen (zwei mit Klappe und drei mit Rei\u00dfverschluss) und zwei Innentaschen, wobei eine mit Rei\u00dfverschluss verschlie\u00dfbar ist!\" \/>\n<meta name=\"robots\" content=\"index, follow, max-snippet:-1, max-image-preview:large, max-video-preview:-1\" \/>\n<link rel=\"canonical\" href=\"https:\/\/www.modapelle.gr\/de\/produkt\/lederjacke-salvatore\/\" \/>\n<meta property=\"og:locale\" content=\"de_DE\" \/>\n<meta property=\"og:type\" content=\"article\" \/>\n<meta property=\"og:title\" content=\"Lederjacke Salvatore - MODAPELLE\" \/>\n<meta property=\"og:description\" content=\"Ein hochwertiges Herren-Lederjacke aus weichem Nappaleder! Es verf\u00fcgt \u00fcber sieben Au\u00dfentaschen (zwei mit Klappe und drei mit Rei\u00dfverschluss) und zwei Innentaschen, wobei eine mit Rei\u00dfverschluss verschlie\u00dfbar ist!\" \/>\n<meta property=\"og:url\" content=\"https:\/\/www.modapelle.gr\/de\/produkt\/lederjacke-salvatore\/\" \/>\n<meta property=\"og:site_name\" content=\"MODAPELLE\" \/>\n<meta property=\"article:modified_time\" content=\"2023-06-02T10:28:48+00:00\" \/>\n<meta property=\"og:image\" content=\"https:\/\/www.modapelle.gr\/wp-content\/uploads\/2021\/07\/\u03b1\u03bd\u03b4\u03c1\u03b9\u03ba\u03cc-\u03b4\u03b5\u03c1\u03bc\u03ac\u03c4\u03b9\u03bd\u03bf-\u03bc\u03c0\u03bf\u03c5\u03c6\u03ac\u03bd-salvatore-new-6L.jpg\" \/>\n\t<meta property=\"og:image:width\" content=\"1200\" \/>\n\t<meta property=\"og:image:height\" content=\"1200\" \/>\n\t<meta property=\"og:image:type\" content=\"image\/jpeg\" \/>\n<meta name=\"twitter:card\" content=\"summary_large_image\" \/>\n<meta name=\"twitter:label1\" content=\"Gesch\u00e4tzte Lesezeit\" \/>\n\t<meta name=\"twitter:data1\" content=\"1\u00a0Minute\" \/>\n<script type=\"application\/ld+json\" class=\"yoast-schema-graph\">{\"@context\":\"https:\\\/\\\/schema.org\",\"@graph\":[{\"@type\":\"WebPage\",\"@id\":\"https:\\\/\\\/www.modapelle.gr\\\/de\\\/produkt\\\/lederjacke-salvatore\\\/\",\"url\":\"https:\\\/\\\/www.modapelle.gr\\\/de\\\/produkt\\\/lederjacke-salvatore\\\/\",\"name\":\"Lederjacke Salvatore - MODAPELLE\",\"isPartOf\":{\"@id\":\"https:\\\/\\\/www.modapelle.gr\\\/de\\\/#website\"},\"primaryImageOfPage\":{\"@id\":\"https:\\\/\\\/www.modapelle.gr\\\/de\\\/produkt\\\/lederjacke-salvatore\\\/#primaryimage\"},\"image\":{\"@id\":\"https:\\\/\\\/www.modapelle.gr\\\/de\\\/produkt\\\/lederjacke-salvatore\\\/#primaryimage\"},\"thumbnailUrl\":\"https:\\\/\\\/www.modapelle.gr\\\/wp-content\\\/uploads\\\/2021\\\/07\\\/\u03b1\u03bd\u03b4\u03c1\u03b9\u03ba\u03cc-\u03b4\u03b5\u03c1\u03bc\u03ac\u03c4\u03b9\u03bd\u03bf-\u03bc\u03c0\u03bf\u03c5\u03c6\u03ac\u03bd-salvatore-new-6L.jpg\",\"datePublished\":\"2021-07-21T14:44:30+00:00\",\"dateModified\":\"2023-06-02T10:28:48+00:00\",\"description\":\"Ein hochwertiges Herren-Lederjacke aus weichem Nappaleder! Es verf\u00fcgt \u00fcber sieben Au\u00dfentaschen (zwei mit Klappe und drei mit Rei\u00dfverschluss) und zwei Innentaschen, wobei eine mit Rei\u00dfverschluss verschlie\u00dfbar ist!\",\"breadcrumb\":{\"@id\":\"https:\\\/\\\/www.modapelle.gr\\\/de\\\/produkt\\\/lederjacke-salvatore\\\/#breadcrumb\"},\"inLanguage\":\"de\",\"potentialAction\":[{\"@type\":\"ReadAction\",\"target\":[\"https:\\\/\\\/www.modapelle.gr\\\/de\\\/produkt\\\/lederjacke-salvatore\\\/\"]}]},{\"@type\":\"ImageObject\",\"inLanguage\":\"de\",\"@id\":\"https:\\\/\\\/www.modapelle.gr\\\/de\\\/produkt\\\/lederjacke-salvatore\\\/#primaryimage\",\"url\":\"https:\\\/\\\/www.modapelle.gr\\\/wp-content\\\/uploads\\\/2021\\\/07\\\/\u03b1\u03bd\u03b4\u03c1\u03b9\u03ba\u03cc-\u03b4\u03b5\u03c1\u03bc\u03ac\u03c4\u03b9\u03bd\u03bf-\u03bc\u03c0\u03bf\u03c5\u03c6\u03ac\u03bd-salvatore-new-6L.jpg\",\"contentUrl\":\"https:\\\/\\\/www.modapelle.gr\\\/wp-content\\\/uploads\\\/2021\\\/07\\\/\u03b1\u03bd\u03b4\u03c1\u03b9\u03ba\u03cc-\u03b4\u03b5\u03c1\u03bc\u03ac\u03c4\u03b9\u03bd\u03bf-\u03bc\u03c0\u03bf\u03c5\u03c6\u03ac\u03bd-salvatore-new-6L.jpg\",\"width\":1200,\"height\":1200,\"caption\":\"Lederjacke Salvatore\"},{\"@type\":\"BreadcrumbList\",\"@id\":\"https:\\\/\\\/www.modapelle.gr\\\/de\\\/produkt\\\/lederjacke-salvatore\\\/#breadcrumb\",\"itemListElement\":[{\"@type\":\"ListItem\",\"position\":1,\"name\":\"Modapelle\",\"item\":\"https:\\\/\\\/www.modapelle.gr\\\/de\\\/\"},{\"@type\":\"ListItem\",\"position\":2,\"name\":\"Shop\",\"item\":\"https:\\\/\\\/www.modapelle.gr\\\/de\\\/shop\\\/\"},{\"@type\":\"ListItem\",\"position\":3,\"name\":\"Mann\",\"item\":\"https:\\\/\\\/www.modapelle.gr\\\/de\\\/produkt-kategorie\\\/mann\\\/\"},{\"@type\":\"ListItem\",\"position\":4,\"name\":\"Herren Lederjacken\",\"item\":\"https:\\\/\\\/www.modapelle.gr\\\/de\\\/produkt-kategorie\\\/mann\\\/herren-lederjacken\\\/\"},{\"@type\":\"ListItem\",\"position\":5,\"name\":\"Lederjacke Salvatore\"}]},{\"@type\":\"WebSite\",\"@id\":\"https:\\\/\\\/www.modapelle.gr\\\/de\\\/#website\",\"url\":\"https:\\\/\\\/www.modapelle.gr\\\/de\\\/\",\"name\":\"MODAPELLE\",\"description\":\"Lederbekleidung, Taschen & Accessoires\",\"publisher\":{\"@id\":\"https:\\\/\\\/www.modapelle.gr\\\/de\\\/#organization\"},\"potentialAction\":[{\"@type\":\"SearchAction\",\"target\":{\"@type\":\"EntryPoint\",\"urlTemplate\":\"https:\\\/\\\/www.modapelle.gr\\\/de\\\/?s={search_term_string}\"},\"query-input\":{\"@type\":\"PropertyValueSpecification\",\"valueRequired\":true,\"valueName\":\"search_term_string\"}}],\"inLanguage\":\"de\"},{\"@type\":\"Organization\",\"@id\":\"https:\\\/\\\/www.modapelle.gr\\\/de\\\/#organization\",\"name\":\"MODAPELLE\",\"url\":\"https:\\\/\\\/www.modapelle.gr\\\/de\\\/\",\"logo\":{\"@type\":\"ImageObject\",\"inLanguage\":\"de\",\"@id\":\"https:\\\/\\\/www.modapelle.gr\\\/de\\\/#\\\/schema\\\/logo\\\/image\\\/\",\"url\":\"https:\\\/\\\/www.modapelle.gr\\\/wp-content\\\/uploads\\\/2021\\\/07\\\/modapelle-logo.png\",\"contentUrl\":\"https:\\\/\\\/www.modapelle.gr\\\/wp-content\\\/uploads\\\/2021\\\/07\\\/modapelle-logo.png\",\"width\":388,\"height\":120,\"caption\":\"MODAPELLE\"},\"image\":{\"@id\":\"https:\\\/\\\/www.modapelle.gr\\\/de\\\/#\\\/schema\\\/logo\\\/image\\\/\"}}]}<\/script>\n<!-- \/ Yoast SEO plugin. -->","yoast_head_json":{"title":"Lederjacke Salvatore - MODAPELLE","description":"Ein hochwertiges Herren-Lederjacke aus weichem Nappaleder! Es verf\u00fcgt \u00fcber sieben Au\u00dfentaschen (zwei mit Klappe und drei mit Rei\u00dfverschluss) und zwei Innentaschen, wobei eine mit Rei\u00dfverschluss verschlie\u00dfbar ist!","robots":{"index":"index","follow":"follow","max-snippet":"max-snippet:-1","max-image-preview":"max-image-preview:large","max-video-preview":"max-video-preview:-1"},"canonical":"https:\/\/www.modapelle.gr\/de\/produkt\/lederjacke-salvatore\/","og_locale":"de_DE","og_type":"article","og_title":"Lederjacke Salvatore - MODAPELLE","og_description":"Ein hochwertiges Herren-Lederjacke aus weichem Nappaleder! Es verf\u00fcgt \u00fcber sieben Au\u00dfentaschen (zwei mit Klappe und drei mit Rei\u00dfverschluss) und zwei Innentaschen, wobei eine mit Rei\u00dfverschluss verschlie\u00dfbar ist!","og_url":"https:\/\/www.modapelle.gr\/de\/produkt\/lederjacke-salvatore\/","og_site_name":"MODAPELLE","article_modified_time":"2023-06-02T10:28:48+00:00","og_image":[{"width":1200,"height":1200,"url":"https:\/\/www.modapelle.gr\/wp-content\/uploads\/2021\/07\/\u03b1\u03bd\u03b4\u03c1\u03b9\u03ba\u03cc-\u03b4\u03b5\u03c1\u03bc\u03ac\u03c4\u03b9\u03bd\u03bf-\u03bc\u03c0\u03bf\u03c5\u03c6\u03ac\u03bd-salvatore-new-6L.jpg","type":"image\/jpeg"}],"twitter_card":"summary_large_image","twitter_misc":{"Gesch\u00e4tzte Lesezeit":"1\u00a0Minute"},"schema":{"@context":"https:\/\/schema.org","@graph":[{"@type":"WebPage","@id":"https:\/\/www.modapelle.gr\/de\/produkt\/lederjacke-salvatore\/","url":"https:\/\/www.modapelle.gr\/de\/produkt\/lederjacke-salvatore\/","name":"Lederjacke Salvatore - MODAPELLE","isPartOf":{"@id":"https:\/\/www.modapelle.gr\/de\/#website"},"primaryImageOfPage":{"@id":"https:\/\/www.modapelle.gr\/de\/produkt\/lederjacke-salvatore\/#primaryimage"},"image":{"@id":"https:\/\/www.modapelle.gr\/de\/produkt\/lederjacke-salvatore\/#primaryimage"},"thumbnailUrl":"https:\/\/www.modapelle.gr\/wp-content\/uploads\/2021\/07\/\u03b1\u03bd\u03b4\u03c1\u03b9\u03ba\u03cc-\u03b4\u03b5\u03c1\u03bc\u03ac\u03c4\u03b9\u03bd\u03bf-\u03bc\u03c0\u03bf\u03c5\u03c6\u03ac\u03bd-salvatore-new-6L.jpg","datePublished":"2021-07-21T14:44:30+00:00","dateModified":"2023-06-02T10:28:48+00:00","description":"Ein hochwertiges Herren-Lederjacke aus weichem Nappaleder! Es verf\u00fcgt \u00fcber sieben Au\u00dfentaschen (zwei mit Klappe und drei mit Rei\u00dfverschluss) und zwei Innentaschen, wobei eine mit Rei\u00dfverschluss verschlie\u00dfbar ist!","breadcrumb":{"@id":"https:\/\/www.modapelle.gr\/de\/produkt\/lederjacke-salvatore\/#breadcrumb"},"inLanguage":"de","potentialAction":[{"@type":"ReadAction","target":["https:\/\/www.modapelle.gr\/de\/produkt\/lederjacke-salvatore\/"]}]},{"@type":"ImageObject","inLanguage":"de","@id":"https:\/\/www.modapelle.gr\/de\/produkt\/lederjacke-salvatore\/#primaryimage","url":"https:\/\/www.modapelle.gr\/wp-content\/uploads\/2021\/07\/\u03b1\u03bd\u03b4\u03c1\u03b9\u03ba\u03cc-\u03b4\u03b5\u03c1\u03bc\u03ac\u03c4\u03b9\u03bd\u03bf-\u03bc\u03c0\u03bf\u03c5\u03c6\u03ac\u03bd-salvatore-new-6L.jpg","contentUrl":"https:\/\/www.modapelle.gr\/wp-content\/uploads\/2021\/07\/\u03b1\u03bd\u03b4\u03c1\u03b9\u03ba\u03cc-\u03b4\u03b5\u03c1\u03bc\u03ac\u03c4\u03b9\u03bd\u03bf-\u03bc\u03c0\u03bf\u03c5\u03c6\u03ac\u03bd-salvatore-new-6L.jpg","width":1200,"height":1200,"caption":"Lederjacke Salvatore"},{"@type":"BreadcrumbList","@id":"https:\/\/www.modapelle.gr\/de\/produkt\/lederjacke-salvatore\/#breadcrumb","itemListElement":[{"@type":"ListItem","position":1,"name":"Modapelle","item":"https:\/\/www.modapelle.gr\/de\/"},{"@type":"ListItem","position":2,"name":"Shop","item":"https:\/\/www.modapelle.gr\/de\/shop\/"},{"@type":"ListItem","position":3,"name":"Mann","item":"https:\/\/www.modapelle.gr\/de\/produkt-kategorie\/mann\/"},{"@type":"ListItem","position":4,"name":"Herren Lederjacken","item":"https:\/\/www.modapelle.gr\/de\/produkt-kategorie\/mann\/herren-lederjacken\/"},{"@type":"ListItem","position":5,"name":"Lederjacke Salvatore"}]},{"@type":"WebSite","@id":"https:\/\/www.modapelle.gr\/de\/#website","url":"https:\/\/www.modapelle.gr\/de\/","name":"MODAPELLE","description":"Lederbekleidung, Taschen & Accessoires","publisher":{"@id":"https:\/\/www.modapelle.gr\/de\/#organization"},"potentialAction":[{"@type":"SearchAction","target":{"@type":"EntryPoint","urlTemplate":"https:\/\/www.modapelle.gr\/de\/?s={search_term_string}"},"query-input":{"@type":"PropertyValueSpecification","valueRequired":true,"valueName":"search_term_string"}}],"inLanguage":"de"},{"@type":"Organization","@id":"https:\/\/www.modapelle.gr\/de\/#organization","name":"MODAPELLE","url":"https:\/\/www.modapelle.gr\/de\/","logo":{"@type":"ImageObject","inLanguage":"de","@id":"https:\/\/www.modapelle.gr\/de\/#\/schema\/logo\/image\/","url":"https:\/\/www.modapelle.gr\/wp-content\/uploads\/2021\/07\/modapelle-logo.png","contentUrl":"https:\/\/www.modapelle.gr\/wp-content\/uploads\/2021\/07\/modapelle-logo.png","width":388,"height":120,"caption":"MODAPELLE"},"image":{"@id":"https:\/\/www.modapelle.gr\/de\/#\/schema\/logo\/image\/"}}]}},"_links":{"self":[{"href":"https:\/\/www.modapelle.gr\/de\/wp-json\/wp\/v2\/product\/20481","targetHints":{"allow":["GET"]}}],"collection":[{"href":"https:\/\/www.modapelle.gr\/de\/wp-json\/wp\/v2\/product"}],"about":[{"href":"https:\/\/www.modapelle.gr\/de\/wp-json\/wp\/v2\/types\/product"}],"wp:featuredmedia":[{"embeddable":true,"href":"https:\/\/www.modapelle.gr\/de\/wp-json\/wp\/v2\/media\/14475"}],"wp:attachment":[{"href":"https:\/\/www.modapelle.gr\/de\/wp-json\/wp\/v2\/media?parent=20481"}],"wp:term":[{"taxonomy":"product_brand","embeddable":true,"href":"https:\/\/www.modapelle.gr\/de\/wp-json\/wp\/v2\/product_brand?post=20481"},{"taxonomy":"product_cat","embeddable":true,"href":"https:\/\/www.modapelle.gr\/de\/wp-json\/wp\/v2\/product_cat?post=20481"},{"taxonomy":"product_tag","embeddable":true,"href":"https:\/\/www.modapelle.gr\/de\/wp-json\/wp\/v2\/product_tag?post=20481"}],"curies":[{"name":"wp","href":"https:\/\/api.w.org\/{rel}","templated":true}]}}