{"id":20454,"date":"2021-07-21T20:11:28","date_gmt":"2021-07-21T17:11:28","guid":{"rendered":"https:\/\/www.modapelle.gr\/product\/lederjacke-antique-schwarz\/"},"modified":"2023-06-02T13:14:39","modified_gmt":"2023-06-02T10:14:39","slug":"lederjacke-antique-schwarz","status":"publish","type":"product","link":"https:\/\/www.modapelle.gr\/de\/produkt\/lederjacke-antique-schwarz\/","title":{"rendered":"Lederjacke Antique Schwarz"},"content":{"rendered":"<h2>Herren Lederjacke<\/h2>\n<ul>\n<li>Herren Lederjacke aus 100% weichem Nappaleder.<\/li>\n<li>Zwei Innentaschen, eine davon mit Rei\u00dfverschluss.<\/li>\n<li>Vier Au\u00dfentaschen mit Rei\u00dfverschluss.<\/li>\n<li>Druckkn\u00f6pfe am Manschettenende f\u00fcr eine bessere Passform.<\/li>\n<li>Der Kragen wird mit zwei Druckkn\u00f6pfen gesichert.<\/li>\n<li>Neutrale Futterfarbe.<\/li>\n<\/ul>\n","protected":false},"excerpt":{"rendered":"<h3><strong>Lederjacke &#8211; Biker-Stil<\/strong><\/h3>\n<p>Herren Lederjacke aus hochwertigem Nappaleder in Schwarz &#8211; weich in der Textur &#8211; im Biker-Stil &#8211; und mit sehr guter Passform! Mit vier Au\u00dfentaschen f\u00fcr mehr Praktikabilit\u00e4t, wird mit einem YKK-Rei\u00dfverschluss geschlossen. Die Manschetten k\u00f6nnen ebenfalls gekn\u00f6pft werden und die Taille kann angepasst werden, um eine ma\u00dfgeschneiderte Passform zu bieten.<\/p>\n","protected":false},"featured_media":10882,"template":"","meta":{"_acf_changed":false},"product_brand":[],"product_cat":[509],"product_tag":[569,565],"class_list":{"0":"post-20454","1":"product","2":"type-product","3":"status-publish","4":"has-post-thumbnail","6":"product_cat-herren-lederjacken","7":"product_tag-herren-lederjacke","8":"product_tag-mann","10":"first","11":"outofstock","12":"shipping-taxable","13":"product-type-variable"},"acf":[],"yoast_head":"<!-- This site is optimized with the Yoast SEO plugin v27.4 - https:\/\/yoast.com\/product\/yoast-seo-wordpress\/ -->\n<title>Lederjacke Antique Schwarz - MODAPELLE<\/title>\n<meta name=\"description\" content=\"Herren Lederjacke aus hochwertigem Nappaleder in Schwarz - weich in der Textur - im Biker-Stil - und mit sehr guter Passform!\" \/>\n<meta name=\"robots\" content=\"index, follow, max-snippet:-1, max-image-preview:large, max-video-preview:-1\" \/>\n<link rel=\"canonical\" href=\"https:\/\/www.modapelle.gr\/de\/produkt\/lederjacke-antique-schwarz\/\" \/>\n<meta property=\"og:locale\" content=\"de_DE\" \/>\n<meta property=\"og:type\" content=\"article\" \/>\n<meta property=\"og:title\" content=\"Lederjacke Antique Schwarz - MODAPELLE\" \/>\n<meta property=\"og:description\" content=\"Herren Lederjacke aus hochwertigem Nappaleder in Schwarz - weich in der Textur - im Biker-Stil - und mit sehr guter Passform!\" \/>\n<meta property=\"og:url\" content=\"https:\/\/www.modapelle.gr\/de\/produkt\/lederjacke-antique-schwarz\/\" \/>\n<meta property=\"og:site_name\" content=\"MODAPELLE\" \/>\n<meta property=\"article:modified_time\" content=\"2023-06-02T10:14:39+00:00\" \/>\n<meta property=\"og:image\" content=\"https:\/\/www.modapelle.gr\/wp-content\/uploads\/2021\/07\/antique-black-03.jpg\" \/>\n\t<meta property=\"og:image:width\" content=\"800\" \/>\n\t<meta property=\"og:image:height\" content=\"800\" \/>\n\t<meta property=\"og:image:type\" content=\"image\/jpeg\" \/>\n<meta name=\"twitter:card\" content=\"summary_large_image\" \/>\n<meta name=\"twitter:label1\" content=\"Gesch\u00e4tzte Lesezeit\" \/>\n\t<meta name=\"twitter:data1\" content=\"1\u00a0Minute\" \/>\n<script type=\"application\/ld+json\" class=\"yoast-schema-graph\">{\"@context\":\"https:\\\/\\\/schema.org\",\"@graph\":[{\"@type\":\"WebPage\",\"@id\":\"https:\\\/\\\/www.modapelle.gr\\\/de\\\/produkt\\\/lederjacke-antique-schwarz\\\/\",\"url\":\"https:\\\/\\\/www.modapelle.gr\\\/de\\\/produkt\\\/lederjacke-antique-schwarz\\\/\",\"name\":\"Lederjacke Antique Schwarz - MODAPELLE\",\"isPartOf\":{\"@id\":\"https:\\\/\\\/www.modapelle.gr\\\/de\\\/#website\"},\"primaryImageOfPage\":{\"@id\":\"https:\\\/\\\/www.modapelle.gr\\\/de\\\/produkt\\\/lederjacke-antique-schwarz\\\/#primaryimage\"},\"image\":{\"@id\":\"https:\\\/\\\/www.modapelle.gr\\\/de\\\/produkt\\\/lederjacke-antique-schwarz\\\/#primaryimage\"},\"thumbnailUrl\":\"https:\\\/\\\/www.modapelle.gr\\\/wp-content\\\/uploads\\\/2021\\\/07\\\/antique-black-03.jpg\",\"datePublished\":\"2021-07-21T17:11:28+00:00\",\"dateModified\":\"2023-06-02T10:14:39+00:00\",\"description\":\"Herren Lederjacke aus hochwertigem Nappaleder in Schwarz - weich in der Textur - im Biker-Stil - und mit sehr guter Passform!\",\"breadcrumb\":{\"@id\":\"https:\\\/\\\/www.modapelle.gr\\\/de\\\/produkt\\\/lederjacke-antique-schwarz\\\/#breadcrumb\"},\"inLanguage\":\"de\",\"potentialAction\":[{\"@type\":\"ReadAction\",\"target\":[\"https:\\\/\\\/www.modapelle.gr\\\/de\\\/produkt\\\/lederjacke-antique-schwarz\\\/\"]}]},{\"@type\":\"ImageObject\",\"inLanguage\":\"de\",\"@id\":\"https:\\\/\\\/www.modapelle.gr\\\/de\\\/produkt\\\/lederjacke-antique-schwarz\\\/#primaryimage\",\"url\":\"https:\\\/\\\/www.modapelle.gr\\\/wp-content\\\/uploads\\\/2021\\\/07\\\/antique-black-03.jpg\",\"contentUrl\":\"https:\\\/\\\/www.modapelle.gr\\\/wp-content\\\/uploads\\\/2021\\\/07\\\/antique-black-03.jpg\",\"width\":800,\"height\":800,\"caption\":\"Lederjacke Antique Schwarz\"},{\"@type\":\"BreadcrumbList\",\"@id\":\"https:\\\/\\\/www.modapelle.gr\\\/de\\\/produkt\\\/lederjacke-antique-schwarz\\\/#breadcrumb\",\"itemListElement\":[{\"@type\":\"ListItem\",\"position\":1,\"name\":\"Modapelle\",\"item\":\"https:\\\/\\\/www.modapelle.gr\\\/de\\\/\"},{\"@type\":\"ListItem\",\"position\":2,\"name\":\"Shop\",\"item\":\"https:\\\/\\\/www.modapelle.gr\\\/de\\\/shop\\\/\"},{\"@type\":\"ListItem\",\"position\":3,\"name\":\"Mann\",\"item\":\"https:\\\/\\\/www.modapelle.gr\\\/de\\\/produkt-kategorie\\\/mann\\\/\"},{\"@type\":\"ListItem\",\"position\":4,\"name\":\"Herren Lederjacken\",\"item\":\"https:\\\/\\\/www.modapelle.gr\\\/de\\\/produkt-kategorie\\\/mann\\\/herren-lederjacken\\\/\"},{\"@type\":\"ListItem\",\"position\":5,\"name\":\"Lederjacke Antique Schwarz\"}]},{\"@type\":\"WebSite\",\"@id\":\"https:\\\/\\\/www.modapelle.gr\\\/de\\\/#website\",\"url\":\"https:\\\/\\\/www.modapelle.gr\\\/de\\\/\",\"name\":\"MODAPELLE\",\"description\":\"Lederbekleidung, Taschen & Accessoires\",\"publisher\":{\"@id\":\"https:\\\/\\\/www.modapelle.gr\\\/de\\\/#organization\"},\"potentialAction\":[{\"@type\":\"SearchAction\",\"target\":{\"@type\":\"EntryPoint\",\"urlTemplate\":\"https:\\\/\\\/www.modapelle.gr\\\/de\\\/?s={search_term_string}\"},\"query-input\":{\"@type\":\"PropertyValueSpecification\",\"valueRequired\":true,\"valueName\":\"search_term_string\"}}],\"inLanguage\":\"de\"},{\"@type\":\"Organization\",\"@id\":\"https:\\\/\\\/www.modapelle.gr\\\/de\\\/#organization\",\"name\":\"MODAPELLE\",\"url\":\"https:\\\/\\\/www.modapelle.gr\\\/de\\\/\",\"logo\":{\"@type\":\"ImageObject\",\"inLanguage\":\"de\",\"@id\":\"https:\\\/\\\/www.modapelle.gr\\\/de\\\/#\\\/schema\\\/logo\\\/image\\\/\",\"url\":\"https:\\\/\\\/www.modapelle.gr\\\/wp-content\\\/uploads\\\/2021\\\/07\\\/modapelle-logo.png\",\"contentUrl\":\"https:\\\/\\\/www.modapelle.gr\\\/wp-content\\\/uploads\\\/2021\\\/07\\\/modapelle-logo.png\",\"width\":388,\"height\":120,\"caption\":\"MODAPELLE\"},\"image\":{\"@id\":\"https:\\\/\\\/www.modapelle.gr\\\/de\\\/#\\\/schema\\\/logo\\\/image\\\/\"}}]}<\/script>\n<!-- \/ Yoast SEO plugin. -->","yoast_head_json":{"title":"Lederjacke Antique Schwarz - MODAPELLE","description":"Herren Lederjacke aus hochwertigem Nappaleder in Schwarz - weich in der Textur - im Biker-Stil - und mit sehr guter Passform!","robots":{"index":"index","follow":"follow","max-snippet":"max-snippet:-1","max-image-preview":"max-image-preview:large","max-video-preview":"max-video-preview:-1"},"canonical":"https:\/\/www.modapelle.gr\/de\/produkt\/lederjacke-antique-schwarz\/","og_locale":"de_DE","og_type":"article","og_title":"Lederjacke Antique Schwarz - MODAPELLE","og_description":"Herren Lederjacke aus hochwertigem Nappaleder in Schwarz - weich in der Textur - im Biker-Stil - und mit sehr guter Passform!","og_url":"https:\/\/www.modapelle.gr\/de\/produkt\/lederjacke-antique-schwarz\/","og_site_name":"MODAPELLE","article_modified_time":"2023-06-02T10:14:39+00:00","og_image":[{"width":800,"height":800,"url":"https:\/\/www.modapelle.gr\/wp-content\/uploads\/2021\/07\/antique-black-03.jpg","type":"image\/jpeg"}],"twitter_card":"summary_large_image","twitter_misc":{"Gesch\u00e4tzte Lesezeit":"1\u00a0Minute"},"schema":{"@context":"https:\/\/schema.org","@graph":[{"@type":"WebPage","@id":"https:\/\/www.modapelle.gr\/de\/produkt\/lederjacke-antique-schwarz\/","url":"https:\/\/www.modapelle.gr\/de\/produkt\/lederjacke-antique-schwarz\/","name":"Lederjacke Antique Schwarz - MODAPELLE","isPartOf":{"@id":"https:\/\/www.modapelle.gr\/de\/#website"},"primaryImageOfPage":{"@id":"https:\/\/www.modapelle.gr\/de\/produkt\/lederjacke-antique-schwarz\/#primaryimage"},"image":{"@id":"https:\/\/www.modapelle.gr\/de\/produkt\/lederjacke-antique-schwarz\/#primaryimage"},"thumbnailUrl":"https:\/\/www.modapelle.gr\/wp-content\/uploads\/2021\/07\/antique-black-03.jpg","datePublished":"2021-07-21T17:11:28+00:00","dateModified":"2023-06-02T10:14:39+00:00","description":"Herren Lederjacke aus hochwertigem Nappaleder in Schwarz - weich in der Textur - im Biker-Stil - und mit sehr guter Passform!","breadcrumb":{"@id":"https:\/\/www.modapelle.gr\/de\/produkt\/lederjacke-antique-schwarz\/#breadcrumb"},"inLanguage":"de","potentialAction":[{"@type":"ReadAction","target":["https:\/\/www.modapelle.gr\/de\/produkt\/lederjacke-antique-schwarz\/"]}]},{"@type":"ImageObject","inLanguage":"de","@id":"https:\/\/www.modapelle.gr\/de\/produkt\/lederjacke-antique-schwarz\/#primaryimage","url":"https:\/\/www.modapelle.gr\/wp-content\/uploads\/2021\/07\/antique-black-03.jpg","contentUrl":"https:\/\/www.modapelle.gr\/wp-content\/uploads\/2021\/07\/antique-black-03.jpg","width":800,"height":800,"caption":"Lederjacke Antique Schwarz"},{"@type":"BreadcrumbList","@id":"https:\/\/www.modapelle.gr\/de\/produkt\/lederjacke-antique-schwarz\/#breadcrumb","itemListElement":[{"@type":"ListItem","position":1,"name":"Modapelle","item":"https:\/\/www.modapelle.gr\/de\/"},{"@type":"ListItem","position":2,"name":"Shop","item":"https:\/\/www.modapelle.gr\/de\/shop\/"},{"@type":"ListItem","position":3,"name":"Mann","item":"https:\/\/www.modapelle.gr\/de\/produkt-kategorie\/mann\/"},{"@type":"ListItem","position":4,"name":"Herren Lederjacken","item":"https:\/\/www.modapelle.gr\/de\/produkt-kategorie\/mann\/herren-lederjacken\/"},{"@type":"ListItem","position":5,"name":"Lederjacke Antique Schwarz"}]},{"@type":"WebSite","@id":"https:\/\/www.modapelle.gr\/de\/#website","url":"https:\/\/www.modapelle.gr\/de\/","name":"MODAPELLE","description":"Lederbekleidung, Taschen & Accessoires","publisher":{"@id":"https:\/\/www.modapelle.gr\/de\/#organization"},"potentialAction":[{"@type":"SearchAction","target":{"@type":"EntryPoint","urlTemplate":"https:\/\/www.modapelle.gr\/de\/?s={search_term_string}"},"query-input":{"@type":"PropertyValueSpecification","valueRequired":true,"valueName":"search_term_string"}}],"inLanguage":"de"},{"@type":"Organization","@id":"https:\/\/www.modapelle.gr\/de\/#organization","name":"MODAPELLE","url":"https:\/\/www.modapelle.gr\/de\/","logo":{"@type":"ImageObject","inLanguage":"de","@id":"https:\/\/www.modapelle.gr\/de\/#\/schema\/logo\/image\/","url":"https:\/\/www.modapelle.gr\/wp-content\/uploads\/2021\/07\/modapelle-logo.png","contentUrl":"https:\/\/www.modapelle.gr\/wp-content\/uploads\/2021\/07\/modapelle-logo.png","width":388,"height":120,"caption":"MODAPELLE"},"image":{"@id":"https:\/\/www.modapelle.gr\/de\/#\/schema\/logo\/image\/"}}]}},"_links":{"self":[{"href":"https:\/\/www.modapelle.gr\/de\/wp-json\/wp\/v2\/product\/20454","targetHints":{"allow":["GET"]}}],"collection":[{"href":"https:\/\/www.modapelle.gr\/de\/wp-json\/wp\/v2\/product"}],"about":[{"href":"https:\/\/www.modapelle.gr\/de\/wp-json\/wp\/v2\/types\/product"}],"wp:featuredmedia":[{"embeddable":true,"href":"https:\/\/www.modapelle.gr\/de\/wp-json\/wp\/v2\/media\/10882"}],"wp:attachment":[{"href":"https:\/\/www.modapelle.gr\/de\/wp-json\/wp\/v2\/media?parent=20454"}],"wp:term":[{"taxonomy":"product_brand","embeddable":true,"href":"https:\/\/www.modapelle.gr\/de\/wp-json\/wp\/v2\/product_brand?post=20454"},{"taxonomy":"product_cat","embeddable":true,"href":"https:\/\/www.modapelle.gr\/de\/wp-json\/wp\/v2\/product_cat?post=20454"},{"taxonomy":"product_tag","embeddable":true,"href":"https:\/\/www.modapelle.gr\/de\/wp-json\/wp\/v2\/product_tag?post=20454"}],"curies":[{"name":"wp","href":"https:\/\/api.w.org\/{rel}","templated":true}]}}