{"id":20303,"date":"2021-12-12T11:42:31","date_gmt":"2021-12-12T09:42:31","guid":{"rendered":"https:\/\/www.modapelle.gr\/product\/lederjacke-race-braun\/"},"modified":"2023-06-02T13:25:34","modified_gmt":"2023-06-02T10:25:34","slug":"lederjacke-race-braun","status":"publish","type":"product","link":"https:\/\/www.modapelle.gr\/de\/produkt\/lederjacke-race-braun\/","title":{"rendered":"Lederjacke Race Braun"},"content":{"rendered":"<h2>Herren Lederjacke<\/h2>\n<ul>\n<li>Herren Lederjacke aus 100% weichem Nappaleder.<\/li>\n<li>Zwei Innentaschen.<\/li>\n<li>Zwei Au\u00dfentaschen (mit Rei\u00dfverschluss).<\/li>\n<li>Rei\u00dfverschluss am \u00c4rmelende f\u00fcr eine bessere Passform.<\/li>\n<li>Kragen mit Druckknopfverschluss.<\/li>\n<li>Stofffutter (in brauner Farbe)<\/li>\n<\/ul>\n","protected":false},"excerpt":{"rendered":"<h3>Lederjacke &#8211; Biker-Stil<\/h3>\n<p>Herren Lederjacke aus hochwertigem Nappaleder in brauner Farbe &#8211; weich im Griff &#8211; im Biker-Stil und mit einer ausgezeichneten Passform! Sie verf\u00fcgt \u00fcber zwei Au\u00dfentaschen mit Rei\u00dfverschluss. Am unteren \u00c4rmelende befindet sich ein Rei\u00dfverschluss f\u00fcr mehr Komfort, und die Taille kann angepasst werden, um eine ma\u00dfgeschneiderte Passform zu bieten. Im Inneren befinden sich zwei Taschen und ein gestepptes Futter in brauner Farbe. Schlie\u00dflich befindet sich der Hauptrei\u00dfverschluss einige Zentimeter neben der Mitte, da er auf der Innenseite mit Leder versehen ist, um zus\u00e4tzlichen Schutz vor kalter Luft zu bieten (siehe entsprechendes Foto)<\/p>\n","protected":false},"featured_media":13093,"template":"","meta":{"_acf_changed":false},"product_brand":[],"product_cat":[509],"product_tag":[617,569,565,587],"class_list":{"0":"post-20303","1":"product","2":"type-product","3":"status-publish","4":"has-post-thumbnail","6":"product_cat-herren-lederjacken","7":"product_tag-braune-farbe","8":"product_tag-herren-lederjacke","9":"product_tag-mann","10":"product_tag-nappa-leder","12":"first","13":"instock","14":"sale","15":"shipping-taxable","16":"purchasable","17":"product-type-variable"},"acf":[],"yoast_head":"<!-- This site is optimized with the Yoast SEO plugin v27.4 - https:\/\/yoast.com\/product\/yoast-seo-wordpress\/ -->\n<title>Lederjacke Race Braun - MODAPELLE<\/title>\n<meta name=\"description\" content=\"Herren Lederjacke aus hochwertigem Nappaleder in brauner Farbe - weich im Griff - im Biker-Stil und mit einer ausgezeichneten Passform!\" \/>\n<meta name=\"robots\" content=\"index, follow, max-snippet:-1, max-image-preview:large, max-video-preview:-1\" \/>\n<link rel=\"canonical\" href=\"https:\/\/www.modapelle.gr\/de\/produkt\/lederjacke-race-braun\/\" \/>\n<meta property=\"og:locale\" content=\"de_DE\" \/>\n<meta property=\"og:type\" content=\"article\" \/>\n<meta property=\"og:title\" content=\"Lederjacke Race Braun - MODAPELLE\" \/>\n<meta property=\"og:description\" content=\"Herren Lederjacke aus hochwertigem Nappaleder in brauner Farbe - weich im Griff - im Biker-Stil und mit einer ausgezeichneten Passform!\" \/>\n<meta property=\"og:url\" content=\"https:\/\/www.modapelle.gr\/de\/produkt\/lederjacke-race-braun\/\" \/>\n<meta property=\"og:site_name\" content=\"MODAPELLE\" \/>\n<meta property=\"article:modified_time\" content=\"2023-06-02T10:25:34+00:00\" \/>\n<meta property=\"og:image\" content=\"https:\/\/www.modapelle.gr\/wp-content\/uploads\/2021\/12\/\u03b4\u03b5\u03c1\u03bc\u03ac\u03c4\u03b9\u03bd\u03bf-\u03b1\u03bd\u03b4\u03c1\u03b9\u03ba\u03cc-\u03bc\u03c0\u03bf\u03c5\u03c6\u03ac\u03bd-Race-brown-02-L.jpg\" \/>\n\t<meta property=\"og:image:width\" content=\"1080\" \/>\n\t<meta property=\"og:image:height\" content=\"1080\" \/>\n\t<meta property=\"og:image:type\" content=\"image\/jpeg\" \/>\n<meta name=\"twitter:card\" content=\"summary_large_image\" \/>\n<meta name=\"twitter:label1\" content=\"Gesch\u00e4tzte Lesezeit\" \/>\n\t<meta name=\"twitter:data1\" content=\"1\u00a0Minute\" \/>\n<script type=\"application\/ld+json\" class=\"yoast-schema-graph\">{\"@context\":\"https:\\\/\\\/schema.org\",\"@graph\":[{\"@type\":\"WebPage\",\"@id\":\"https:\\\/\\\/www.modapelle.gr\\\/de\\\/produkt\\\/lederjacke-race-braun\\\/\",\"url\":\"https:\\\/\\\/www.modapelle.gr\\\/de\\\/produkt\\\/lederjacke-race-braun\\\/\",\"name\":\"Lederjacke Race Braun - MODAPELLE\",\"isPartOf\":{\"@id\":\"https:\\\/\\\/www.modapelle.gr\\\/de\\\/#website\"},\"primaryImageOfPage\":{\"@id\":\"https:\\\/\\\/www.modapelle.gr\\\/de\\\/produkt\\\/lederjacke-race-braun\\\/#primaryimage\"},\"image\":{\"@id\":\"https:\\\/\\\/www.modapelle.gr\\\/de\\\/produkt\\\/lederjacke-race-braun\\\/#primaryimage\"},\"thumbnailUrl\":\"https:\\\/\\\/www.modapelle.gr\\\/wp-content\\\/uploads\\\/2021\\\/12\\\/\u03b4\u03b5\u03c1\u03bc\u03ac\u03c4\u03b9\u03bd\u03bf-\u03b1\u03bd\u03b4\u03c1\u03b9\u03ba\u03cc-\u03bc\u03c0\u03bf\u03c5\u03c6\u03ac\u03bd-Race-brown-02-L.jpg\",\"datePublished\":\"2021-12-12T09:42:31+00:00\",\"dateModified\":\"2023-06-02T10:25:34+00:00\",\"description\":\"Herren Lederjacke aus hochwertigem Nappaleder in brauner Farbe - weich im Griff - im Biker-Stil und mit einer ausgezeichneten Passform!\",\"breadcrumb\":{\"@id\":\"https:\\\/\\\/www.modapelle.gr\\\/de\\\/produkt\\\/lederjacke-race-braun\\\/#breadcrumb\"},\"inLanguage\":\"de\",\"potentialAction\":[{\"@type\":\"ReadAction\",\"target\":[\"https:\\\/\\\/www.modapelle.gr\\\/de\\\/produkt\\\/lederjacke-race-braun\\\/\"]}]},{\"@type\":\"ImageObject\",\"inLanguage\":\"de\",\"@id\":\"https:\\\/\\\/www.modapelle.gr\\\/de\\\/produkt\\\/lederjacke-race-braun\\\/#primaryimage\",\"url\":\"https:\\\/\\\/www.modapelle.gr\\\/wp-content\\\/uploads\\\/2021\\\/12\\\/\u03b4\u03b5\u03c1\u03bc\u03ac\u03c4\u03b9\u03bd\u03bf-\u03b1\u03bd\u03b4\u03c1\u03b9\u03ba\u03cc-\u03bc\u03c0\u03bf\u03c5\u03c6\u03ac\u03bd-Race-brown-02-L.jpg\",\"contentUrl\":\"https:\\\/\\\/www.modapelle.gr\\\/wp-content\\\/uploads\\\/2021\\\/12\\\/\u03b4\u03b5\u03c1\u03bc\u03ac\u03c4\u03b9\u03bd\u03bf-\u03b1\u03bd\u03b4\u03c1\u03b9\u03ba\u03cc-\u03bc\u03c0\u03bf\u03c5\u03c6\u03ac\u03bd-Race-brown-02-L.jpg\",\"width\":1080,\"height\":1080,\"caption\":\"Lederjacke Race Braun\"},{\"@type\":\"BreadcrumbList\",\"@id\":\"https:\\\/\\\/www.modapelle.gr\\\/de\\\/produkt\\\/lederjacke-race-braun\\\/#breadcrumb\",\"itemListElement\":[{\"@type\":\"ListItem\",\"position\":1,\"name\":\"Modapelle\",\"item\":\"https:\\\/\\\/www.modapelle.gr\\\/de\\\/\"},{\"@type\":\"ListItem\",\"position\":2,\"name\":\"Shop\",\"item\":\"https:\\\/\\\/www.modapelle.gr\\\/de\\\/shop\\\/\"},{\"@type\":\"ListItem\",\"position\":3,\"name\":\"Mann\",\"item\":\"https:\\\/\\\/www.modapelle.gr\\\/de\\\/produkt-kategorie\\\/mann\\\/\"},{\"@type\":\"ListItem\",\"position\":4,\"name\":\"Herren Lederjacken\",\"item\":\"https:\\\/\\\/www.modapelle.gr\\\/de\\\/produkt-kategorie\\\/mann\\\/herren-lederjacken\\\/\"},{\"@type\":\"ListItem\",\"position\":5,\"name\":\"Lederjacke Race Braun\"}]},{\"@type\":\"WebSite\",\"@id\":\"https:\\\/\\\/www.modapelle.gr\\\/de\\\/#website\",\"url\":\"https:\\\/\\\/www.modapelle.gr\\\/de\\\/\",\"name\":\"MODAPELLE\",\"description\":\"Lederbekleidung, Taschen & Accessoires\",\"publisher\":{\"@id\":\"https:\\\/\\\/www.modapelle.gr\\\/de\\\/#organization\"},\"potentialAction\":[{\"@type\":\"SearchAction\",\"target\":{\"@type\":\"EntryPoint\",\"urlTemplate\":\"https:\\\/\\\/www.modapelle.gr\\\/de\\\/?s={search_term_string}\"},\"query-input\":{\"@type\":\"PropertyValueSpecification\",\"valueRequired\":true,\"valueName\":\"search_term_string\"}}],\"inLanguage\":\"de\"},{\"@type\":\"Organization\",\"@id\":\"https:\\\/\\\/www.modapelle.gr\\\/de\\\/#organization\",\"name\":\"MODAPELLE\",\"url\":\"https:\\\/\\\/www.modapelle.gr\\\/de\\\/\",\"logo\":{\"@type\":\"ImageObject\",\"inLanguage\":\"de\",\"@id\":\"https:\\\/\\\/www.modapelle.gr\\\/de\\\/#\\\/schema\\\/logo\\\/image\\\/\",\"url\":\"https:\\\/\\\/www.modapelle.gr\\\/wp-content\\\/uploads\\\/2021\\\/07\\\/modapelle-logo.png\",\"contentUrl\":\"https:\\\/\\\/www.modapelle.gr\\\/wp-content\\\/uploads\\\/2021\\\/07\\\/modapelle-logo.png\",\"width\":388,\"height\":120,\"caption\":\"MODAPELLE\"},\"image\":{\"@id\":\"https:\\\/\\\/www.modapelle.gr\\\/de\\\/#\\\/schema\\\/logo\\\/image\\\/\"}}]}<\/script>\n<!-- \/ Yoast SEO plugin. -->","yoast_head_json":{"title":"Lederjacke Race Braun - MODAPELLE","description":"Herren Lederjacke aus hochwertigem Nappaleder in brauner Farbe - weich im Griff - im Biker-Stil und mit einer ausgezeichneten Passform!","robots":{"index":"index","follow":"follow","max-snippet":"max-snippet:-1","max-image-preview":"max-image-preview:large","max-video-preview":"max-video-preview:-1"},"canonical":"https:\/\/www.modapelle.gr\/de\/produkt\/lederjacke-race-braun\/","og_locale":"de_DE","og_type":"article","og_title":"Lederjacke Race Braun - MODAPELLE","og_description":"Herren Lederjacke aus hochwertigem Nappaleder in brauner Farbe - weich im Griff - im Biker-Stil und mit einer ausgezeichneten Passform!","og_url":"https:\/\/www.modapelle.gr\/de\/produkt\/lederjacke-race-braun\/","og_site_name":"MODAPELLE","article_modified_time":"2023-06-02T10:25:34+00:00","og_image":[{"width":1080,"height":1080,"url":"https:\/\/www.modapelle.gr\/wp-content\/uploads\/2021\/12\/\u03b4\u03b5\u03c1\u03bc\u03ac\u03c4\u03b9\u03bd\u03bf-\u03b1\u03bd\u03b4\u03c1\u03b9\u03ba\u03cc-\u03bc\u03c0\u03bf\u03c5\u03c6\u03ac\u03bd-Race-brown-02-L.jpg","type":"image\/jpeg"}],"twitter_card":"summary_large_image","twitter_misc":{"Gesch\u00e4tzte Lesezeit":"1\u00a0Minute"},"schema":{"@context":"https:\/\/schema.org","@graph":[{"@type":"WebPage","@id":"https:\/\/www.modapelle.gr\/de\/produkt\/lederjacke-race-braun\/","url":"https:\/\/www.modapelle.gr\/de\/produkt\/lederjacke-race-braun\/","name":"Lederjacke Race Braun - MODAPELLE","isPartOf":{"@id":"https:\/\/www.modapelle.gr\/de\/#website"},"primaryImageOfPage":{"@id":"https:\/\/www.modapelle.gr\/de\/produkt\/lederjacke-race-braun\/#primaryimage"},"image":{"@id":"https:\/\/www.modapelle.gr\/de\/produkt\/lederjacke-race-braun\/#primaryimage"},"thumbnailUrl":"https:\/\/www.modapelle.gr\/wp-content\/uploads\/2021\/12\/\u03b4\u03b5\u03c1\u03bc\u03ac\u03c4\u03b9\u03bd\u03bf-\u03b1\u03bd\u03b4\u03c1\u03b9\u03ba\u03cc-\u03bc\u03c0\u03bf\u03c5\u03c6\u03ac\u03bd-Race-brown-02-L.jpg","datePublished":"2021-12-12T09:42:31+00:00","dateModified":"2023-06-02T10:25:34+00:00","description":"Herren Lederjacke aus hochwertigem Nappaleder in brauner Farbe - weich im Griff - im Biker-Stil und mit einer ausgezeichneten Passform!","breadcrumb":{"@id":"https:\/\/www.modapelle.gr\/de\/produkt\/lederjacke-race-braun\/#breadcrumb"},"inLanguage":"de","potentialAction":[{"@type":"ReadAction","target":["https:\/\/www.modapelle.gr\/de\/produkt\/lederjacke-race-braun\/"]}]},{"@type":"ImageObject","inLanguage":"de","@id":"https:\/\/www.modapelle.gr\/de\/produkt\/lederjacke-race-braun\/#primaryimage","url":"https:\/\/www.modapelle.gr\/wp-content\/uploads\/2021\/12\/\u03b4\u03b5\u03c1\u03bc\u03ac\u03c4\u03b9\u03bd\u03bf-\u03b1\u03bd\u03b4\u03c1\u03b9\u03ba\u03cc-\u03bc\u03c0\u03bf\u03c5\u03c6\u03ac\u03bd-Race-brown-02-L.jpg","contentUrl":"https:\/\/www.modapelle.gr\/wp-content\/uploads\/2021\/12\/\u03b4\u03b5\u03c1\u03bc\u03ac\u03c4\u03b9\u03bd\u03bf-\u03b1\u03bd\u03b4\u03c1\u03b9\u03ba\u03cc-\u03bc\u03c0\u03bf\u03c5\u03c6\u03ac\u03bd-Race-brown-02-L.jpg","width":1080,"height":1080,"caption":"Lederjacke Race Braun"},{"@type":"BreadcrumbList","@id":"https:\/\/www.modapelle.gr\/de\/produkt\/lederjacke-race-braun\/#breadcrumb","itemListElement":[{"@type":"ListItem","position":1,"name":"Modapelle","item":"https:\/\/www.modapelle.gr\/de\/"},{"@type":"ListItem","position":2,"name":"Shop","item":"https:\/\/www.modapelle.gr\/de\/shop\/"},{"@type":"ListItem","position":3,"name":"Mann","item":"https:\/\/www.modapelle.gr\/de\/produkt-kategorie\/mann\/"},{"@type":"ListItem","position":4,"name":"Herren Lederjacken","item":"https:\/\/www.modapelle.gr\/de\/produkt-kategorie\/mann\/herren-lederjacken\/"},{"@type":"ListItem","position":5,"name":"Lederjacke Race Braun"}]},{"@type":"WebSite","@id":"https:\/\/www.modapelle.gr\/de\/#website","url":"https:\/\/www.modapelle.gr\/de\/","name":"MODAPELLE","description":"Lederbekleidung, Taschen & Accessoires","publisher":{"@id":"https:\/\/www.modapelle.gr\/de\/#organization"},"potentialAction":[{"@type":"SearchAction","target":{"@type":"EntryPoint","urlTemplate":"https:\/\/www.modapelle.gr\/de\/?s={search_term_string}"},"query-input":{"@type":"PropertyValueSpecification","valueRequired":true,"valueName":"search_term_string"}}],"inLanguage":"de"},{"@type":"Organization","@id":"https:\/\/www.modapelle.gr\/de\/#organization","name":"MODAPELLE","url":"https:\/\/www.modapelle.gr\/de\/","logo":{"@type":"ImageObject","inLanguage":"de","@id":"https:\/\/www.modapelle.gr\/de\/#\/schema\/logo\/image\/","url":"https:\/\/www.modapelle.gr\/wp-content\/uploads\/2021\/07\/modapelle-logo.png","contentUrl":"https:\/\/www.modapelle.gr\/wp-content\/uploads\/2021\/07\/modapelle-logo.png","width":388,"height":120,"caption":"MODAPELLE"},"image":{"@id":"https:\/\/www.modapelle.gr\/de\/#\/schema\/logo\/image\/"}}]}},"_links":{"self":[{"href":"https:\/\/www.modapelle.gr\/de\/wp-json\/wp\/v2\/product\/20303","targetHints":{"allow":["GET"]}}],"collection":[{"href":"https:\/\/www.modapelle.gr\/de\/wp-json\/wp\/v2\/product"}],"about":[{"href":"https:\/\/www.modapelle.gr\/de\/wp-json\/wp\/v2\/types\/product"}],"wp:featuredmedia":[{"embeddable":true,"href":"https:\/\/www.modapelle.gr\/de\/wp-json\/wp\/v2\/media\/13093"}],"wp:attachment":[{"href":"https:\/\/www.modapelle.gr\/de\/wp-json\/wp\/v2\/media?parent=20303"}],"wp:term":[{"taxonomy":"product_brand","embeddable":true,"href":"https:\/\/www.modapelle.gr\/de\/wp-json\/wp\/v2\/product_brand?post=20303"},{"taxonomy":"product_cat","embeddable":true,"href":"https:\/\/www.modapelle.gr\/de\/wp-json\/wp\/v2\/product_cat?post=20303"},{"taxonomy":"product_tag","embeddable":true,"href":"https:\/\/www.modapelle.gr\/de\/wp-json\/wp\/v2\/product_tag?post=20303"}],"curies":[{"name":"wp","href":"https:\/\/api.w.org\/{rel}","templated":true}]}}