{"id":20267,"date":"2022-03-15T19:20:57","date_gmt":"2022-03-15T17:20:57","guid":{"rendered":"https:\/\/www.modapelle.gr\/product\/lederjacke-jerry-braun\/"},"modified":"2023-06-02T13:22:24","modified_gmt":"2023-06-02T10:22:24","slug":"lederjacke-jerry-braun","status":"publish","type":"product","link":"https:\/\/www.modapelle.gr\/de\/produkt\/lederjacke-jerry-braun\/","title":{"rendered":"Lederjacke Jerry Braun"},"content":{"rendered":"<h2>Lederjacke<\/h2>\n<ul>\n<li>Material: 100% echtes Rindsleder (Kalb)<\/li>\n<li>Zwei Innentaschen, eine mit Rei\u00dfverschluss<\/li>\n<li>Vier Au\u00dfentaschen mit Rei\u00dfverschluss<\/li>\n<li>Druckkn\u00f6pfe am \u00c4rmelende f\u00fcr eine bessere Passform<\/li>\n<li>Der Kragen wird mit zwei Druckkn\u00f6pfen gesichert<\/li>\n<li>Stofffutter in Braun<\/li>\n<\/ul>\n","protected":false},"excerpt":{"rendered":"<h3>Lederjacke &#8211; Slim Fit<\/h3>\n<p>Schmale Lederjacke aus hochwertigem Rindsleder (Kalb) in Braun! Mit vier Au\u00dfentaschen f\u00fcr mehr Praktikabilit\u00e4t und einem YKK-Rei\u00dfverschluss. Die Manschetten k\u00f6nnen ebenfalls gekn\u00f6pft werden, um eine bessere Passform zu gew\u00e4hrleisten. Schlie\u00dflich gibt es dekorative Nieten an der Taille.<\/p>\n<p><strong>Das Modell tr\u00e4gt Gr\u00f6\u00dfe 2XL (183 cm K\u00f6rpergr\u00f6\u00dfe &#8211; 102 cm Brustumfang &#8211; 100 cm Taillenumfang).<\/strong><\/p>\n","protected":false},"featured_media":13611,"template":"","meta":{"_acf_changed":false},"product_brand":[],"product_cat":[509],"product_tag":[617,569,565],"class_list":{"0":"post-20267","1":"product","2":"type-product","3":"status-publish","4":"has-post-thumbnail","6":"product_cat-herren-lederjacken","7":"product_tag-braune-farbe","8":"product_tag-herren-lederjacke","9":"product_tag-mann","11":"first","12":"instock","13":"sale","14":"shipping-taxable","15":"purchasable","16":"product-type-variable"},"acf":[],"yoast_head":"<!-- This site is optimized with the Yoast SEO plugin v27.4 - https:\/\/yoast.com\/product\/yoast-seo-wordpress\/ -->\n<title>Lederjacke Jerry Braun - MODAPELLE<\/title>\n<meta name=\"description\" content=\"Schmale Lederjacke aus hochwertigem Rindsleder (Kalb) in Braun! Mit vier Au\u00dfentaschen f\u00fcr mehr Praktikabilit\u00e4t und einem YKK-Rei\u00dfverschluss\" \/>\n<meta name=\"robots\" content=\"index, follow, max-snippet:-1, max-image-preview:large, max-video-preview:-1\" \/>\n<link rel=\"canonical\" href=\"https:\/\/www.modapelle.gr\/de\/produkt\/lederjacke-jerry-braun\/\" \/>\n<meta property=\"og:locale\" content=\"de_DE\" \/>\n<meta property=\"og:type\" content=\"article\" \/>\n<meta property=\"og:title\" content=\"Lederjacke Jerry Braun - MODAPELLE\" \/>\n<meta property=\"og:description\" content=\"Schmale Lederjacke aus hochwertigem Rindsleder (Kalb) in Braun! Mit vier Au\u00dfentaschen f\u00fcr mehr Praktikabilit\u00e4t und einem YKK-Rei\u00dfverschluss\" \/>\n<meta property=\"og:url\" content=\"https:\/\/www.modapelle.gr\/de\/produkt\/lederjacke-jerry-braun\/\" \/>\n<meta property=\"og:site_name\" content=\"MODAPELLE\" \/>\n<meta property=\"article:modified_time\" content=\"2023-06-02T10:22:24+00:00\" \/>\n<meta property=\"og:image\" content=\"https:\/\/www.modapelle.gr\/wp-content\/uploads\/2022\/03\/\u03b1\u03bd\u03b4\u03c1\u03b9\u03ba\u03cc-\u03b4\u03b5\u03c1\u03bc\u03ac\u03c4\u03b9\u03bd\u03bf-\u03bc\u03c0\u03bf\u03c5\u03c6\u03ac\u03bd-jerry-brown-a.jpg\" \/>\n\t<meta property=\"og:image:width\" content=\"1080\" \/>\n\t<meta property=\"og:image:height\" content=\"1080\" \/>\n\t<meta property=\"og:image:type\" content=\"image\/jpeg\" \/>\n<meta name=\"twitter:card\" content=\"summary_large_image\" \/>\n<meta name=\"twitter:label1\" content=\"Gesch\u00e4tzte Lesezeit\" \/>\n\t<meta name=\"twitter:data1\" content=\"1\u00a0Minute\" \/>\n<script type=\"application\/ld+json\" class=\"yoast-schema-graph\">{\"@context\":\"https:\\\/\\\/schema.org\",\"@graph\":[{\"@type\":\"WebPage\",\"@id\":\"https:\\\/\\\/www.modapelle.gr\\\/de\\\/produkt\\\/lederjacke-jerry-braun\\\/\",\"url\":\"https:\\\/\\\/www.modapelle.gr\\\/de\\\/produkt\\\/lederjacke-jerry-braun\\\/\",\"name\":\"Lederjacke Jerry Braun - MODAPELLE\",\"isPartOf\":{\"@id\":\"https:\\\/\\\/www.modapelle.gr\\\/de\\\/#website\"},\"primaryImageOfPage\":{\"@id\":\"https:\\\/\\\/www.modapelle.gr\\\/de\\\/produkt\\\/lederjacke-jerry-braun\\\/#primaryimage\"},\"image\":{\"@id\":\"https:\\\/\\\/www.modapelle.gr\\\/de\\\/produkt\\\/lederjacke-jerry-braun\\\/#primaryimage\"},\"thumbnailUrl\":\"https:\\\/\\\/www.modapelle.gr\\\/wp-content\\\/uploads\\\/2022\\\/03\\\/\u03b1\u03bd\u03b4\u03c1\u03b9\u03ba\u03cc-\u03b4\u03b5\u03c1\u03bc\u03ac\u03c4\u03b9\u03bd\u03bf-\u03bc\u03c0\u03bf\u03c5\u03c6\u03ac\u03bd-jerry-brown-a.jpg\",\"datePublished\":\"2022-03-15T17:20:57+00:00\",\"dateModified\":\"2023-06-02T10:22:24+00:00\",\"description\":\"Schmale Lederjacke aus hochwertigem Rindsleder (Kalb) in Braun! Mit vier Au\u00dfentaschen f\u00fcr mehr Praktikabilit\u00e4t und einem YKK-Rei\u00dfverschluss\",\"breadcrumb\":{\"@id\":\"https:\\\/\\\/www.modapelle.gr\\\/de\\\/produkt\\\/lederjacke-jerry-braun\\\/#breadcrumb\"},\"inLanguage\":\"de\",\"potentialAction\":[{\"@type\":\"ReadAction\",\"target\":[\"https:\\\/\\\/www.modapelle.gr\\\/de\\\/produkt\\\/lederjacke-jerry-braun\\\/\"]}]},{\"@type\":\"ImageObject\",\"inLanguage\":\"de\",\"@id\":\"https:\\\/\\\/www.modapelle.gr\\\/de\\\/produkt\\\/lederjacke-jerry-braun\\\/#primaryimage\",\"url\":\"https:\\\/\\\/www.modapelle.gr\\\/wp-content\\\/uploads\\\/2022\\\/03\\\/\u03b1\u03bd\u03b4\u03c1\u03b9\u03ba\u03cc-\u03b4\u03b5\u03c1\u03bc\u03ac\u03c4\u03b9\u03bd\u03bf-\u03bc\u03c0\u03bf\u03c5\u03c6\u03ac\u03bd-jerry-brown-a.jpg\",\"contentUrl\":\"https:\\\/\\\/www.modapelle.gr\\\/wp-content\\\/uploads\\\/2022\\\/03\\\/\u03b1\u03bd\u03b4\u03c1\u03b9\u03ba\u03cc-\u03b4\u03b5\u03c1\u03bc\u03ac\u03c4\u03b9\u03bd\u03bf-\u03bc\u03c0\u03bf\u03c5\u03c6\u03ac\u03bd-jerry-brown-a.jpg\",\"width\":1080,\"height\":1080,\"caption\":\"Lederjacke Jerry Braun\"},{\"@type\":\"BreadcrumbList\",\"@id\":\"https:\\\/\\\/www.modapelle.gr\\\/de\\\/produkt\\\/lederjacke-jerry-braun\\\/#breadcrumb\",\"itemListElement\":[{\"@type\":\"ListItem\",\"position\":1,\"name\":\"Modapelle\",\"item\":\"https:\\\/\\\/www.modapelle.gr\\\/de\\\/\"},{\"@type\":\"ListItem\",\"position\":2,\"name\":\"Shop\",\"item\":\"https:\\\/\\\/www.modapelle.gr\\\/de\\\/shop\\\/\"},{\"@type\":\"ListItem\",\"position\":3,\"name\":\"Mann\",\"item\":\"https:\\\/\\\/www.modapelle.gr\\\/de\\\/produkt-kategorie\\\/mann\\\/\"},{\"@type\":\"ListItem\",\"position\":4,\"name\":\"Herren Lederjacken\",\"item\":\"https:\\\/\\\/www.modapelle.gr\\\/de\\\/produkt-kategorie\\\/mann\\\/herren-lederjacken\\\/\"},{\"@type\":\"ListItem\",\"position\":5,\"name\":\"Lederjacke Jerry Braun\"}]},{\"@type\":\"WebSite\",\"@id\":\"https:\\\/\\\/www.modapelle.gr\\\/de\\\/#website\",\"url\":\"https:\\\/\\\/www.modapelle.gr\\\/de\\\/\",\"name\":\"MODAPELLE\",\"description\":\"Lederbekleidung, Taschen & Accessoires\",\"publisher\":{\"@id\":\"https:\\\/\\\/www.modapelle.gr\\\/de\\\/#organization\"},\"potentialAction\":[{\"@type\":\"SearchAction\",\"target\":{\"@type\":\"EntryPoint\",\"urlTemplate\":\"https:\\\/\\\/www.modapelle.gr\\\/de\\\/?s={search_term_string}\"},\"query-input\":{\"@type\":\"PropertyValueSpecification\",\"valueRequired\":true,\"valueName\":\"search_term_string\"}}],\"inLanguage\":\"de\"},{\"@type\":\"Organization\",\"@id\":\"https:\\\/\\\/www.modapelle.gr\\\/de\\\/#organization\",\"name\":\"MODAPELLE\",\"url\":\"https:\\\/\\\/www.modapelle.gr\\\/de\\\/\",\"logo\":{\"@type\":\"ImageObject\",\"inLanguage\":\"de\",\"@id\":\"https:\\\/\\\/www.modapelle.gr\\\/de\\\/#\\\/schema\\\/logo\\\/image\\\/\",\"url\":\"https:\\\/\\\/www.modapelle.gr\\\/wp-content\\\/uploads\\\/2021\\\/07\\\/modapelle-logo.png\",\"contentUrl\":\"https:\\\/\\\/www.modapelle.gr\\\/wp-content\\\/uploads\\\/2021\\\/07\\\/modapelle-logo.png\",\"width\":388,\"height\":120,\"caption\":\"MODAPELLE\"},\"image\":{\"@id\":\"https:\\\/\\\/www.modapelle.gr\\\/de\\\/#\\\/schema\\\/logo\\\/image\\\/\"}}]}<\/script>\n<!-- \/ Yoast SEO plugin. -->","yoast_head_json":{"title":"Lederjacke Jerry Braun - MODAPELLE","description":"Schmale Lederjacke aus hochwertigem Rindsleder (Kalb) in Braun! Mit vier Au\u00dfentaschen f\u00fcr mehr Praktikabilit\u00e4t und einem YKK-Rei\u00dfverschluss","robots":{"index":"index","follow":"follow","max-snippet":"max-snippet:-1","max-image-preview":"max-image-preview:large","max-video-preview":"max-video-preview:-1"},"canonical":"https:\/\/www.modapelle.gr\/de\/produkt\/lederjacke-jerry-braun\/","og_locale":"de_DE","og_type":"article","og_title":"Lederjacke Jerry Braun - MODAPELLE","og_description":"Schmale Lederjacke aus hochwertigem Rindsleder (Kalb) in Braun! Mit vier Au\u00dfentaschen f\u00fcr mehr Praktikabilit\u00e4t und einem YKK-Rei\u00dfverschluss","og_url":"https:\/\/www.modapelle.gr\/de\/produkt\/lederjacke-jerry-braun\/","og_site_name":"MODAPELLE","article_modified_time":"2023-06-02T10:22:24+00:00","og_image":[{"width":1080,"height":1080,"url":"https:\/\/www.modapelle.gr\/wp-content\/uploads\/2022\/03\/\u03b1\u03bd\u03b4\u03c1\u03b9\u03ba\u03cc-\u03b4\u03b5\u03c1\u03bc\u03ac\u03c4\u03b9\u03bd\u03bf-\u03bc\u03c0\u03bf\u03c5\u03c6\u03ac\u03bd-jerry-brown-a.jpg","type":"image\/jpeg"}],"twitter_card":"summary_large_image","twitter_misc":{"Gesch\u00e4tzte Lesezeit":"1\u00a0Minute"},"schema":{"@context":"https:\/\/schema.org","@graph":[{"@type":"WebPage","@id":"https:\/\/www.modapelle.gr\/de\/produkt\/lederjacke-jerry-braun\/","url":"https:\/\/www.modapelle.gr\/de\/produkt\/lederjacke-jerry-braun\/","name":"Lederjacke Jerry Braun - MODAPELLE","isPartOf":{"@id":"https:\/\/www.modapelle.gr\/de\/#website"},"primaryImageOfPage":{"@id":"https:\/\/www.modapelle.gr\/de\/produkt\/lederjacke-jerry-braun\/#primaryimage"},"image":{"@id":"https:\/\/www.modapelle.gr\/de\/produkt\/lederjacke-jerry-braun\/#primaryimage"},"thumbnailUrl":"https:\/\/www.modapelle.gr\/wp-content\/uploads\/2022\/03\/\u03b1\u03bd\u03b4\u03c1\u03b9\u03ba\u03cc-\u03b4\u03b5\u03c1\u03bc\u03ac\u03c4\u03b9\u03bd\u03bf-\u03bc\u03c0\u03bf\u03c5\u03c6\u03ac\u03bd-jerry-brown-a.jpg","datePublished":"2022-03-15T17:20:57+00:00","dateModified":"2023-06-02T10:22:24+00:00","description":"Schmale Lederjacke aus hochwertigem Rindsleder (Kalb) in Braun! Mit vier Au\u00dfentaschen f\u00fcr mehr Praktikabilit\u00e4t und einem YKK-Rei\u00dfverschluss","breadcrumb":{"@id":"https:\/\/www.modapelle.gr\/de\/produkt\/lederjacke-jerry-braun\/#breadcrumb"},"inLanguage":"de","potentialAction":[{"@type":"ReadAction","target":["https:\/\/www.modapelle.gr\/de\/produkt\/lederjacke-jerry-braun\/"]}]},{"@type":"ImageObject","inLanguage":"de","@id":"https:\/\/www.modapelle.gr\/de\/produkt\/lederjacke-jerry-braun\/#primaryimage","url":"https:\/\/www.modapelle.gr\/wp-content\/uploads\/2022\/03\/\u03b1\u03bd\u03b4\u03c1\u03b9\u03ba\u03cc-\u03b4\u03b5\u03c1\u03bc\u03ac\u03c4\u03b9\u03bd\u03bf-\u03bc\u03c0\u03bf\u03c5\u03c6\u03ac\u03bd-jerry-brown-a.jpg","contentUrl":"https:\/\/www.modapelle.gr\/wp-content\/uploads\/2022\/03\/\u03b1\u03bd\u03b4\u03c1\u03b9\u03ba\u03cc-\u03b4\u03b5\u03c1\u03bc\u03ac\u03c4\u03b9\u03bd\u03bf-\u03bc\u03c0\u03bf\u03c5\u03c6\u03ac\u03bd-jerry-brown-a.jpg","width":1080,"height":1080,"caption":"Lederjacke Jerry Braun"},{"@type":"BreadcrumbList","@id":"https:\/\/www.modapelle.gr\/de\/produkt\/lederjacke-jerry-braun\/#breadcrumb","itemListElement":[{"@type":"ListItem","position":1,"name":"Modapelle","item":"https:\/\/www.modapelle.gr\/de\/"},{"@type":"ListItem","position":2,"name":"Shop","item":"https:\/\/www.modapelle.gr\/de\/shop\/"},{"@type":"ListItem","position":3,"name":"Mann","item":"https:\/\/www.modapelle.gr\/de\/produkt-kategorie\/mann\/"},{"@type":"ListItem","position":4,"name":"Herren Lederjacken","item":"https:\/\/www.modapelle.gr\/de\/produkt-kategorie\/mann\/herren-lederjacken\/"},{"@type":"ListItem","position":5,"name":"Lederjacke Jerry Braun"}]},{"@type":"WebSite","@id":"https:\/\/www.modapelle.gr\/de\/#website","url":"https:\/\/www.modapelle.gr\/de\/","name":"MODAPELLE","description":"Lederbekleidung, Taschen & Accessoires","publisher":{"@id":"https:\/\/www.modapelle.gr\/de\/#organization"},"potentialAction":[{"@type":"SearchAction","target":{"@type":"EntryPoint","urlTemplate":"https:\/\/www.modapelle.gr\/de\/?s={search_term_string}"},"query-input":{"@type":"PropertyValueSpecification","valueRequired":true,"valueName":"search_term_string"}}],"inLanguage":"de"},{"@type":"Organization","@id":"https:\/\/www.modapelle.gr\/de\/#organization","name":"MODAPELLE","url":"https:\/\/www.modapelle.gr\/de\/","logo":{"@type":"ImageObject","inLanguage":"de","@id":"https:\/\/www.modapelle.gr\/de\/#\/schema\/logo\/image\/","url":"https:\/\/www.modapelle.gr\/wp-content\/uploads\/2021\/07\/modapelle-logo.png","contentUrl":"https:\/\/www.modapelle.gr\/wp-content\/uploads\/2021\/07\/modapelle-logo.png","width":388,"height":120,"caption":"MODAPELLE"},"image":{"@id":"https:\/\/www.modapelle.gr\/de\/#\/schema\/logo\/image\/"}}]}},"_links":{"self":[{"href":"https:\/\/www.modapelle.gr\/de\/wp-json\/wp\/v2\/product\/20267","targetHints":{"allow":["GET"]}}],"collection":[{"href":"https:\/\/www.modapelle.gr\/de\/wp-json\/wp\/v2\/product"}],"about":[{"href":"https:\/\/www.modapelle.gr\/de\/wp-json\/wp\/v2\/types\/product"}],"wp:featuredmedia":[{"embeddable":true,"href":"https:\/\/www.modapelle.gr\/de\/wp-json\/wp\/v2\/media\/13611"}],"wp:attachment":[{"href":"https:\/\/www.modapelle.gr\/de\/wp-json\/wp\/v2\/media?parent=20267"}],"wp:term":[{"taxonomy":"product_brand","embeddable":true,"href":"https:\/\/www.modapelle.gr\/de\/wp-json\/wp\/v2\/product_brand?post=20267"},{"taxonomy":"product_cat","embeddable":true,"href":"https:\/\/www.modapelle.gr\/de\/wp-json\/wp\/v2\/product_cat?post=20267"},{"taxonomy":"product_tag","embeddable":true,"href":"https:\/\/www.modapelle.gr\/de\/wp-json\/wp\/v2\/product_tag?post=20267"}],"curies":[{"name":"wp","href":"https:\/\/api.w.org\/{rel}","templated":true}]}}