{"id":20249,"date":"2022-08-14T11:35:28","date_gmt":"2022-08-14T08:35:28","guid":{"rendered":"https:\/\/www.modapelle.gr\/product\/lederjacke-jungo\/"},"modified":"2023-06-02T13:23:31","modified_gmt":"2023-06-02T10:23:31","slug":"lederjacke-jungo","status":"publish","type":"product","link":"https:\/\/www.modapelle.gr\/de\/produkt\/lederjacke-jungo\/","title":{"rendered":"Lederjacke Jungo"},"content":{"rendered":"<h2>Herren Lederjacke<\/h2>\n<ul>\n<li>Herren Lederjacke aus 100% weichem Nappaleder.<\/li>\n<li>Zwei Innentaschen &#8211; eine mit Rei\u00dfverschluss.<\/li>\n<li>Vier Au\u00dfentaschen &#8211; zwei mit Rei\u00dfverschluss.<\/li>\n<li>Der Kragen schlie\u00dft mit einem Rei\u00dfverschluss bis oben.<\/li>\n<li>Schwarzes Innenfutter.<\/li>\n<li>Abnehmbare Ledereins\u00e4tze am Kragen und an der Vorderseite mit Rei\u00dfverschluss.<\/li>\n<li>\u00d6kologischer Pelzkragen.<\/li>\n<li>Die L\u00e4nge auf der R\u00fcckseite (vom unteren Teil des Kragens bis zum Saum) variiert von 74 cm (bei S) bis 79 cm (bei 5XL).<\/li>\n<\/ul>\n","protected":false},"excerpt":{"rendered":"<h3><strong>Lederjacke<\/strong><\/h3>\n<p>Herren Lederjacke, aus Nappaleder in Schwarz &#8211; weich im Griff &#8211; und mit bequemer Passform. Sie hat vier Au\u00dfentaschen, von denen zwei mit Rei\u00dfverschluss verschlie\u00dfbar sind. Der innere Einsatz (aus Leder) ist abnehmbar.<\/p>\n","protected":false},"featured_media":13557,"template":"","meta":{"_acf_changed":false},"product_brand":[],"product_cat":[509],"product_tag":[569,565,587,496],"class_list":{"0":"post-20249","1":"product","2":"type-product","3":"status-publish","4":"has-post-thumbnail","6":"product_cat-herren-lederjacken","7":"product_tag-herren-lederjacke","8":"product_tag-mann","9":"product_tag-nappa-leder","10":"product_tag-schwarze-farbe","12":"first","13":"outofstock","14":"shipping-taxable","15":"product-type-variable"},"acf":[],"yoast_head":"<!-- This site is optimized with the Yoast SEO plugin v27.4 - https:\/\/yoast.com\/product\/yoast-seo-wordpress\/ -->\n<title>Lederjacke Jungo - MODAPELLE<\/title>\n<meta name=\"description\" content=\"Herren Lederjacke, aus Nappaleder in Schwarz - weich im Griff - und mit bequemer Passform.\" \/>\n<meta name=\"robots\" content=\"index, follow, max-snippet:-1, max-image-preview:large, max-video-preview:-1\" \/>\n<link rel=\"canonical\" href=\"https:\/\/www.modapelle.gr\/de\/produkt\/lederjacke-jungo\/\" \/>\n<meta property=\"og:locale\" content=\"de_DE\" \/>\n<meta property=\"og:type\" content=\"article\" \/>\n<meta property=\"og:title\" content=\"Lederjacke Jungo - MODAPELLE\" \/>\n<meta property=\"og:description\" content=\"Herren Lederjacke, aus Nappaleder in Schwarz - weich im Griff - und mit bequemer Passform.\" \/>\n<meta property=\"og:url\" content=\"https:\/\/www.modapelle.gr\/de\/produkt\/lederjacke-jungo\/\" \/>\n<meta property=\"og:site_name\" content=\"MODAPELLE\" \/>\n<meta property=\"article:modified_time\" content=\"2023-06-02T10:23:31+00:00\" \/>\n<meta property=\"og:image\" content=\"https:\/\/www.modapelle.gr\/wp-content\/uploads\/2022\/08\/\u03b1\u03bd\u03b4\u03c1\u03b9\u03ba\u03cc-\u03b4\u03b5\u03c1\u03bc\u03ac\u03c4\u03b9\u03bd\u03bf-\u03bc\u03c0\u03bf\u03c5\u03c6\u03ac\u03bd-jungo-1.jpg\" \/>\n\t<meta property=\"og:image:width\" content=\"1080\" \/>\n\t<meta property=\"og:image:height\" content=\"1080\" \/>\n\t<meta property=\"og:image:type\" content=\"image\/jpeg\" \/>\n<meta name=\"twitter:card\" content=\"summary_large_image\" \/>\n<script type=\"application\/ld+json\" class=\"yoast-schema-graph\">{\"@context\":\"https:\\\/\\\/schema.org\",\"@graph\":[{\"@type\":\"WebPage\",\"@id\":\"https:\\\/\\\/www.modapelle.gr\\\/de\\\/produkt\\\/lederjacke-jungo\\\/\",\"url\":\"https:\\\/\\\/www.modapelle.gr\\\/de\\\/produkt\\\/lederjacke-jungo\\\/\",\"name\":\"Lederjacke Jungo - MODAPELLE\",\"isPartOf\":{\"@id\":\"https:\\\/\\\/www.modapelle.gr\\\/de\\\/#website\"},\"primaryImageOfPage\":{\"@id\":\"https:\\\/\\\/www.modapelle.gr\\\/de\\\/produkt\\\/lederjacke-jungo\\\/#primaryimage\"},\"image\":{\"@id\":\"https:\\\/\\\/www.modapelle.gr\\\/de\\\/produkt\\\/lederjacke-jungo\\\/#primaryimage\"},\"thumbnailUrl\":\"https:\\\/\\\/www.modapelle.gr\\\/wp-content\\\/uploads\\\/2022\\\/08\\\/\u03b1\u03bd\u03b4\u03c1\u03b9\u03ba\u03cc-\u03b4\u03b5\u03c1\u03bc\u03ac\u03c4\u03b9\u03bd\u03bf-\u03bc\u03c0\u03bf\u03c5\u03c6\u03ac\u03bd-jungo-1.jpg\",\"datePublished\":\"2022-08-14T08:35:28+00:00\",\"dateModified\":\"2023-06-02T10:23:31+00:00\",\"description\":\"Herren Lederjacke, aus Nappaleder in Schwarz - weich im Griff - und mit bequemer Passform.\",\"breadcrumb\":{\"@id\":\"https:\\\/\\\/www.modapelle.gr\\\/de\\\/produkt\\\/lederjacke-jungo\\\/#breadcrumb\"},\"inLanguage\":\"de\",\"potentialAction\":[{\"@type\":\"ReadAction\",\"target\":[\"https:\\\/\\\/www.modapelle.gr\\\/de\\\/produkt\\\/lederjacke-jungo\\\/\"]}]},{\"@type\":\"ImageObject\",\"inLanguage\":\"de\",\"@id\":\"https:\\\/\\\/www.modapelle.gr\\\/de\\\/produkt\\\/lederjacke-jungo\\\/#primaryimage\",\"url\":\"https:\\\/\\\/www.modapelle.gr\\\/wp-content\\\/uploads\\\/2022\\\/08\\\/\u03b1\u03bd\u03b4\u03c1\u03b9\u03ba\u03cc-\u03b4\u03b5\u03c1\u03bc\u03ac\u03c4\u03b9\u03bd\u03bf-\u03bc\u03c0\u03bf\u03c5\u03c6\u03ac\u03bd-jungo-1.jpg\",\"contentUrl\":\"https:\\\/\\\/www.modapelle.gr\\\/wp-content\\\/uploads\\\/2022\\\/08\\\/\u03b1\u03bd\u03b4\u03c1\u03b9\u03ba\u03cc-\u03b4\u03b5\u03c1\u03bc\u03ac\u03c4\u03b9\u03bd\u03bf-\u03bc\u03c0\u03bf\u03c5\u03c6\u03ac\u03bd-jungo-1.jpg\",\"width\":1080,\"height\":1080,\"caption\":\"Lederjacke Jungo\"},{\"@type\":\"BreadcrumbList\",\"@id\":\"https:\\\/\\\/www.modapelle.gr\\\/de\\\/produkt\\\/lederjacke-jungo\\\/#breadcrumb\",\"itemListElement\":[{\"@type\":\"ListItem\",\"position\":1,\"name\":\"Modapelle\",\"item\":\"https:\\\/\\\/www.modapelle.gr\\\/de\\\/\"},{\"@type\":\"ListItem\",\"position\":2,\"name\":\"Shop\",\"item\":\"https:\\\/\\\/www.modapelle.gr\\\/de\\\/shop\\\/\"},{\"@type\":\"ListItem\",\"position\":3,\"name\":\"Mann\",\"item\":\"https:\\\/\\\/www.modapelle.gr\\\/de\\\/produkt-kategorie\\\/mann\\\/\"},{\"@type\":\"ListItem\",\"position\":4,\"name\":\"Herren Lederjacken\",\"item\":\"https:\\\/\\\/www.modapelle.gr\\\/de\\\/produkt-kategorie\\\/mann\\\/herren-lederjacken\\\/\"},{\"@type\":\"ListItem\",\"position\":5,\"name\":\"Lederjacke Jungo\"}]},{\"@type\":\"WebSite\",\"@id\":\"https:\\\/\\\/www.modapelle.gr\\\/de\\\/#website\",\"url\":\"https:\\\/\\\/www.modapelle.gr\\\/de\\\/\",\"name\":\"MODAPELLE\",\"description\":\"Lederbekleidung, Taschen & Accessoires\",\"publisher\":{\"@id\":\"https:\\\/\\\/www.modapelle.gr\\\/de\\\/#organization\"},\"potentialAction\":[{\"@type\":\"SearchAction\",\"target\":{\"@type\":\"EntryPoint\",\"urlTemplate\":\"https:\\\/\\\/www.modapelle.gr\\\/de\\\/?s={search_term_string}\"},\"query-input\":{\"@type\":\"PropertyValueSpecification\",\"valueRequired\":true,\"valueName\":\"search_term_string\"}}],\"inLanguage\":\"de\"},{\"@type\":\"Organization\",\"@id\":\"https:\\\/\\\/www.modapelle.gr\\\/de\\\/#organization\",\"name\":\"MODAPELLE\",\"url\":\"https:\\\/\\\/www.modapelle.gr\\\/de\\\/\",\"logo\":{\"@type\":\"ImageObject\",\"inLanguage\":\"de\",\"@id\":\"https:\\\/\\\/www.modapelle.gr\\\/de\\\/#\\\/schema\\\/logo\\\/image\\\/\",\"url\":\"https:\\\/\\\/www.modapelle.gr\\\/wp-content\\\/uploads\\\/2021\\\/07\\\/modapelle-logo.png\",\"contentUrl\":\"https:\\\/\\\/www.modapelle.gr\\\/wp-content\\\/uploads\\\/2021\\\/07\\\/modapelle-logo.png\",\"width\":388,\"height\":120,\"caption\":\"MODAPELLE\"},\"image\":{\"@id\":\"https:\\\/\\\/www.modapelle.gr\\\/de\\\/#\\\/schema\\\/logo\\\/image\\\/\"}}]}<\/script>\n<!-- \/ Yoast SEO plugin. -->","yoast_head_json":{"title":"Lederjacke Jungo - MODAPELLE","description":"Herren Lederjacke, aus Nappaleder in Schwarz - weich im Griff - und mit bequemer Passform.","robots":{"index":"index","follow":"follow","max-snippet":"max-snippet:-1","max-image-preview":"max-image-preview:large","max-video-preview":"max-video-preview:-1"},"canonical":"https:\/\/www.modapelle.gr\/de\/produkt\/lederjacke-jungo\/","og_locale":"de_DE","og_type":"article","og_title":"Lederjacke Jungo - MODAPELLE","og_description":"Herren Lederjacke, aus Nappaleder in Schwarz - weich im Griff - und mit bequemer Passform.","og_url":"https:\/\/www.modapelle.gr\/de\/produkt\/lederjacke-jungo\/","og_site_name":"MODAPELLE","article_modified_time":"2023-06-02T10:23:31+00:00","og_image":[{"width":1080,"height":1080,"url":"https:\/\/www.modapelle.gr\/wp-content\/uploads\/2022\/08\/\u03b1\u03bd\u03b4\u03c1\u03b9\u03ba\u03cc-\u03b4\u03b5\u03c1\u03bc\u03ac\u03c4\u03b9\u03bd\u03bf-\u03bc\u03c0\u03bf\u03c5\u03c6\u03ac\u03bd-jungo-1.jpg","type":"image\/jpeg"}],"twitter_card":"summary_large_image","schema":{"@context":"https:\/\/schema.org","@graph":[{"@type":"WebPage","@id":"https:\/\/www.modapelle.gr\/de\/produkt\/lederjacke-jungo\/","url":"https:\/\/www.modapelle.gr\/de\/produkt\/lederjacke-jungo\/","name":"Lederjacke Jungo - MODAPELLE","isPartOf":{"@id":"https:\/\/www.modapelle.gr\/de\/#website"},"primaryImageOfPage":{"@id":"https:\/\/www.modapelle.gr\/de\/produkt\/lederjacke-jungo\/#primaryimage"},"image":{"@id":"https:\/\/www.modapelle.gr\/de\/produkt\/lederjacke-jungo\/#primaryimage"},"thumbnailUrl":"https:\/\/www.modapelle.gr\/wp-content\/uploads\/2022\/08\/\u03b1\u03bd\u03b4\u03c1\u03b9\u03ba\u03cc-\u03b4\u03b5\u03c1\u03bc\u03ac\u03c4\u03b9\u03bd\u03bf-\u03bc\u03c0\u03bf\u03c5\u03c6\u03ac\u03bd-jungo-1.jpg","datePublished":"2022-08-14T08:35:28+00:00","dateModified":"2023-06-02T10:23:31+00:00","description":"Herren Lederjacke, aus Nappaleder in Schwarz - weich im Griff - und mit bequemer Passform.","breadcrumb":{"@id":"https:\/\/www.modapelle.gr\/de\/produkt\/lederjacke-jungo\/#breadcrumb"},"inLanguage":"de","potentialAction":[{"@type":"ReadAction","target":["https:\/\/www.modapelle.gr\/de\/produkt\/lederjacke-jungo\/"]}]},{"@type":"ImageObject","inLanguage":"de","@id":"https:\/\/www.modapelle.gr\/de\/produkt\/lederjacke-jungo\/#primaryimage","url":"https:\/\/www.modapelle.gr\/wp-content\/uploads\/2022\/08\/\u03b1\u03bd\u03b4\u03c1\u03b9\u03ba\u03cc-\u03b4\u03b5\u03c1\u03bc\u03ac\u03c4\u03b9\u03bd\u03bf-\u03bc\u03c0\u03bf\u03c5\u03c6\u03ac\u03bd-jungo-1.jpg","contentUrl":"https:\/\/www.modapelle.gr\/wp-content\/uploads\/2022\/08\/\u03b1\u03bd\u03b4\u03c1\u03b9\u03ba\u03cc-\u03b4\u03b5\u03c1\u03bc\u03ac\u03c4\u03b9\u03bd\u03bf-\u03bc\u03c0\u03bf\u03c5\u03c6\u03ac\u03bd-jungo-1.jpg","width":1080,"height":1080,"caption":"Lederjacke Jungo"},{"@type":"BreadcrumbList","@id":"https:\/\/www.modapelle.gr\/de\/produkt\/lederjacke-jungo\/#breadcrumb","itemListElement":[{"@type":"ListItem","position":1,"name":"Modapelle","item":"https:\/\/www.modapelle.gr\/de\/"},{"@type":"ListItem","position":2,"name":"Shop","item":"https:\/\/www.modapelle.gr\/de\/shop\/"},{"@type":"ListItem","position":3,"name":"Mann","item":"https:\/\/www.modapelle.gr\/de\/produkt-kategorie\/mann\/"},{"@type":"ListItem","position":4,"name":"Herren Lederjacken","item":"https:\/\/www.modapelle.gr\/de\/produkt-kategorie\/mann\/herren-lederjacken\/"},{"@type":"ListItem","position":5,"name":"Lederjacke Jungo"}]},{"@type":"WebSite","@id":"https:\/\/www.modapelle.gr\/de\/#website","url":"https:\/\/www.modapelle.gr\/de\/","name":"MODAPELLE","description":"Lederbekleidung, Taschen & Accessoires","publisher":{"@id":"https:\/\/www.modapelle.gr\/de\/#organization"},"potentialAction":[{"@type":"SearchAction","target":{"@type":"EntryPoint","urlTemplate":"https:\/\/www.modapelle.gr\/de\/?s={search_term_string}"},"query-input":{"@type":"PropertyValueSpecification","valueRequired":true,"valueName":"search_term_string"}}],"inLanguage":"de"},{"@type":"Organization","@id":"https:\/\/www.modapelle.gr\/de\/#organization","name":"MODAPELLE","url":"https:\/\/www.modapelle.gr\/de\/","logo":{"@type":"ImageObject","inLanguage":"de","@id":"https:\/\/www.modapelle.gr\/de\/#\/schema\/logo\/image\/","url":"https:\/\/www.modapelle.gr\/wp-content\/uploads\/2021\/07\/modapelle-logo.png","contentUrl":"https:\/\/www.modapelle.gr\/wp-content\/uploads\/2021\/07\/modapelle-logo.png","width":388,"height":120,"caption":"MODAPELLE"},"image":{"@id":"https:\/\/www.modapelle.gr\/de\/#\/schema\/logo\/image\/"}}]}},"_links":{"self":[{"href":"https:\/\/www.modapelle.gr\/de\/wp-json\/wp\/v2\/product\/20249","targetHints":{"allow":["GET"]}}],"collection":[{"href":"https:\/\/www.modapelle.gr\/de\/wp-json\/wp\/v2\/product"}],"about":[{"href":"https:\/\/www.modapelle.gr\/de\/wp-json\/wp\/v2\/types\/product"}],"wp:featuredmedia":[{"embeddable":true,"href":"https:\/\/www.modapelle.gr\/de\/wp-json\/wp\/v2\/media\/13557"}],"wp:attachment":[{"href":"https:\/\/www.modapelle.gr\/de\/wp-json\/wp\/v2\/media?parent=20249"}],"wp:term":[{"taxonomy":"product_brand","embeddable":true,"href":"https:\/\/www.modapelle.gr\/de\/wp-json\/wp\/v2\/product_brand?post=20249"},{"taxonomy":"product_cat","embeddable":true,"href":"https:\/\/www.modapelle.gr\/de\/wp-json\/wp\/v2\/product_cat?post=20249"},{"taxonomy":"product_tag","embeddable":true,"href":"https:\/\/www.modapelle.gr\/de\/wp-json\/wp\/v2\/product_tag?post=20249"}],"curies":[{"name":"wp","href":"https:\/\/api.w.org\/{rel}","templated":true}]}}