{"id":20184,"date":"2022-11-02T17:51:35","date_gmt":"2022-11-02T15:51:35","guid":{"rendered":"https:\/\/www.modapelle.gr\/product\/lederjacke-carter-schwarz\/"},"modified":"2023-06-02T13:18:15","modified_gmt":"2023-06-02T10:18:15","slug":"lederjacke-carter-schwarz","status":"publish","type":"product","link":"https:\/\/www.modapelle.gr\/de\/produkt\/lederjacke-carter-schwarz\/","title":{"rendered":"Lederjacke Carter Schwarz"},"content":{"rendered":"<h2>Herren-Lederjacke<\/h2>\n<ul>\n<li>Herren-Lederjacke aus 100% weichem Nappaleder.<\/li>\n<li>Zwei Innentaschen (eine mit Rei\u00dfverschluss).<\/li>\n<li>Vier Au\u00dfentaschen &#8211; die beiden Brusttaschen mit Rei\u00dfverschluss.<\/li>\n<li>Rei\u00dfverschluss am \u00c4rmelabschluss f\u00fcr eine bessere Passform (mit Leder innen).<\/li>\n<li>Der Kragen schlie\u00dft mit einem Rei\u00dfverschluss bis oben.<\/li>\n<li>Innenfutter in neutraler Farbe (schwarz).<\/li>\n<li>Abnehmbarer Stoffkragen (zusammen mit dem vorderen Ledereinsatz &#8211; siehe Foto).<\/li>\n<li>In bequemer Passform.<\/li>\n<\/ul>\n","protected":false},"excerpt":{"rendered":"<h3><strong>Deine Lieblingslederjacke<\/strong><\/h3>\n<p>Eine Herrenlederjacke, aus hochwertigem Nappaleder in Schwarz &#8211; weich im Griff &#8211; und in einer bequemen Passform (ideal f\u00fcr gro\u00dfe Gr\u00f6\u00dfen)! Sie verf\u00fcgt \u00fcber vier Au\u00dfentaschen, von denen zwei mit Rei\u00dfverschluss geschlossen werden. Am unteren \u00c4rmelende befindet sich ein Rei\u00dfverschluss f\u00fcr zus\u00e4tzlichen Komfort (mit Leder innen). Schlie\u00dflich hat sie einen Stoffkragen zusammen mit einem abnehmbaren Ledereinsatz, der mit einem Rei\u00dfverschluss abgenommen werden kann.<\/p>\n","protected":false},"featured_media":14091,"template":"","meta":{"_acf_changed":false},"product_brand":[],"product_cat":[509],"product_tag":[569,565,587,496],"class_list":{"0":"post-20184","1":"product","2":"type-product","3":"status-publish","4":"has-post-thumbnail","6":"product_cat-herren-lederjacken","7":"product_tag-herren-lederjacke","8":"product_tag-mann","9":"product_tag-nappa-leder","10":"product_tag-schwarze-farbe","12":"first","13":"outofstock","14":"shipping-taxable","15":"product-type-variable"},"acf":[],"yoast_head":"<!-- This site is optimized with the Yoast SEO plugin v27.2 - https:\/\/yoast.com\/product\/yoast-seo-wordpress\/ -->\n<title>Lederjacke Carter Schwarz - MODAPELLE<\/title>\n<meta name=\"description\" content=\"Eine Herrenlederjacke, aus hochwertigem Nappaleder in Schwarz - weich im Griff - und in einer bequemen Passform\" \/>\n<meta name=\"robots\" content=\"index, follow, max-snippet:-1, max-image-preview:large, max-video-preview:-1\" \/>\n<link rel=\"canonical\" href=\"https:\/\/www.modapelle.gr\/de\/produkt\/lederjacke-carter-schwarz\/\" \/>\n<meta property=\"og:locale\" content=\"de_DE\" \/>\n<meta property=\"og:type\" content=\"article\" \/>\n<meta property=\"og:title\" content=\"Lederjacke Carter Schwarz - MODAPELLE\" \/>\n<meta property=\"og:description\" content=\"Eine Herrenlederjacke, aus hochwertigem Nappaleder in Schwarz - weich im Griff - und in einer bequemen Passform\" \/>\n<meta property=\"og:url\" content=\"https:\/\/www.modapelle.gr\/de\/produkt\/lederjacke-carter-schwarz\/\" \/>\n<meta property=\"og:site_name\" content=\"MODAPELLE\" \/>\n<meta property=\"article:modified_time\" content=\"2023-06-02T10:18:15+00:00\" \/>\n<meta property=\"og:image\" content=\"https:\/\/www.modapelle.gr\/wp-content\/uploads\/2022\/11\/\u03b4\u03b5\u03c1\u03bc\u03ac\u03c4\u03b9\u03bd\u03bf-\u03b1\u03bd\u03b4\u03c1\u03b9\u03ba\u03cc-\u03bc\u03c0\u03bf\u03c5\u03c6\u03ac\u03bd-Carter-black-a2L.jpg\" \/>\n\t<meta property=\"og:image:width\" content=\"1200\" \/>\n\t<meta property=\"og:image:height\" content=\"1200\" \/>\n\t<meta property=\"og:image:type\" content=\"image\/jpeg\" \/>\n<meta name=\"twitter:card\" content=\"summary_large_image\" \/>\n<meta name=\"twitter:label1\" content=\"Gesch\u00e4tzte Lesezeit\" \/>\n\t<meta name=\"twitter:data1\" content=\"1\u00a0Minute\" \/>\n<script type=\"application\/ld+json\" class=\"yoast-schema-graph\">{\"@context\":\"https:\/\/schema.org\",\"@graph\":[{\"@type\":\"WebPage\",\"@id\":\"https:\/\/www.modapelle.gr\/de\/produkt\/lederjacke-carter-schwarz\/\",\"url\":\"https:\/\/www.modapelle.gr\/de\/produkt\/lederjacke-carter-schwarz\/\",\"name\":\"Lederjacke Carter Schwarz - MODAPELLE\",\"isPartOf\":{\"@id\":\"https:\/\/www.modapelle.gr\/de\/#website\"},\"primaryImageOfPage\":{\"@id\":\"https:\/\/www.modapelle.gr\/de\/produkt\/lederjacke-carter-schwarz\/#primaryimage\"},\"image\":{\"@id\":\"https:\/\/www.modapelle.gr\/de\/produkt\/lederjacke-carter-schwarz\/#primaryimage\"},\"thumbnailUrl\":\"https:\/\/www.modapelle.gr\/wp-content\/uploads\/2022\/11\/\u03b4\u03b5\u03c1\u03bc\u03ac\u03c4\u03b9\u03bd\u03bf-\u03b1\u03bd\u03b4\u03c1\u03b9\u03ba\u03cc-\u03bc\u03c0\u03bf\u03c5\u03c6\u03ac\u03bd-Carter-black-a2L.jpg\",\"datePublished\":\"2022-11-02T15:51:35+00:00\",\"dateModified\":\"2023-06-02T10:18:15+00:00\",\"description\":\"Eine Herrenlederjacke, aus hochwertigem Nappaleder in Schwarz - weich im Griff - und in einer bequemen Passform\",\"breadcrumb\":{\"@id\":\"https:\/\/www.modapelle.gr\/de\/produkt\/lederjacke-carter-schwarz\/#breadcrumb\"},\"inLanguage\":\"de\",\"potentialAction\":[{\"@type\":\"ReadAction\",\"target\":[\"https:\/\/www.modapelle.gr\/de\/produkt\/lederjacke-carter-schwarz\/\"]}]},{\"@type\":\"ImageObject\",\"inLanguage\":\"de\",\"@id\":\"https:\/\/www.modapelle.gr\/de\/produkt\/lederjacke-carter-schwarz\/#primaryimage\",\"url\":\"https:\/\/www.modapelle.gr\/wp-content\/uploads\/2022\/11\/\u03b4\u03b5\u03c1\u03bc\u03ac\u03c4\u03b9\u03bd\u03bf-\u03b1\u03bd\u03b4\u03c1\u03b9\u03ba\u03cc-\u03bc\u03c0\u03bf\u03c5\u03c6\u03ac\u03bd-Carter-black-a2L.jpg\",\"contentUrl\":\"https:\/\/www.modapelle.gr\/wp-content\/uploads\/2022\/11\/\u03b4\u03b5\u03c1\u03bc\u03ac\u03c4\u03b9\u03bd\u03bf-\u03b1\u03bd\u03b4\u03c1\u03b9\u03ba\u03cc-\u03bc\u03c0\u03bf\u03c5\u03c6\u03ac\u03bd-Carter-black-a2L.jpg\",\"width\":1200,\"height\":1200,\"caption\":\"Lederjacke Carter Schwarz\"},{\"@type\":\"BreadcrumbList\",\"@id\":\"https:\/\/www.modapelle.gr\/de\/produkt\/lederjacke-carter-schwarz\/#breadcrumb\",\"itemListElement\":[{\"@type\":\"ListItem\",\"position\":1,\"name\":\"Modapelle\",\"item\":\"https:\/\/www.modapelle.gr\/de\/\"},{\"@type\":\"ListItem\",\"position\":2,\"name\":\"Shop\",\"item\":\"https:\/\/www.modapelle.gr\/de\/shop\/\"},{\"@type\":\"ListItem\",\"position\":3,\"name\":\"Mann\",\"item\":\"https:\/\/www.modapelle.gr\/de\/produkt-kategorie\/mann\/\"},{\"@type\":\"ListItem\",\"position\":4,\"name\":\"Herren Lederjacken\",\"item\":\"https:\/\/www.modapelle.gr\/de\/produkt-kategorie\/mann\/herren-lederjacken\/\"},{\"@type\":\"ListItem\",\"position\":5,\"name\":\"Lederjacke Carter Schwarz\"}]},{\"@type\":\"WebSite\",\"@id\":\"https:\/\/www.modapelle.gr\/de\/#website\",\"url\":\"https:\/\/www.modapelle.gr\/de\/\",\"name\":\"MODAPELLE\",\"description\":\"Lederbekleidung, Taschen & Accessoires\",\"publisher\":{\"@id\":\"https:\/\/www.modapelle.gr\/de\/#organization\"},\"potentialAction\":[{\"@type\":\"SearchAction\",\"target\":{\"@type\":\"EntryPoint\",\"urlTemplate\":\"https:\/\/www.modapelle.gr\/de\/?s={search_term_string}\"},\"query-input\":{\"@type\":\"PropertyValueSpecification\",\"valueRequired\":true,\"valueName\":\"search_term_string\"}}],\"inLanguage\":\"de\"},{\"@type\":\"Organization\",\"@id\":\"https:\/\/www.modapelle.gr\/de\/#organization\",\"name\":\"MODAPELLE\",\"url\":\"https:\/\/www.modapelle.gr\/de\/\",\"logo\":{\"@type\":\"ImageObject\",\"inLanguage\":\"de\",\"@id\":\"https:\/\/www.modapelle.gr\/de\/#\/schema\/logo\/image\/\",\"url\":\"https:\/\/www.modapelle.gr\/wp-content\/uploads\/2021\/07\/modapelle-logo.png\",\"contentUrl\":\"https:\/\/www.modapelle.gr\/wp-content\/uploads\/2021\/07\/modapelle-logo.png\",\"width\":388,\"height\":120,\"caption\":\"MODAPELLE\"},\"image\":{\"@id\":\"https:\/\/www.modapelle.gr\/de\/#\/schema\/logo\/image\/\"}}]}<\/script>\n<!-- \/ Yoast SEO plugin. -->","yoast_head_json":{"title":"Lederjacke Carter Schwarz - MODAPELLE","description":"Eine Herrenlederjacke, aus hochwertigem Nappaleder in Schwarz - weich im Griff - und in einer bequemen Passform","robots":{"index":"index","follow":"follow","max-snippet":"max-snippet:-1","max-image-preview":"max-image-preview:large","max-video-preview":"max-video-preview:-1"},"canonical":"https:\/\/www.modapelle.gr\/de\/produkt\/lederjacke-carter-schwarz\/","og_locale":"de_DE","og_type":"article","og_title":"Lederjacke Carter Schwarz - MODAPELLE","og_description":"Eine Herrenlederjacke, aus hochwertigem Nappaleder in Schwarz - weich im Griff - und in einer bequemen Passform","og_url":"https:\/\/www.modapelle.gr\/de\/produkt\/lederjacke-carter-schwarz\/","og_site_name":"MODAPELLE","article_modified_time":"2023-06-02T10:18:15+00:00","og_image":[{"width":1200,"height":1200,"url":"https:\/\/www.modapelle.gr\/wp-content\/uploads\/2022\/11\/\u03b4\u03b5\u03c1\u03bc\u03ac\u03c4\u03b9\u03bd\u03bf-\u03b1\u03bd\u03b4\u03c1\u03b9\u03ba\u03cc-\u03bc\u03c0\u03bf\u03c5\u03c6\u03ac\u03bd-Carter-black-a2L.jpg","type":"image\/jpeg"}],"twitter_card":"summary_large_image","twitter_misc":{"Gesch\u00e4tzte Lesezeit":"1\u00a0Minute"},"schema":{"@context":"https:\/\/schema.org","@graph":[{"@type":"WebPage","@id":"https:\/\/www.modapelle.gr\/de\/produkt\/lederjacke-carter-schwarz\/","url":"https:\/\/www.modapelle.gr\/de\/produkt\/lederjacke-carter-schwarz\/","name":"Lederjacke Carter Schwarz - MODAPELLE","isPartOf":{"@id":"https:\/\/www.modapelle.gr\/de\/#website"},"primaryImageOfPage":{"@id":"https:\/\/www.modapelle.gr\/de\/produkt\/lederjacke-carter-schwarz\/#primaryimage"},"image":{"@id":"https:\/\/www.modapelle.gr\/de\/produkt\/lederjacke-carter-schwarz\/#primaryimage"},"thumbnailUrl":"https:\/\/www.modapelle.gr\/wp-content\/uploads\/2022\/11\/\u03b4\u03b5\u03c1\u03bc\u03ac\u03c4\u03b9\u03bd\u03bf-\u03b1\u03bd\u03b4\u03c1\u03b9\u03ba\u03cc-\u03bc\u03c0\u03bf\u03c5\u03c6\u03ac\u03bd-Carter-black-a2L.jpg","datePublished":"2022-11-02T15:51:35+00:00","dateModified":"2023-06-02T10:18:15+00:00","description":"Eine Herrenlederjacke, aus hochwertigem Nappaleder in Schwarz - weich im Griff - und in einer bequemen Passform","breadcrumb":{"@id":"https:\/\/www.modapelle.gr\/de\/produkt\/lederjacke-carter-schwarz\/#breadcrumb"},"inLanguage":"de","potentialAction":[{"@type":"ReadAction","target":["https:\/\/www.modapelle.gr\/de\/produkt\/lederjacke-carter-schwarz\/"]}]},{"@type":"ImageObject","inLanguage":"de","@id":"https:\/\/www.modapelle.gr\/de\/produkt\/lederjacke-carter-schwarz\/#primaryimage","url":"https:\/\/www.modapelle.gr\/wp-content\/uploads\/2022\/11\/\u03b4\u03b5\u03c1\u03bc\u03ac\u03c4\u03b9\u03bd\u03bf-\u03b1\u03bd\u03b4\u03c1\u03b9\u03ba\u03cc-\u03bc\u03c0\u03bf\u03c5\u03c6\u03ac\u03bd-Carter-black-a2L.jpg","contentUrl":"https:\/\/www.modapelle.gr\/wp-content\/uploads\/2022\/11\/\u03b4\u03b5\u03c1\u03bc\u03ac\u03c4\u03b9\u03bd\u03bf-\u03b1\u03bd\u03b4\u03c1\u03b9\u03ba\u03cc-\u03bc\u03c0\u03bf\u03c5\u03c6\u03ac\u03bd-Carter-black-a2L.jpg","width":1200,"height":1200,"caption":"Lederjacke Carter Schwarz"},{"@type":"BreadcrumbList","@id":"https:\/\/www.modapelle.gr\/de\/produkt\/lederjacke-carter-schwarz\/#breadcrumb","itemListElement":[{"@type":"ListItem","position":1,"name":"Modapelle","item":"https:\/\/www.modapelle.gr\/de\/"},{"@type":"ListItem","position":2,"name":"Shop","item":"https:\/\/www.modapelle.gr\/de\/shop\/"},{"@type":"ListItem","position":3,"name":"Mann","item":"https:\/\/www.modapelle.gr\/de\/produkt-kategorie\/mann\/"},{"@type":"ListItem","position":4,"name":"Herren Lederjacken","item":"https:\/\/www.modapelle.gr\/de\/produkt-kategorie\/mann\/herren-lederjacken\/"},{"@type":"ListItem","position":5,"name":"Lederjacke Carter Schwarz"}]},{"@type":"WebSite","@id":"https:\/\/www.modapelle.gr\/de\/#website","url":"https:\/\/www.modapelle.gr\/de\/","name":"MODAPELLE","description":"Lederbekleidung, Taschen & Accessoires","publisher":{"@id":"https:\/\/www.modapelle.gr\/de\/#organization"},"potentialAction":[{"@type":"SearchAction","target":{"@type":"EntryPoint","urlTemplate":"https:\/\/www.modapelle.gr\/de\/?s={search_term_string}"},"query-input":{"@type":"PropertyValueSpecification","valueRequired":true,"valueName":"search_term_string"}}],"inLanguage":"de"},{"@type":"Organization","@id":"https:\/\/www.modapelle.gr\/de\/#organization","name":"MODAPELLE","url":"https:\/\/www.modapelle.gr\/de\/","logo":{"@type":"ImageObject","inLanguage":"de","@id":"https:\/\/www.modapelle.gr\/de\/#\/schema\/logo\/image\/","url":"https:\/\/www.modapelle.gr\/wp-content\/uploads\/2021\/07\/modapelle-logo.png","contentUrl":"https:\/\/www.modapelle.gr\/wp-content\/uploads\/2021\/07\/modapelle-logo.png","width":388,"height":120,"caption":"MODAPELLE"},"image":{"@id":"https:\/\/www.modapelle.gr\/de\/#\/schema\/logo\/image\/"}}]}},"_links":{"self":[{"href":"https:\/\/www.modapelle.gr\/de\/wp-json\/wp\/v2\/product\/20184","targetHints":{"allow":["GET"]}}],"collection":[{"href":"https:\/\/www.modapelle.gr\/de\/wp-json\/wp\/v2\/product"}],"about":[{"href":"https:\/\/www.modapelle.gr\/de\/wp-json\/wp\/v2\/types\/product"}],"wp:featuredmedia":[{"embeddable":true,"href":"https:\/\/www.modapelle.gr\/de\/wp-json\/wp\/v2\/media\/14091"}],"wp:attachment":[{"href":"https:\/\/www.modapelle.gr\/de\/wp-json\/wp\/v2\/media?parent=20184"}],"wp:term":[{"taxonomy":"product_brand","embeddable":true,"href":"https:\/\/www.modapelle.gr\/de\/wp-json\/wp\/v2\/product_brand?post=20184"},{"taxonomy":"product_cat","embeddable":true,"href":"https:\/\/www.modapelle.gr\/de\/wp-json\/wp\/v2\/product_cat?post=20184"},{"taxonomy":"product_tag","embeddable":true,"href":"https:\/\/www.modapelle.gr\/de\/wp-json\/wp\/v2\/product_tag?post=20184"}],"curies":[{"name":"wp","href":"https:\/\/api.w.org\/{rel}","templated":true}]}}