{"id":20166,"date":"2022-12-15T20:04:43","date_gmt":"2022-12-15T18:04:43","guid":{"rendered":"https:\/\/www.modapelle.gr\/product\/lederjacke-salvatore-schwarz\/"},"modified":"2023-06-02T13:28:35","modified_gmt":"2023-06-02T10:28:35","slug":"lederjacke-salvatore-schwarz","status":"publish","type":"product","link":"https:\/\/www.modapelle.gr\/de\/produkt\/lederjacke-salvatore-schwarz\/","title":{"rendered":"Lederjacke Salvatore Schwarz"},"content":{"rendered":"<h2>Schwarz<\/h2>\n<p>Herren-Lederjacke von erstklassiger Qualit\u00e4t, hergestellt aus weichem Nappaleder! Sie verf\u00fcgt \u00fcber sieben Au\u00dfentaschen (zwei mit Klappe und f\u00fcnf mit Rei\u00dfverschluss) und zwei Innentaschen, wovon eine mit Rei\u00dfverschluss verschlossen wird.<\/p>\n<p>Die Vorderseite wird an zwei Stellen geschlossen, wobei die innere mit einem abnehmbaren Rei\u00dfverschluss (Stoff) versehen ist, w\u00e4hrend die \u00e4u\u00dfere mit Rei\u00dfverschluss und Kn\u00f6pfen geschlossen wird! Das Jacket besitzt eine innere Polsterung und ein schwarzes Futter.<\/p>\n","protected":false},"excerpt":{"rendered":"<h3><strong>Herren-Lederjacke<\/strong><\/h3>\n<p>Ein hochwertiges Herren-Lederjacke aus weichem Lammnappaleder in Schwarz.<\/p>\n<p>In regul\u00e4rer Passform &#8211; sie hat sieben Au\u00dfentaschen (zwei mit Klappe und f\u00fcnf mit Rei\u00dfverschluss) und zwei Innentaschen, wovon eine mit Rei\u00dfverschluss verschlossen wird! An der Vorderseite wird sie an zwei Stellen geschlossen, wobei der innere Verschluss mit einem abnehmbaren Rei\u00dfverschluss (aus Stoff) ausgestattet ist und der \u00e4u\u00dfere Verschluss mit Rei\u00dfverschluss und Kn\u00f6pfen erfolgt! Sie hat eine innere Polsterung (Futter in Schwarz).<\/p>\n<p><strong>Das Modell tr\u00e4gt Gr\u00f6\u00dfe L (H\u00f6he 183 cm &#8211; Brustumfang 102 cm &#8211; Taillenumfang 100 cm).<\/strong><\/p>\n","protected":false},"featured_media":14311,"template":"","meta":{"_acf_changed":false},"product_brand":[],"product_cat":[509],"product_tag":[569,565,496],"class_list":{"0":"post-20166","1":"product","2":"type-product","3":"status-publish","4":"has-post-thumbnail","6":"product_cat-herren-lederjacken","7":"product_tag-herren-lederjacke","8":"product_tag-mann","9":"product_tag-schwarze-farbe","11":"first","12":"instock","13":"sale","14":"shipping-taxable","15":"purchasable","16":"product-type-variable"},"acf":[],"yoast_head":"<!-- This site is optimized with the Yoast SEO plugin v27.2 - https:\/\/yoast.com\/product\/yoast-seo-wordpress\/ -->\n<title>Lederjacke Salvatore Schwarz - MODAPELLE<\/title>\n<meta name=\"description\" content=\"Ein hochwertiges Herren-Lederjacke aus weichem Lammnappaleder in Schwarz. In regul\u00e4rer Passform\" \/>\n<meta name=\"robots\" content=\"index, follow, max-snippet:-1, max-image-preview:large, max-video-preview:-1\" \/>\n<link rel=\"canonical\" href=\"https:\/\/www.modapelle.gr\/de\/produkt\/lederjacke-salvatore-schwarz\/\" \/>\n<meta property=\"og:locale\" content=\"de_DE\" \/>\n<meta property=\"og:type\" content=\"article\" \/>\n<meta property=\"og:title\" content=\"Lederjacke Salvatore Schwarz - MODAPELLE\" \/>\n<meta property=\"og:description\" content=\"Ein hochwertiges Herren-Lederjacke aus weichem Lammnappaleder in Schwarz. In regul\u00e4rer Passform\" \/>\n<meta property=\"og:url\" content=\"https:\/\/www.modapelle.gr\/de\/produkt\/lederjacke-salvatore-schwarz\/\" \/>\n<meta property=\"og:site_name\" content=\"MODAPELLE\" \/>\n<meta property=\"article:modified_time\" content=\"2023-06-02T10:28:35+00:00\" \/>\n<meta property=\"og:image\" content=\"https:\/\/www.modapelle.gr\/wp-content\/uploads\/2022\/12\/\u03b4\u03b5\u03c1\u03bc\u03ac\u03c4\u03b9\u03bd\u03bf-\u03b1\u03bd\u03b4\u03c1\u03b9\u03ba\u03cc-\u03bc\u03c0\u03bf\u03c5\u03c6\u03ac\u03bd-salvatore-black-4aL.jpg\" \/>\n\t<meta property=\"og:image:width\" content=\"1200\" \/>\n\t<meta property=\"og:image:height\" content=\"1200\" \/>\n\t<meta property=\"og:image:type\" content=\"image\/jpeg\" \/>\n<meta name=\"twitter:card\" content=\"summary_large_image\" \/>\n<meta name=\"twitter:label1\" content=\"Gesch\u00e4tzte Lesezeit\" \/>\n\t<meta name=\"twitter:data1\" content=\"1\u00a0Minute\" \/>\n<script type=\"application\/ld+json\" class=\"yoast-schema-graph\">{\"@context\":\"https:\/\/schema.org\",\"@graph\":[{\"@type\":\"WebPage\",\"@id\":\"https:\/\/www.modapelle.gr\/de\/produkt\/lederjacke-salvatore-schwarz\/\",\"url\":\"https:\/\/www.modapelle.gr\/de\/produkt\/lederjacke-salvatore-schwarz\/\",\"name\":\"Lederjacke Salvatore Schwarz - MODAPELLE\",\"isPartOf\":{\"@id\":\"https:\/\/www.modapelle.gr\/de\/#website\"},\"primaryImageOfPage\":{\"@id\":\"https:\/\/www.modapelle.gr\/de\/produkt\/lederjacke-salvatore-schwarz\/#primaryimage\"},\"image\":{\"@id\":\"https:\/\/www.modapelle.gr\/de\/produkt\/lederjacke-salvatore-schwarz\/#primaryimage\"},\"thumbnailUrl\":\"https:\/\/www.modapelle.gr\/wp-content\/uploads\/2022\/12\/\u03b4\u03b5\u03c1\u03bc\u03ac\u03c4\u03b9\u03bd\u03bf-\u03b1\u03bd\u03b4\u03c1\u03b9\u03ba\u03cc-\u03bc\u03c0\u03bf\u03c5\u03c6\u03ac\u03bd-salvatore-black-4aL.jpg\",\"datePublished\":\"2022-12-15T18:04:43+00:00\",\"dateModified\":\"2023-06-02T10:28:35+00:00\",\"description\":\"Ein hochwertiges Herren-Lederjacke aus weichem Lammnappaleder in Schwarz. In regul\u00e4rer Passform\",\"breadcrumb\":{\"@id\":\"https:\/\/www.modapelle.gr\/de\/produkt\/lederjacke-salvatore-schwarz\/#breadcrumb\"},\"inLanguage\":\"de\",\"potentialAction\":[{\"@type\":\"ReadAction\",\"target\":[\"https:\/\/www.modapelle.gr\/de\/produkt\/lederjacke-salvatore-schwarz\/\"]}]},{\"@type\":\"ImageObject\",\"inLanguage\":\"de\",\"@id\":\"https:\/\/www.modapelle.gr\/de\/produkt\/lederjacke-salvatore-schwarz\/#primaryimage\",\"url\":\"https:\/\/www.modapelle.gr\/wp-content\/uploads\/2022\/12\/\u03b4\u03b5\u03c1\u03bc\u03ac\u03c4\u03b9\u03bd\u03bf-\u03b1\u03bd\u03b4\u03c1\u03b9\u03ba\u03cc-\u03bc\u03c0\u03bf\u03c5\u03c6\u03ac\u03bd-salvatore-black-4aL.jpg\",\"contentUrl\":\"https:\/\/www.modapelle.gr\/wp-content\/uploads\/2022\/12\/\u03b4\u03b5\u03c1\u03bc\u03ac\u03c4\u03b9\u03bd\u03bf-\u03b1\u03bd\u03b4\u03c1\u03b9\u03ba\u03cc-\u03bc\u03c0\u03bf\u03c5\u03c6\u03ac\u03bd-salvatore-black-4aL.jpg\",\"width\":1200,\"height\":1200,\"caption\":\"Lederjacke Salvatore Schwarz\"},{\"@type\":\"BreadcrumbList\",\"@id\":\"https:\/\/www.modapelle.gr\/de\/produkt\/lederjacke-salvatore-schwarz\/#breadcrumb\",\"itemListElement\":[{\"@type\":\"ListItem\",\"position\":1,\"name\":\"Modapelle\",\"item\":\"https:\/\/www.modapelle.gr\/de\/\"},{\"@type\":\"ListItem\",\"position\":2,\"name\":\"Shop\",\"item\":\"https:\/\/www.modapelle.gr\/de\/shop\/\"},{\"@type\":\"ListItem\",\"position\":3,\"name\":\"Mann\",\"item\":\"https:\/\/www.modapelle.gr\/de\/produkt-kategorie\/mann\/\"},{\"@type\":\"ListItem\",\"position\":4,\"name\":\"Herren Lederjacken\",\"item\":\"https:\/\/www.modapelle.gr\/de\/produkt-kategorie\/mann\/herren-lederjacken\/\"},{\"@type\":\"ListItem\",\"position\":5,\"name\":\"Lederjacke Salvatore Schwarz\"}]},{\"@type\":\"WebSite\",\"@id\":\"https:\/\/www.modapelle.gr\/de\/#website\",\"url\":\"https:\/\/www.modapelle.gr\/de\/\",\"name\":\"MODAPELLE\",\"description\":\"Lederbekleidung, Taschen & Accessoires\",\"publisher\":{\"@id\":\"https:\/\/www.modapelle.gr\/de\/#organization\"},\"potentialAction\":[{\"@type\":\"SearchAction\",\"target\":{\"@type\":\"EntryPoint\",\"urlTemplate\":\"https:\/\/www.modapelle.gr\/de\/?s={search_term_string}\"},\"query-input\":{\"@type\":\"PropertyValueSpecification\",\"valueRequired\":true,\"valueName\":\"search_term_string\"}}],\"inLanguage\":\"de\"},{\"@type\":\"Organization\",\"@id\":\"https:\/\/www.modapelle.gr\/de\/#organization\",\"name\":\"MODAPELLE\",\"url\":\"https:\/\/www.modapelle.gr\/de\/\",\"logo\":{\"@type\":\"ImageObject\",\"inLanguage\":\"de\",\"@id\":\"https:\/\/www.modapelle.gr\/de\/#\/schema\/logo\/image\/\",\"url\":\"https:\/\/www.modapelle.gr\/wp-content\/uploads\/2021\/07\/modapelle-logo.png\",\"contentUrl\":\"https:\/\/www.modapelle.gr\/wp-content\/uploads\/2021\/07\/modapelle-logo.png\",\"width\":388,\"height\":120,\"caption\":\"MODAPELLE\"},\"image\":{\"@id\":\"https:\/\/www.modapelle.gr\/de\/#\/schema\/logo\/image\/\"}}]}<\/script>\n<!-- \/ Yoast SEO plugin. -->","yoast_head_json":{"title":"Lederjacke Salvatore Schwarz - MODAPELLE","description":"Ein hochwertiges Herren-Lederjacke aus weichem Lammnappaleder in Schwarz. In regul\u00e4rer Passform","robots":{"index":"index","follow":"follow","max-snippet":"max-snippet:-1","max-image-preview":"max-image-preview:large","max-video-preview":"max-video-preview:-1"},"canonical":"https:\/\/www.modapelle.gr\/de\/produkt\/lederjacke-salvatore-schwarz\/","og_locale":"de_DE","og_type":"article","og_title":"Lederjacke Salvatore Schwarz - MODAPELLE","og_description":"Ein hochwertiges Herren-Lederjacke aus weichem Lammnappaleder in Schwarz. In regul\u00e4rer Passform","og_url":"https:\/\/www.modapelle.gr\/de\/produkt\/lederjacke-salvatore-schwarz\/","og_site_name":"MODAPELLE","article_modified_time":"2023-06-02T10:28:35+00:00","og_image":[{"width":1200,"height":1200,"url":"https:\/\/www.modapelle.gr\/wp-content\/uploads\/2022\/12\/\u03b4\u03b5\u03c1\u03bc\u03ac\u03c4\u03b9\u03bd\u03bf-\u03b1\u03bd\u03b4\u03c1\u03b9\u03ba\u03cc-\u03bc\u03c0\u03bf\u03c5\u03c6\u03ac\u03bd-salvatore-black-4aL.jpg","type":"image\/jpeg"}],"twitter_card":"summary_large_image","twitter_misc":{"Gesch\u00e4tzte Lesezeit":"1\u00a0Minute"},"schema":{"@context":"https:\/\/schema.org","@graph":[{"@type":"WebPage","@id":"https:\/\/www.modapelle.gr\/de\/produkt\/lederjacke-salvatore-schwarz\/","url":"https:\/\/www.modapelle.gr\/de\/produkt\/lederjacke-salvatore-schwarz\/","name":"Lederjacke Salvatore Schwarz - MODAPELLE","isPartOf":{"@id":"https:\/\/www.modapelle.gr\/de\/#website"},"primaryImageOfPage":{"@id":"https:\/\/www.modapelle.gr\/de\/produkt\/lederjacke-salvatore-schwarz\/#primaryimage"},"image":{"@id":"https:\/\/www.modapelle.gr\/de\/produkt\/lederjacke-salvatore-schwarz\/#primaryimage"},"thumbnailUrl":"https:\/\/www.modapelle.gr\/wp-content\/uploads\/2022\/12\/\u03b4\u03b5\u03c1\u03bc\u03ac\u03c4\u03b9\u03bd\u03bf-\u03b1\u03bd\u03b4\u03c1\u03b9\u03ba\u03cc-\u03bc\u03c0\u03bf\u03c5\u03c6\u03ac\u03bd-salvatore-black-4aL.jpg","datePublished":"2022-12-15T18:04:43+00:00","dateModified":"2023-06-02T10:28:35+00:00","description":"Ein hochwertiges Herren-Lederjacke aus weichem Lammnappaleder in Schwarz. In regul\u00e4rer Passform","breadcrumb":{"@id":"https:\/\/www.modapelle.gr\/de\/produkt\/lederjacke-salvatore-schwarz\/#breadcrumb"},"inLanguage":"de","potentialAction":[{"@type":"ReadAction","target":["https:\/\/www.modapelle.gr\/de\/produkt\/lederjacke-salvatore-schwarz\/"]}]},{"@type":"ImageObject","inLanguage":"de","@id":"https:\/\/www.modapelle.gr\/de\/produkt\/lederjacke-salvatore-schwarz\/#primaryimage","url":"https:\/\/www.modapelle.gr\/wp-content\/uploads\/2022\/12\/\u03b4\u03b5\u03c1\u03bc\u03ac\u03c4\u03b9\u03bd\u03bf-\u03b1\u03bd\u03b4\u03c1\u03b9\u03ba\u03cc-\u03bc\u03c0\u03bf\u03c5\u03c6\u03ac\u03bd-salvatore-black-4aL.jpg","contentUrl":"https:\/\/www.modapelle.gr\/wp-content\/uploads\/2022\/12\/\u03b4\u03b5\u03c1\u03bc\u03ac\u03c4\u03b9\u03bd\u03bf-\u03b1\u03bd\u03b4\u03c1\u03b9\u03ba\u03cc-\u03bc\u03c0\u03bf\u03c5\u03c6\u03ac\u03bd-salvatore-black-4aL.jpg","width":1200,"height":1200,"caption":"Lederjacke Salvatore Schwarz"},{"@type":"BreadcrumbList","@id":"https:\/\/www.modapelle.gr\/de\/produkt\/lederjacke-salvatore-schwarz\/#breadcrumb","itemListElement":[{"@type":"ListItem","position":1,"name":"Modapelle","item":"https:\/\/www.modapelle.gr\/de\/"},{"@type":"ListItem","position":2,"name":"Shop","item":"https:\/\/www.modapelle.gr\/de\/shop\/"},{"@type":"ListItem","position":3,"name":"Mann","item":"https:\/\/www.modapelle.gr\/de\/produkt-kategorie\/mann\/"},{"@type":"ListItem","position":4,"name":"Herren Lederjacken","item":"https:\/\/www.modapelle.gr\/de\/produkt-kategorie\/mann\/herren-lederjacken\/"},{"@type":"ListItem","position":5,"name":"Lederjacke Salvatore Schwarz"}]},{"@type":"WebSite","@id":"https:\/\/www.modapelle.gr\/de\/#website","url":"https:\/\/www.modapelle.gr\/de\/","name":"MODAPELLE","description":"Lederbekleidung, Taschen & Accessoires","publisher":{"@id":"https:\/\/www.modapelle.gr\/de\/#organization"},"potentialAction":[{"@type":"SearchAction","target":{"@type":"EntryPoint","urlTemplate":"https:\/\/www.modapelle.gr\/de\/?s={search_term_string}"},"query-input":{"@type":"PropertyValueSpecification","valueRequired":true,"valueName":"search_term_string"}}],"inLanguage":"de"},{"@type":"Organization","@id":"https:\/\/www.modapelle.gr\/de\/#organization","name":"MODAPELLE","url":"https:\/\/www.modapelle.gr\/de\/","logo":{"@type":"ImageObject","inLanguage":"de","@id":"https:\/\/www.modapelle.gr\/de\/#\/schema\/logo\/image\/","url":"https:\/\/www.modapelle.gr\/wp-content\/uploads\/2021\/07\/modapelle-logo.png","contentUrl":"https:\/\/www.modapelle.gr\/wp-content\/uploads\/2021\/07\/modapelle-logo.png","width":388,"height":120,"caption":"MODAPELLE"},"image":{"@id":"https:\/\/www.modapelle.gr\/de\/#\/schema\/logo\/image\/"}}]}},"_links":{"self":[{"href":"https:\/\/www.modapelle.gr\/de\/wp-json\/wp\/v2\/product\/20166","targetHints":{"allow":["GET"]}}],"collection":[{"href":"https:\/\/www.modapelle.gr\/de\/wp-json\/wp\/v2\/product"}],"about":[{"href":"https:\/\/www.modapelle.gr\/de\/wp-json\/wp\/v2\/types\/product"}],"wp:featuredmedia":[{"embeddable":true,"href":"https:\/\/www.modapelle.gr\/de\/wp-json\/wp\/v2\/media\/14311"}],"wp:attachment":[{"href":"https:\/\/www.modapelle.gr\/de\/wp-json\/wp\/v2\/media?parent=20166"}],"wp:term":[{"taxonomy":"product_brand","embeddable":true,"href":"https:\/\/www.modapelle.gr\/de\/wp-json\/wp\/v2\/product_brand?post=20166"},{"taxonomy":"product_cat","embeddable":true,"href":"https:\/\/www.modapelle.gr\/de\/wp-json\/wp\/v2\/product_cat?post=20166"},{"taxonomy":"product_tag","embeddable":true,"href":"https:\/\/www.modapelle.gr\/de\/wp-json\/wp\/v2\/product_tag?post=20166"}],"curies":[{"name":"wp","href":"https:\/\/api.w.org\/{rel}","templated":true}]}}