{"id":19082,"date":"2023-01-17T15:48:25","date_gmt":"2023-01-17T13:48:25","guid":{"rendered":"https:\/\/www.modapelle.gr\/product\/lederhandschuhe-mouton-mp709-beige\/"},"modified":"2023-06-02T13:37:06","modified_gmt":"2023-06-02T10:37:06","slug":"lederhandschuhe-mp709-beige","status":"publish","type":"product","link":"https:\/\/www.modapelle.gr\/de\/produkt\/lederhandschuhe-mp709-beige\/","title":{"rendered":"Lederhandschuhe mp709 beige"},"content":{"rendered":"<p>In diesem winter tragen sie das ultimative accessoire!<\/p>\n<p>Lederhandschuhe &#8211; Mouton &#8211; Toskana f\u00fcr frauen und m\u00e4nner.<\/p>\n<p>Hergestellt aus 100% echtem moutonleder &#8211; diese handschuhe halten ihre h\u00e4nde warm.<\/p>\n<p>Erh\u00e4ltlich in beige farbe und in gr\u00f6\u00dfen S\/M\/L und XL.<\/p>\n\t<div uk-alert>\n\t\t In einigen f\u00e4llen kann die farbe oder das fell der lammfellprodukte aufgrund von lagerbestandsersch\u00f6pfung geringf\u00fcgig von dem auf dem foto abweichen. \t<\/div>\n\t\n","protected":false},"excerpt":{"rendered":"<p>In diesem winter tragen sie das ultimative accessoire!<\/p>\n<p>Lederhandschuhe &#8211; Mouton &#8211; Toskana f\u00fcr frauen und m\u00e4nner.<\/p>\n<p>Hergestellt aus 100% echtem moutonleder &#8211; diese handschuhe halten ihre h\u00e4nde warm.<\/p>\n<p>Erh\u00e4ltlich in beige farbe und in gr\u00f6\u00dfen S\/M\/L und XL.<\/p>\n[box] In einigen f\u00e4llen kann die farbe oder das fell der lammfellprodukte aufgrund von lagerbestandsersch\u00f6pfung geringf\u00fcgig von dem auf dem foto abweichen. [\/box]\n","protected":false},"featured_media":14415,"template":"","meta":{"_acf_changed":false},"product_brand":[],"product_cat":[533,810],"product_tag":[629,589,627],"class_list":{"0":"post-19082","1":"product","2":"type-product","3":"status-publish","4":"has-post-thumbnail","6":"product_cat-lederhandschuhe","7":"product_cat-lederhandschuhe-fuer-maenner","8":"product_tag-beige-farbe","9":"product_tag-lederhandschuhe","10":"product_tag-schaffell","12":"first","13":"instock","14":"sale","15":"shipping-taxable","16":"purchasable","17":"product-type-variable"},"acf":[],"yoast_head":"<!-- This site is optimized with the Yoast SEO plugin v27.2 - https:\/\/yoast.com\/product\/yoast-seo-wordpress\/ -->\n<title>Lederhandschuhe mp709 beige - MODAPELLE<\/title>\n<meta name=\"description\" content=\"Lederhandschuhe - Mouton - Toskana f\u00fcr frauen und m\u00e4nner. Hergestellt aus 100% echtem moutonleder - diese handschuhe halten ihre h\u00e4nde warm.\" \/>\n<meta name=\"robots\" content=\"index, follow, max-snippet:-1, max-image-preview:large, max-video-preview:-1\" \/>\n<link rel=\"canonical\" href=\"https:\/\/www.modapelle.gr\/de\/produkt\/lederhandschuhe-mp709-beige\/\" \/>\n<meta property=\"og:locale\" content=\"de_DE\" \/>\n<meta property=\"og:type\" content=\"article\" \/>\n<meta property=\"og:title\" content=\"Lederhandschuhe mp709 beige - MODAPELLE\" \/>\n<meta property=\"og:description\" content=\"Lederhandschuhe - Mouton - Toskana f\u00fcr frauen und m\u00e4nner. Hergestellt aus 100% echtem moutonleder - diese handschuhe halten ihre h\u00e4nde warm.\" \/>\n<meta property=\"og:url\" content=\"https:\/\/www.modapelle.gr\/de\/produkt\/lederhandschuhe-mp709-beige\/\" \/>\n<meta property=\"og:site_name\" content=\"MODAPELLE\" \/>\n<meta property=\"article:modified_time\" content=\"2023-06-02T10:37:06+00:00\" \/>\n<meta property=\"og:image\" content=\"https:\/\/www.modapelle.gr\/wp-content\/uploads\/2023\/01\/mp-709-\u03bc\u03c0\u03b5\u03b6-1L.jpg\" \/>\n\t<meta property=\"og:image:width\" content=\"1200\" \/>\n\t<meta property=\"og:image:height\" content=\"1200\" \/>\n\t<meta property=\"og:image:type\" content=\"image\/jpeg\" \/>\n<meta name=\"twitter:card\" content=\"summary_large_image\" \/>\n<meta name=\"twitter:label1\" content=\"Gesch\u00e4tzte Lesezeit\" \/>\n\t<meta name=\"twitter:data1\" content=\"1\u00a0Minute\" \/>\n<script type=\"application\/ld+json\" class=\"yoast-schema-graph\">{\"@context\":\"https:\/\/schema.org\",\"@graph\":[{\"@type\":\"WebPage\",\"@id\":\"https:\/\/www.modapelle.gr\/de\/produkt\/lederhandschuhe-mp709-beige\/\",\"url\":\"https:\/\/www.modapelle.gr\/de\/produkt\/lederhandschuhe-mp709-beige\/\",\"name\":\"Lederhandschuhe mp709 beige - MODAPELLE\",\"isPartOf\":{\"@id\":\"https:\/\/www.modapelle.gr\/de\/#website\"},\"primaryImageOfPage\":{\"@id\":\"https:\/\/www.modapelle.gr\/de\/produkt\/lederhandschuhe-mp709-beige\/#primaryimage\"},\"image\":{\"@id\":\"https:\/\/www.modapelle.gr\/de\/produkt\/lederhandschuhe-mp709-beige\/#primaryimage\"},\"thumbnailUrl\":\"https:\/\/www.modapelle.gr\/wp-content\/uploads\/2023\/01\/mp-709-\u03bc\u03c0\u03b5\u03b6-1L.jpg\",\"datePublished\":\"2023-01-17T13:48:25+00:00\",\"dateModified\":\"2023-06-02T10:37:06+00:00\",\"description\":\"Lederhandschuhe - Mouton - Toskana f\u00fcr frauen und m\u00e4nner. Hergestellt aus 100% echtem moutonleder - diese handschuhe halten ihre h\u00e4nde warm.\",\"breadcrumb\":{\"@id\":\"https:\/\/www.modapelle.gr\/de\/produkt\/lederhandschuhe-mp709-beige\/#breadcrumb\"},\"inLanguage\":\"de\",\"potentialAction\":[{\"@type\":\"ReadAction\",\"target\":[\"https:\/\/www.modapelle.gr\/de\/produkt\/lederhandschuhe-mp709-beige\/\"]}]},{\"@type\":\"ImageObject\",\"inLanguage\":\"de\",\"@id\":\"https:\/\/www.modapelle.gr\/de\/produkt\/lederhandschuhe-mp709-beige\/#primaryimage\",\"url\":\"https:\/\/www.modapelle.gr\/wp-content\/uploads\/2023\/01\/mp-709-\u03bc\u03c0\u03b5\u03b6-1L.jpg\",\"contentUrl\":\"https:\/\/www.modapelle.gr\/wp-content\/uploads\/2023\/01\/mp-709-\u03bc\u03c0\u03b5\u03b6-1L.jpg\",\"width\":1200,\"height\":1200,\"caption\":\"Lederhandschuhe - mouton mp709 beige\"},{\"@type\":\"BreadcrumbList\",\"@id\":\"https:\/\/www.modapelle.gr\/de\/produkt\/lederhandschuhe-mp709-beige\/#breadcrumb\",\"itemListElement\":[{\"@type\":\"ListItem\",\"position\":1,\"name\":\"Modapelle\",\"item\":\"https:\/\/www.modapelle.gr\/de\/\"},{\"@type\":\"ListItem\",\"position\":2,\"name\":\"Shop\",\"item\":\"https:\/\/www.modapelle.gr\/de\/shop\/\"},{\"@type\":\"ListItem\",\"position\":3,\"name\":\"Lederhandschuhe\",\"item\":\"https:\/\/www.modapelle.gr\/de\/produkt-kategorie\/frau\/lederhandschuhe\/\"},{\"@type\":\"ListItem\",\"position\":4,\"name\":\"Lederhandschuhe mp709 beige\"}]},{\"@type\":\"WebSite\",\"@id\":\"https:\/\/www.modapelle.gr\/de\/#website\",\"url\":\"https:\/\/www.modapelle.gr\/de\/\",\"name\":\"MODAPELLE\",\"description\":\"Lederbekleidung, Taschen & Accessoires\",\"publisher\":{\"@id\":\"https:\/\/www.modapelle.gr\/de\/#organization\"},\"potentialAction\":[{\"@type\":\"SearchAction\",\"target\":{\"@type\":\"EntryPoint\",\"urlTemplate\":\"https:\/\/www.modapelle.gr\/de\/?s={search_term_string}\"},\"query-input\":{\"@type\":\"PropertyValueSpecification\",\"valueRequired\":true,\"valueName\":\"search_term_string\"}}],\"inLanguage\":\"de\"},{\"@type\":\"Organization\",\"@id\":\"https:\/\/www.modapelle.gr\/de\/#organization\",\"name\":\"MODAPELLE\",\"url\":\"https:\/\/www.modapelle.gr\/de\/\",\"logo\":{\"@type\":\"ImageObject\",\"inLanguage\":\"de\",\"@id\":\"https:\/\/www.modapelle.gr\/de\/#\/schema\/logo\/image\/\",\"url\":\"https:\/\/www.modapelle.gr\/wp-content\/uploads\/2021\/07\/modapelle-logo.png\",\"contentUrl\":\"https:\/\/www.modapelle.gr\/wp-content\/uploads\/2021\/07\/modapelle-logo.png\",\"width\":388,\"height\":120,\"caption\":\"MODAPELLE\"},\"image\":{\"@id\":\"https:\/\/www.modapelle.gr\/de\/#\/schema\/logo\/image\/\"}}]}<\/script>\n<!-- \/ Yoast SEO plugin. -->","yoast_head_json":{"title":"Lederhandschuhe mp709 beige - MODAPELLE","description":"Lederhandschuhe - Mouton - Toskana f\u00fcr frauen und m\u00e4nner. Hergestellt aus 100% echtem moutonleder - diese handschuhe halten ihre h\u00e4nde warm.","robots":{"index":"index","follow":"follow","max-snippet":"max-snippet:-1","max-image-preview":"max-image-preview:large","max-video-preview":"max-video-preview:-1"},"canonical":"https:\/\/www.modapelle.gr\/de\/produkt\/lederhandschuhe-mp709-beige\/","og_locale":"de_DE","og_type":"article","og_title":"Lederhandschuhe mp709 beige - MODAPELLE","og_description":"Lederhandschuhe - Mouton - Toskana f\u00fcr frauen und m\u00e4nner. Hergestellt aus 100% echtem moutonleder - diese handschuhe halten ihre h\u00e4nde warm.","og_url":"https:\/\/www.modapelle.gr\/de\/produkt\/lederhandschuhe-mp709-beige\/","og_site_name":"MODAPELLE","article_modified_time":"2023-06-02T10:37:06+00:00","og_image":[{"width":1200,"height":1200,"url":"https:\/\/www.modapelle.gr\/wp-content\/uploads\/2023\/01\/mp-709-\u03bc\u03c0\u03b5\u03b6-1L.jpg","type":"image\/jpeg"}],"twitter_card":"summary_large_image","twitter_misc":{"Gesch\u00e4tzte Lesezeit":"1\u00a0Minute"},"schema":{"@context":"https:\/\/schema.org","@graph":[{"@type":"WebPage","@id":"https:\/\/www.modapelle.gr\/de\/produkt\/lederhandschuhe-mp709-beige\/","url":"https:\/\/www.modapelle.gr\/de\/produkt\/lederhandschuhe-mp709-beige\/","name":"Lederhandschuhe mp709 beige - MODAPELLE","isPartOf":{"@id":"https:\/\/www.modapelle.gr\/de\/#website"},"primaryImageOfPage":{"@id":"https:\/\/www.modapelle.gr\/de\/produkt\/lederhandschuhe-mp709-beige\/#primaryimage"},"image":{"@id":"https:\/\/www.modapelle.gr\/de\/produkt\/lederhandschuhe-mp709-beige\/#primaryimage"},"thumbnailUrl":"https:\/\/www.modapelle.gr\/wp-content\/uploads\/2023\/01\/mp-709-\u03bc\u03c0\u03b5\u03b6-1L.jpg","datePublished":"2023-01-17T13:48:25+00:00","dateModified":"2023-06-02T10:37:06+00:00","description":"Lederhandschuhe - Mouton - Toskana f\u00fcr frauen und m\u00e4nner. Hergestellt aus 100% echtem moutonleder - diese handschuhe halten ihre h\u00e4nde warm.","breadcrumb":{"@id":"https:\/\/www.modapelle.gr\/de\/produkt\/lederhandschuhe-mp709-beige\/#breadcrumb"},"inLanguage":"de","potentialAction":[{"@type":"ReadAction","target":["https:\/\/www.modapelle.gr\/de\/produkt\/lederhandschuhe-mp709-beige\/"]}]},{"@type":"ImageObject","inLanguage":"de","@id":"https:\/\/www.modapelle.gr\/de\/produkt\/lederhandschuhe-mp709-beige\/#primaryimage","url":"https:\/\/www.modapelle.gr\/wp-content\/uploads\/2023\/01\/mp-709-\u03bc\u03c0\u03b5\u03b6-1L.jpg","contentUrl":"https:\/\/www.modapelle.gr\/wp-content\/uploads\/2023\/01\/mp-709-\u03bc\u03c0\u03b5\u03b6-1L.jpg","width":1200,"height":1200,"caption":"Lederhandschuhe - mouton mp709 beige"},{"@type":"BreadcrumbList","@id":"https:\/\/www.modapelle.gr\/de\/produkt\/lederhandschuhe-mp709-beige\/#breadcrumb","itemListElement":[{"@type":"ListItem","position":1,"name":"Modapelle","item":"https:\/\/www.modapelle.gr\/de\/"},{"@type":"ListItem","position":2,"name":"Shop","item":"https:\/\/www.modapelle.gr\/de\/shop\/"},{"@type":"ListItem","position":3,"name":"Lederhandschuhe","item":"https:\/\/www.modapelle.gr\/de\/produkt-kategorie\/frau\/lederhandschuhe\/"},{"@type":"ListItem","position":4,"name":"Lederhandschuhe mp709 beige"}]},{"@type":"WebSite","@id":"https:\/\/www.modapelle.gr\/de\/#website","url":"https:\/\/www.modapelle.gr\/de\/","name":"MODAPELLE","description":"Lederbekleidung, Taschen & Accessoires","publisher":{"@id":"https:\/\/www.modapelle.gr\/de\/#organization"},"potentialAction":[{"@type":"SearchAction","target":{"@type":"EntryPoint","urlTemplate":"https:\/\/www.modapelle.gr\/de\/?s={search_term_string}"},"query-input":{"@type":"PropertyValueSpecification","valueRequired":true,"valueName":"search_term_string"}}],"inLanguage":"de"},{"@type":"Organization","@id":"https:\/\/www.modapelle.gr\/de\/#organization","name":"MODAPELLE","url":"https:\/\/www.modapelle.gr\/de\/","logo":{"@type":"ImageObject","inLanguage":"de","@id":"https:\/\/www.modapelle.gr\/de\/#\/schema\/logo\/image\/","url":"https:\/\/www.modapelle.gr\/wp-content\/uploads\/2021\/07\/modapelle-logo.png","contentUrl":"https:\/\/www.modapelle.gr\/wp-content\/uploads\/2021\/07\/modapelle-logo.png","width":388,"height":120,"caption":"MODAPELLE"},"image":{"@id":"https:\/\/www.modapelle.gr\/de\/#\/schema\/logo\/image\/"}}]}},"_links":{"self":[{"href":"https:\/\/www.modapelle.gr\/de\/wp-json\/wp\/v2\/product\/19082","targetHints":{"allow":["GET"]}}],"collection":[{"href":"https:\/\/www.modapelle.gr\/de\/wp-json\/wp\/v2\/product"}],"about":[{"href":"https:\/\/www.modapelle.gr\/de\/wp-json\/wp\/v2\/types\/product"}],"wp:featuredmedia":[{"embeddable":true,"href":"https:\/\/www.modapelle.gr\/de\/wp-json\/wp\/v2\/media\/14415"}],"wp:attachment":[{"href":"https:\/\/www.modapelle.gr\/de\/wp-json\/wp\/v2\/media?parent=19082"}],"wp:term":[{"taxonomy":"product_brand","embeddable":true,"href":"https:\/\/www.modapelle.gr\/de\/wp-json\/wp\/v2\/product_brand?post=19082"},{"taxonomy":"product_cat","embeddable":true,"href":"https:\/\/www.modapelle.gr\/de\/wp-json\/wp\/v2\/product_cat?post=19082"},{"taxonomy":"product_tag","embeddable":true,"href":"https:\/\/www.modapelle.gr\/de\/wp-json\/wp\/v2\/product_tag?post=19082"}],"curies":[{"name":"wp","href":"https:\/\/api.w.org\/{rel}","templated":true}]}}