{"id":18990,"date":"2022-01-20T18:00:57","date_gmt":"2022-01-20T16:00:57","guid":{"rendered":"https:\/\/www.modapelle.gr\/product\/lammfell-hausschuhe-mp314-grun\/"},"modified":"2023-06-02T13:42:01","modified_gmt":"2023-06-02T10:42:01","slug":"pelzige-hausschuhe-mp314-grun","status":"publish","type":"product","link":"https:\/\/www.modapelle.gr\/de\/produkt\/pelzige-hausschuhe-mp314-grun\/","title":{"rendered":"Pelzige Hausschuhe mp314 Gr\u00fcn"},"content":{"rendered":"<h2>Herren Pelz Pantoffeln aus Kastoria<\/h2>\n<p>Handgefertigte pelz pantoffeln aus Kastoria von exzellenter qualit\u00e4t.<\/p>\n<p>Bequem, warm und absolut allergenfrei. Dank der nat\u00fcrlichen materialien wird die richtige hygiene des fu\u00dfes erhalten und es wird kein geruch verursacht! Hergestellt aus 100% echtem und hochwertigem nappaleder und mit echtem pelz gef\u00fcttert!<\/p>\n","protected":false},"excerpt":{"rendered":"<p>Au\u00dfergew\u00f6hnlich warme, bequeme und hypoallergene Kastoria-Fellpantoffeln in Gr\u00fcn!<\/p>\n<p>Hergestellt aus 100% echtem, hochwertigem Nappa-Leder (au\u00dfen) und mit nat\u00fcrlicher fell &#8211; und Wollf\u00fctterung gef\u00fcttert.<\/p>\n<ul>\n<li><strong>W\u00e4hlen sie ihre normale schuhgr\u00f6\u00dfe. Wenn sie zwischen zwei gr\u00f6\u00dfen schwanken, w\u00e4hlen sie bei den pantoffeln die gr\u00f6\u00dfere gr\u00f6\u00dfe. Zum beispiel, wenn sie Schuhe in gr\u00f6\u00dfe 44 oder 45 tragen, je nach marke, w\u00e4hlen sie bei den pantoffeln die gr\u00f6\u00dfere gr\u00f6\u00dfe, also die 45.<\/strong><\/li>\n<\/ul>\n","protected":false},"featured_media":13229,"template":"","meta":{"_acf_changed":false},"product_brand":[],"product_cat":[511],"product_tag":[579,641,567],"class_list":{"0":"post-18990","1":"product","2":"type-product","3":"status-publish","4":"has-post-thumbnail","6":"product_cat-herren-pelzige-hausschuhe","7":"product_tag-kastoria-wollpantoffel","8":"product_tag-gruene-farbe","9":"product_tag-mann-de","11":"first","12":"instock","13":"shipping-taxable","14":"purchasable","15":"product-type-variable"},"acf":[],"yoast_head":"<!-- This site is optimized with the Yoast SEO plugin v27.4 - https:\/\/yoast.com\/product\/yoast-seo-wordpress\/ -->\n<title>Pelzige Hausschuhe mp314 Gr\u00fcn - Modapelle<\/title>\n<meta name=\"description\" content=\"Au\u00dfergew\u00f6hnlich warme, bequeme und hypoallergene Kastoria-Fellpantoffeln in Gr\u00fcn!\" \/>\n<meta name=\"robots\" content=\"index, follow, max-snippet:-1, max-image-preview:large, max-video-preview:-1\" \/>\n<link rel=\"canonical\" href=\"https:\/\/www.modapelle.gr\/de\/produkt\/pelzige-hausschuhe-mp314-grun\/\" \/>\n<meta property=\"og:locale\" content=\"de_DE\" \/>\n<meta property=\"og:type\" content=\"article\" \/>\n<meta property=\"og:title\" content=\"Pelzige Hausschuhe mp314 Gr\u00fcn - Modapelle\" \/>\n<meta property=\"og:description\" content=\"Au\u00dfergew\u00f6hnlich warme, bequeme und hypoallergene Kastoria-Fellpantoffeln in Gr\u00fcn!\" \/>\n<meta property=\"og:url\" content=\"https:\/\/www.modapelle.gr\/de\/produkt\/pelzige-hausschuhe-mp314-grun\/\" \/>\n<meta property=\"og:site_name\" content=\"MODAPELLE\" \/>\n<meta property=\"article:modified_time\" content=\"2023-06-02T10:42:01+00:00\" \/>\n<meta property=\"og:image\" content=\"https:\/\/www.modapelle.gr\/wp-content\/uploads\/2022\/01\/\u0393\u039f\u03a5\u039d\u0399\u039d\u0395\u03a3-\u03a0\u0391\u039d\u03a4\u039f\u03a6\u039b\u0395\u03a3-\u039a\u0391\u03a3\u03a4\u039f\u03a1\u0399\u0391\u03a3-mp-314-\u03a0\u03a1\u0391\u03a3\u0399\u039d\u039f-1L.jpg\" \/>\n\t<meta property=\"og:image:width\" content=\"1080\" \/>\n\t<meta property=\"og:image:height\" content=\"1080\" \/>\n\t<meta property=\"og:image:type\" content=\"image\/jpeg\" \/>\n<meta name=\"twitter:card\" content=\"summary_large_image\" \/>\n<meta name=\"twitter:label1\" content=\"Gesch\u00e4tzte Lesezeit\" \/>\n\t<meta name=\"twitter:data1\" content=\"1\u00a0Minute\" \/>\n<script type=\"application\/ld+json\" class=\"yoast-schema-graph\">{\"@context\":\"https:\\\/\\\/schema.org\",\"@graph\":[{\"@type\":\"WebPage\",\"@id\":\"https:\\\/\\\/www.modapelle.gr\\\/de\\\/produkt\\\/pelzige-hausschuhe-mp314-grun\\\/\",\"url\":\"https:\\\/\\\/www.modapelle.gr\\\/de\\\/produkt\\\/pelzige-hausschuhe-mp314-grun\\\/\",\"name\":\"Pelzige Hausschuhe mp314 Gr\u00fcn - Modapelle\",\"isPartOf\":{\"@id\":\"https:\\\/\\\/www.modapelle.gr\\\/de\\\/#website\"},\"primaryImageOfPage\":{\"@id\":\"https:\\\/\\\/www.modapelle.gr\\\/de\\\/produkt\\\/pelzige-hausschuhe-mp314-grun\\\/#primaryimage\"},\"image\":{\"@id\":\"https:\\\/\\\/www.modapelle.gr\\\/de\\\/produkt\\\/pelzige-hausschuhe-mp314-grun\\\/#primaryimage\"},\"thumbnailUrl\":\"https:\\\/\\\/www.modapelle.gr\\\/wp-content\\\/uploads\\\/2022\\\/01\\\/\u0393\u039f\u03a5\u039d\u0399\u039d\u0395\u03a3-\u03a0\u0391\u039d\u03a4\u039f\u03a6\u039b\u0395\u03a3-\u039a\u0391\u03a3\u03a4\u039f\u03a1\u0399\u0391\u03a3-mp-314-\u03a0\u03a1\u0391\u03a3\u0399\u039d\u039f-1L.jpg\",\"datePublished\":\"2022-01-20T16:00:57+00:00\",\"dateModified\":\"2023-06-02T10:42:01+00:00\",\"description\":\"Au\u00dfergew\u00f6hnlich warme, bequeme und hypoallergene Kastoria-Fellpantoffeln in Gr\u00fcn!\",\"breadcrumb\":{\"@id\":\"https:\\\/\\\/www.modapelle.gr\\\/de\\\/produkt\\\/pelzige-hausschuhe-mp314-grun\\\/#breadcrumb\"},\"inLanguage\":\"de\",\"potentialAction\":[{\"@type\":\"ReadAction\",\"target\":[\"https:\\\/\\\/www.modapelle.gr\\\/de\\\/produkt\\\/pelzige-hausschuhe-mp314-grun\\\/\"]}]},{\"@type\":\"ImageObject\",\"inLanguage\":\"de\",\"@id\":\"https:\\\/\\\/www.modapelle.gr\\\/de\\\/produkt\\\/pelzige-hausschuhe-mp314-grun\\\/#primaryimage\",\"url\":\"https:\\\/\\\/www.modapelle.gr\\\/wp-content\\\/uploads\\\/2022\\\/01\\\/\u0393\u039f\u03a5\u039d\u0399\u039d\u0395\u03a3-\u03a0\u0391\u039d\u03a4\u039f\u03a6\u039b\u0395\u03a3-\u039a\u0391\u03a3\u03a4\u039f\u03a1\u0399\u0391\u03a3-mp-314-\u03a0\u03a1\u0391\u03a3\u0399\u039d\u039f-1L.jpg\",\"contentUrl\":\"https:\\\/\\\/www.modapelle.gr\\\/wp-content\\\/uploads\\\/2022\\\/01\\\/\u0393\u039f\u03a5\u039d\u0399\u039d\u0395\u03a3-\u03a0\u0391\u039d\u03a4\u039f\u03a6\u039b\u0395\u03a3-\u039a\u0391\u03a3\u03a4\u039f\u03a1\u0399\u0391\u03a3-mp-314-\u03a0\u03a1\u0391\u03a3\u0399\u039d\u039f-1L.jpg\",\"width\":1080,\"height\":1080,\"caption\":\"Pelzige Hausschuhe mp314 Gr\u00fcn\"},{\"@type\":\"BreadcrumbList\",\"@id\":\"https:\\\/\\\/www.modapelle.gr\\\/de\\\/produkt\\\/pelzige-hausschuhe-mp314-grun\\\/#breadcrumb\",\"itemListElement\":[{\"@type\":\"ListItem\",\"position\":1,\"name\":\"Modapelle\",\"item\":\"https:\\\/\\\/www.modapelle.gr\\\/de\\\/\"},{\"@type\":\"ListItem\",\"position\":2,\"name\":\"Shop\",\"item\":\"https:\\\/\\\/www.modapelle.gr\\\/de\\\/shop\\\/\"},{\"@type\":\"ListItem\",\"position\":3,\"name\":\"Mann\",\"item\":\"https:\\\/\\\/www.modapelle.gr\\\/de\\\/produkt-kategorie\\\/mann\\\/\"},{\"@type\":\"ListItem\",\"position\":4,\"name\":\"Herren Pelzige Hausschuhe\",\"item\":\"https:\\\/\\\/www.modapelle.gr\\\/de\\\/produkt-kategorie\\\/mann\\\/herren-pelzige-hausschuhe\\\/\"},{\"@type\":\"ListItem\",\"position\":5,\"name\":\"Pelzige Hausschuhe mp314 Gr\u00fcn\"}]},{\"@type\":\"WebSite\",\"@id\":\"https:\\\/\\\/www.modapelle.gr\\\/de\\\/#website\",\"url\":\"https:\\\/\\\/www.modapelle.gr\\\/de\\\/\",\"name\":\"MODAPELLE\",\"description\":\"Lederbekleidung, Taschen & Accessoires\",\"publisher\":{\"@id\":\"https:\\\/\\\/www.modapelle.gr\\\/de\\\/#organization\"},\"potentialAction\":[{\"@type\":\"SearchAction\",\"target\":{\"@type\":\"EntryPoint\",\"urlTemplate\":\"https:\\\/\\\/www.modapelle.gr\\\/de\\\/?s={search_term_string}\"},\"query-input\":{\"@type\":\"PropertyValueSpecification\",\"valueRequired\":true,\"valueName\":\"search_term_string\"}}],\"inLanguage\":\"de\"},{\"@type\":\"Organization\",\"@id\":\"https:\\\/\\\/www.modapelle.gr\\\/de\\\/#organization\",\"name\":\"MODAPELLE\",\"url\":\"https:\\\/\\\/www.modapelle.gr\\\/de\\\/\",\"logo\":{\"@type\":\"ImageObject\",\"inLanguage\":\"de\",\"@id\":\"https:\\\/\\\/www.modapelle.gr\\\/de\\\/#\\\/schema\\\/logo\\\/image\\\/\",\"url\":\"https:\\\/\\\/www.modapelle.gr\\\/wp-content\\\/uploads\\\/2021\\\/07\\\/modapelle-logo.png\",\"contentUrl\":\"https:\\\/\\\/www.modapelle.gr\\\/wp-content\\\/uploads\\\/2021\\\/07\\\/modapelle-logo.png\",\"width\":388,\"height\":120,\"caption\":\"MODAPELLE\"},\"image\":{\"@id\":\"https:\\\/\\\/www.modapelle.gr\\\/de\\\/#\\\/schema\\\/logo\\\/image\\\/\"}}]}<\/script>\n<!-- \/ Yoast SEO plugin. -->","yoast_head_json":{"title":"Pelzige Hausschuhe mp314 Gr\u00fcn - Modapelle","description":"Au\u00dfergew\u00f6hnlich warme, bequeme und hypoallergene Kastoria-Fellpantoffeln in Gr\u00fcn!","robots":{"index":"index","follow":"follow","max-snippet":"max-snippet:-1","max-image-preview":"max-image-preview:large","max-video-preview":"max-video-preview:-1"},"canonical":"https:\/\/www.modapelle.gr\/de\/produkt\/pelzige-hausschuhe-mp314-grun\/","og_locale":"de_DE","og_type":"article","og_title":"Pelzige Hausschuhe mp314 Gr\u00fcn - Modapelle","og_description":"Au\u00dfergew\u00f6hnlich warme, bequeme und hypoallergene Kastoria-Fellpantoffeln in Gr\u00fcn!","og_url":"https:\/\/www.modapelle.gr\/de\/produkt\/pelzige-hausschuhe-mp314-grun\/","og_site_name":"MODAPELLE","article_modified_time":"2023-06-02T10:42:01+00:00","og_image":[{"width":1080,"height":1080,"url":"https:\/\/www.modapelle.gr\/wp-content\/uploads\/2022\/01\/\u0393\u039f\u03a5\u039d\u0399\u039d\u0395\u03a3-\u03a0\u0391\u039d\u03a4\u039f\u03a6\u039b\u0395\u03a3-\u039a\u0391\u03a3\u03a4\u039f\u03a1\u0399\u0391\u03a3-mp-314-\u03a0\u03a1\u0391\u03a3\u0399\u039d\u039f-1L.jpg","type":"image\/jpeg"}],"twitter_card":"summary_large_image","twitter_misc":{"Gesch\u00e4tzte Lesezeit":"1\u00a0Minute"},"schema":{"@context":"https:\/\/schema.org","@graph":[{"@type":"WebPage","@id":"https:\/\/www.modapelle.gr\/de\/produkt\/pelzige-hausschuhe-mp314-grun\/","url":"https:\/\/www.modapelle.gr\/de\/produkt\/pelzige-hausschuhe-mp314-grun\/","name":"Pelzige Hausschuhe mp314 Gr\u00fcn - Modapelle","isPartOf":{"@id":"https:\/\/www.modapelle.gr\/de\/#website"},"primaryImageOfPage":{"@id":"https:\/\/www.modapelle.gr\/de\/produkt\/pelzige-hausschuhe-mp314-grun\/#primaryimage"},"image":{"@id":"https:\/\/www.modapelle.gr\/de\/produkt\/pelzige-hausschuhe-mp314-grun\/#primaryimage"},"thumbnailUrl":"https:\/\/www.modapelle.gr\/wp-content\/uploads\/2022\/01\/\u0393\u039f\u03a5\u039d\u0399\u039d\u0395\u03a3-\u03a0\u0391\u039d\u03a4\u039f\u03a6\u039b\u0395\u03a3-\u039a\u0391\u03a3\u03a4\u039f\u03a1\u0399\u0391\u03a3-mp-314-\u03a0\u03a1\u0391\u03a3\u0399\u039d\u039f-1L.jpg","datePublished":"2022-01-20T16:00:57+00:00","dateModified":"2023-06-02T10:42:01+00:00","description":"Au\u00dfergew\u00f6hnlich warme, bequeme und hypoallergene Kastoria-Fellpantoffeln in Gr\u00fcn!","breadcrumb":{"@id":"https:\/\/www.modapelle.gr\/de\/produkt\/pelzige-hausschuhe-mp314-grun\/#breadcrumb"},"inLanguage":"de","potentialAction":[{"@type":"ReadAction","target":["https:\/\/www.modapelle.gr\/de\/produkt\/pelzige-hausschuhe-mp314-grun\/"]}]},{"@type":"ImageObject","inLanguage":"de","@id":"https:\/\/www.modapelle.gr\/de\/produkt\/pelzige-hausschuhe-mp314-grun\/#primaryimage","url":"https:\/\/www.modapelle.gr\/wp-content\/uploads\/2022\/01\/\u0393\u039f\u03a5\u039d\u0399\u039d\u0395\u03a3-\u03a0\u0391\u039d\u03a4\u039f\u03a6\u039b\u0395\u03a3-\u039a\u0391\u03a3\u03a4\u039f\u03a1\u0399\u0391\u03a3-mp-314-\u03a0\u03a1\u0391\u03a3\u0399\u039d\u039f-1L.jpg","contentUrl":"https:\/\/www.modapelle.gr\/wp-content\/uploads\/2022\/01\/\u0393\u039f\u03a5\u039d\u0399\u039d\u0395\u03a3-\u03a0\u0391\u039d\u03a4\u039f\u03a6\u039b\u0395\u03a3-\u039a\u0391\u03a3\u03a4\u039f\u03a1\u0399\u0391\u03a3-mp-314-\u03a0\u03a1\u0391\u03a3\u0399\u039d\u039f-1L.jpg","width":1080,"height":1080,"caption":"Pelzige Hausschuhe mp314 Gr\u00fcn"},{"@type":"BreadcrumbList","@id":"https:\/\/www.modapelle.gr\/de\/produkt\/pelzige-hausschuhe-mp314-grun\/#breadcrumb","itemListElement":[{"@type":"ListItem","position":1,"name":"Modapelle","item":"https:\/\/www.modapelle.gr\/de\/"},{"@type":"ListItem","position":2,"name":"Shop","item":"https:\/\/www.modapelle.gr\/de\/shop\/"},{"@type":"ListItem","position":3,"name":"Mann","item":"https:\/\/www.modapelle.gr\/de\/produkt-kategorie\/mann\/"},{"@type":"ListItem","position":4,"name":"Herren Pelzige Hausschuhe","item":"https:\/\/www.modapelle.gr\/de\/produkt-kategorie\/mann\/herren-pelzige-hausschuhe\/"},{"@type":"ListItem","position":5,"name":"Pelzige Hausschuhe mp314 Gr\u00fcn"}]},{"@type":"WebSite","@id":"https:\/\/www.modapelle.gr\/de\/#website","url":"https:\/\/www.modapelle.gr\/de\/","name":"MODAPELLE","description":"Lederbekleidung, Taschen & Accessoires","publisher":{"@id":"https:\/\/www.modapelle.gr\/de\/#organization"},"potentialAction":[{"@type":"SearchAction","target":{"@type":"EntryPoint","urlTemplate":"https:\/\/www.modapelle.gr\/de\/?s={search_term_string}"},"query-input":{"@type":"PropertyValueSpecification","valueRequired":true,"valueName":"search_term_string"}}],"inLanguage":"de"},{"@type":"Organization","@id":"https:\/\/www.modapelle.gr\/de\/#organization","name":"MODAPELLE","url":"https:\/\/www.modapelle.gr\/de\/","logo":{"@type":"ImageObject","inLanguage":"de","@id":"https:\/\/www.modapelle.gr\/de\/#\/schema\/logo\/image\/","url":"https:\/\/www.modapelle.gr\/wp-content\/uploads\/2021\/07\/modapelle-logo.png","contentUrl":"https:\/\/www.modapelle.gr\/wp-content\/uploads\/2021\/07\/modapelle-logo.png","width":388,"height":120,"caption":"MODAPELLE"},"image":{"@id":"https:\/\/www.modapelle.gr\/de\/#\/schema\/logo\/image\/"}}]}},"_links":{"self":[{"href":"https:\/\/www.modapelle.gr\/de\/wp-json\/wp\/v2\/product\/18990","targetHints":{"allow":["GET"]}}],"collection":[{"href":"https:\/\/www.modapelle.gr\/de\/wp-json\/wp\/v2\/product"}],"about":[{"href":"https:\/\/www.modapelle.gr\/de\/wp-json\/wp\/v2\/types\/product"}],"wp:featuredmedia":[{"embeddable":true,"href":"https:\/\/www.modapelle.gr\/de\/wp-json\/wp\/v2\/media\/13229"}],"wp:attachment":[{"href":"https:\/\/www.modapelle.gr\/de\/wp-json\/wp\/v2\/media?parent=18990"}],"wp:term":[{"taxonomy":"product_brand","embeddable":true,"href":"https:\/\/www.modapelle.gr\/de\/wp-json\/wp\/v2\/product_brand?post=18990"},{"taxonomy":"product_cat","embeddable":true,"href":"https:\/\/www.modapelle.gr\/de\/wp-json\/wp\/v2\/product_cat?post=18990"},{"taxonomy":"product_tag","embeddable":true,"href":"https:\/\/www.modapelle.gr\/de\/wp-json\/wp\/v2\/product_tag?post=18990"}],"curies":[{"name":"wp","href":"https:\/\/api.w.org\/{rel}","templated":true}]}}