{"id":18962,"date":"2022-12-26T09:05:30","date_gmt":"2022-12-26T07:05:30","guid":{"rendered":"https:\/\/www.modapelle.gr\/product\/pelzige-geschlossene-hausschuhe-aus-kastoria-mp424-braun\/"},"modified":"2023-06-02T13:48:52","modified_gmt":"2023-06-02T10:48:52","slug":"pelzige-geschlossene-hausschuhe-aus-kastoria-mp424-braun","status":"publish","type":"product","link":"https:\/\/www.modapelle.gr\/de\/produkt\/pelzige-geschlossene-hausschuhe-aus-kastoria-mp424-braun\/","title":{"rendered":"Pelzige geschlossene hausschuhe aus Kastoria mp424 braun"},"content":{"rendered":"<h2>Pelzige geschlossene hausschuhe aus Kastoria<\/h2>\n<p>Handgefertigte pelzhausschuhe aus Kastoria von exzellenter qualit\u00e4t.<\/p>\n<p>Bequem, warm, leicht und absolut hypoallergen. Durch die nat\u00fcrlichen materialien wird die richtige hygiene des fu\u00dfes erhalten und es wird kein unangenehmer geruch verursacht! Hergestellt aus 100% echtem &#8211; hochwertigem lammfell!<\/p>\n","protected":false},"excerpt":{"rendered":"<p>Extrem warme, bequeme, leichte und allergikerfreundliche fellpantoffeln aus Kastoria, geschlossen in brauner farbe.<\/p>\n<p>Hergestellt aus 100% echtem, hochwertigem schaffell, mit rutschfester sohle und leicht h\u00f6herem absatz an der r\u00fcckseite (Sohlenh\u00f6he: 1 cm vorne und 2 cm hinten).<\/p>\n<ul>\n<li><strong>W\u00e4hlen sie eine gr\u00f6\u00dfe, die ihrer schuhgr\u00f6\u00dfe entspricht. Wenn sie zwischen zwei gr\u00f6\u00dfen in schuhen wechseln, w\u00e4hlen sie die kleinere gr\u00f6\u00dfe f\u00fcr die pantoffeln. Zum beispiel, wenn sie schuhgr\u00f6\u00dfe 40 oder 41 tragen, je nach marke, w\u00e4hlen sie f\u00fcr die pantoffeln die kleinere gr\u00f6\u00dfe, also 40.<\/strong><\/li>\n<\/ul>\n","protected":false},"featured_media":14355,"template":"","meta":{"_acf_changed":false},"product_brand":[],"product_cat":[523,511,517],"product_tag":[617,581,494,565],"class_list":{"0":"post-18962","1":"product","2":"type-product","3":"status-publish","4":"has-post-thumbnail","6":"product_cat-damen-pelzige-hausschuhe","7":"product_cat-herren-pelzige-hausschuhe","8":"product_cat-pelzige-geschlossene-hausschuhe-aus-kastoria","9":"product_tag-braune-farbe","10":"product_tag-fell-hausschuhe-aus-kastoria-maultiere","11":"product_tag-frau","12":"product_tag-mann","14":"first","15":"instock","16":"shipping-taxable","17":"purchasable","18":"product-type-variable"},"acf":[],"yoast_head":"<!-- This site is optimized with the Yoast SEO plugin v27.2 - https:\/\/yoast.com\/product\/yoast-seo-wordpress\/ -->\n<title>Pelzige geschlossene hausschuhe aus Kastoria mp424 braun - Modapelle<\/title>\n<meta name=\"description\" content=\"Extrem warme, bequeme, leichte und allergikerfreundliche fellpantoffeln aus Kastoria, geschlossen in brauner farbe.\" \/>\n<meta name=\"robots\" content=\"index, follow, max-snippet:-1, max-image-preview:large, max-video-preview:-1\" \/>\n<link rel=\"canonical\" href=\"https:\/\/www.modapelle.gr\/de\/produkt\/pelzige-geschlossene-hausschuhe-aus-kastoria-mp424-braun\/\" \/>\n<meta property=\"og:locale\" content=\"de_DE\" \/>\n<meta property=\"og:type\" content=\"article\" \/>\n<meta property=\"og:title\" content=\"Pelzige geschlossene hausschuhe aus Kastoria mp424 braun - Modapelle\" \/>\n<meta property=\"og:description\" content=\"Extrem warme, bequeme, leichte und allergikerfreundliche fellpantoffeln aus Kastoria, geschlossen in brauner farbe.\" \/>\n<meta property=\"og:url\" content=\"https:\/\/www.modapelle.gr\/de\/produkt\/pelzige-geschlossene-hausschuhe-aus-kastoria-mp424-braun\/\" \/>\n<meta property=\"og:site_name\" content=\"MODAPELLE\" \/>\n<meta property=\"article:modified_time\" content=\"2023-06-02T10:48:52+00:00\" \/>\n<meta property=\"og:image\" content=\"https:\/\/www.modapelle.gr\/wp-content\/uploads\/2022\/12\/\u0393\u039f\u03a5\u039d\u0399\u039d\u0395\u03a3-\u03a0\u0391\u039d\u03a4\u039f\u03a6\u039b\u0395\u03a3-\u039a\u0391\u03a3\u03a4\u039f\u03a1\u0399\u0391\u03a3-\u039a\u039b\u0395\u0399\u03a3\u03a4\u0395\u03a3-mp424-\u03ba\u03b1\u03c6\u03ad-1L.jpg\" \/>\n\t<meta property=\"og:image:width\" content=\"1200\" \/>\n\t<meta property=\"og:image:height\" content=\"1200\" \/>\n\t<meta property=\"og:image:type\" content=\"image\/jpeg\" \/>\n<meta name=\"twitter:card\" content=\"summary_large_image\" \/>\n<script type=\"application\/ld+json\" class=\"yoast-schema-graph\">{\"@context\":\"https:\/\/schema.org\",\"@graph\":[{\"@type\":\"WebPage\",\"@id\":\"https:\/\/www.modapelle.gr\/de\/produkt\/pelzige-geschlossene-hausschuhe-aus-kastoria-mp424-braun\/\",\"url\":\"https:\/\/www.modapelle.gr\/de\/produkt\/pelzige-geschlossene-hausschuhe-aus-kastoria-mp424-braun\/\",\"name\":\"Pelzige geschlossene hausschuhe aus Kastoria mp424 braun - Modapelle\",\"isPartOf\":{\"@id\":\"https:\/\/www.modapelle.gr\/de\/#website\"},\"primaryImageOfPage\":{\"@id\":\"https:\/\/www.modapelle.gr\/de\/produkt\/pelzige-geschlossene-hausschuhe-aus-kastoria-mp424-braun\/#primaryimage\"},\"image\":{\"@id\":\"https:\/\/www.modapelle.gr\/de\/produkt\/pelzige-geschlossene-hausschuhe-aus-kastoria-mp424-braun\/#primaryimage\"},\"thumbnailUrl\":\"https:\/\/www.modapelle.gr\/wp-content\/uploads\/2022\/12\/\u0393\u039f\u03a5\u039d\u0399\u039d\u0395\u03a3-\u03a0\u0391\u039d\u03a4\u039f\u03a6\u039b\u0395\u03a3-\u039a\u0391\u03a3\u03a4\u039f\u03a1\u0399\u0391\u03a3-\u039a\u039b\u0395\u0399\u03a3\u03a4\u0395\u03a3-mp424-\u03ba\u03b1\u03c6\u03ad-1L.jpg\",\"datePublished\":\"2022-12-26T07:05:30+00:00\",\"dateModified\":\"2023-06-02T10:48:52+00:00\",\"description\":\"Extrem warme, bequeme, leichte und allergikerfreundliche fellpantoffeln aus Kastoria, geschlossen in brauner farbe.\",\"breadcrumb\":{\"@id\":\"https:\/\/www.modapelle.gr\/de\/produkt\/pelzige-geschlossene-hausschuhe-aus-kastoria-mp424-braun\/#breadcrumb\"},\"inLanguage\":\"de\",\"potentialAction\":[{\"@type\":\"ReadAction\",\"target\":[\"https:\/\/www.modapelle.gr\/de\/produkt\/pelzige-geschlossene-hausschuhe-aus-kastoria-mp424-braun\/\"]}]},{\"@type\":\"ImageObject\",\"inLanguage\":\"de\",\"@id\":\"https:\/\/www.modapelle.gr\/de\/produkt\/pelzige-geschlossene-hausschuhe-aus-kastoria-mp424-braun\/#primaryimage\",\"url\":\"https:\/\/www.modapelle.gr\/wp-content\/uploads\/2022\/12\/\u0393\u039f\u03a5\u039d\u0399\u039d\u0395\u03a3-\u03a0\u0391\u039d\u03a4\u039f\u03a6\u039b\u0395\u03a3-\u039a\u0391\u03a3\u03a4\u039f\u03a1\u0399\u0391\u03a3-\u039a\u039b\u0395\u0399\u03a3\u03a4\u0395\u03a3-mp424-\u03ba\u03b1\u03c6\u03ad-1L.jpg\",\"contentUrl\":\"https:\/\/www.modapelle.gr\/wp-content\/uploads\/2022\/12\/\u0393\u039f\u03a5\u039d\u0399\u039d\u0395\u03a3-\u03a0\u0391\u039d\u03a4\u039f\u03a6\u039b\u0395\u03a3-\u039a\u0391\u03a3\u03a4\u039f\u03a1\u0399\u0391\u03a3-\u039a\u039b\u0395\u0399\u03a3\u03a4\u0395\u03a3-mp424-\u03ba\u03b1\u03c6\u03ad-1L.jpg\",\"width\":1200,\"height\":1200,\"caption\":\"Pelzige geschlossene hausschuhe aus Kastoria mp424 braun\"},{\"@type\":\"BreadcrumbList\",\"@id\":\"https:\/\/www.modapelle.gr\/de\/produkt\/pelzige-geschlossene-hausschuhe-aus-kastoria-mp424-braun\/#breadcrumb\",\"itemListElement\":[{\"@type\":\"ListItem\",\"position\":1,\"name\":\"Modapelle\",\"item\":\"https:\/\/www.modapelle.gr\/de\/\"},{\"@type\":\"ListItem\",\"position\":2,\"name\":\"Shop\",\"item\":\"https:\/\/www.modapelle.gr\/de\/shop\/\"},{\"@type\":\"ListItem\",\"position\":3,\"name\":\"F\u00fcr Frauen und M\u00e4nner\",\"item\":\"https:\/\/www.modapelle.gr\/de\/produkt-kategorie\/fuer-frauen-und-maenner\/\"},{\"@type\":\"ListItem\",\"position\":4,\"name\":\"Pelzige geschlossene hausschuhe aus Kastoria\",\"item\":\"https:\/\/www.modapelle.gr\/de\/produkt-kategorie\/fuer-frauen-und-maenner\/pelzige-geschlossene-hausschuhe-aus-kastoria\/\"},{\"@type\":\"ListItem\",\"position\":5,\"name\":\"Pelzige geschlossene hausschuhe aus Kastoria mp424 braun\"}]},{\"@type\":\"WebSite\",\"@id\":\"https:\/\/www.modapelle.gr\/de\/#website\",\"url\":\"https:\/\/www.modapelle.gr\/de\/\",\"name\":\"MODAPELLE\",\"description\":\"Lederbekleidung, Taschen & Accessoires\",\"publisher\":{\"@id\":\"https:\/\/www.modapelle.gr\/de\/#organization\"},\"potentialAction\":[{\"@type\":\"SearchAction\",\"target\":{\"@type\":\"EntryPoint\",\"urlTemplate\":\"https:\/\/www.modapelle.gr\/de\/?s={search_term_string}\"},\"query-input\":{\"@type\":\"PropertyValueSpecification\",\"valueRequired\":true,\"valueName\":\"search_term_string\"}}],\"inLanguage\":\"de\"},{\"@type\":\"Organization\",\"@id\":\"https:\/\/www.modapelle.gr\/de\/#organization\",\"name\":\"MODAPELLE\",\"url\":\"https:\/\/www.modapelle.gr\/de\/\",\"logo\":{\"@type\":\"ImageObject\",\"inLanguage\":\"de\",\"@id\":\"https:\/\/www.modapelle.gr\/de\/#\/schema\/logo\/image\/\",\"url\":\"https:\/\/www.modapelle.gr\/wp-content\/uploads\/2021\/07\/modapelle-logo.png\",\"contentUrl\":\"https:\/\/www.modapelle.gr\/wp-content\/uploads\/2021\/07\/modapelle-logo.png\",\"width\":388,\"height\":120,\"caption\":\"MODAPELLE\"},\"image\":{\"@id\":\"https:\/\/www.modapelle.gr\/de\/#\/schema\/logo\/image\/\"}}]}<\/script>\n<!-- \/ Yoast SEO plugin. -->","yoast_head_json":{"title":"Pelzige geschlossene hausschuhe aus Kastoria mp424 braun - Modapelle","description":"Extrem warme, bequeme, leichte und allergikerfreundliche fellpantoffeln aus Kastoria, geschlossen in brauner farbe.","robots":{"index":"index","follow":"follow","max-snippet":"max-snippet:-1","max-image-preview":"max-image-preview:large","max-video-preview":"max-video-preview:-1"},"canonical":"https:\/\/www.modapelle.gr\/de\/produkt\/pelzige-geschlossene-hausschuhe-aus-kastoria-mp424-braun\/","og_locale":"de_DE","og_type":"article","og_title":"Pelzige geschlossene hausschuhe aus Kastoria mp424 braun - Modapelle","og_description":"Extrem warme, bequeme, leichte und allergikerfreundliche fellpantoffeln aus Kastoria, geschlossen in brauner farbe.","og_url":"https:\/\/www.modapelle.gr\/de\/produkt\/pelzige-geschlossene-hausschuhe-aus-kastoria-mp424-braun\/","og_site_name":"MODAPELLE","article_modified_time":"2023-06-02T10:48:52+00:00","og_image":[{"width":1200,"height":1200,"url":"https:\/\/www.modapelle.gr\/wp-content\/uploads\/2022\/12\/\u0393\u039f\u03a5\u039d\u0399\u039d\u0395\u03a3-\u03a0\u0391\u039d\u03a4\u039f\u03a6\u039b\u0395\u03a3-\u039a\u0391\u03a3\u03a4\u039f\u03a1\u0399\u0391\u03a3-\u039a\u039b\u0395\u0399\u03a3\u03a4\u0395\u03a3-mp424-\u03ba\u03b1\u03c6\u03ad-1L.jpg","type":"image\/jpeg"}],"twitter_card":"summary_large_image","schema":{"@context":"https:\/\/schema.org","@graph":[{"@type":"WebPage","@id":"https:\/\/www.modapelle.gr\/de\/produkt\/pelzige-geschlossene-hausschuhe-aus-kastoria-mp424-braun\/","url":"https:\/\/www.modapelle.gr\/de\/produkt\/pelzige-geschlossene-hausschuhe-aus-kastoria-mp424-braun\/","name":"Pelzige geschlossene hausschuhe aus Kastoria mp424 braun - Modapelle","isPartOf":{"@id":"https:\/\/www.modapelle.gr\/de\/#website"},"primaryImageOfPage":{"@id":"https:\/\/www.modapelle.gr\/de\/produkt\/pelzige-geschlossene-hausschuhe-aus-kastoria-mp424-braun\/#primaryimage"},"image":{"@id":"https:\/\/www.modapelle.gr\/de\/produkt\/pelzige-geschlossene-hausschuhe-aus-kastoria-mp424-braun\/#primaryimage"},"thumbnailUrl":"https:\/\/www.modapelle.gr\/wp-content\/uploads\/2022\/12\/\u0393\u039f\u03a5\u039d\u0399\u039d\u0395\u03a3-\u03a0\u0391\u039d\u03a4\u039f\u03a6\u039b\u0395\u03a3-\u039a\u0391\u03a3\u03a4\u039f\u03a1\u0399\u0391\u03a3-\u039a\u039b\u0395\u0399\u03a3\u03a4\u0395\u03a3-mp424-\u03ba\u03b1\u03c6\u03ad-1L.jpg","datePublished":"2022-12-26T07:05:30+00:00","dateModified":"2023-06-02T10:48:52+00:00","description":"Extrem warme, bequeme, leichte und allergikerfreundliche fellpantoffeln aus Kastoria, geschlossen in brauner farbe.","breadcrumb":{"@id":"https:\/\/www.modapelle.gr\/de\/produkt\/pelzige-geschlossene-hausschuhe-aus-kastoria-mp424-braun\/#breadcrumb"},"inLanguage":"de","potentialAction":[{"@type":"ReadAction","target":["https:\/\/www.modapelle.gr\/de\/produkt\/pelzige-geschlossene-hausschuhe-aus-kastoria-mp424-braun\/"]}]},{"@type":"ImageObject","inLanguage":"de","@id":"https:\/\/www.modapelle.gr\/de\/produkt\/pelzige-geschlossene-hausschuhe-aus-kastoria-mp424-braun\/#primaryimage","url":"https:\/\/www.modapelle.gr\/wp-content\/uploads\/2022\/12\/\u0393\u039f\u03a5\u039d\u0399\u039d\u0395\u03a3-\u03a0\u0391\u039d\u03a4\u039f\u03a6\u039b\u0395\u03a3-\u039a\u0391\u03a3\u03a4\u039f\u03a1\u0399\u0391\u03a3-\u039a\u039b\u0395\u0399\u03a3\u03a4\u0395\u03a3-mp424-\u03ba\u03b1\u03c6\u03ad-1L.jpg","contentUrl":"https:\/\/www.modapelle.gr\/wp-content\/uploads\/2022\/12\/\u0393\u039f\u03a5\u039d\u0399\u039d\u0395\u03a3-\u03a0\u0391\u039d\u03a4\u039f\u03a6\u039b\u0395\u03a3-\u039a\u0391\u03a3\u03a4\u039f\u03a1\u0399\u0391\u03a3-\u039a\u039b\u0395\u0399\u03a3\u03a4\u0395\u03a3-mp424-\u03ba\u03b1\u03c6\u03ad-1L.jpg","width":1200,"height":1200,"caption":"Pelzige geschlossene hausschuhe aus Kastoria mp424 braun"},{"@type":"BreadcrumbList","@id":"https:\/\/www.modapelle.gr\/de\/produkt\/pelzige-geschlossene-hausschuhe-aus-kastoria-mp424-braun\/#breadcrumb","itemListElement":[{"@type":"ListItem","position":1,"name":"Modapelle","item":"https:\/\/www.modapelle.gr\/de\/"},{"@type":"ListItem","position":2,"name":"Shop","item":"https:\/\/www.modapelle.gr\/de\/shop\/"},{"@type":"ListItem","position":3,"name":"F\u00fcr Frauen und M\u00e4nner","item":"https:\/\/www.modapelle.gr\/de\/produkt-kategorie\/fuer-frauen-und-maenner\/"},{"@type":"ListItem","position":4,"name":"Pelzige geschlossene hausschuhe aus Kastoria","item":"https:\/\/www.modapelle.gr\/de\/produkt-kategorie\/fuer-frauen-und-maenner\/pelzige-geschlossene-hausschuhe-aus-kastoria\/"},{"@type":"ListItem","position":5,"name":"Pelzige geschlossene hausschuhe aus Kastoria mp424 braun"}]},{"@type":"WebSite","@id":"https:\/\/www.modapelle.gr\/de\/#website","url":"https:\/\/www.modapelle.gr\/de\/","name":"MODAPELLE","description":"Lederbekleidung, Taschen & Accessoires","publisher":{"@id":"https:\/\/www.modapelle.gr\/de\/#organization"},"potentialAction":[{"@type":"SearchAction","target":{"@type":"EntryPoint","urlTemplate":"https:\/\/www.modapelle.gr\/de\/?s={search_term_string}"},"query-input":{"@type":"PropertyValueSpecification","valueRequired":true,"valueName":"search_term_string"}}],"inLanguage":"de"},{"@type":"Organization","@id":"https:\/\/www.modapelle.gr\/de\/#organization","name":"MODAPELLE","url":"https:\/\/www.modapelle.gr\/de\/","logo":{"@type":"ImageObject","inLanguage":"de","@id":"https:\/\/www.modapelle.gr\/de\/#\/schema\/logo\/image\/","url":"https:\/\/www.modapelle.gr\/wp-content\/uploads\/2021\/07\/modapelle-logo.png","contentUrl":"https:\/\/www.modapelle.gr\/wp-content\/uploads\/2021\/07\/modapelle-logo.png","width":388,"height":120,"caption":"MODAPELLE"},"image":{"@id":"https:\/\/www.modapelle.gr\/de\/#\/schema\/logo\/image\/"}}]}},"_links":{"self":[{"href":"https:\/\/www.modapelle.gr\/de\/wp-json\/wp\/v2\/product\/18962","targetHints":{"allow":["GET"]}}],"collection":[{"href":"https:\/\/www.modapelle.gr\/de\/wp-json\/wp\/v2\/product"}],"about":[{"href":"https:\/\/www.modapelle.gr\/de\/wp-json\/wp\/v2\/types\/product"}],"wp:featuredmedia":[{"embeddable":true,"href":"https:\/\/www.modapelle.gr\/de\/wp-json\/wp\/v2\/media\/14355"}],"wp:attachment":[{"href":"https:\/\/www.modapelle.gr\/de\/wp-json\/wp\/v2\/media?parent=18962"}],"wp:term":[{"taxonomy":"product_brand","embeddable":true,"href":"https:\/\/www.modapelle.gr\/de\/wp-json\/wp\/v2\/product_brand?post=18962"},{"taxonomy":"product_cat","embeddable":true,"href":"https:\/\/www.modapelle.gr\/de\/wp-json\/wp\/v2\/product_cat?post=18962"},{"taxonomy":"product_tag","embeddable":true,"href":"https:\/\/www.modapelle.gr\/de\/wp-json\/wp\/v2\/product_tag?post=18962"}],"curies":[{"name":"wp","href":"https:\/\/api.w.org\/{rel}","templated":true}]}}