{"id":14857,"date":"2023-04-25T09:59:04","date_gmt":"2023-04-25T06:59:04","guid":{"rendered":"https:\/\/www.modapelle.gr\/?post_type=product&#038;p=14857"},"modified":"2023-05-31T09:59:04","modified_gmt":"2023-05-31T06:59:04","slug":"lederhandtasche-mp-2002-schwarz","status":"publish","type":"product","link":"https:\/\/www.modapelle.gr\/de\/produkt\/lederhandtasche-mp-2002-schwarz\/","title":{"rendered":"Lederhandtasche mp 2002 Schwarz"},"content":{"rendered":"<h2>Echte Leder, hergestellt in Italien<\/h2>\n<p>Lederhandtasche, made in Italy &#8211; von Modapelle. Es hat innen zwei F\u00e4cher, die von einem dritten Fach getrennt sind, das mit einem Rei\u00dfverschluss schlie\u00dft. Dar\u00fcber hinaus verf\u00fcgt es \u00fcber zwei kleine Taschen f\u00fcr Ihre kleinen Gegenst\u00e4nde (auf der einen Seite) und eine gr\u00f6\u00dfere Tasche, die mit einem Rei\u00dfverschluss auf der anderen Seite schlie\u00dft.<\/p>\n<p>Oben schlie\u00dft es mit einem Rei\u00dfverschluss.<\/p>\n<p>Es hat einen langen, verstellbaren Ledergurt mit einer Breite von 1,5 cm, mit dem es quer getragen werden kann.<\/p>\n<p>Abmessungen: 26 cm x 11 cm x 29 cm<\/p>\n","protected":false},"excerpt":{"rendered":"<h3>Echtes Leder<\/h3>\n<p>Umh\u00e4ngetasche in Schwarz, Made in Italy &#8211; von Modapelle. Hergestellt aus 100% weichem, hochwertigem echtem Leder.<\/p>\n","protected":false},"featured_media":14721,"template":"","meta":{"_acf_changed":false},"product_brand":[],"product_cat":[493],"product_tag":[494,495,497,496],"class_list":{"0":"post-14857","1":"product","2":"type-product","3":"status-publish","4":"has-post-thumbnail","6":"product_cat-damenledertaschen","7":"product_tag-frau","8":"product_tag-lederhandtasche","9":"product_tag-schulter","10":"product_tag-schwarze-farbe","12":"first","13":"outofstock","14":"sale","15":"shipping-taxable","16":"purchasable","17":"product-type-simple"},"acf":[],"yoast_head":"<!-- This site is optimized with the Yoast SEO plugin v27.4 - https:\/\/yoast.com\/product\/yoast-seo-wordpress\/ -->\n<title>Lederhandtasche mp 2002, hergestellt in Italien - Modapelle.<\/title>\n<meta name=\"description\" content=\"Eine Damen-Schultertasche aus echtem Leder, hergestellt in Italien von Modapelle. Aus erstaunlicher Qualit\u00e4t, 100% echtem Nappaleder!\" \/>\n<meta name=\"robots\" content=\"index, follow, max-snippet:-1, max-image-preview:large, max-video-preview:-1\" \/>\n<link rel=\"canonical\" href=\"https:\/\/www.modapelle.gr\/de\/produkt\/lederhandtasche-mp-2002-schwarz\/\" \/>\n<meta property=\"og:locale\" content=\"de_DE\" \/>\n<meta property=\"og:type\" content=\"article\" \/>\n<meta property=\"og:title\" content=\"Lederhandtasche mp 2002, hergestellt in Italien - Modapelle.\" \/>\n<meta property=\"og:description\" content=\"Eine Damen-Schultertasche aus echtem Leder, hergestellt in Italien von Modapelle. Aus erstaunlicher Qualit\u00e4t, 100% echtem Nappaleder!\" \/>\n<meta property=\"og:url\" content=\"https:\/\/www.modapelle.gr\/de\/produkt\/lederhandtasche-mp-2002-schwarz\/\" \/>\n<meta property=\"og:site_name\" content=\"MODAPELLE\" \/>\n<meta property=\"article:modified_time\" content=\"2023-05-31T06:59:04+00:00\" \/>\n<meta property=\"og:image\" content=\"https:\/\/www.modapelle.gr\/wp-content\/uploads\/2023\/04\/\u0394\u03b5\u03c1\u03bc\u03ac\u03c4\u03b9\u03bd\u03b7-\u03c4\u03c3\u03ac\u03bd\u03c4\u03b1-mp-2002-\u03bc\u03b1\u03cd\u03c1\u03bf-1L.jpg\" \/>\n\t<meta property=\"og:image:width\" content=\"1200\" \/>\n\t<meta property=\"og:image:height\" content=\"1200\" \/>\n\t<meta property=\"og:image:type\" content=\"image\/jpeg\" \/>\n<meta name=\"twitter:card\" content=\"summary_large_image\" \/>\n<meta name=\"twitter:label1\" content=\"Gesch\u00e4tzte Lesezeit\" \/>\n\t<meta name=\"twitter:data1\" content=\"1\u00a0Minute\" \/>\n<script type=\"application\/ld+json\" class=\"yoast-schema-graph\">{\"@context\":\"https:\\\/\\\/schema.org\",\"@graph\":[{\"@type\":\"WebPage\",\"@id\":\"https:\\\/\\\/www.modapelle.gr\\\/de\\\/produkt\\\/lederhandtasche-mp-2002-schwarz\\\/\",\"url\":\"https:\\\/\\\/www.modapelle.gr\\\/de\\\/produkt\\\/lederhandtasche-mp-2002-schwarz\\\/\",\"name\":\"Lederhandtasche mp 2002, hergestellt in Italien - Modapelle.\",\"isPartOf\":{\"@id\":\"https:\\\/\\\/www.modapelle.gr\\\/de\\\/#website\"},\"primaryImageOfPage\":{\"@id\":\"https:\\\/\\\/www.modapelle.gr\\\/de\\\/produkt\\\/lederhandtasche-mp-2002-schwarz\\\/#primaryimage\"},\"image\":{\"@id\":\"https:\\\/\\\/www.modapelle.gr\\\/de\\\/produkt\\\/lederhandtasche-mp-2002-schwarz\\\/#primaryimage\"},\"thumbnailUrl\":\"https:\\\/\\\/www.modapelle.gr\\\/wp-content\\\/uploads\\\/2023\\\/04\\\/\u0394\u03b5\u03c1\u03bc\u03ac\u03c4\u03b9\u03bd\u03b7-\u03c4\u03c3\u03ac\u03bd\u03c4\u03b1-mp-2002-\u03bc\u03b1\u03cd\u03c1\u03bf-1L.jpg\",\"datePublished\":\"2023-04-25T06:59:04+00:00\",\"dateModified\":\"2023-05-31T06:59:04+00:00\",\"description\":\"Eine Damen-Schultertasche aus echtem Leder, hergestellt in Italien von Modapelle. Aus erstaunlicher Qualit\u00e4t, 100% echtem Nappaleder!\",\"breadcrumb\":{\"@id\":\"https:\\\/\\\/www.modapelle.gr\\\/de\\\/produkt\\\/lederhandtasche-mp-2002-schwarz\\\/#breadcrumb\"},\"inLanguage\":\"de\",\"potentialAction\":[{\"@type\":\"ReadAction\",\"target\":[\"https:\\\/\\\/www.modapelle.gr\\\/de\\\/produkt\\\/lederhandtasche-mp-2002-schwarz\\\/\"]}]},{\"@type\":\"ImageObject\",\"inLanguage\":\"de\",\"@id\":\"https:\\\/\\\/www.modapelle.gr\\\/de\\\/produkt\\\/lederhandtasche-mp-2002-schwarz\\\/#primaryimage\",\"url\":\"https:\\\/\\\/www.modapelle.gr\\\/wp-content\\\/uploads\\\/2023\\\/04\\\/\u0394\u03b5\u03c1\u03bc\u03ac\u03c4\u03b9\u03bd\u03b7-\u03c4\u03c3\u03ac\u03bd\u03c4\u03b1-mp-2002-\u03bc\u03b1\u03cd\u03c1\u03bf-1L.jpg\",\"contentUrl\":\"https:\\\/\\\/www.modapelle.gr\\\/wp-content\\\/uploads\\\/2023\\\/04\\\/\u0394\u03b5\u03c1\u03bc\u03ac\u03c4\u03b9\u03bd\u03b7-\u03c4\u03c3\u03ac\u03bd\u03c4\u03b1-mp-2002-\u03bc\u03b1\u03cd\u03c1\u03bf-1L.jpg\",\"width\":1200,\"height\":1200,\"caption\":\"Ledertasche\"},{\"@type\":\"BreadcrumbList\",\"@id\":\"https:\\\/\\\/www.modapelle.gr\\\/de\\\/produkt\\\/lederhandtasche-mp-2002-schwarz\\\/#breadcrumb\",\"itemListElement\":[{\"@type\":\"ListItem\",\"position\":1,\"name\":\"Modapelle\",\"item\":\"https:\\\/\\\/www.modapelle.gr\\\/de\\\/\"},{\"@type\":\"ListItem\",\"position\":2,\"name\":\"Shop\",\"item\":\"https:\\\/\\\/www.modapelle.gr\\\/de\\\/shop\\\/\"},{\"@type\":\"ListItem\",\"position\":3,\"name\":\"Frau\",\"item\":\"https:\\\/\\\/www.modapelle.gr\\\/de\\\/produkt-kategorie\\\/frau\\\/\"},{\"@type\":\"ListItem\",\"position\":4,\"name\":\"Damenledertaschen\",\"item\":\"https:\\\/\\\/www.modapelle.gr\\\/de\\\/produkt-kategorie\\\/frau\\\/damenledertaschen\\\/\"},{\"@type\":\"ListItem\",\"position\":5,\"name\":\"Lederhandtasche mp 2002 Schwarz\"}]},{\"@type\":\"WebSite\",\"@id\":\"https:\\\/\\\/www.modapelle.gr\\\/de\\\/#website\",\"url\":\"https:\\\/\\\/www.modapelle.gr\\\/de\\\/\",\"name\":\"MODAPELLE\",\"description\":\"Lederbekleidung, Taschen & Accessoires\",\"publisher\":{\"@id\":\"https:\\\/\\\/www.modapelle.gr\\\/de\\\/#organization\"},\"potentialAction\":[{\"@type\":\"SearchAction\",\"target\":{\"@type\":\"EntryPoint\",\"urlTemplate\":\"https:\\\/\\\/www.modapelle.gr\\\/de\\\/?s={search_term_string}\"},\"query-input\":{\"@type\":\"PropertyValueSpecification\",\"valueRequired\":true,\"valueName\":\"search_term_string\"}}],\"inLanguage\":\"de\"},{\"@type\":\"Organization\",\"@id\":\"https:\\\/\\\/www.modapelle.gr\\\/de\\\/#organization\",\"name\":\"MODAPELLE\",\"url\":\"https:\\\/\\\/www.modapelle.gr\\\/de\\\/\",\"logo\":{\"@type\":\"ImageObject\",\"inLanguage\":\"de\",\"@id\":\"https:\\\/\\\/www.modapelle.gr\\\/de\\\/#\\\/schema\\\/logo\\\/image\\\/\",\"url\":\"https:\\\/\\\/www.modapelle.gr\\\/wp-content\\\/uploads\\\/2021\\\/07\\\/modapelle-logo.png\",\"contentUrl\":\"https:\\\/\\\/www.modapelle.gr\\\/wp-content\\\/uploads\\\/2021\\\/07\\\/modapelle-logo.png\",\"width\":388,\"height\":120,\"caption\":\"MODAPELLE\"},\"image\":{\"@id\":\"https:\\\/\\\/www.modapelle.gr\\\/de\\\/#\\\/schema\\\/logo\\\/image\\\/\"}}]}<\/script>\n<!-- \/ Yoast SEO plugin. -->","yoast_head_json":{"title":"Lederhandtasche mp 2002, hergestellt in Italien - Modapelle.","description":"Eine Damen-Schultertasche aus echtem Leder, hergestellt in Italien von Modapelle. Aus erstaunlicher Qualit\u00e4t, 100% echtem Nappaleder!","robots":{"index":"index","follow":"follow","max-snippet":"max-snippet:-1","max-image-preview":"max-image-preview:large","max-video-preview":"max-video-preview:-1"},"canonical":"https:\/\/www.modapelle.gr\/de\/produkt\/lederhandtasche-mp-2002-schwarz\/","og_locale":"de_DE","og_type":"article","og_title":"Lederhandtasche mp 2002, hergestellt in Italien - Modapelle.","og_description":"Eine Damen-Schultertasche aus echtem Leder, hergestellt in Italien von Modapelle. Aus erstaunlicher Qualit\u00e4t, 100% echtem Nappaleder!","og_url":"https:\/\/www.modapelle.gr\/de\/produkt\/lederhandtasche-mp-2002-schwarz\/","og_site_name":"MODAPELLE","article_modified_time":"2023-05-31T06:59:04+00:00","og_image":[{"width":1200,"height":1200,"url":"https:\/\/www.modapelle.gr\/wp-content\/uploads\/2023\/04\/\u0394\u03b5\u03c1\u03bc\u03ac\u03c4\u03b9\u03bd\u03b7-\u03c4\u03c3\u03ac\u03bd\u03c4\u03b1-mp-2002-\u03bc\u03b1\u03cd\u03c1\u03bf-1L.jpg","type":"image\/jpeg"}],"twitter_card":"summary_large_image","twitter_misc":{"Gesch\u00e4tzte Lesezeit":"1\u00a0Minute"},"schema":{"@context":"https:\/\/schema.org","@graph":[{"@type":"WebPage","@id":"https:\/\/www.modapelle.gr\/de\/produkt\/lederhandtasche-mp-2002-schwarz\/","url":"https:\/\/www.modapelle.gr\/de\/produkt\/lederhandtasche-mp-2002-schwarz\/","name":"Lederhandtasche mp 2002, hergestellt in Italien - Modapelle.","isPartOf":{"@id":"https:\/\/www.modapelle.gr\/de\/#website"},"primaryImageOfPage":{"@id":"https:\/\/www.modapelle.gr\/de\/produkt\/lederhandtasche-mp-2002-schwarz\/#primaryimage"},"image":{"@id":"https:\/\/www.modapelle.gr\/de\/produkt\/lederhandtasche-mp-2002-schwarz\/#primaryimage"},"thumbnailUrl":"https:\/\/www.modapelle.gr\/wp-content\/uploads\/2023\/04\/\u0394\u03b5\u03c1\u03bc\u03ac\u03c4\u03b9\u03bd\u03b7-\u03c4\u03c3\u03ac\u03bd\u03c4\u03b1-mp-2002-\u03bc\u03b1\u03cd\u03c1\u03bf-1L.jpg","datePublished":"2023-04-25T06:59:04+00:00","dateModified":"2023-05-31T06:59:04+00:00","description":"Eine Damen-Schultertasche aus echtem Leder, hergestellt in Italien von Modapelle. Aus erstaunlicher Qualit\u00e4t, 100% echtem Nappaleder!","breadcrumb":{"@id":"https:\/\/www.modapelle.gr\/de\/produkt\/lederhandtasche-mp-2002-schwarz\/#breadcrumb"},"inLanguage":"de","potentialAction":[{"@type":"ReadAction","target":["https:\/\/www.modapelle.gr\/de\/produkt\/lederhandtasche-mp-2002-schwarz\/"]}]},{"@type":"ImageObject","inLanguage":"de","@id":"https:\/\/www.modapelle.gr\/de\/produkt\/lederhandtasche-mp-2002-schwarz\/#primaryimage","url":"https:\/\/www.modapelle.gr\/wp-content\/uploads\/2023\/04\/\u0394\u03b5\u03c1\u03bc\u03ac\u03c4\u03b9\u03bd\u03b7-\u03c4\u03c3\u03ac\u03bd\u03c4\u03b1-mp-2002-\u03bc\u03b1\u03cd\u03c1\u03bf-1L.jpg","contentUrl":"https:\/\/www.modapelle.gr\/wp-content\/uploads\/2023\/04\/\u0394\u03b5\u03c1\u03bc\u03ac\u03c4\u03b9\u03bd\u03b7-\u03c4\u03c3\u03ac\u03bd\u03c4\u03b1-mp-2002-\u03bc\u03b1\u03cd\u03c1\u03bf-1L.jpg","width":1200,"height":1200,"caption":"Ledertasche"},{"@type":"BreadcrumbList","@id":"https:\/\/www.modapelle.gr\/de\/produkt\/lederhandtasche-mp-2002-schwarz\/#breadcrumb","itemListElement":[{"@type":"ListItem","position":1,"name":"Modapelle","item":"https:\/\/www.modapelle.gr\/de\/"},{"@type":"ListItem","position":2,"name":"Shop","item":"https:\/\/www.modapelle.gr\/de\/shop\/"},{"@type":"ListItem","position":3,"name":"Frau","item":"https:\/\/www.modapelle.gr\/de\/produkt-kategorie\/frau\/"},{"@type":"ListItem","position":4,"name":"Damenledertaschen","item":"https:\/\/www.modapelle.gr\/de\/produkt-kategorie\/frau\/damenledertaschen\/"},{"@type":"ListItem","position":5,"name":"Lederhandtasche mp 2002 Schwarz"}]},{"@type":"WebSite","@id":"https:\/\/www.modapelle.gr\/de\/#website","url":"https:\/\/www.modapelle.gr\/de\/","name":"MODAPELLE","description":"Lederbekleidung, Taschen & Accessoires","publisher":{"@id":"https:\/\/www.modapelle.gr\/de\/#organization"},"potentialAction":[{"@type":"SearchAction","target":{"@type":"EntryPoint","urlTemplate":"https:\/\/www.modapelle.gr\/de\/?s={search_term_string}"},"query-input":{"@type":"PropertyValueSpecification","valueRequired":true,"valueName":"search_term_string"}}],"inLanguage":"de"},{"@type":"Organization","@id":"https:\/\/www.modapelle.gr\/de\/#organization","name":"MODAPELLE","url":"https:\/\/www.modapelle.gr\/de\/","logo":{"@type":"ImageObject","inLanguage":"de","@id":"https:\/\/www.modapelle.gr\/de\/#\/schema\/logo\/image\/","url":"https:\/\/www.modapelle.gr\/wp-content\/uploads\/2021\/07\/modapelle-logo.png","contentUrl":"https:\/\/www.modapelle.gr\/wp-content\/uploads\/2021\/07\/modapelle-logo.png","width":388,"height":120,"caption":"MODAPELLE"},"image":{"@id":"https:\/\/www.modapelle.gr\/de\/#\/schema\/logo\/image\/"}}]}},"_links":{"self":[{"href":"https:\/\/www.modapelle.gr\/de\/wp-json\/wp\/v2\/product\/14857","targetHints":{"allow":["GET"]}}],"collection":[{"href":"https:\/\/www.modapelle.gr\/de\/wp-json\/wp\/v2\/product"}],"about":[{"href":"https:\/\/www.modapelle.gr\/de\/wp-json\/wp\/v2\/types\/product"}],"wp:featuredmedia":[{"embeddable":true,"href":"https:\/\/www.modapelle.gr\/de\/wp-json\/wp\/v2\/media\/14721"}],"wp:attachment":[{"href":"https:\/\/www.modapelle.gr\/de\/wp-json\/wp\/v2\/media?parent=14857"}],"wp:term":[{"taxonomy":"product_brand","embeddable":true,"href":"https:\/\/www.modapelle.gr\/de\/wp-json\/wp\/v2\/product_brand?post=14857"},{"taxonomy":"product_cat","embeddable":true,"href":"https:\/\/www.modapelle.gr\/de\/wp-json\/wp\/v2\/product_cat?post=14857"},{"taxonomy":"product_tag","embeddable":true,"href":"https:\/\/www.modapelle.gr\/de\/wp-json\/wp\/v2\/product_tag?post=14857"}],"curies":[{"name":"wp","href":"https:\/\/api.w.org\/{rel}","templated":true}]}}