{"id":14644,"date":"2023-04-24T13:11:53","date_gmt":"2023-04-24T10:11:53","guid":{"rendered":"https:\/\/www.modapelle.gr\/product\/dermatini-tsanta-omoy-mp-2001-mauri\/"},"modified":"2023-05-31T10:00:25","modified_gmt":"2023-05-31T07:00:25","slug":"schwarze-lederschultertasche-mp-2001","status":"publish","type":"product","link":"https:\/\/www.modapelle.gr\/de\/produkt\/schwarze-lederschultertasche-mp-2001\/","title":{"rendered":"Lederschultertasche mp 2001 Schwarz"},"content":{"rendered":"<h2>Echtes Leder, hergestellt in Italien.<\/h2>\n<p>Schultertasche, hergestellt in Italien &#8211; von Modapelle. Innen hat sie einen einzigen Raum und zus\u00e4tzlich zwei kleine Taschen f\u00fcr Ihre kleinen Gegenst\u00e4nde (auf der einen Seite) und eine gr\u00f6\u00dfere Tasche, die auf der anderen Seite mit einem Rei\u00dfverschluss geschlossen wird.<\/p>\n<p>Oben ist sie mit einem Rei\u00dfverschluss verschlie\u00dfbar.<\/p>\n<p>Sie hat einen langen, 4 cm breiten Stoffgurt, mit dem sie \u00fcber der Schulter getragen werden kann, und zus\u00e4tzlich eine Kette, damit sie \u00fcber die Schulter getragen werden kann.<\/p>\n<p>Abmessungen: 38 cm x 28 cm x 16 cm.<\/p>\n","protected":false},"excerpt":{"rendered":"<h3>Echtes Leder<\/h3>\n<p>Leder Umh\u00e4ngetasche in Schwarz, hergestellt in Italien &#8211; von Modapelle. Aus 100% weichem echtem Leder von h\u00f6chster Qualit\u00e4t.<\/p>\n","protected":false},"featured_media":14598,"template":"","meta":{"_acf_changed":false},"product_brand":[],"product_cat":[493],"product_tag":[494,495,497,496],"class_list":{"0":"post-14644","1":"product","2":"type-product","3":"status-publish","4":"has-post-thumbnail","6":"product_cat-damenledertaschen","7":"product_tag-frau","8":"product_tag-lederhandtasche","9":"product_tag-schulter","10":"product_tag-schwarze-farbe","12":"first","13":"outofstock","14":"sale","15":"shipping-taxable","16":"purchasable","17":"product-type-simple"},"acf":[],"yoast_head":"<!-- This site is optimized with the Yoast SEO plugin v27.4 - https:\/\/yoast.com\/product\/yoast-seo-wordpress\/ -->\n<title>Lederschultertasche mp 2001, hergestellt in Italien - Modapelle.<\/title>\n<meta name=\"description\" content=\"Eine Damen-Schultertasche aus echtem Leder, hergestellt in Italien von Modapelle. Aus erstaunlicher Qualit\u00e4t, 100% echtem Nappaleder!\" \/>\n<meta name=\"robots\" content=\"index, follow, max-snippet:-1, max-image-preview:large, max-video-preview:-1\" \/>\n<link rel=\"canonical\" href=\"https:\/\/www.modapelle.gr\/de\/produkt\/schwarze-lederschultertasche-mp-2001\/\" \/>\n<meta property=\"og:locale\" content=\"de_DE\" \/>\n<meta property=\"og:type\" content=\"article\" \/>\n<meta property=\"og:title\" content=\"Lederschultertasche mp 2001, hergestellt in Italien - Modapelle.\" \/>\n<meta property=\"og:description\" content=\"Eine Damen-Schultertasche aus echtem Leder, hergestellt in Italien von Modapelle. Aus erstaunlicher Qualit\u00e4t, 100% echtem Nappaleder!\" \/>\n<meta property=\"og:url\" content=\"https:\/\/www.modapelle.gr\/de\/produkt\/schwarze-lederschultertasche-mp-2001\/\" \/>\n<meta property=\"og:site_name\" content=\"MODAPELLE\" \/>\n<meta property=\"article:modified_time\" content=\"2023-05-31T07:00:25+00:00\" \/>\n<meta property=\"og:image\" content=\"https:\/\/www.modapelle.gr\/wp-content\/uploads\/2023\/04\/\u0394\u03b5\u03c1\u03bc\u03ac\u03c4\u03b9\u03bd\u03b7-\u03c4\u03c3\u03ac\u03bd\u03c4\u03b1-mp-2001-\u03bc\u03b1\u03cd\u03c1\u03bf-1L.jpg\" \/>\n\t<meta property=\"og:image:width\" content=\"1200\" \/>\n\t<meta property=\"og:image:height\" content=\"1200\" \/>\n\t<meta property=\"og:image:type\" content=\"image\/jpeg\" \/>\n<meta name=\"twitter:card\" content=\"summary_large_image\" \/>\n<meta name=\"twitter:label1\" content=\"Gesch\u00e4tzte Lesezeit\" \/>\n\t<meta name=\"twitter:data1\" content=\"1\u00a0Minute\" \/>\n<script type=\"application\/ld+json\" class=\"yoast-schema-graph\">{\"@context\":\"https:\\\/\\\/schema.org\",\"@graph\":[{\"@type\":\"WebPage\",\"@id\":\"https:\\\/\\\/www.modapelle.gr\\\/de\\\/produkt\\\/schwarze-lederschultertasche-mp-2001\\\/\",\"url\":\"https:\\\/\\\/www.modapelle.gr\\\/de\\\/produkt\\\/schwarze-lederschultertasche-mp-2001\\\/\",\"name\":\"Lederschultertasche mp 2001, hergestellt in Italien - Modapelle.\",\"isPartOf\":{\"@id\":\"https:\\\/\\\/www.modapelle.gr\\\/de\\\/#website\"},\"primaryImageOfPage\":{\"@id\":\"https:\\\/\\\/www.modapelle.gr\\\/de\\\/produkt\\\/schwarze-lederschultertasche-mp-2001\\\/#primaryimage\"},\"image\":{\"@id\":\"https:\\\/\\\/www.modapelle.gr\\\/de\\\/produkt\\\/schwarze-lederschultertasche-mp-2001\\\/#primaryimage\"},\"thumbnailUrl\":\"https:\\\/\\\/www.modapelle.gr\\\/wp-content\\\/uploads\\\/2023\\\/04\\\/\u0394\u03b5\u03c1\u03bc\u03ac\u03c4\u03b9\u03bd\u03b7-\u03c4\u03c3\u03ac\u03bd\u03c4\u03b1-mp-2001-\u03bc\u03b1\u03cd\u03c1\u03bf-1L.jpg\",\"datePublished\":\"2023-04-24T10:11:53+00:00\",\"dateModified\":\"2023-05-31T07:00:25+00:00\",\"description\":\"Eine Damen-Schultertasche aus echtem Leder, hergestellt in Italien von Modapelle. Aus erstaunlicher Qualit\u00e4t, 100% echtem Nappaleder!\",\"breadcrumb\":{\"@id\":\"https:\\\/\\\/www.modapelle.gr\\\/de\\\/produkt\\\/schwarze-lederschultertasche-mp-2001\\\/#breadcrumb\"},\"inLanguage\":\"de\",\"potentialAction\":[{\"@type\":\"ReadAction\",\"target\":[\"https:\\\/\\\/www.modapelle.gr\\\/de\\\/produkt\\\/schwarze-lederschultertasche-mp-2001\\\/\"]}]},{\"@type\":\"ImageObject\",\"inLanguage\":\"de\",\"@id\":\"https:\\\/\\\/www.modapelle.gr\\\/de\\\/produkt\\\/schwarze-lederschultertasche-mp-2001\\\/#primaryimage\",\"url\":\"https:\\\/\\\/www.modapelle.gr\\\/wp-content\\\/uploads\\\/2023\\\/04\\\/\u0394\u03b5\u03c1\u03bc\u03ac\u03c4\u03b9\u03bd\u03b7-\u03c4\u03c3\u03ac\u03bd\u03c4\u03b1-mp-2001-\u03bc\u03b1\u03cd\u03c1\u03bf-1L.jpg\",\"contentUrl\":\"https:\\\/\\\/www.modapelle.gr\\\/wp-content\\\/uploads\\\/2023\\\/04\\\/\u0394\u03b5\u03c1\u03bc\u03ac\u03c4\u03b9\u03bd\u03b7-\u03c4\u03c3\u03ac\u03bd\u03c4\u03b1-mp-2001-\u03bc\u03b1\u03cd\u03c1\u03bf-1L.jpg\",\"width\":1200,\"height\":1200,\"caption\":\"Ledertasche\"},{\"@type\":\"BreadcrumbList\",\"@id\":\"https:\\\/\\\/www.modapelle.gr\\\/de\\\/produkt\\\/schwarze-lederschultertasche-mp-2001\\\/#breadcrumb\",\"itemListElement\":[{\"@type\":\"ListItem\",\"position\":1,\"name\":\"Modapelle\",\"item\":\"https:\\\/\\\/www.modapelle.gr\\\/de\\\/\"},{\"@type\":\"ListItem\",\"position\":2,\"name\":\"Shop\",\"item\":\"https:\\\/\\\/www.modapelle.gr\\\/de\\\/shop\\\/\"},{\"@type\":\"ListItem\",\"position\":3,\"name\":\"Frau\",\"item\":\"https:\\\/\\\/www.modapelle.gr\\\/de\\\/produkt-kategorie\\\/frau\\\/\"},{\"@type\":\"ListItem\",\"position\":4,\"name\":\"Damenledertaschen\",\"item\":\"https:\\\/\\\/www.modapelle.gr\\\/de\\\/produkt-kategorie\\\/frau\\\/damenledertaschen\\\/\"},{\"@type\":\"ListItem\",\"position\":5,\"name\":\"Lederschultertasche mp 2001 Schwarz\"}]},{\"@type\":\"WebSite\",\"@id\":\"https:\\\/\\\/www.modapelle.gr\\\/de\\\/#website\",\"url\":\"https:\\\/\\\/www.modapelle.gr\\\/de\\\/\",\"name\":\"MODAPELLE\",\"description\":\"Lederbekleidung, Taschen & Accessoires\",\"publisher\":{\"@id\":\"https:\\\/\\\/www.modapelle.gr\\\/de\\\/#organization\"},\"potentialAction\":[{\"@type\":\"SearchAction\",\"target\":{\"@type\":\"EntryPoint\",\"urlTemplate\":\"https:\\\/\\\/www.modapelle.gr\\\/de\\\/?s={search_term_string}\"},\"query-input\":{\"@type\":\"PropertyValueSpecification\",\"valueRequired\":true,\"valueName\":\"search_term_string\"}}],\"inLanguage\":\"de\"},{\"@type\":\"Organization\",\"@id\":\"https:\\\/\\\/www.modapelle.gr\\\/de\\\/#organization\",\"name\":\"MODAPELLE\",\"url\":\"https:\\\/\\\/www.modapelle.gr\\\/de\\\/\",\"logo\":{\"@type\":\"ImageObject\",\"inLanguage\":\"de\",\"@id\":\"https:\\\/\\\/www.modapelle.gr\\\/de\\\/#\\\/schema\\\/logo\\\/image\\\/\",\"url\":\"https:\\\/\\\/www.modapelle.gr\\\/wp-content\\\/uploads\\\/2021\\\/07\\\/modapelle-logo.png\",\"contentUrl\":\"https:\\\/\\\/www.modapelle.gr\\\/wp-content\\\/uploads\\\/2021\\\/07\\\/modapelle-logo.png\",\"width\":388,\"height\":120,\"caption\":\"MODAPELLE\"},\"image\":{\"@id\":\"https:\\\/\\\/www.modapelle.gr\\\/de\\\/#\\\/schema\\\/logo\\\/image\\\/\"}}]}<\/script>\n<!-- \/ Yoast SEO plugin. -->","yoast_head_json":{"title":"Lederschultertasche mp 2001, hergestellt in Italien - Modapelle.","description":"Eine Damen-Schultertasche aus echtem Leder, hergestellt in Italien von Modapelle. Aus erstaunlicher Qualit\u00e4t, 100% echtem Nappaleder!","robots":{"index":"index","follow":"follow","max-snippet":"max-snippet:-1","max-image-preview":"max-image-preview:large","max-video-preview":"max-video-preview:-1"},"canonical":"https:\/\/www.modapelle.gr\/de\/produkt\/schwarze-lederschultertasche-mp-2001\/","og_locale":"de_DE","og_type":"article","og_title":"Lederschultertasche mp 2001, hergestellt in Italien - Modapelle.","og_description":"Eine Damen-Schultertasche aus echtem Leder, hergestellt in Italien von Modapelle. Aus erstaunlicher Qualit\u00e4t, 100% echtem Nappaleder!","og_url":"https:\/\/www.modapelle.gr\/de\/produkt\/schwarze-lederschultertasche-mp-2001\/","og_site_name":"MODAPELLE","article_modified_time":"2023-05-31T07:00:25+00:00","og_image":[{"width":1200,"height":1200,"url":"https:\/\/www.modapelle.gr\/wp-content\/uploads\/2023\/04\/\u0394\u03b5\u03c1\u03bc\u03ac\u03c4\u03b9\u03bd\u03b7-\u03c4\u03c3\u03ac\u03bd\u03c4\u03b1-mp-2001-\u03bc\u03b1\u03cd\u03c1\u03bf-1L.jpg","type":"image\/jpeg"}],"twitter_card":"summary_large_image","twitter_misc":{"Gesch\u00e4tzte Lesezeit":"1\u00a0Minute"},"schema":{"@context":"https:\/\/schema.org","@graph":[{"@type":"WebPage","@id":"https:\/\/www.modapelle.gr\/de\/produkt\/schwarze-lederschultertasche-mp-2001\/","url":"https:\/\/www.modapelle.gr\/de\/produkt\/schwarze-lederschultertasche-mp-2001\/","name":"Lederschultertasche mp 2001, hergestellt in Italien - Modapelle.","isPartOf":{"@id":"https:\/\/www.modapelle.gr\/de\/#website"},"primaryImageOfPage":{"@id":"https:\/\/www.modapelle.gr\/de\/produkt\/schwarze-lederschultertasche-mp-2001\/#primaryimage"},"image":{"@id":"https:\/\/www.modapelle.gr\/de\/produkt\/schwarze-lederschultertasche-mp-2001\/#primaryimage"},"thumbnailUrl":"https:\/\/www.modapelle.gr\/wp-content\/uploads\/2023\/04\/\u0394\u03b5\u03c1\u03bc\u03ac\u03c4\u03b9\u03bd\u03b7-\u03c4\u03c3\u03ac\u03bd\u03c4\u03b1-mp-2001-\u03bc\u03b1\u03cd\u03c1\u03bf-1L.jpg","datePublished":"2023-04-24T10:11:53+00:00","dateModified":"2023-05-31T07:00:25+00:00","description":"Eine Damen-Schultertasche aus echtem Leder, hergestellt in Italien von Modapelle. Aus erstaunlicher Qualit\u00e4t, 100% echtem Nappaleder!","breadcrumb":{"@id":"https:\/\/www.modapelle.gr\/de\/produkt\/schwarze-lederschultertasche-mp-2001\/#breadcrumb"},"inLanguage":"de","potentialAction":[{"@type":"ReadAction","target":["https:\/\/www.modapelle.gr\/de\/produkt\/schwarze-lederschultertasche-mp-2001\/"]}]},{"@type":"ImageObject","inLanguage":"de","@id":"https:\/\/www.modapelle.gr\/de\/produkt\/schwarze-lederschultertasche-mp-2001\/#primaryimage","url":"https:\/\/www.modapelle.gr\/wp-content\/uploads\/2023\/04\/\u0394\u03b5\u03c1\u03bc\u03ac\u03c4\u03b9\u03bd\u03b7-\u03c4\u03c3\u03ac\u03bd\u03c4\u03b1-mp-2001-\u03bc\u03b1\u03cd\u03c1\u03bf-1L.jpg","contentUrl":"https:\/\/www.modapelle.gr\/wp-content\/uploads\/2023\/04\/\u0394\u03b5\u03c1\u03bc\u03ac\u03c4\u03b9\u03bd\u03b7-\u03c4\u03c3\u03ac\u03bd\u03c4\u03b1-mp-2001-\u03bc\u03b1\u03cd\u03c1\u03bf-1L.jpg","width":1200,"height":1200,"caption":"Ledertasche"},{"@type":"BreadcrumbList","@id":"https:\/\/www.modapelle.gr\/de\/produkt\/schwarze-lederschultertasche-mp-2001\/#breadcrumb","itemListElement":[{"@type":"ListItem","position":1,"name":"Modapelle","item":"https:\/\/www.modapelle.gr\/de\/"},{"@type":"ListItem","position":2,"name":"Shop","item":"https:\/\/www.modapelle.gr\/de\/shop\/"},{"@type":"ListItem","position":3,"name":"Frau","item":"https:\/\/www.modapelle.gr\/de\/produkt-kategorie\/frau\/"},{"@type":"ListItem","position":4,"name":"Damenledertaschen","item":"https:\/\/www.modapelle.gr\/de\/produkt-kategorie\/frau\/damenledertaschen\/"},{"@type":"ListItem","position":5,"name":"Lederschultertasche mp 2001 Schwarz"}]},{"@type":"WebSite","@id":"https:\/\/www.modapelle.gr\/de\/#website","url":"https:\/\/www.modapelle.gr\/de\/","name":"MODAPELLE","description":"Lederbekleidung, Taschen & Accessoires","publisher":{"@id":"https:\/\/www.modapelle.gr\/de\/#organization"},"potentialAction":[{"@type":"SearchAction","target":{"@type":"EntryPoint","urlTemplate":"https:\/\/www.modapelle.gr\/de\/?s={search_term_string}"},"query-input":{"@type":"PropertyValueSpecification","valueRequired":true,"valueName":"search_term_string"}}],"inLanguage":"de"},{"@type":"Organization","@id":"https:\/\/www.modapelle.gr\/de\/#organization","name":"MODAPELLE","url":"https:\/\/www.modapelle.gr\/de\/","logo":{"@type":"ImageObject","inLanguage":"de","@id":"https:\/\/www.modapelle.gr\/de\/#\/schema\/logo\/image\/","url":"https:\/\/www.modapelle.gr\/wp-content\/uploads\/2021\/07\/modapelle-logo.png","contentUrl":"https:\/\/www.modapelle.gr\/wp-content\/uploads\/2021\/07\/modapelle-logo.png","width":388,"height":120,"caption":"MODAPELLE"},"image":{"@id":"https:\/\/www.modapelle.gr\/de\/#\/schema\/logo\/image\/"}}]}},"_links":{"self":[{"href":"https:\/\/www.modapelle.gr\/de\/wp-json\/wp\/v2\/product\/14644","targetHints":{"allow":["GET"]}}],"collection":[{"href":"https:\/\/www.modapelle.gr\/de\/wp-json\/wp\/v2\/product"}],"about":[{"href":"https:\/\/www.modapelle.gr\/de\/wp-json\/wp\/v2\/types\/product"}],"wp:featuredmedia":[{"embeddable":true,"href":"https:\/\/www.modapelle.gr\/de\/wp-json\/wp\/v2\/media\/14598"}],"wp:attachment":[{"href":"https:\/\/www.modapelle.gr\/de\/wp-json\/wp\/v2\/media?parent=14644"}],"wp:term":[{"taxonomy":"product_brand","embeddable":true,"href":"https:\/\/www.modapelle.gr\/de\/wp-json\/wp\/v2\/product_brand?post=14644"},{"taxonomy":"product_cat","embeddable":true,"href":"https:\/\/www.modapelle.gr\/de\/wp-json\/wp\/v2\/product_cat?post=14644"},{"taxonomy":"product_tag","embeddable":true,"href":"https:\/\/www.modapelle.gr\/de\/wp-json\/wp\/v2\/product_tag?post=14644"}],"curies":[{"name":"wp","href":"https:\/\/api.w.org\/{rel}","templated":true}]}}