{"id":19124,"date":"2021-07-28T09:37:08","date_gmt":"2021-07-28T06:37:08","guid":{"rendered":"https:\/\/www.modapelle.gr\/dermatina-mpoyfan-photo-gallery\/"},"modified":"2023-06-01T18:19:58","modified_gmt":"2023-06-01T15:19:58","slug":"lederjacken-foto-galerie","status":"publish","type":"page","link":"https:\/\/www.modapelle.gr\/de\/lederjacken-foto-galerie\/","title":{"rendered":"Lederjacken Foto Galerie"},"content":{"rendered":"","protected":false},"excerpt":{"rendered":"","protected":false},"author":2,"featured_media":0,"parent":0,"menu_order":0,"comment_status":"closed","ping_status":"closed","template":"","meta":{"_acf_changed":false,"footnotes":""},"class_list":["post-19124","page","type-page","status-publish","hentry"],"acf":[],"yoast_head":"<!-- This site is optimized with the Yoast SEO plugin v27.2 - https:\/\/yoast.com\/product\/yoast-seo-wordpress\/ -->\n<title>Lederjacken Foto Galerie - MODAPELLE<\/title>\n<meta name=\"description\" content=\"Foto-Galerie mit Lederjacken f\u00fcr M\u00e4nner und Frauen! Eine Vielzahl von Designs und Farben in erstaunlicher Qualit\u00e4t aus echtem Leder!\" \/>\n<meta name=\"robots\" content=\"index, follow, max-snippet:-1, max-image-preview:large, max-video-preview:-1\" \/>\n<link rel=\"canonical\" href=\"https:\/\/www.modapelle.gr\/de\/lederjacken-foto-galerie\/\" \/>\n<meta property=\"og:locale\" content=\"de_DE\" \/>\n<meta property=\"og:type\" content=\"article\" \/>\n<meta property=\"og:title\" content=\"Lederjacken Foto Galerie - MODAPELLE\" \/>\n<meta property=\"og:description\" content=\"Foto-Galerie mit Lederjacken f\u00fcr M\u00e4nner und Frauen! Eine Vielzahl von Designs und Farben in erstaunlicher Qualit\u00e4t aus echtem Leder!\" \/>\n<meta property=\"og:url\" content=\"https:\/\/www.modapelle.gr\/de\/lederjacken-foto-galerie\/\" \/>\n<meta property=\"og:site_name\" content=\"MODAPELLE\" \/>\n<meta property=\"article:modified_time\" content=\"2023-06-01T15:19:58+00:00\" \/>\n<meta name=\"twitter:card\" content=\"summary_large_image\" \/>\n<script type=\"application\/ld+json\" class=\"yoast-schema-graph\">{\"@context\":\"https:\/\/schema.org\",\"@graph\":[{\"@type\":\"WebPage\",\"@id\":\"https:\/\/www.modapelle.gr\/de\/lederjacken-foto-galerie\/\",\"url\":\"https:\/\/www.modapelle.gr\/de\/lederjacken-foto-galerie\/\",\"name\":\"Lederjacken Foto Galerie - MODAPELLE\",\"isPartOf\":{\"@id\":\"https:\/\/www.modapelle.gr\/de\/#website\"},\"datePublished\":\"2021-07-28T06:37:08+00:00\",\"dateModified\":\"2023-06-01T15:19:58+00:00\",\"description\":\"Foto-Galerie mit Lederjacken f\u00fcr M\u00e4nner und Frauen! Eine Vielzahl von Designs und Farben in erstaunlicher Qualit\u00e4t aus echtem Leder!\",\"breadcrumb\":{\"@id\":\"https:\/\/www.modapelle.gr\/de\/lederjacken-foto-galerie\/#breadcrumb\"},\"inLanguage\":\"de\",\"potentialAction\":[{\"@type\":\"ReadAction\",\"target\":[\"https:\/\/www.modapelle.gr\/de\/lederjacken-foto-galerie\/\"]}]},{\"@type\":\"BreadcrumbList\",\"@id\":\"https:\/\/www.modapelle.gr\/de\/lederjacken-foto-galerie\/#breadcrumb\",\"itemListElement\":[{\"@type\":\"ListItem\",\"position\":1,\"name\":\"Modapelle\",\"item\":\"https:\/\/www.modapelle.gr\/de\/\"},{\"@type\":\"ListItem\",\"position\":2,\"name\":\"Lederjacken Foto Galerie\"}]},{\"@type\":\"WebSite\",\"@id\":\"https:\/\/www.modapelle.gr\/de\/#website\",\"url\":\"https:\/\/www.modapelle.gr\/de\/\",\"name\":\"MODAPELLE\",\"description\":\"Lederbekleidung, Taschen & Accessoires\",\"publisher\":{\"@id\":\"https:\/\/www.modapelle.gr\/de\/#organization\"},\"potentialAction\":[{\"@type\":\"SearchAction\",\"target\":{\"@type\":\"EntryPoint\",\"urlTemplate\":\"https:\/\/www.modapelle.gr\/de\/?s={search_term_string}\"},\"query-input\":{\"@type\":\"PropertyValueSpecification\",\"valueRequired\":true,\"valueName\":\"search_term_string\"}}],\"inLanguage\":\"de\"},{\"@type\":\"Organization\",\"@id\":\"https:\/\/www.modapelle.gr\/de\/#organization\",\"name\":\"MODAPELLE\",\"url\":\"https:\/\/www.modapelle.gr\/de\/\",\"logo\":{\"@type\":\"ImageObject\",\"inLanguage\":\"de\",\"@id\":\"https:\/\/www.modapelle.gr\/de\/#\/schema\/logo\/image\/\",\"url\":\"https:\/\/www.modapelle.gr\/wp-content\/uploads\/2021\/07\/modapelle-logo.png\",\"contentUrl\":\"https:\/\/www.modapelle.gr\/wp-content\/uploads\/2021\/07\/modapelle-logo.png\",\"width\":388,\"height\":120,\"caption\":\"MODAPELLE\"},\"image\":{\"@id\":\"https:\/\/www.modapelle.gr\/de\/#\/schema\/logo\/image\/\"}}]}<\/script>\n<!-- \/ Yoast SEO plugin. -->","yoast_head_json":{"title":"Lederjacken Foto Galerie - MODAPELLE","description":"Foto-Galerie mit Lederjacken f\u00fcr M\u00e4nner und Frauen! Eine Vielzahl von Designs und Farben in erstaunlicher Qualit\u00e4t aus echtem Leder!","robots":{"index":"index","follow":"follow","max-snippet":"max-snippet:-1","max-image-preview":"max-image-preview:large","max-video-preview":"max-video-preview:-1"},"canonical":"https:\/\/www.modapelle.gr\/de\/lederjacken-foto-galerie\/","og_locale":"de_DE","og_type":"article","og_title":"Lederjacken Foto Galerie - MODAPELLE","og_description":"Foto-Galerie mit Lederjacken f\u00fcr M\u00e4nner und Frauen! Eine Vielzahl von Designs und Farben in erstaunlicher Qualit\u00e4t aus echtem Leder!","og_url":"https:\/\/www.modapelle.gr\/de\/lederjacken-foto-galerie\/","og_site_name":"MODAPELLE","article_modified_time":"2023-06-01T15:19:58+00:00","twitter_card":"summary_large_image","schema":{"@context":"https:\/\/schema.org","@graph":[{"@type":"WebPage","@id":"https:\/\/www.modapelle.gr\/de\/lederjacken-foto-galerie\/","url":"https:\/\/www.modapelle.gr\/de\/lederjacken-foto-galerie\/","name":"Lederjacken Foto Galerie - MODAPELLE","isPartOf":{"@id":"https:\/\/www.modapelle.gr\/de\/#website"},"datePublished":"2021-07-28T06:37:08+00:00","dateModified":"2023-06-01T15:19:58+00:00","description":"Foto-Galerie mit Lederjacken f\u00fcr M\u00e4nner und Frauen! Eine Vielzahl von Designs und Farben in erstaunlicher Qualit\u00e4t aus echtem Leder!","breadcrumb":{"@id":"https:\/\/www.modapelle.gr\/de\/lederjacken-foto-galerie\/#breadcrumb"},"inLanguage":"de","potentialAction":[{"@type":"ReadAction","target":["https:\/\/www.modapelle.gr\/de\/lederjacken-foto-galerie\/"]}]},{"@type":"BreadcrumbList","@id":"https:\/\/www.modapelle.gr\/de\/lederjacken-foto-galerie\/#breadcrumb","itemListElement":[{"@type":"ListItem","position":1,"name":"Modapelle","item":"https:\/\/www.modapelle.gr\/de\/"},{"@type":"ListItem","position":2,"name":"Lederjacken Foto Galerie"}]},{"@type":"WebSite","@id":"https:\/\/www.modapelle.gr\/de\/#website","url":"https:\/\/www.modapelle.gr\/de\/","name":"MODAPELLE","description":"Lederbekleidung, Taschen & Accessoires","publisher":{"@id":"https:\/\/www.modapelle.gr\/de\/#organization"},"potentialAction":[{"@type":"SearchAction","target":{"@type":"EntryPoint","urlTemplate":"https:\/\/www.modapelle.gr\/de\/?s={search_term_string}"},"query-input":{"@type":"PropertyValueSpecification","valueRequired":true,"valueName":"search_term_string"}}],"inLanguage":"de"},{"@type":"Organization","@id":"https:\/\/www.modapelle.gr\/de\/#organization","name":"MODAPELLE","url":"https:\/\/www.modapelle.gr\/de\/","logo":{"@type":"ImageObject","inLanguage":"de","@id":"https:\/\/www.modapelle.gr\/de\/#\/schema\/logo\/image\/","url":"https:\/\/www.modapelle.gr\/wp-content\/uploads\/2021\/07\/modapelle-logo.png","contentUrl":"https:\/\/www.modapelle.gr\/wp-content\/uploads\/2021\/07\/modapelle-logo.png","width":388,"height":120,"caption":"MODAPELLE"},"image":{"@id":"https:\/\/www.modapelle.gr\/de\/#\/schema\/logo\/image\/"}}]}},"_links":{"self":[{"href":"https:\/\/www.modapelle.gr\/de\/wp-json\/wp\/v2\/pages\/19124","targetHints":{"allow":["GET"]}}],"collection":[{"href":"https:\/\/www.modapelle.gr\/de\/wp-json\/wp\/v2\/pages"}],"about":[{"href":"https:\/\/www.modapelle.gr\/de\/wp-json\/wp\/v2\/types\/page"}],"author":[{"embeddable":true,"href":"https:\/\/www.modapelle.gr\/de\/wp-json\/wp\/v2\/users\/2"}],"replies":[{"embeddable":true,"href":"https:\/\/www.modapelle.gr\/de\/wp-json\/wp\/v2\/comments?post=19124"}],"version-history":[{"count":1,"href":"https:\/\/www.modapelle.gr\/de\/wp-json\/wp\/v2\/pages\/19124\/revisions"}],"predecessor-version":[{"id":21517,"href":"https:\/\/www.modapelle.gr\/de\/wp-json\/wp\/v2\/pages\/19124\/revisions\/21517"}],"wp:attachment":[{"href":"https:\/\/www.modapelle.gr\/de\/wp-json\/wp\/v2\/media?parent=19124"}],"curies":[{"name":"wp","href":"https:\/\/api.w.org\/{rel}","templated":true}]}}